{"id":4965,"date":"2025-10-04T02:40:41","date_gmt":"2025-10-04T00:40:41","guid":{"rendered":"http:\/\/wtwstore.com\/?post_type=product&#038;p=4965"},"modified":"2026-02-24T08:10:00","modified_gmt":"2026-02-24T07:10:00","slug":"renson-flux-wall-erv-650-wtw-unit-650-m%c2%b3-h-with-co%e2%82%82-humidity-rh-voc-sensors-and-enthalpy-exchanger","status":"publish","type":"product","link":"https:\/\/wtwstore.com\/sverige\/product\/deals-discounts\/our-recommendations\/renson-flux-wall-erv-650-wtw-unit-650-m%c2%b3-h-with-co%e2%82%82-humidity-rh-voc-sensors-and-enthalpy-exchanger","title":{"rendered":"Renson Flux+ Wall ERV 650 FTX-enhet 650 m\u00b3\/h med CO\u2082-, fukt- (RH) och VOC-sensorer samt entalpiv\u00e4xlare"},"content":{"rendered":"<p>FTX-enheten Renson Flux+ Wall 650 \u00e4r en kraftfull och energieffektiv l\u00f6sning f\u00f6r balanserad ventilation med v\u00e4rme\u00e5tervinning. Denna v\u00e4ggmonterade enhet \u00e4r en del av D+-ventilationskonceptet och \u00e4r idealisk f\u00f6r dem som s\u00f6ker h\u00f6g luftkvalitet kombinerad med enkel installation och underh\u00e5ll. Tack vare intelligent behovsstyrning ventilerar enheten endast n\u00e4r det beh\u00f6vs, vilket ger extra energibesparing och f\u00f6rb\u00e4ttrad komfort.<\/p>\n<p>Flux+ Wall 650 \u00e4r l\u00e4mplig f\u00f6r bost\u00e4der och byggnader med ett ventilationsbehov p\u00e5 upp till 650 m\u00b3\/h och \u00e4r utrustad med avancerade sensorer f\u00f6r CO\u2082, fukt och VOC. Systemet \u00e4r enkelt att konfigurera via Renson Installer-appen och erbjuder maximal flexibilitet vid installationen.<\/p>","protected":false},"excerpt":{"rendered":"<p>The Renson Flux+ Wall 650 WTW unit is a powerful and energy-efficient solution for balanced ventilation with heat recovery. This wall-mounted unit is part of the D+ ventilation concept and is ideal for those seeking high air quality combined with easy installation and maintenance. Thanks to intelligent demand control, the unit ventilates only when necessary, [&hellip;]<\/p>","protected":false},"featured_media":5047,"comment_status":"closed","ping_status":"closed","template":"","meta":{"_acf_changed":false,"_monsterinsights_skip_tracking":false,"_monsterinsights_sitenote_active":false,"_monsterinsights_sitenote_note":"","_monsterinsights_sitenote_category":0},"product_brand":[],"product_cat":[297,317,313,223,215,216],"product_tag":[],"class_list":{"0":"post-4965","1":"product","2":"type-product","3":"status-publish","4":"has-post-thumbnail","6":"product_cat-enthalpy-exchangers","7":"product_cat-our-recommendations","8":"product_cat-renson-brands","9":"product_cat-recommended","10":"product_cat-renson","11":"product_cat-renson-flux","13":"first","14":"instock","15":"taxable","16":"shipping-taxable","17":"purchasable","18":"product-type-simple"},"acf":[],"yoast_head":"<!-- This site is optimized with the Yoast SEO plugin v27.0 - https:\/\/yoast.com\/product\/yoast-seo-wordpress\/ -->\n<title>Renson Flux+ Wall ERV 650 WTW Unit 650\u202fm\u00b3\/h With CO\u2082, Humidity (RH) &amp; VOC Sensors and Enthalpy Exchanger | WTW Store<\/title>\n<meta name=\"description\" content=\"The Renson Flux+ Wall 650 WTW unit is a powerful and energy-efficient solution for balanced ventilation with heat recovery. This wall-mounted...\" \/>\n<meta name=\"robots\" content=\"index, follow, max-snippet:-1, max-image-preview:large, max-video-preview:-1\" \/>\n<link rel=\"canonical\" href=\"https:\/\/wtwstore.com\/sverige\/product\/deals-discounts\/our-recommendations\/renson-flux-wall-erv-650-wtw-unit-650-m\u00b3-h-with-co\u2082-humidity-rh-voc-sensors-and-enthalpy-exchanger\" \/>\n<meta property=\"og:locale\" content=\"sv_SE\" \/>\n<meta property=\"og:type\" content=\"article\" \/>\n<meta property=\"og:title\" content=\"Renson Flux+ Wall ERV 650 WTW Unit 650\u202fm\u00b3\/h With CO\u2082, Humidity (RH) &amp; VOC Sensors and Enthalpy Exchanger | WTW Store\" \/>\n<meta property=\"og:description\" content=\"The Renson Flux+ Wall 650 WTW unit is a powerful and energy-efficient solution for balanced ventilation with heat recovery. This wall-mounted...\" \/>\n<meta property=\"og:url\" content=\"https:\/\/wtwstore.com\/sverige\/product\/deals-discounts\/our-recommendations\/renson-flux-wall-erv-650-wtw-unit-650-m\u00b3-h-with-co\u2082-humidity-rh-voc-sensors-and-enthalpy-exchanger\" \/>\n<meta property=\"og:site_name\" content=\"WTW Store\" \/>\n<meta property=\"article:modified_time\" content=\"2026-02-24T07:10:00+00:00\" \/>\n<meta property=\"og:image\" content=\"https:\/\/wtwstore.com\/wp-content\/uploads\/2025\/10\/Renson-Flux-Wall-ERV-650-WTW-Unit-650-m\u00b3-h-With-CO\u2082-Humidity-RH-VOC-Sensors-and-Enthalpy-Exchanger.jpg\" \/>\n\t<meta property=\"og:image:width\" content=\"1500\" \/>\n\t<meta property=\"og:image:height\" content=\"1500\" \/>\n\t<meta property=\"og:image:type\" content=\"image\/jpeg\" \/>\n<meta name=\"twitter:card\" content=\"summary_large_image\" \/>\n<meta name=\"twitter:label1\" content=\"Ber\u00e4knad l\u00e4stid\" \/>\n\t<meta name=\"twitter:data1\" content=\"1 minut\" \/>\n<script type=\"application\/ld+json\" class=\"yoast-schema-graph\">{\"@context\":\"https:\/\/schema.org\",\"@graph\":[{\"@type\":\"WebPage\",\"@id\":\"https:\/\/wtwstore.com\/product\/deals-discounts\/our-recommendations\/renson-flux-wall-erv-650-wtw-unit-650-m%c2%b3-h-with-co%e2%82%82-humidity-rh-voc-sensors-and-enthalpy-exchanger\",\"url\":\"https:\/\/wtwstore.com\/product\/deals-discounts\/our-recommendations\/renson-flux-wall-erv-650-wtw-unit-650-m%c2%b3-h-with-co%e2%82%82-humidity-rh-voc-sensors-and-enthalpy-exchanger\",\"name\":\"Renson Flux+ Wall ERV 650 WTW Unit 650\u202fm\u00b3\/h With CO\u2082, Humidity (RH) & VOC Sensors and Enthalpy Exchanger | WTW Store\",\"isPartOf\":{\"@id\":\"https:\/\/wtwstore.com\/#website\"},\"primaryImageOfPage\":{\"@id\":\"https:\/\/wtwstore.com\/product\/deals-discounts\/our-recommendations\/renson-flux-wall-erv-650-wtw-unit-650-m%c2%b3-h-with-co%e2%82%82-humidity-rh-voc-sensors-and-enthalpy-exchanger#primaryimage\"},\"image\":{\"@id\":\"https:\/\/wtwstore.com\/product\/deals-discounts\/our-recommendations\/renson-flux-wall-erv-650-wtw-unit-650-m%c2%b3-h-with-co%e2%82%82-humidity-rh-voc-sensors-and-enthalpy-exchanger#primaryimage\"},\"thumbnailUrl\":\"https:\/\/wtwstore.com\/wp-content\/uploads\/2025\/10\/Renson-Flux-Wall-ERV-650-WTW-Unit-650-m\u00b3-h-With-CO\u2082-Humidity-RH-VOC-Sensors-and-Enthalpy-Exchanger.jpg\",\"datePublished\":\"2025-10-04T00:40:41+00:00\",\"dateModified\":\"2026-02-24T07:10:00+00:00\",\"description\":\"The Renson Flux+ Wall 650 WTW unit is a powerful and energy-efficient solution for balanced ventilation with heat recovery. This wall-mounted...\",\"breadcrumb\":{\"@id\":\"https:\/\/wtwstore.com\/product\/deals-discounts\/our-recommendations\/renson-flux-wall-erv-650-wtw-unit-650-m%c2%b3-h-with-co%e2%82%82-humidity-rh-voc-sensors-and-enthalpy-exchanger#breadcrumb\"},\"inLanguage\":\"sv-SE\",\"potentialAction\":[{\"@type\":\"ReadAction\",\"target\":[\"https:\/\/wtwstore.com\/product\/deals-discounts\/our-recommendations\/renson-flux-wall-erv-650-wtw-unit-650-m%c2%b3-h-with-co%e2%82%82-humidity-rh-voc-sensors-and-enthalpy-exchanger\"]}]},{\"@type\":\"ImageObject\",\"inLanguage\":\"sv-SE\",\"@id\":\"https:\/\/wtwstore.com\/product\/deals-discounts\/our-recommendations\/renson-flux-wall-erv-650-wtw-unit-650-m%c2%b3-h-with-co%e2%82%82-humidity-rh-voc-sensors-and-enthalpy-exchanger#primaryimage\",\"url\":\"https:\/\/wtwstore.com\/wp-content\/uploads\/2025\/10\/Renson-Flux-Wall-ERV-650-WTW-Unit-650-m\u00b3-h-With-CO\u2082-Humidity-RH-VOC-Sensors-and-Enthalpy-Exchanger.jpg\",\"contentUrl\":\"https:\/\/wtwstore.com\/wp-content\/uploads\/2025\/10\/Renson-Flux-Wall-ERV-650-WTW-Unit-650-m\u00b3-h-With-CO\u2082-Humidity-RH-VOC-Sensors-and-Enthalpy-Exchanger.jpg\",\"width\":1500,\"height\":1500,\"caption\":\"Renson Flux+ Wall ERV 650 WTW Unit 650\u202fm\u00b3\/h With CO\u2082, Humidity (RH) & VOC Sensors and Enthalpy Exchanger\"},{\"@type\":\"BreadcrumbList\",\"@id\":\"https:\/\/wtwstore.com\/product\/deals-discounts\/our-recommendations\/renson-flux-wall-erv-650-wtw-unit-650-m%c2%b3-h-with-co%e2%82%82-humidity-rh-voc-sensors-and-enthalpy-exchanger#breadcrumb\",\"itemListElement\":[{\"@type\":\"ListItem\",\"position\":1,\"name\":\"Home\",\"item\":\"https:\/\/wtwstore.com\/\"},{\"@type\":\"ListItem\",\"position\":2,\"name\":\"Web-Shop\",\"item\":\"https:\/\/wtwstore.com\/pt\/ventilation-shop\"},{\"@type\":\"ListItem\",\"position\":3,\"name\":\"Renson Flux+ Wall ERV 650 WTW Unit 650\u202fm\u00b3\/h With CO\u2082, Humidity (RH) &#038; VOC Sensors and Enthalpy Exchanger\"}]},{\"@type\":\"WebSite\",\"@id\":\"https:\/\/wtwstore.com\/#website\",\"url\":\"https:\/\/wtwstore.com\/\",\"name\":\"WTW Store\",\"description\":\"\",\"publisher\":{\"@id\":\"https:\/\/wtwstore.com\/#organization\"},\"potentialAction\":[{\"@type\":\"SearchAction\",\"target\":{\"@type\":\"EntryPoint\",\"urlTemplate\":\"https:\/\/wtwstore.com\/?s={search_term_string}\"},\"query-input\":{\"@type\":\"PropertyValueSpecification\",\"valueRequired\":true,\"valueName\":\"search_term_string\"}}],\"inLanguage\":\"sv-SE\"},{\"@type\":\"Organization\",\"@id\":\"https:\/\/wtwstore.com\/#organization\",\"name\":\"WTW Store\",\"url\":\"https:\/\/wtwstore.com\/\",\"logo\":{\"@type\":\"ImageObject\",\"inLanguage\":\"sv-SE\",\"@id\":\"https:\/\/wtwstore.com\/#\/schema\/logo\/image\/\",\"url\":\"http:\/\/wtwstore.com\/wp-content\/uploads\/2025\/04\/wtwstore-thumbnail-01.jpg\",\"contentUrl\":\"http:\/\/wtwstore.com\/wp-content\/uploads\/2025\/04\/wtwstore-thumbnail-01.jpg\",\"width\":1500,\"height\":1500,\"caption\":\"WTW Store\"},\"image\":{\"@id\":\"https:\/\/wtwstore.com\/#\/schema\/logo\/image\/\"}}]}<\/script>\n<!-- \/ Yoast SEO plugin. -->","yoast_head_json":{"title":"Renson Flux+ Wall ERV 650 FTX-enhet 650 m\u00b3\/h med CO\u2082-, fukt- (RH) och VOC-sensorer samt entalpiv\u00e4xlare | WTW Store","description":"Renson Flux+ Wall 650 FTX-enheten (Fr\u00e5n- och tilluft med v\u00e4rme\u00e5tervinning) \u00e4r en kraftfull och energieffektiv l\u00f6sning f\u00f6r balanserad ventilation med v\u00e4rme\u00e5tervinning. Denna v\u00e4ggmonterade enhet...","robots":{"index":"index","follow":"follow","max-snippet":"max-snippet:-1","max-image-preview":"max-image-preview:large","max-video-preview":"max-video-preview:-1"},"canonical":"https:\/\/wtwstore.com\/sverige\/product\/deals-discounts\/our-recommendations\/renson-flux-wall-erv-650-wtw-unit-650-m\u00b3-h-with-co\u2082-humidity-rh-voc-sensors-and-enthalpy-exchanger","og_locale":"sv_SE","og_type":"article","og_title":"Renson Flux+ Wall ERV 650 WTW Unit 650\u202fm\u00b3\/h With CO\u2082, Humidity (RH) & VOC Sensors and Enthalpy Exchanger | WTW Store","og_description":"The Renson Flux+ Wall 650 WTW unit is a powerful and energy-efficient solution for balanced ventilation with heat recovery. This wall-mounted...","og_url":"https:\/\/wtwstore.com\/sverige\/product\/deals-discounts\/our-recommendations\/renson-flux-wall-erv-650-wtw-unit-650-m\u00b3-h-with-co\u2082-humidity-rh-voc-sensors-and-enthalpy-exchanger","og_site_name":"WTW Store","article_modified_time":"2026-02-24T07:10:00+00:00","og_image":[{"width":1500,"height":1500,"url":"https:\/\/wtwstore.com\/wp-content\/uploads\/2025\/10\/Renson-Flux-Wall-ERV-650-WTW-Unit-650-m\u00b3-h-With-CO\u2082-Humidity-RH-VOC-Sensors-and-Enthalpy-Exchanger.jpg","type":"image\/jpeg"}],"twitter_card":"summary_large_image","twitter_misc":{"Ber\u00e4knad l\u00e4stid":"1 minut"},"schema":{"@context":"https:\/\/schema.org","@graph":[{"@type":"WebPage","@id":"https:\/\/wtwstore.com\/product\/deals-discounts\/our-recommendations\/renson-flux-wall-erv-650-wtw-unit-650-m%c2%b3-h-with-co%e2%82%82-humidity-rh-voc-sensors-and-enthalpy-exchanger","url":"https:\/\/wtwstore.com\/product\/deals-discounts\/our-recommendations\/renson-flux-wall-erv-650-wtw-unit-650-m%c2%b3-h-with-co%e2%82%82-humidity-rh-voc-sensors-and-enthalpy-exchanger","name":"Renson Flux+ Wall ERV 650 FTX-enhet 650 m\u00b3\/h med CO\u2082-, fukt- (RH) och VOC-sensorer samt entalpiv\u00e4xlare | WTW Store","isPartOf":{"@id":"https:\/\/wtwstore.com\/#website"},"primaryImageOfPage":{"@id":"https:\/\/wtwstore.com\/product\/deals-discounts\/our-recommendations\/renson-flux-wall-erv-650-wtw-unit-650-m%c2%b3-h-with-co%e2%82%82-humidity-rh-voc-sensors-and-enthalpy-exchanger#primaryimage"},"image":{"@id":"https:\/\/wtwstore.com\/product\/deals-discounts\/our-recommendations\/renson-flux-wall-erv-650-wtw-unit-650-m%c2%b3-h-with-co%e2%82%82-humidity-rh-voc-sensors-and-enthalpy-exchanger#primaryimage"},"thumbnailUrl":"https:\/\/wtwstore.com\/wp-content\/uploads\/2025\/10\/Renson-Flux-Wall-ERV-650-WTW-Unit-650-m\u00b3-h-With-CO\u2082-Humidity-RH-VOC-Sensors-and-Enthalpy-Exchanger.jpg","datePublished":"2025-10-04T00:40:41+00:00","dateModified":"2026-02-24T07:10:00+00:00","description":"Renson Flux+ Wall 650 FTX-enheten (Fr\u00e5n- och tilluft med v\u00e4rme\u00e5tervinning) \u00e4r en kraftfull och energieffektiv l\u00f6sning f\u00f6r balanserad ventilation med v\u00e4rme\u00e5tervinning. Denna v\u00e4ggmonterade enhet...","breadcrumb":{"@id":"https:\/\/wtwstore.com\/product\/deals-discounts\/our-recommendations\/renson-flux-wall-erv-650-wtw-unit-650-m%c2%b3-h-with-co%e2%82%82-humidity-rh-voc-sensors-and-enthalpy-exchanger#breadcrumb"},"inLanguage":"sv-SE","potentialAction":[{"@type":"ReadAction","target":["https:\/\/wtwstore.com\/product\/deals-discounts\/our-recommendations\/renson-flux-wall-erv-650-wtw-unit-650-m%c2%b3-h-with-co%e2%82%82-humidity-rh-voc-sensors-and-enthalpy-exchanger"]}]},{"@type":"ImageObject","inLanguage":"sv-SE","@id":"https:\/\/wtwstore.com\/product\/deals-discounts\/our-recommendations\/renson-flux-wall-erv-650-wtw-unit-650-m%c2%b3-h-with-co%e2%82%82-humidity-rh-voc-sensors-and-enthalpy-exchanger#primaryimage","url":"https:\/\/wtwstore.com\/wp-content\/uploads\/2025\/10\/Renson-Flux-Wall-ERV-650-WTW-Unit-650-m\u00b3-h-With-CO\u2082-Humidity-RH-VOC-Sensors-and-Enthalpy-Exchanger.jpg","contentUrl":"https:\/\/wtwstore.com\/wp-content\/uploads\/2025\/10\/Renson-Flux-Wall-ERV-650-WTW-Unit-650-m\u00b3-h-With-CO\u2082-Humidity-RH-VOC-Sensors-and-Enthalpy-Exchanger.jpg","width":1500,"height":1500,"caption":"Renson Flux+ Wall ERV 650 WTW Unit 650\u202fm\u00b3\/h With CO\u2082, Humidity (RH) & VOC Sensors and Enthalpy Exchanger"},{"@type":"BreadcrumbList","@id":"https:\/\/wtwstore.com\/product\/deals-discounts\/our-recommendations\/renson-flux-wall-erv-650-wtw-unit-650-m%c2%b3-h-with-co%e2%82%82-humidity-rh-voc-sensors-and-enthalpy-exchanger#breadcrumb","itemListElement":[{"@type":"ListItem","position":1,"name":"Home","item":"https:\/\/wtwstore.com\/"},{"@type":"ListItem","position":2,"name":"Web-Shop","item":"https:\/\/wtwstore.com\/pt\/ventilation-shop"},{"@type":"ListItem","position":3,"name":"Renson Flux+ Wall ERV 650 WTW Unit 650\u202fm\u00b3\/h With CO\u2082, Humidity (RH) &#038; VOC Sensors and Enthalpy Exchanger"}]},{"@type":"WebSite","@id":"https:\/\/wtwstore.com\/#website","url":"https:\/\/wtwstore.com\/","name":"WTW Store","description":"","publisher":{"@id":"https:\/\/wtwstore.com\/#organization"},"potentialAction":[{"@type":"SearchAction","target":{"@type":"EntryPoint","urlTemplate":"https:\/\/wtwstore.com\/?s={search_term_string}"},"query-input":{"@type":"PropertyValueSpecification","valueRequired":true,"valueName":"search_term_string"}}],"inLanguage":"sv-SE"},{"@type":"Organization","@id":"https:\/\/wtwstore.com\/#organization","name":"WTW Store","url":"https:\/\/wtwstore.com\/","logo":{"@type":"ImageObject","inLanguage":"sv-SE","@id":"https:\/\/wtwstore.com\/#\/schema\/logo\/image\/","url":"http:\/\/wtwstore.com\/wp-content\/uploads\/2025\/04\/wtwstore-thumbnail-01.jpg","contentUrl":"http:\/\/wtwstore.com\/wp-content\/uploads\/2025\/04\/wtwstore-thumbnail-01.jpg","width":1500,"height":1500,"caption":"WTW Store"},"image":{"@id":"https:\/\/wtwstore.com\/#\/schema\/logo\/image\/"}}]}},"_links":{"self":[{"href":"https:\/\/wtwstore.com\/sverige\/wp-json\/wp\/v2\/product\/4965","targetHints":{"allow":["GET"]}}],"collection":[{"href":"https:\/\/wtwstore.com\/sverige\/wp-json\/wp\/v2\/product"}],"about":[{"href":"https:\/\/wtwstore.com\/sverige\/wp-json\/wp\/v2\/types\/product"}],"replies":[{"embeddable":true,"href":"https:\/\/wtwstore.com\/sverige\/wp-json\/wp\/v2\/comments?post=4965"}],"wp:featuredmedia":[{"embeddable":true,"href":"https:\/\/wtwstore.com\/sverige\/wp-json\/wp\/v2\/media\/5047"}],"wp:attachment":[{"href":"https:\/\/wtwstore.com\/sverige\/wp-json\/wp\/v2\/media?parent=4965"}],"wp:term":[{"taxonomy":"product_brand","embeddable":true,"href":"https:\/\/wtwstore.com\/sverige\/wp-json\/wp\/v2\/product_brand?post=4965"},{"taxonomy":"product_cat","embeddable":true,"href":"https:\/\/wtwstore.com\/sverige\/wp-json\/wp\/v2\/product_cat?post=4965"},{"taxonomy":"product_tag","embeddable":true,"href":"https:\/\/wtwstore.com\/sverige\/wp-json\/wp\/v2\/product_tag?post=4965"}],"curies":[{"name":"wp","href":"https:\/\/api.w.org\/{rel}","templated":true}]}}