{"id":4960,"date":"2025-10-04T01:40:28","date_gmt":"2025-10-03T23:40:28","guid":{"rendered":"http:\/\/wtwstore.com\/?post_type=product&#038;p=4960"},"modified":"2026-02-24T08:09:58","modified_gmt":"2026-02-24T07:09:58","slug":"renson-flux-go-wall-400-wtw-unit-400-m%c2%b3-h-with-humidity-sensor","status":"publish","type":"product","link":"https:\/\/wtwstore.com\/sverige\/product\/deals-discounts\/our-recommendations\/renson-flux-go-wall-400-wtw-unit-400-m%c2%b3-h-with-humidity-sensor","title":{"rendered":"Renson Flux Go Wall 400 FTX-enhet 400 m\u00b3\/h med fuktighetssensor"},"content":{"rendered":"<p>FTX-enheten Renson Flux Go Wall 400 \u00e4r kompakt och tyst och passar perfekt f\u00f6r behovsstyrd ventilation i bost\u00e4der och mindre kommersiella byggnader. Denna v\u00e4ggmonterade enhet \u00e4r en del av Rensons energieffektiva D+-ventilationskoncept och levererar utm\u00e4rkt prestanda i en flexibel och l\u00e4ttsk\u00f6tt design.<\/p>","protected":false},"excerpt":{"rendered":"<p>FTX-enheten Renson Flux Go Wall 400 \u00e4r kompakt och tyst och passar perfekt f\u00f6r behovsstyrd ventilation i bost\u00e4der och mindre kommersiella byggnader. Denna v\u00e4ggmonterade enhet \u00e4r en del av Rensons energieffektiva D+-ventilationskoncept och levererar utm\u00e4rkt prestanda i en flexibel och l\u00e4ttsk\u00f6tt design.<\/p>","protected":false},"featured_media":5037,"comment_status":"closed","ping_status":"closed","template":"","meta":{"_acf_changed":false,"_monsterinsights_skip_tracking":false,"_monsterinsights_sitenote_active":false,"_monsterinsights_sitenote_note":"","_monsterinsights_sitenote_category":0},"product_brand":[],"product_cat":[299,317,313,223,215,216],"product_tag":[],"class_list":{"0":"post-4960","1":"product","2":"type-product","3":"status-publish","4":"has-post-thumbnail","6":"product_cat-co-rh-timers","7":"product_cat-our-recommendations","8":"product_cat-renson-brands","9":"product_cat-recommended","10":"product_cat-renson","11":"product_cat-renson-flux","13":"first","14":"instock","15":"taxable","16":"shipping-taxable","17":"purchasable","18":"product-type-simple"},"acf":[],"yoast_head":"<!-- This site is optimized with the Yoast SEO plugin v27.0 - https:\/\/yoast.com\/product\/yoast-seo-wordpress\/ -->\n<title>Renson Flux Go Wall 400 WTW Unit 400\u202fm\u00b3\/h With Humidity Sensor | WTW Store<\/title>\n<meta name=\"description\" content=\"The Renson Flux Go Wall 400 is a compact and quiet WTW unit, ideal for demand-controlled ventilation in homes and smaller commercial buildings...\" \/>\n<meta name=\"robots\" content=\"index, follow, max-snippet:-1, max-image-preview:large, max-video-preview:-1\" \/>\n<link rel=\"canonical\" href=\"https:\/\/wtwstore.com\/sverige\/product\/deals-discounts\/our-recommendations\/renson-flux-go-wall-400-wtw-unit-400-m\u00b3-h-with-humidity-sensor\" \/>\n<meta property=\"og:locale\" content=\"sv_SE\" \/>\n<meta property=\"og:type\" content=\"article\" \/>\n<meta property=\"og:title\" content=\"Renson Flux Go Wall 400 WTW Unit 400\u202fm\u00b3\/h With Humidity Sensor | WTW Store\" \/>\n<meta property=\"og:description\" content=\"The Renson Flux Go Wall 400 is a compact and quiet WTW unit, ideal for demand-controlled ventilation in homes and smaller commercial buildings...\" \/>\n<meta property=\"og:url\" content=\"https:\/\/wtwstore.com\/sverige\/product\/deals-discounts\/our-recommendations\/renson-flux-go-wall-400-wtw-unit-400-m\u00b3-h-with-humidity-sensor\" \/>\n<meta property=\"og:site_name\" content=\"WTW Store\" \/>\n<meta property=\"article:modified_time\" content=\"2026-02-24T07:09:58+00:00\" \/>\n<meta property=\"og:image\" content=\"https:\/\/wtwstore.com\/wp-content\/uploads\/2025\/10\/Renson-Flux-Go-Wall-400-WTW-Unit-400-m\u00b3-h-With-Humidity-Sensor.jpg\" \/>\n\t<meta property=\"og:image:width\" content=\"1500\" \/>\n\t<meta property=\"og:image:height\" content=\"1500\" \/>\n\t<meta property=\"og:image:type\" content=\"image\/jpeg\" \/>\n<meta name=\"twitter:card\" content=\"summary_large_image\" \/>\n<meta name=\"twitter:label1\" content=\"Ber\u00e4knad l\u00e4stid\" \/>\n\t<meta name=\"twitter:data1\" content=\"1 minut\" \/>\n<script type=\"application\/ld+json\" class=\"yoast-schema-graph\">{\"@context\":\"https:\/\/schema.org\",\"@graph\":[{\"@type\":\"WebPage\",\"@id\":\"https:\/\/wtwstore.com\/product\/deals-discounts\/our-recommendations\/renson-flux-go-wall-400-wtw-unit-400-m%c2%b3-h-with-humidity-sensor\",\"url\":\"https:\/\/wtwstore.com\/product\/deals-discounts\/our-recommendations\/renson-flux-go-wall-400-wtw-unit-400-m%c2%b3-h-with-humidity-sensor\",\"name\":\"Renson Flux Go Wall 400 WTW Unit 400\u202fm\u00b3\/h With Humidity Sensor | WTW Store\",\"isPartOf\":{\"@id\":\"https:\/\/wtwstore.com\/#website\"},\"primaryImageOfPage\":{\"@id\":\"https:\/\/wtwstore.com\/product\/deals-discounts\/our-recommendations\/renson-flux-go-wall-400-wtw-unit-400-m%c2%b3-h-with-humidity-sensor#primaryimage\"},\"image\":{\"@id\":\"https:\/\/wtwstore.com\/product\/deals-discounts\/our-recommendations\/renson-flux-go-wall-400-wtw-unit-400-m%c2%b3-h-with-humidity-sensor#primaryimage\"},\"thumbnailUrl\":\"https:\/\/wtwstore.com\/wp-content\/uploads\/2025\/10\/Renson-Flux-Go-Wall-400-WTW-Unit-400-m\u00b3-h-With-Humidity-Sensor.jpg\",\"datePublished\":\"2025-10-03T23:40:28+00:00\",\"dateModified\":\"2026-02-24T07:09:58+00:00\",\"description\":\"The Renson Flux Go Wall 400 is a compact and quiet WTW unit, ideal for demand-controlled ventilation in homes and smaller commercial buildings...\",\"breadcrumb\":{\"@id\":\"https:\/\/wtwstore.com\/product\/deals-discounts\/our-recommendations\/renson-flux-go-wall-400-wtw-unit-400-m%c2%b3-h-with-humidity-sensor#breadcrumb\"},\"inLanguage\":\"sv-SE\",\"potentialAction\":[{\"@type\":\"ReadAction\",\"target\":[\"https:\/\/wtwstore.com\/product\/deals-discounts\/our-recommendations\/renson-flux-go-wall-400-wtw-unit-400-m%c2%b3-h-with-humidity-sensor\"]}]},{\"@type\":\"ImageObject\",\"inLanguage\":\"sv-SE\",\"@id\":\"https:\/\/wtwstore.com\/product\/deals-discounts\/our-recommendations\/renson-flux-go-wall-400-wtw-unit-400-m%c2%b3-h-with-humidity-sensor#primaryimage\",\"url\":\"https:\/\/wtwstore.com\/wp-content\/uploads\/2025\/10\/Renson-Flux-Go-Wall-400-WTW-Unit-400-m\u00b3-h-With-Humidity-Sensor.jpg\",\"contentUrl\":\"https:\/\/wtwstore.com\/wp-content\/uploads\/2025\/10\/Renson-Flux-Go-Wall-400-WTW-Unit-400-m\u00b3-h-With-Humidity-Sensor.jpg\",\"width\":1500,\"height\":1500,\"caption\":\"Renson Flux Go Wall 400 WTW Unit 400\u202fm\u00b3\/h With Humidity Sensor\"},{\"@type\":\"BreadcrumbList\",\"@id\":\"https:\/\/wtwstore.com\/product\/deals-discounts\/our-recommendations\/renson-flux-go-wall-400-wtw-unit-400-m%c2%b3-h-with-humidity-sensor#breadcrumb\",\"itemListElement\":[{\"@type\":\"ListItem\",\"position\":1,\"name\":\"Home\",\"item\":\"https:\/\/wtwstore.com\/\"},{\"@type\":\"ListItem\",\"position\":2,\"name\":\"Web-Shop\",\"item\":\"https:\/\/wtwstore.com\/pt\/ventilation-shop\"},{\"@type\":\"ListItem\",\"position\":3,\"name\":\"Renson Flux Go Wall 400 WTW Unit 400\u202fm\u00b3\/h With Humidity Sensor\"}]},{\"@type\":\"WebSite\",\"@id\":\"https:\/\/wtwstore.com\/#website\",\"url\":\"https:\/\/wtwstore.com\/\",\"name\":\"WTW Store\",\"description\":\"\",\"publisher\":{\"@id\":\"https:\/\/wtwstore.com\/#organization\"},\"potentialAction\":[{\"@type\":\"SearchAction\",\"target\":{\"@type\":\"EntryPoint\",\"urlTemplate\":\"https:\/\/wtwstore.com\/?s={search_term_string}\"},\"query-input\":{\"@type\":\"PropertyValueSpecification\",\"valueRequired\":true,\"valueName\":\"search_term_string\"}}],\"inLanguage\":\"sv-SE\"},{\"@type\":\"Organization\",\"@id\":\"https:\/\/wtwstore.com\/#organization\",\"name\":\"WTW Store\",\"url\":\"https:\/\/wtwstore.com\/\",\"logo\":{\"@type\":\"ImageObject\",\"inLanguage\":\"sv-SE\",\"@id\":\"https:\/\/wtwstore.com\/#\/schema\/logo\/image\/\",\"url\":\"http:\/\/wtwstore.com\/wp-content\/uploads\/2025\/04\/wtwstore-thumbnail-01.jpg\",\"contentUrl\":\"http:\/\/wtwstore.com\/wp-content\/uploads\/2025\/04\/wtwstore-thumbnail-01.jpg\",\"width\":1500,\"height\":1500,\"caption\":\"WTW Store\"},\"image\":{\"@id\":\"https:\/\/wtwstore.com\/#\/schema\/logo\/image\/\"}}]}<\/script>\n<!-- \/ Yoast SEO plugin. -->","yoast_head_json":{"title":"Renson Flux Go Wall 400 FTX-enhet 400 m\u00b3\/h med fuktighetssensor | WTW Store","description":"Renson Flux Go Wall 400 \u00e4r en kompakt och tyst FTX-enhet (Fr\u00e5n- och tilluft med v\u00e4rme\u00e5tervinning), idealisk f\u00f6r behovsstyrd ventilation i bost\u00e4der och mindre kommersiella byggnader...","robots":{"index":"index","follow":"follow","max-snippet":"max-snippet:-1","max-image-preview":"max-image-preview:large","max-video-preview":"max-video-preview:-1"},"canonical":"https:\/\/wtwstore.com\/sverige\/product\/deals-discounts\/our-recommendations\/renson-flux-go-wall-400-wtw-unit-400-m\u00b3-h-with-humidity-sensor","og_locale":"sv_SE","og_type":"article","og_title":"Renson Flux Go Wall 400 WTW Unit 400\u202fm\u00b3\/h With Humidity Sensor | WTW Store","og_description":"The Renson Flux Go Wall 400 is a compact and quiet WTW unit, ideal for demand-controlled ventilation in homes and smaller commercial buildings...","og_url":"https:\/\/wtwstore.com\/sverige\/product\/deals-discounts\/our-recommendations\/renson-flux-go-wall-400-wtw-unit-400-m\u00b3-h-with-humidity-sensor","og_site_name":"WTW Store","article_modified_time":"2026-02-24T07:09:58+00:00","og_image":[{"width":1500,"height":1500,"url":"https:\/\/wtwstore.com\/wp-content\/uploads\/2025\/10\/Renson-Flux-Go-Wall-400-WTW-Unit-400-m\u00b3-h-With-Humidity-Sensor.jpg","type":"image\/jpeg"}],"twitter_card":"summary_large_image","twitter_misc":{"Ber\u00e4knad l\u00e4stid":"1 minut"},"schema":{"@context":"https:\/\/schema.org","@graph":[{"@type":"WebPage","@id":"https:\/\/wtwstore.com\/product\/deals-discounts\/our-recommendations\/renson-flux-go-wall-400-wtw-unit-400-m%c2%b3-h-with-humidity-sensor","url":"https:\/\/wtwstore.com\/product\/deals-discounts\/our-recommendations\/renson-flux-go-wall-400-wtw-unit-400-m%c2%b3-h-with-humidity-sensor","name":"Renson Flux Go Wall 400 FTX-enhet 400 m\u00b3\/h med fuktighetssensor | WTW Store","isPartOf":{"@id":"https:\/\/wtwstore.com\/#website"},"primaryImageOfPage":{"@id":"https:\/\/wtwstore.com\/product\/deals-discounts\/our-recommendations\/renson-flux-go-wall-400-wtw-unit-400-m%c2%b3-h-with-humidity-sensor#primaryimage"},"image":{"@id":"https:\/\/wtwstore.com\/product\/deals-discounts\/our-recommendations\/renson-flux-go-wall-400-wtw-unit-400-m%c2%b3-h-with-humidity-sensor#primaryimage"},"thumbnailUrl":"https:\/\/wtwstore.com\/wp-content\/uploads\/2025\/10\/Renson-Flux-Go-Wall-400-WTW-Unit-400-m\u00b3-h-With-Humidity-Sensor.jpg","datePublished":"2025-10-03T23:40:28+00:00","dateModified":"2026-02-24T07:09:58+00:00","description":"Renson Flux Go Wall 400 \u00e4r en kompakt och tyst FTX-enhet (Fr\u00e5n- och tilluft med v\u00e4rme\u00e5tervinning), idealisk f\u00f6r behovsstyrd ventilation i bost\u00e4der och mindre kommersiella byggnader...","breadcrumb":{"@id":"https:\/\/wtwstore.com\/product\/deals-discounts\/our-recommendations\/renson-flux-go-wall-400-wtw-unit-400-m%c2%b3-h-with-humidity-sensor#breadcrumb"},"inLanguage":"sv-SE","potentialAction":[{"@type":"ReadAction","target":["https:\/\/wtwstore.com\/product\/deals-discounts\/our-recommendations\/renson-flux-go-wall-400-wtw-unit-400-m%c2%b3-h-with-humidity-sensor"]}]},{"@type":"ImageObject","inLanguage":"sv-SE","@id":"https:\/\/wtwstore.com\/product\/deals-discounts\/our-recommendations\/renson-flux-go-wall-400-wtw-unit-400-m%c2%b3-h-with-humidity-sensor#primaryimage","url":"https:\/\/wtwstore.com\/wp-content\/uploads\/2025\/10\/Renson-Flux-Go-Wall-400-WTW-Unit-400-m\u00b3-h-With-Humidity-Sensor.jpg","contentUrl":"https:\/\/wtwstore.com\/wp-content\/uploads\/2025\/10\/Renson-Flux-Go-Wall-400-WTW-Unit-400-m\u00b3-h-With-Humidity-Sensor.jpg","width":1500,"height":1500,"caption":"Renson Flux Go Wall 400 WTW Unit 400\u202fm\u00b3\/h With Humidity Sensor"},{"@type":"BreadcrumbList","@id":"https:\/\/wtwstore.com\/product\/deals-discounts\/our-recommendations\/renson-flux-go-wall-400-wtw-unit-400-m%c2%b3-h-with-humidity-sensor#breadcrumb","itemListElement":[{"@type":"ListItem","position":1,"name":"Home","item":"https:\/\/wtwstore.com\/"},{"@type":"ListItem","position":2,"name":"Web-Shop","item":"https:\/\/wtwstore.com\/pt\/ventilation-shop"},{"@type":"ListItem","position":3,"name":"Renson Flux Go Wall 400 WTW Unit 400\u202fm\u00b3\/h With Humidity Sensor"}]},{"@type":"WebSite","@id":"https:\/\/wtwstore.com\/#website","url":"https:\/\/wtwstore.com\/","name":"WTW Store","description":"","publisher":{"@id":"https:\/\/wtwstore.com\/#organization"},"potentialAction":[{"@type":"SearchAction","target":{"@type":"EntryPoint","urlTemplate":"https:\/\/wtwstore.com\/?s={search_term_string}"},"query-input":{"@type":"PropertyValueSpecification","valueRequired":true,"valueName":"search_term_string"}}],"inLanguage":"sv-SE"},{"@type":"Organization","@id":"https:\/\/wtwstore.com\/#organization","name":"WTW Store","url":"https:\/\/wtwstore.com\/","logo":{"@type":"ImageObject","inLanguage":"sv-SE","@id":"https:\/\/wtwstore.com\/#\/schema\/logo\/image\/","url":"http:\/\/wtwstore.com\/wp-content\/uploads\/2025\/04\/wtwstore-thumbnail-01.jpg","contentUrl":"http:\/\/wtwstore.com\/wp-content\/uploads\/2025\/04\/wtwstore-thumbnail-01.jpg","width":1500,"height":1500,"caption":"WTW Store"},"image":{"@id":"https:\/\/wtwstore.com\/#\/schema\/logo\/image\/"}}]}},"_links":{"self":[{"href":"https:\/\/wtwstore.com\/sverige\/wp-json\/wp\/v2\/product\/4960","targetHints":{"allow":["GET"]}}],"collection":[{"href":"https:\/\/wtwstore.com\/sverige\/wp-json\/wp\/v2\/product"}],"about":[{"href":"https:\/\/wtwstore.com\/sverige\/wp-json\/wp\/v2\/types\/product"}],"replies":[{"embeddable":true,"href":"https:\/\/wtwstore.com\/sverige\/wp-json\/wp\/v2\/comments?post=4960"}],"wp:featuredmedia":[{"embeddable":true,"href":"https:\/\/wtwstore.com\/sverige\/wp-json\/wp\/v2\/media\/5037"}],"wp:attachment":[{"href":"https:\/\/wtwstore.com\/sverige\/wp-json\/wp\/v2\/media?parent=4960"}],"wp:term":[{"taxonomy":"product_brand","embeddable":true,"href":"https:\/\/wtwstore.com\/sverige\/wp-json\/wp\/v2\/product_brand?post=4960"},{"taxonomy":"product_cat","embeddable":true,"href":"https:\/\/wtwstore.com\/sverige\/wp-json\/wp\/v2\/product_cat?post=4960"},{"taxonomy":"product_tag","embeddable":true,"href":"https:\/\/wtwstore.com\/sverige\/wp-json\/wp\/v2\/product_tag?post=4960"}],"curies":[{"name":"wp","href":"https:\/\/api.w.org\/{rel}","templated":true}]}}