{"id":4961,"date":"2025-10-04T02:07:16","date_gmt":"2025-10-04T00:07:16","guid":{"rendered":"http:\/\/wtwstore.com\/?post_type=product&#038;p=4961"},"modified":"2026-02-24T08:09:58","modified_gmt":"2026-02-24T07:09:58","slug":"renson-flux-go-flat-370-wtw-unit-370-m%c2%b3-h-with-integrated-humidity-sensor","status":"publish","type":"product","link":"https:\/\/wtwstore.com\/suomi\/product\/brands\/renson-brands\/renson-flux-go-flat-370-wtw-unit-370-m%c2%b3-h-with-integrated-humidity-sensor","title":{"rendered":"Renson Flux Go Flat 370 LTO-yksikk\u00f6 370 m\u00b3\/h integroidulla kosteussensorilla"},"content":{"rendered":"<p data-start=\"0\" data-end=\"317\">LTO-yksikk\u00f6 Renson Flux Go Flat 370 on ihanteellinen ratkaisu terveelliseen ja miellytt\u00e4v\u00e4\u00e4n sis\u00e4ilmastoon. T\u00e4m\u00e4 tasapainotettu ilmanvaihtoj\u00e4rjestelm\u00e4 l\u00e4mm\u00f6n talteenotolla (LTO) poistaa tehokkaasti kosteutta ja tuo samalla raikasta ilmaa. 370 m\u00b3\/h kapasiteetillaan yksikk\u00f6 sopii erinomaisesti sek\u00e4 uudisrakennuksiin ett\u00e4 saneerattuihin koteihin.<\/p>\n<p data-start=\"319\" data-end=\"635\" data-is-last-node=\"\" data-is-only-node=\"\">Kehittyneen teknologiansa ansiosta Flux Go Flat 370 s\u00e4\u00e4t\u00e4\u00e4 automaattisesti ilmanvaihdon tason ilman kosteuden mukaan. T\u00e4m\u00e4 tarkoittaa, ett\u00e4 voit aina nauttia parhaasta sis\u00e4ilman laadusta ilman huolia. Lis\u00e4ksi laite toimii l\u00e4hes \u00e4\u00e4nett\u00f6m\u00e4sti, joten voit nukkua ja el\u00e4\u00e4 rauhassa.<\/p>","protected":false},"excerpt":{"rendered":"<p>The Renson Flux Go Flat 370 WTW unit is the ideal solution for a healthy and comfortable indoor climate. This balanced ventilation system with heat recovery (WTW) efficiently removes moisture while supplying fresh air. With a capacity of 370\u202fm\u00b3\/h, this unit is perfectly suited for both new-build and renovated homes. Thanks to its advanced technology, [&hellip;]<\/p>","protected":false},"featured_media":5035,"comment_status":"closed","ping_status":"closed","template":"","meta":{"_acf_changed":false,"_monsterinsights_skip_tracking":false,"_monsterinsights_sitenote_active":false,"_monsterinsights_sitenote_note":"","_monsterinsights_sitenote_category":0},"product_brand":[],"product_cat":[299,313,215,216],"product_tag":[],"class_list":{"0":"post-4961","1":"product","2":"type-product","3":"status-publish","4":"has-post-thumbnail","6":"product_cat-co-rh-timers","7":"product_cat-renson-brands","8":"product_cat-renson","9":"product_cat-renson-flux","11":"first","12":"instock","13":"taxable","14":"shipping-taxable","15":"purchasable","16":"product-type-simple"},"acf":[],"yoast_head":"<!-- This site is optimized with the Yoast SEO plugin v27.0 - https:\/\/yoast.com\/product\/yoast-seo-wordpress\/ -->\n<title>Renson Flux Go Flat 370 WTW Unit 370\u202fm\u00b3\/h With Integrated Humidity Sensor | WTW Store<\/title>\n<meta name=\"description\" content=\"The Renson Flux Go Flat 370 WTW unit is the ideal solution for a healthy and comfortable indoor climate. This balanced ventilation system...\" \/>\n<meta name=\"robots\" content=\"index, follow, max-snippet:-1, max-image-preview:large, max-video-preview:-1\" \/>\n<link rel=\"canonical\" href=\"https:\/\/wtwstore.com\/suomi\/product\/brands\/renson-brands\/renson-flux-go-flat-370-wtw-unit-370-m\u00b3-h-with-integrated-humidity-sensor\" \/>\n<meta property=\"og:locale\" content=\"fi_FI\" \/>\n<meta property=\"og:type\" content=\"article\" \/>\n<meta property=\"og:title\" content=\"Renson Flux Go Flat 370 WTW Unit 370\u202fm\u00b3\/h With Integrated Humidity Sensor | WTW Store\" \/>\n<meta property=\"og:description\" content=\"The Renson Flux Go Flat 370 WTW unit is the ideal solution for a healthy and comfortable indoor climate. This balanced ventilation system...\" \/>\n<meta property=\"og:url\" content=\"https:\/\/wtwstore.com\/suomi\/product\/brands\/renson-brands\/renson-flux-go-flat-370-wtw-unit-370-m\u00b3-h-with-integrated-humidity-sensor\" \/>\n<meta property=\"og:site_name\" content=\"WTW Store\" \/>\n<meta property=\"article:modified_time\" content=\"2026-02-24T07:09:58+00:00\" \/>\n<meta property=\"og:image\" content=\"https:\/\/wtwstore.com\/wp-content\/uploads\/2025\/10\/Renson-Flux-Go-Flat-370-WTW-Unit-370-m\u00b3-h-With-Integrated-Humidity-Sensor.jpg\" \/>\n\t<meta property=\"og:image:width\" content=\"1500\" \/>\n\t<meta property=\"og:image:height\" content=\"1500\" \/>\n\t<meta property=\"og:image:type\" content=\"image\/jpeg\" \/>\n<meta name=\"twitter:card\" content=\"summary_large_image\" \/>\n<meta name=\"twitter:label1\" content=\"Arvioitu lukuaika\" \/>\n\t<meta name=\"twitter:data1\" content=\"1 minuutti\" \/>\n<script type=\"application\/ld+json\" class=\"yoast-schema-graph\">{\"@context\":\"https:\/\/schema.org\",\"@graph\":[{\"@type\":\"WebPage\",\"@id\":\"https:\/\/wtwstore.com\/product\/brands\/renson-brands\/renson-flux-go-flat-370-wtw-unit-370-m%c2%b3-h-with-integrated-humidity-sensor\",\"url\":\"https:\/\/wtwstore.com\/product\/brands\/renson-brands\/renson-flux-go-flat-370-wtw-unit-370-m%c2%b3-h-with-integrated-humidity-sensor\",\"name\":\"Renson Flux Go Flat 370 WTW Unit 370\u202fm\u00b3\/h With Integrated Humidity Sensor | WTW Store\",\"isPartOf\":{\"@id\":\"https:\/\/wtwstore.com\/#website\"},\"primaryImageOfPage\":{\"@id\":\"https:\/\/wtwstore.com\/product\/brands\/renson-brands\/renson-flux-go-flat-370-wtw-unit-370-m%c2%b3-h-with-integrated-humidity-sensor#primaryimage\"},\"image\":{\"@id\":\"https:\/\/wtwstore.com\/product\/brands\/renson-brands\/renson-flux-go-flat-370-wtw-unit-370-m%c2%b3-h-with-integrated-humidity-sensor#primaryimage\"},\"thumbnailUrl\":\"https:\/\/wtwstore.com\/wp-content\/uploads\/2025\/10\/Renson-Flux-Go-Flat-370-WTW-Unit-370-m\u00b3-h-With-Integrated-Humidity-Sensor.jpg\",\"datePublished\":\"2025-10-04T00:07:16+00:00\",\"dateModified\":\"2026-02-24T07:09:58+00:00\",\"description\":\"The Renson Flux Go Flat 370 WTW unit is the ideal solution for a healthy and comfortable indoor climate. This balanced ventilation system...\",\"breadcrumb\":{\"@id\":\"https:\/\/wtwstore.com\/product\/brands\/renson-brands\/renson-flux-go-flat-370-wtw-unit-370-m%c2%b3-h-with-integrated-humidity-sensor#breadcrumb\"},\"inLanguage\":\"fi\",\"potentialAction\":[{\"@type\":\"ReadAction\",\"target\":[\"https:\/\/wtwstore.com\/product\/brands\/renson-brands\/renson-flux-go-flat-370-wtw-unit-370-m%c2%b3-h-with-integrated-humidity-sensor\"]}]},{\"@type\":\"ImageObject\",\"inLanguage\":\"fi\",\"@id\":\"https:\/\/wtwstore.com\/product\/brands\/renson-brands\/renson-flux-go-flat-370-wtw-unit-370-m%c2%b3-h-with-integrated-humidity-sensor#primaryimage\",\"url\":\"https:\/\/wtwstore.com\/wp-content\/uploads\/2025\/10\/Renson-Flux-Go-Flat-370-WTW-Unit-370-m\u00b3-h-With-Integrated-Humidity-Sensor.jpg\",\"contentUrl\":\"https:\/\/wtwstore.com\/wp-content\/uploads\/2025\/10\/Renson-Flux-Go-Flat-370-WTW-Unit-370-m\u00b3-h-With-Integrated-Humidity-Sensor.jpg\",\"width\":1500,\"height\":1500,\"caption\":\"Renson Flux Go Flat 370 WTW Unit 370\u202fm\u00b3\/h With Integrated Humidity Sensor\"},{\"@type\":\"BreadcrumbList\",\"@id\":\"https:\/\/wtwstore.com\/product\/brands\/renson-brands\/renson-flux-go-flat-370-wtw-unit-370-m%c2%b3-h-with-integrated-humidity-sensor#breadcrumb\",\"itemListElement\":[{\"@type\":\"ListItem\",\"position\":1,\"name\":\"Home\",\"item\":\"https:\/\/wtwstore.com\/\"},{\"@type\":\"ListItem\",\"position\":2,\"name\":\"Web-Shop\",\"item\":\"https:\/\/wtwstore.com\/pt\/ventilation-shop\"},{\"@type\":\"ListItem\",\"position\":3,\"name\":\"Renson Flux Go Flat 370 WTW Unit 370\u202fm\u00b3\/h With Integrated Humidity Sensor\"}]},{\"@type\":\"WebSite\",\"@id\":\"https:\/\/wtwstore.com\/#website\",\"url\":\"https:\/\/wtwstore.com\/\",\"name\":\"WTW Store\",\"description\":\"\",\"publisher\":{\"@id\":\"https:\/\/wtwstore.com\/#organization\"},\"potentialAction\":[{\"@type\":\"SearchAction\",\"target\":{\"@type\":\"EntryPoint\",\"urlTemplate\":\"https:\/\/wtwstore.com\/?s={search_term_string}\"},\"query-input\":{\"@type\":\"PropertyValueSpecification\",\"valueRequired\":true,\"valueName\":\"search_term_string\"}}],\"inLanguage\":\"fi\"},{\"@type\":\"Organization\",\"@id\":\"https:\/\/wtwstore.com\/#organization\",\"name\":\"WTW Store\",\"url\":\"https:\/\/wtwstore.com\/\",\"logo\":{\"@type\":\"ImageObject\",\"inLanguage\":\"fi\",\"@id\":\"https:\/\/wtwstore.com\/#\/schema\/logo\/image\/\",\"url\":\"http:\/\/wtwstore.com\/wp-content\/uploads\/2025\/04\/wtwstore-thumbnail-01.jpg\",\"contentUrl\":\"http:\/\/wtwstore.com\/wp-content\/uploads\/2025\/04\/wtwstore-thumbnail-01.jpg\",\"width\":1500,\"height\":1500,\"caption\":\"WTW Store\"},\"image\":{\"@id\":\"https:\/\/wtwstore.com\/#\/schema\/logo\/image\/\"}}]}<\/script>\n<!-- \/ Yoast SEO plugin. -->","yoast_head_json":{"title":"Renson Flux Go Flat 370 LTO-yksikk\u00f6 370 m\u00b3\/h integroidulla kosteussensorilla | WTW Store","description":"Renson Flux Go Flat 370 LTO-yksikk\u00f6 (L\u00e4mm\u00f6n talteenotto) on ihanteellinen ratkaisu terveelliseen ja miellytt\u00e4v\u00e4\u00e4n sis\u00e4ilmastoon. T\u00e4m\u00e4 tasapainoinen ilmanvaihtoj\u00e4rjestelm\u00e4...","robots":{"index":"index","follow":"follow","max-snippet":"max-snippet:-1","max-image-preview":"max-image-preview:large","max-video-preview":"max-video-preview:-1"},"canonical":"https:\/\/wtwstore.com\/suomi\/product\/brands\/renson-brands\/renson-flux-go-flat-370-wtw-unit-370-m\u00b3-h-with-integrated-humidity-sensor","og_locale":"fi_FI","og_type":"article","og_title":"Renson Flux Go Flat 370 WTW Unit 370\u202fm\u00b3\/h With Integrated Humidity Sensor | WTW Store","og_description":"The Renson Flux Go Flat 370 WTW unit is the ideal solution for a healthy and comfortable indoor climate. This balanced ventilation system...","og_url":"https:\/\/wtwstore.com\/suomi\/product\/brands\/renson-brands\/renson-flux-go-flat-370-wtw-unit-370-m\u00b3-h-with-integrated-humidity-sensor","og_site_name":"WTW Store","article_modified_time":"2026-02-24T07:09:58+00:00","og_image":[{"width":1500,"height":1500,"url":"https:\/\/wtwstore.com\/wp-content\/uploads\/2025\/10\/Renson-Flux-Go-Flat-370-WTW-Unit-370-m\u00b3-h-With-Integrated-Humidity-Sensor.jpg","type":"image\/jpeg"}],"twitter_card":"summary_large_image","twitter_misc":{"Arvioitu lukuaika":"1 minuutti"},"schema":{"@context":"https:\/\/schema.org","@graph":[{"@type":"WebPage","@id":"https:\/\/wtwstore.com\/product\/brands\/renson-brands\/renson-flux-go-flat-370-wtw-unit-370-m%c2%b3-h-with-integrated-humidity-sensor","url":"https:\/\/wtwstore.com\/product\/brands\/renson-brands\/renson-flux-go-flat-370-wtw-unit-370-m%c2%b3-h-with-integrated-humidity-sensor","name":"Renson Flux Go Flat 370 LTO-yksikk\u00f6 370 m\u00b3\/h integroidulla kosteussensorilla | WTW Store","isPartOf":{"@id":"https:\/\/wtwstore.com\/#website"},"primaryImageOfPage":{"@id":"https:\/\/wtwstore.com\/product\/brands\/renson-brands\/renson-flux-go-flat-370-wtw-unit-370-m%c2%b3-h-with-integrated-humidity-sensor#primaryimage"},"image":{"@id":"https:\/\/wtwstore.com\/product\/brands\/renson-brands\/renson-flux-go-flat-370-wtw-unit-370-m%c2%b3-h-with-integrated-humidity-sensor#primaryimage"},"thumbnailUrl":"https:\/\/wtwstore.com\/wp-content\/uploads\/2025\/10\/Renson-Flux-Go-Flat-370-WTW-Unit-370-m\u00b3-h-With-Integrated-Humidity-Sensor.jpg","datePublished":"2025-10-04T00:07:16+00:00","dateModified":"2026-02-24T07:09:58+00:00","description":"Renson Flux Go Flat 370 LTO-yksikk\u00f6 (L\u00e4mm\u00f6n talteenotto) on ihanteellinen ratkaisu terveelliseen ja miellytt\u00e4v\u00e4\u00e4n sis\u00e4ilmastoon. T\u00e4m\u00e4 tasapainoinen ilmanvaihtoj\u00e4rjestelm\u00e4...","breadcrumb":{"@id":"https:\/\/wtwstore.com\/product\/brands\/renson-brands\/renson-flux-go-flat-370-wtw-unit-370-m%c2%b3-h-with-integrated-humidity-sensor#breadcrumb"},"inLanguage":"fi","potentialAction":[{"@type":"ReadAction","target":["https:\/\/wtwstore.com\/product\/brands\/renson-brands\/renson-flux-go-flat-370-wtw-unit-370-m%c2%b3-h-with-integrated-humidity-sensor"]}]},{"@type":"ImageObject","inLanguage":"fi","@id":"https:\/\/wtwstore.com\/product\/brands\/renson-brands\/renson-flux-go-flat-370-wtw-unit-370-m%c2%b3-h-with-integrated-humidity-sensor#primaryimage","url":"https:\/\/wtwstore.com\/wp-content\/uploads\/2025\/10\/Renson-Flux-Go-Flat-370-WTW-Unit-370-m\u00b3-h-With-Integrated-Humidity-Sensor.jpg","contentUrl":"https:\/\/wtwstore.com\/wp-content\/uploads\/2025\/10\/Renson-Flux-Go-Flat-370-WTW-Unit-370-m\u00b3-h-With-Integrated-Humidity-Sensor.jpg","width":1500,"height":1500,"caption":"Renson Flux Go Flat 370 WTW Unit 370\u202fm\u00b3\/h With Integrated Humidity Sensor"},{"@type":"BreadcrumbList","@id":"https:\/\/wtwstore.com\/product\/brands\/renson-brands\/renson-flux-go-flat-370-wtw-unit-370-m%c2%b3-h-with-integrated-humidity-sensor#breadcrumb","itemListElement":[{"@type":"ListItem","position":1,"name":"Home","item":"https:\/\/wtwstore.com\/"},{"@type":"ListItem","position":2,"name":"Web-Shop","item":"https:\/\/wtwstore.com\/pt\/ventilation-shop"},{"@type":"ListItem","position":3,"name":"Renson Flux Go Flat 370 WTW Unit 370\u202fm\u00b3\/h With Integrated Humidity Sensor"}]},{"@type":"WebSite","@id":"https:\/\/wtwstore.com\/#website","url":"https:\/\/wtwstore.com\/","name":"WTW Store","description":"","publisher":{"@id":"https:\/\/wtwstore.com\/#organization"},"potentialAction":[{"@type":"SearchAction","target":{"@type":"EntryPoint","urlTemplate":"https:\/\/wtwstore.com\/?s={search_term_string}"},"query-input":{"@type":"PropertyValueSpecification","valueRequired":true,"valueName":"search_term_string"}}],"inLanguage":"fi"},{"@type":"Organization","@id":"https:\/\/wtwstore.com\/#organization","name":"WTW Store","url":"https:\/\/wtwstore.com\/","logo":{"@type":"ImageObject","inLanguage":"fi","@id":"https:\/\/wtwstore.com\/#\/schema\/logo\/image\/","url":"http:\/\/wtwstore.com\/wp-content\/uploads\/2025\/04\/wtwstore-thumbnail-01.jpg","contentUrl":"http:\/\/wtwstore.com\/wp-content\/uploads\/2025\/04\/wtwstore-thumbnail-01.jpg","width":1500,"height":1500,"caption":"WTW Store"},"image":{"@id":"https:\/\/wtwstore.com\/#\/schema\/logo\/image\/"}}]}},"_links":{"self":[{"href":"https:\/\/wtwstore.com\/suomi\/wp-json\/wp\/v2\/product\/4961","targetHints":{"allow":["GET"]}}],"collection":[{"href":"https:\/\/wtwstore.com\/suomi\/wp-json\/wp\/v2\/product"}],"about":[{"href":"https:\/\/wtwstore.com\/suomi\/wp-json\/wp\/v2\/types\/product"}],"replies":[{"embeddable":true,"href":"https:\/\/wtwstore.com\/suomi\/wp-json\/wp\/v2\/comments?post=4961"}],"wp:featuredmedia":[{"embeddable":true,"href":"https:\/\/wtwstore.com\/suomi\/wp-json\/wp\/v2\/media\/5035"}],"wp:attachment":[{"href":"https:\/\/wtwstore.com\/suomi\/wp-json\/wp\/v2\/media?parent=4961"}],"wp:term":[{"taxonomy":"product_brand","embeddable":true,"href":"https:\/\/wtwstore.com\/suomi\/wp-json\/wp\/v2\/product_brand?post=4961"},{"taxonomy":"product_cat","embeddable":true,"href":"https:\/\/wtwstore.com\/suomi\/wp-json\/wp\/v2\/product_cat?post=4961"},{"taxonomy":"product_tag","embeddable":true,"href":"https:\/\/wtwstore.com\/suomi\/wp-json\/wp\/v2\/product_tag?post=4961"}],"curies":[{"name":"wp","href":"https:\/\/api.w.org\/{rel}","templated":true}]}}