{"id":4928,"date":"2025-10-03T23:33:02","date_gmt":"2025-10-03T21:33:02","guid":{"rendered":"http:\/\/wtwstore.com\/?post_type=product&#038;p=4928"},"modified":"2026-02-24T08:09:55","modified_gmt":"2026-02-24T07:09:55","slug":"renson-design-flex-xl-roof-terminal-180-200-mm-lead-free-flexible-flashing-black","status":"publish","type":"product","link":"https:\/\/wtwstore.com\/suomi\/product\/brands\/renson-brands\/renson-design-flex-xl-roof-terminal-180-200-mm-lead-free-flexible-flashing-black","title":{"rendered":"Renson Design Flex XL Katon L\u00e4ht\u00f6 180\/200 mm Lyijyt\u00f6n Joustava Tiiviste Musta"},"content":{"rendered":"<p>Belgialaisen laatumerkin Rensonin joustava design-kattol\u00e4pivienti on suunniteltu varmistamaan ilmanvaihtoilman optimaalinen poisto katon kautta. Se erottuu teknisell\u00e4 laadullaan ja tyylikk\u00e4\u00e4ll\u00e4 muotoilullaan. Sen ainutlaatuinen muoto takaa eritt\u00e4in pienen ilmanvastuksen, mik\u00e4 parantaa ilmanvaihtoj\u00e4rjestelm\u00e4n suorituskyky\u00e4.<\/p>\n<p>Lis\u00e4ksi se sopii erinomaisesti moderneihin, perinteisiin ja liuskekivikattoihin. Kattol\u00e4piviennin integroinnissa on tietoisesti valittu lyijyt\u00f6n vaihtoehtoinen materiaali. Yleiset ja liuskekivikatot on valmistettu korkealaatuisesta polypropeenista.<\/p>\n<p>Flex XL -versio k\u00e4ytt\u00e4\u00e4 kest\u00e4v\u00e4\u00e4 lyijyt\u00f6nt\u00e4 joustavaa silikonikaulusta. Rensonin kattol\u00e4pivienti on kehitetty erityisesti takaamaan Rensonin ilmanvaihtoj\u00e4rjestelmien oikea toiminta.<\/p>","protected":false},"excerpt":{"rendered":"<p>The flexible design roof terminal from the Belgian quality brand Renson is designed for optimal discharge of ventilation air through the roof. It is characterized by its technical excellence and attractive design. Its unique shape ensures extremely low air resistance, which benefits the performance of the ventilation system. In addition, it has a sleek appearance [&hellip;]<\/p>","protected":false},"featured_media":5018,"comment_status":"closed","ping_status":"closed","template":"","meta":{"_acf_changed":false,"_monsterinsights_skip_tracking":false,"_monsterinsights_sitenote_active":false,"_monsterinsights_sitenote_note":"","_monsterinsights_sitenote_category":0},"product_brand":[],"product_cat":[313,304,215,217],"product_tag":[],"class_list":{"0":"post-4928","1":"product","2":"type-product","3":"status-publish","4":"has-post-thumbnail","6":"product_cat-renson-brands","7":"product_cat-renson-design-roof-penetrations","8":"product_cat-renson","9":"product_cat-renson-accessories","11":"first","12":"instock","13":"taxable","14":"shipping-taxable","15":"purchasable","16":"product-type-simple"},"acf":[],"yoast_head":"<!-- This site is optimized with the Yoast SEO plugin v27.0 - https:\/\/yoast.com\/product\/yoast-seo-wordpress\/ -->\n<title>Renson Design Flex XL Roof Terminal 180\/200 mm Lead-Free Flexible Flashing Black | WTW Store<\/title>\n<meta name=\"description\" content=\"The flexible design roof terminal from the Belgian quality brand Renson is designed for optimal discharge of ventilation air through the roof...\" \/>\n<meta name=\"robots\" content=\"index, follow, max-snippet:-1, max-image-preview:large, max-video-preview:-1\" \/>\n<link rel=\"canonical\" href=\"https:\/\/wtwstore.com\/suomi\/product\/brands\/renson-brands\/renson-design-flex-xl-roof-terminal-180-200-mm-lead-free-flexible-flashing-black\" \/>\n<meta property=\"og:locale\" content=\"fi_FI\" \/>\n<meta property=\"og:type\" content=\"article\" \/>\n<meta property=\"og:title\" content=\"Renson Design Flex XL Roof Terminal 180\/200 mm Lead-Free Flexible Flashing Black | WTW Store\" \/>\n<meta property=\"og:description\" content=\"The flexible design roof terminal from the Belgian quality brand Renson is designed for optimal discharge of ventilation air through the roof...\" \/>\n<meta property=\"og:url\" content=\"https:\/\/wtwstore.com\/suomi\/product\/brands\/renson-brands\/renson-design-flex-xl-roof-terminal-180-200-mm-lead-free-flexible-flashing-black\" \/>\n<meta property=\"og:site_name\" content=\"WTW Store\" \/>\n<meta property=\"article:modified_time\" content=\"2026-02-24T07:09:55+00:00\" \/>\n<meta property=\"og:image\" content=\"https:\/\/wtwstore.com\/wp-content\/uploads\/2025\/10\/Renson-Design-Flex-XL-Roof-Terminal-180-200-mm-Lead-Free-Flexible-Flashing-Black.jpg\" \/>\n\t<meta property=\"og:image:width\" content=\"1500\" \/>\n\t<meta property=\"og:image:height\" content=\"1500\" \/>\n\t<meta property=\"og:image:type\" content=\"image\/jpeg\" \/>\n<meta name=\"twitter:card\" content=\"summary_large_image\" \/>\n<meta name=\"twitter:label1\" content=\"Arvioitu lukuaika\" \/>\n\t<meta name=\"twitter:data1\" content=\"1 minuutti\" \/>\n<script type=\"application\/ld+json\" class=\"yoast-schema-graph\">{\"@context\":\"https:\/\/schema.org\",\"@graph\":[{\"@type\":\"WebPage\",\"@id\":\"https:\/\/wtwstore.com\/product\/brands\/renson-brands\/renson-design-flex-xl-roof-terminal-180-200-mm-lead-free-flexible-flashing-black\",\"url\":\"https:\/\/wtwstore.com\/product\/brands\/renson-brands\/renson-design-flex-xl-roof-terminal-180-200-mm-lead-free-flexible-flashing-black\",\"name\":\"Renson Design Flex XL Roof Terminal 180\/200 mm Lead-Free Flexible Flashing Black | WTW Store\",\"isPartOf\":{\"@id\":\"https:\/\/wtwstore.com\/#website\"},\"primaryImageOfPage\":{\"@id\":\"https:\/\/wtwstore.com\/product\/brands\/renson-brands\/renson-design-flex-xl-roof-terminal-180-200-mm-lead-free-flexible-flashing-black#primaryimage\"},\"image\":{\"@id\":\"https:\/\/wtwstore.com\/product\/brands\/renson-brands\/renson-design-flex-xl-roof-terminal-180-200-mm-lead-free-flexible-flashing-black#primaryimage\"},\"thumbnailUrl\":\"https:\/\/wtwstore.com\/wp-content\/uploads\/2025\/10\/Renson-Design-Flex-XL-Roof-Terminal-180-200-mm-Lead-Free-Flexible-Flashing-Black.jpg\",\"datePublished\":\"2025-10-03T21:33:02+00:00\",\"dateModified\":\"2026-02-24T07:09:55+00:00\",\"description\":\"The flexible design roof terminal from the Belgian quality brand Renson is designed for optimal discharge of ventilation air through the roof...\",\"breadcrumb\":{\"@id\":\"https:\/\/wtwstore.com\/product\/brands\/renson-brands\/renson-design-flex-xl-roof-terminal-180-200-mm-lead-free-flexible-flashing-black#breadcrumb\"},\"inLanguage\":\"fi\",\"potentialAction\":[{\"@type\":\"ReadAction\",\"target\":[\"https:\/\/wtwstore.com\/product\/brands\/renson-brands\/renson-design-flex-xl-roof-terminal-180-200-mm-lead-free-flexible-flashing-black\"]}]},{\"@type\":\"ImageObject\",\"inLanguage\":\"fi\",\"@id\":\"https:\/\/wtwstore.com\/product\/brands\/renson-brands\/renson-design-flex-xl-roof-terminal-180-200-mm-lead-free-flexible-flashing-black#primaryimage\",\"url\":\"https:\/\/wtwstore.com\/wp-content\/uploads\/2025\/10\/Renson-Design-Flex-XL-Roof-Terminal-180-200-mm-Lead-Free-Flexible-Flashing-Black.jpg\",\"contentUrl\":\"https:\/\/wtwstore.com\/wp-content\/uploads\/2025\/10\/Renson-Design-Flex-XL-Roof-Terminal-180-200-mm-Lead-Free-Flexible-Flashing-Black.jpg\",\"width\":1500,\"height\":1500,\"caption\":\"Renson Design Flex XL Roof Terminal 180\/200 mm Lead-Free Flexible Flashing Black\"},{\"@type\":\"BreadcrumbList\",\"@id\":\"https:\/\/wtwstore.com\/product\/brands\/renson-brands\/renson-design-flex-xl-roof-terminal-180-200-mm-lead-free-flexible-flashing-black#breadcrumb\",\"itemListElement\":[{\"@type\":\"ListItem\",\"position\":1,\"name\":\"Home\",\"item\":\"https:\/\/wtwstore.com\/\"},{\"@type\":\"ListItem\",\"position\":2,\"name\":\"Web-Shop\",\"item\":\"https:\/\/wtwstore.com\/pt\/ventilation-shop\"},{\"@type\":\"ListItem\",\"position\":3,\"name\":\"Renson Design Flex XL Roof Terminal 180\/200 mm Lead-Free Flexible Flashing Black\"}]},{\"@type\":\"WebSite\",\"@id\":\"https:\/\/wtwstore.com\/#website\",\"url\":\"https:\/\/wtwstore.com\/\",\"name\":\"WTW Store\",\"description\":\"\",\"publisher\":{\"@id\":\"https:\/\/wtwstore.com\/#organization\"},\"potentialAction\":[{\"@type\":\"SearchAction\",\"target\":{\"@type\":\"EntryPoint\",\"urlTemplate\":\"https:\/\/wtwstore.com\/?s={search_term_string}\"},\"query-input\":{\"@type\":\"PropertyValueSpecification\",\"valueRequired\":true,\"valueName\":\"search_term_string\"}}],\"inLanguage\":\"fi\"},{\"@type\":\"Organization\",\"@id\":\"https:\/\/wtwstore.com\/#organization\",\"name\":\"WTW Store\",\"url\":\"https:\/\/wtwstore.com\/\",\"logo\":{\"@type\":\"ImageObject\",\"inLanguage\":\"fi\",\"@id\":\"https:\/\/wtwstore.com\/#\/schema\/logo\/image\/\",\"url\":\"http:\/\/wtwstore.com\/wp-content\/uploads\/2025\/04\/wtwstore-thumbnail-01.jpg\",\"contentUrl\":\"http:\/\/wtwstore.com\/wp-content\/uploads\/2025\/04\/wtwstore-thumbnail-01.jpg\",\"width\":1500,\"height\":1500,\"caption\":\"WTW Store\"},\"image\":{\"@id\":\"https:\/\/wtwstore.com\/#\/schema\/logo\/image\/\"}}]}<\/script>\n<!-- \/ Yoast SEO plugin. -->","yoast_head_json":{"title":"Renson Design Flex XL Katon L\u00e4ht\u00f6 180\/200 mm Lyijyt\u00f6n Joustava Tiiviste Musta | WTW Store","description":"Belgialaisen laatumerkin Rensonin joustava design-kattol\u00e4pivienti on suunniteltu ilmanvaihtoilman optimaaliseen poistoon katon kautta...","robots":{"index":"index","follow":"follow","max-snippet":"max-snippet:-1","max-image-preview":"max-image-preview:large","max-video-preview":"max-video-preview:-1"},"canonical":"https:\/\/wtwstore.com\/suomi\/product\/brands\/renson-brands\/renson-design-flex-xl-roof-terminal-180-200-mm-lead-free-flexible-flashing-black","og_locale":"fi_FI","og_type":"article","og_title":"Renson Design Flex XL Roof Terminal 180\/200 mm Lead-Free Flexible Flashing Black | WTW Store","og_description":"The flexible design roof terminal from the Belgian quality brand Renson is designed for optimal discharge of ventilation air through the roof...","og_url":"https:\/\/wtwstore.com\/suomi\/product\/brands\/renson-brands\/renson-design-flex-xl-roof-terminal-180-200-mm-lead-free-flexible-flashing-black","og_site_name":"WTW Store","article_modified_time":"2026-02-24T07:09:55+00:00","og_image":[{"width":1500,"height":1500,"url":"https:\/\/wtwstore.com\/wp-content\/uploads\/2025\/10\/Renson-Design-Flex-XL-Roof-Terminal-180-200-mm-Lead-Free-Flexible-Flashing-Black.jpg","type":"image\/jpeg"}],"twitter_card":"summary_large_image","twitter_misc":{"Arvioitu lukuaika":"1 minuutti"},"schema":{"@context":"https:\/\/schema.org","@graph":[{"@type":"WebPage","@id":"https:\/\/wtwstore.com\/product\/brands\/renson-brands\/renson-design-flex-xl-roof-terminal-180-200-mm-lead-free-flexible-flashing-black","url":"https:\/\/wtwstore.com\/product\/brands\/renson-brands\/renson-design-flex-xl-roof-terminal-180-200-mm-lead-free-flexible-flashing-black","name":"Renson Design Flex XL Katon L\u00e4ht\u00f6 180\/200 mm Lyijyt\u00f6n Joustava Tiiviste Musta | WTW Store","isPartOf":{"@id":"https:\/\/wtwstore.com\/#website"},"primaryImageOfPage":{"@id":"https:\/\/wtwstore.com\/product\/brands\/renson-brands\/renson-design-flex-xl-roof-terminal-180-200-mm-lead-free-flexible-flashing-black#primaryimage"},"image":{"@id":"https:\/\/wtwstore.com\/product\/brands\/renson-brands\/renson-design-flex-xl-roof-terminal-180-200-mm-lead-free-flexible-flashing-black#primaryimage"},"thumbnailUrl":"https:\/\/wtwstore.com\/wp-content\/uploads\/2025\/10\/Renson-Design-Flex-XL-Roof-Terminal-180-200-mm-Lead-Free-Flexible-Flashing-Black.jpg","datePublished":"2025-10-03T21:33:02+00:00","dateModified":"2026-02-24T07:09:55+00:00","description":"Belgialaisen laatumerkin Rensonin joustava design-kattol\u00e4pivienti on suunniteltu ilmanvaihtoilman optimaaliseen poistoon katon kautta...","breadcrumb":{"@id":"https:\/\/wtwstore.com\/product\/brands\/renson-brands\/renson-design-flex-xl-roof-terminal-180-200-mm-lead-free-flexible-flashing-black#breadcrumb"},"inLanguage":"fi","potentialAction":[{"@type":"ReadAction","target":["https:\/\/wtwstore.com\/product\/brands\/renson-brands\/renson-design-flex-xl-roof-terminal-180-200-mm-lead-free-flexible-flashing-black"]}]},{"@type":"ImageObject","inLanguage":"fi","@id":"https:\/\/wtwstore.com\/product\/brands\/renson-brands\/renson-design-flex-xl-roof-terminal-180-200-mm-lead-free-flexible-flashing-black#primaryimage","url":"https:\/\/wtwstore.com\/wp-content\/uploads\/2025\/10\/Renson-Design-Flex-XL-Roof-Terminal-180-200-mm-Lead-Free-Flexible-Flashing-Black.jpg","contentUrl":"https:\/\/wtwstore.com\/wp-content\/uploads\/2025\/10\/Renson-Design-Flex-XL-Roof-Terminal-180-200-mm-Lead-Free-Flexible-Flashing-Black.jpg","width":1500,"height":1500,"caption":"Renson Design Flex XL Roof Terminal 180\/200 mm Lead-Free Flexible Flashing Black"},{"@type":"BreadcrumbList","@id":"https:\/\/wtwstore.com\/product\/brands\/renson-brands\/renson-design-flex-xl-roof-terminal-180-200-mm-lead-free-flexible-flashing-black#breadcrumb","itemListElement":[{"@type":"ListItem","position":1,"name":"Home","item":"https:\/\/wtwstore.com\/"},{"@type":"ListItem","position":2,"name":"Web-Shop","item":"https:\/\/wtwstore.com\/pt\/ventilation-shop"},{"@type":"ListItem","position":3,"name":"Renson Design Flex XL Roof Terminal 180\/200 mm Lead-Free Flexible Flashing Black"}]},{"@type":"WebSite","@id":"https:\/\/wtwstore.com\/#website","url":"https:\/\/wtwstore.com\/","name":"WTW Store","description":"","publisher":{"@id":"https:\/\/wtwstore.com\/#organization"},"potentialAction":[{"@type":"SearchAction","target":{"@type":"EntryPoint","urlTemplate":"https:\/\/wtwstore.com\/?s={search_term_string}"},"query-input":{"@type":"PropertyValueSpecification","valueRequired":true,"valueName":"search_term_string"}}],"inLanguage":"fi"},{"@type":"Organization","@id":"https:\/\/wtwstore.com\/#organization","name":"WTW Store","url":"https:\/\/wtwstore.com\/","logo":{"@type":"ImageObject","inLanguage":"fi","@id":"https:\/\/wtwstore.com\/#\/schema\/logo\/image\/","url":"http:\/\/wtwstore.com\/wp-content\/uploads\/2025\/04\/wtwstore-thumbnail-01.jpg","contentUrl":"http:\/\/wtwstore.com\/wp-content\/uploads\/2025\/04\/wtwstore-thumbnail-01.jpg","width":1500,"height":1500,"caption":"WTW Store"},"image":{"@id":"https:\/\/wtwstore.com\/#\/schema\/logo\/image\/"}}]}},"_links":{"self":[{"href":"https:\/\/wtwstore.com\/suomi\/wp-json\/wp\/v2\/product\/4928","targetHints":{"allow":["GET"]}}],"collection":[{"href":"https:\/\/wtwstore.com\/suomi\/wp-json\/wp\/v2\/product"}],"about":[{"href":"https:\/\/wtwstore.com\/suomi\/wp-json\/wp\/v2\/types\/product"}],"replies":[{"embeddable":true,"href":"https:\/\/wtwstore.com\/suomi\/wp-json\/wp\/v2\/comments?post=4928"}],"wp:featuredmedia":[{"embeddable":true,"href":"https:\/\/wtwstore.com\/suomi\/wp-json\/wp\/v2\/media\/5018"}],"wp:attachment":[{"href":"https:\/\/wtwstore.com\/suomi\/wp-json\/wp\/v2\/media?parent=4928"}],"wp:term":[{"taxonomy":"product_brand","embeddable":true,"href":"https:\/\/wtwstore.com\/suomi\/wp-json\/wp\/v2\/product_brand?post=4928"},{"taxonomy":"product_cat","embeddable":true,"href":"https:\/\/wtwstore.com\/suomi\/wp-json\/wp\/v2\/product_cat?post=4928"},{"taxonomy":"product_tag","embeddable":true,"href":"https:\/\/wtwstore.com\/suomi\/wp-json\/wp\/v2\/product_tag?post=4928"}],"curies":[{"name":"wp","href":"https:\/\/api.w.org\/{rel}","templated":true}]}}