{"id":4924,"date":"2025-10-03T22:32:31","date_gmt":"2025-10-03T20:32:31","guid":{"rendered":"http:\/\/wtwstore.com\/?post_type=product&#038;p=4924"},"modified":"2026-02-24T08:09:53","modified_gmt":"2026-02-24T07:09:53","slug":"renson-design-roof-terminal-150-160-mm-universal-for-pitched-roof-terra","status":"publish","type":"product","link":"https:\/\/wtwstore.com\/suomi\/product\/brands\/renson-brands\/renson-design-roof-terminal-150-160-mm-universal-for-pitched-roof-terra","title":{"rendered":"Renson Design Katon L\u00e4ht\u00f6 150\/160 mm Yleismalli Kaltevalle Katolle Terrakotta"},"content":{"rendered":"<p>Belgialaisen laatumerkin Rensonin design-kattol\u00e4pivienti on suunniteltu varmistamaan ilmanvaihtoilman optimaalinen poisto katon kautta. Se tunnetaan teknisest\u00e4 laadustaan ja tyylikk\u00e4\u00e4st\u00e4 muotoilustaan. Sen ainutlaatuinen muoto takaa eritt\u00e4in pienen ilmanvastuksen, mik\u00e4 parantaa ilmanvaihtoj\u00e4rjestelm\u00e4n suorituskyky\u00e4. Lis\u00e4ksi se n\u00e4ytt\u00e4\u00e4 tyylikk\u00e4\u00e4lt\u00e4 ja sopii sek\u00e4 moderneihin ett\u00e4 perinteisiin kattotiiliin. Kattol\u00e4piviennin integroinnissa on tietoisesti valittu lyijyt\u00f6n vaihtoehtoinen materiaali. Yleinen kattotiili, johon l\u00e4pivienti on asennettu, on valmistettu korkealaatuisesta polypropeenista.<\/p>","protected":false},"excerpt":{"rendered":"<p>The design roof terminal from the Belgian quality brand Renson is designed for optimal discharge of ventilation air through the roof. It is known for its technical excellence and attractive design. Its unique shape ensures extremely low air resistance, which enhances the performance of the ventilation system. Moreover, it has an elegant appearance and fits [&hellip;]<\/p>","protected":false},"featured_media":5020,"comment_status":"closed","ping_status":"closed","template":"","meta":{"_acf_changed":false,"_monsterinsights_skip_tracking":false,"_monsterinsights_sitenote_active":false,"_monsterinsights_sitenote_note":"","_monsterinsights_sitenote_category":0},"product_brand":[],"product_cat":[313,304,215,217],"product_tag":[],"class_list":{"0":"post-4924","1":"product","2":"type-product","3":"status-publish","4":"has-post-thumbnail","6":"product_cat-renson-brands","7":"product_cat-renson-design-roof-penetrations","8":"product_cat-renson","9":"product_cat-renson-accessories","11":"first","12":"instock","13":"taxable","14":"shipping-taxable","15":"purchasable","16":"product-type-simple"},"acf":[],"yoast_head":"<!-- This site is optimized with the Yoast SEO plugin v27.0 - https:\/\/yoast.com\/product\/yoast-seo-wordpress\/ -->\n<title>Renson Design Roof Terminal 150\/160\u202fmm Universal for Pitched Roof Terra | WTW Store<\/title>\n<meta name=\"description\" content=\"The design roof terminal from the Belgian quality brand Renson is designed for optimal discharge of ventilation air through the roof. It is known for...\" \/>\n<meta name=\"robots\" content=\"index, follow, max-snippet:-1, max-image-preview:large, max-video-preview:-1\" \/>\n<link rel=\"canonical\" href=\"https:\/\/wtwstore.com\/suomi\/product\/brands\/renson-brands\/renson-design-roof-terminal-150-160-mm-universal-for-pitched-roof-terra\" \/>\n<meta property=\"og:locale\" content=\"fi_FI\" \/>\n<meta property=\"og:type\" content=\"article\" \/>\n<meta property=\"og:title\" content=\"Renson Design Roof Terminal 150\/160\u202fmm Universal for Pitched Roof Terra | WTW Store\" \/>\n<meta property=\"og:description\" content=\"The design roof terminal from the Belgian quality brand Renson is designed for optimal discharge of ventilation air through the roof. It is known for...\" \/>\n<meta property=\"og:url\" content=\"https:\/\/wtwstore.com\/suomi\/product\/brands\/renson-brands\/renson-design-roof-terminal-150-160-mm-universal-for-pitched-roof-terra\" \/>\n<meta property=\"og:site_name\" content=\"WTW Store\" \/>\n<meta property=\"article:modified_time\" content=\"2026-02-24T07:09:53+00:00\" \/>\n<meta property=\"og:image\" content=\"https:\/\/wtwstore.com\/wp-content\/uploads\/2025\/10\/Renson-Design-Roof-Terminal-150-160-mm-Universal-for-Pitched-Roof-Terra.jpg\" \/>\n\t<meta property=\"og:image:width\" content=\"1500\" \/>\n\t<meta property=\"og:image:height\" content=\"1500\" \/>\n\t<meta property=\"og:image:type\" content=\"image\/jpeg\" \/>\n<meta name=\"twitter:card\" content=\"summary_large_image\" \/>\n<meta name=\"twitter:label1\" content=\"Arvioitu lukuaika\" \/>\n\t<meta name=\"twitter:data1\" content=\"1 minuutti\" \/>\n<script type=\"application\/ld+json\" class=\"yoast-schema-graph\">{\"@context\":\"https:\/\/schema.org\",\"@graph\":[{\"@type\":\"WebPage\",\"@id\":\"https:\/\/wtwstore.com\/suomi\/product\/brands\/renson-brands\/renson-design-roof-terminal-150-160-mm-universal-for-pitched-roof-terra\",\"url\":\"https:\/\/wtwstore.com\/suomi\/product\/brands\/renson-brands\/renson-design-roof-terminal-150-160-mm-universal-for-pitched-roof-terra\",\"name\":\"Renson Design Roof Terminal 150\/160\u202fmm Universal for Pitched Roof Terra | WTW Store\",\"isPartOf\":{\"@id\":\"https:\/\/wtwstore.com\/#website\"},\"primaryImageOfPage\":{\"@id\":\"https:\/\/wtwstore.com\/suomi\/product\/brands\/renson-brands\/renson-design-roof-terminal-150-160-mm-universal-for-pitched-roof-terra#primaryimage\"},\"image\":{\"@id\":\"https:\/\/wtwstore.com\/suomi\/product\/brands\/renson-brands\/renson-design-roof-terminal-150-160-mm-universal-for-pitched-roof-terra#primaryimage\"},\"thumbnailUrl\":\"https:\/\/wtwstore.com\/wp-content\/uploads\/2025\/10\/Renson-Design-Roof-Terminal-150-160-mm-Universal-for-Pitched-Roof-Terra.jpg\",\"datePublished\":\"2025-10-03T20:32:31+00:00\",\"dateModified\":\"2026-02-24T07:09:53+00:00\",\"description\":\"The design roof terminal from the Belgian quality brand Renson is designed for optimal discharge of ventilation air through the roof. It is known for...\",\"breadcrumb\":{\"@id\":\"https:\/\/wtwstore.com\/suomi\/product\/brands\/renson-brands\/renson-design-roof-terminal-150-160-mm-universal-for-pitched-roof-terra#breadcrumb\"},\"inLanguage\":\"fi\",\"potentialAction\":[{\"@type\":\"ReadAction\",\"target\":[\"https:\/\/wtwstore.com\/suomi\/product\/brands\/renson-brands\/renson-design-roof-terminal-150-160-mm-universal-for-pitched-roof-terra\"]}]},{\"@type\":\"ImageObject\",\"inLanguage\":\"fi\",\"@id\":\"https:\/\/wtwstore.com\/suomi\/product\/brands\/renson-brands\/renson-design-roof-terminal-150-160-mm-universal-for-pitched-roof-terra#primaryimage\",\"url\":\"https:\/\/wtwstore.com\/wp-content\/uploads\/2025\/10\/Renson-Design-Roof-Terminal-150-160-mm-Universal-for-Pitched-Roof-Terra.jpg\",\"contentUrl\":\"https:\/\/wtwstore.com\/wp-content\/uploads\/2025\/10\/Renson-Design-Roof-Terminal-150-160-mm-Universal-for-Pitched-Roof-Terra.jpg\",\"width\":1500,\"height\":1500,\"caption\":\"Renson Design Roof Terminal 150\/160\u202fmm Universal for Pitched Roof Terra\"},{\"@type\":\"BreadcrumbList\",\"@id\":\"https:\/\/wtwstore.com\/suomi\/product\/brands\/renson-brands\/renson-design-roof-terminal-150-160-mm-universal-for-pitched-roof-terra#breadcrumb\",\"itemListElement\":[{\"@type\":\"ListItem\",\"position\":1,\"name\":\"Home\",\"item\":\"https:\/\/wtwstore.com\/\"},{\"@type\":\"ListItem\",\"position\":2,\"name\":\"Web-Shop\",\"item\":\"https:\/\/wtwstore.com\/pt\/ventilation-shop\"},{\"@type\":\"ListItem\",\"position\":3,\"name\":\"Renson Design Roof Terminal 150\/160\u202fmm Universal for Pitched Roof Terra\"}]},{\"@type\":\"WebSite\",\"@id\":\"https:\/\/wtwstore.com\/#website\",\"url\":\"https:\/\/wtwstore.com\/\",\"name\":\"WTW Store\",\"description\":\"\",\"publisher\":{\"@id\":\"https:\/\/wtwstore.com\/#organization\"},\"potentialAction\":[{\"@type\":\"SearchAction\",\"target\":{\"@type\":\"EntryPoint\",\"urlTemplate\":\"https:\/\/wtwstore.com\/?s={search_term_string}\"},\"query-input\":{\"@type\":\"PropertyValueSpecification\",\"valueRequired\":true,\"valueName\":\"search_term_string\"}}],\"inLanguage\":\"fi\"},{\"@type\":\"Organization\",\"@id\":\"https:\/\/wtwstore.com\/#organization\",\"name\":\"WTW Store\",\"url\":\"https:\/\/wtwstore.com\/\",\"logo\":{\"@type\":\"ImageObject\",\"inLanguage\":\"fi\",\"@id\":\"https:\/\/wtwstore.com\/#\/schema\/logo\/image\/\",\"url\":\"http:\/\/wtwstore.com\/wp-content\/uploads\/2025\/04\/wtwstore-thumbnail-01.jpg\",\"contentUrl\":\"http:\/\/wtwstore.com\/wp-content\/uploads\/2025\/04\/wtwstore-thumbnail-01.jpg\",\"width\":1500,\"height\":1500,\"caption\":\"WTW Store\"},\"image\":{\"@id\":\"https:\/\/wtwstore.com\/#\/schema\/logo\/image\/\"}}]}<\/script>\n<!-- \/ Yoast SEO plugin. -->","yoast_head_json":{"title":"Renson Design Katon L\u00e4ht\u00f6 150\/160 mm Yleismalli Kaltevalle Katolle Terrakotta | WTW Store","description":"Belgialaisen laatumerkin Rensonin design-kattol\u00e4pivienti on suunniteltu ilmanvaihtoilman optimaaliseen poistoon katon kautta. Se tunnetaan siit\u00e4, ett\u00e4...","robots":{"index":"index","follow":"follow","max-snippet":"max-snippet:-1","max-image-preview":"max-image-preview:large","max-video-preview":"max-video-preview:-1"},"canonical":"https:\/\/wtwstore.com\/suomi\/product\/brands\/renson-brands\/renson-design-roof-terminal-150-160-mm-universal-for-pitched-roof-terra","og_locale":"fi_FI","og_type":"article","og_title":"Renson Design Roof Terminal 150\/160\u202fmm Universal for Pitched Roof Terra | WTW Store","og_description":"The design roof terminal from the Belgian quality brand Renson is designed for optimal discharge of ventilation air through the roof. It is known for...","og_url":"https:\/\/wtwstore.com\/suomi\/product\/brands\/renson-brands\/renson-design-roof-terminal-150-160-mm-universal-for-pitched-roof-terra","og_site_name":"WTW Store","article_modified_time":"2026-02-24T07:09:53+00:00","og_image":[{"width":1500,"height":1500,"url":"https:\/\/wtwstore.com\/wp-content\/uploads\/2025\/10\/Renson-Design-Roof-Terminal-150-160-mm-Universal-for-Pitched-Roof-Terra.jpg","type":"image\/jpeg"}],"twitter_card":"summary_large_image","twitter_misc":{"Arvioitu lukuaika":"1 minuutti"},"schema":{"@context":"https:\/\/schema.org","@graph":[{"@type":"WebPage","@id":"https:\/\/wtwstore.com\/suomi\/product\/brands\/renson-brands\/renson-design-roof-terminal-150-160-mm-universal-for-pitched-roof-terra","url":"https:\/\/wtwstore.com\/suomi\/product\/brands\/renson-brands\/renson-design-roof-terminal-150-160-mm-universal-for-pitched-roof-terra","name":"Renson Design Katon L\u00e4ht\u00f6 150\/160 mm Yleismalli Kaltevalle Katolle Terrakotta | WTW Store","isPartOf":{"@id":"https:\/\/wtwstore.com\/#website"},"primaryImageOfPage":{"@id":"https:\/\/wtwstore.com\/suomi\/product\/brands\/renson-brands\/renson-design-roof-terminal-150-160-mm-universal-for-pitched-roof-terra#primaryimage"},"image":{"@id":"https:\/\/wtwstore.com\/suomi\/product\/brands\/renson-brands\/renson-design-roof-terminal-150-160-mm-universal-for-pitched-roof-terra#primaryimage"},"thumbnailUrl":"https:\/\/wtwstore.com\/wp-content\/uploads\/2025\/10\/Renson-Design-Roof-Terminal-150-160-mm-Universal-for-Pitched-Roof-Terra.jpg","datePublished":"2025-10-03T20:32:31+00:00","dateModified":"2026-02-24T07:09:53+00:00","description":"Belgialaisen laatumerkin Rensonin design-kattol\u00e4pivienti on suunniteltu ilmanvaihtoilman optimaaliseen poistoon katon kautta. Se tunnetaan siit\u00e4, ett\u00e4...","breadcrumb":{"@id":"https:\/\/wtwstore.com\/suomi\/product\/brands\/renson-brands\/renson-design-roof-terminal-150-160-mm-universal-for-pitched-roof-terra#breadcrumb"},"inLanguage":"fi","potentialAction":[{"@type":"ReadAction","target":["https:\/\/wtwstore.com\/suomi\/product\/brands\/renson-brands\/renson-design-roof-terminal-150-160-mm-universal-for-pitched-roof-terra"]}]},{"@type":"ImageObject","inLanguage":"fi","@id":"https:\/\/wtwstore.com\/suomi\/product\/brands\/renson-brands\/renson-design-roof-terminal-150-160-mm-universal-for-pitched-roof-terra#primaryimage","url":"https:\/\/wtwstore.com\/wp-content\/uploads\/2025\/10\/Renson-Design-Roof-Terminal-150-160-mm-Universal-for-Pitched-Roof-Terra.jpg","contentUrl":"https:\/\/wtwstore.com\/wp-content\/uploads\/2025\/10\/Renson-Design-Roof-Terminal-150-160-mm-Universal-for-Pitched-Roof-Terra.jpg","width":1500,"height":1500,"caption":"Renson Design Roof Terminal 150\/160\u202fmm Universal for Pitched Roof Terra"},{"@type":"BreadcrumbList","@id":"https:\/\/wtwstore.com\/suomi\/product\/brands\/renson-brands\/renson-design-roof-terminal-150-160-mm-universal-for-pitched-roof-terra#breadcrumb","itemListElement":[{"@type":"ListItem","position":1,"name":"Home","item":"https:\/\/wtwstore.com\/"},{"@type":"ListItem","position":2,"name":"Web-Shop","item":"https:\/\/wtwstore.com\/pt\/ventilation-shop"},{"@type":"ListItem","position":3,"name":"Renson Design Roof Terminal 150\/160\u202fmm Universal for Pitched Roof Terra"}]},{"@type":"WebSite","@id":"https:\/\/wtwstore.com\/#website","url":"https:\/\/wtwstore.com\/","name":"WTW Store","description":"","publisher":{"@id":"https:\/\/wtwstore.com\/#organization"},"potentialAction":[{"@type":"SearchAction","target":{"@type":"EntryPoint","urlTemplate":"https:\/\/wtwstore.com\/?s={search_term_string}"},"query-input":{"@type":"PropertyValueSpecification","valueRequired":true,"valueName":"search_term_string"}}],"inLanguage":"fi"},{"@type":"Organization","@id":"https:\/\/wtwstore.com\/#organization","name":"WTW Store","url":"https:\/\/wtwstore.com\/","logo":{"@type":"ImageObject","inLanguage":"fi","@id":"https:\/\/wtwstore.com\/#\/schema\/logo\/image\/","url":"http:\/\/wtwstore.com\/wp-content\/uploads\/2025\/04\/wtwstore-thumbnail-01.jpg","contentUrl":"http:\/\/wtwstore.com\/wp-content\/uploads\/2025\/04\/wtwstore-thumbnail-01.jpg","width":1500,"height":1500,"caption":"WTW Store"},"image":{"@id":"https:\/\/wtwstore.com\/#\/schema\/logo\/image\/"}}]}},"_links":{"self":[{"href":"https:\/\/wtwstore.com\/suomi\/wp-json\/wp\/v2\/product\/4924","targetHints":{"allow":["GET"]}}],"collection":[{"href":"https:\/\/wtwstore.com\/suomi\/wp-json\/wp\/v2\/product"}],"about":[{"href":"https:\/\/wtwstore.com\/suomi\/wp-json\/wp\/v2\/types\/product"}],"replies":[{"embeddable":true,"href":"https:\/\/wtwstore.com\/suomi\/wp-json\/wp\/v2\/comments?post=4924"}],"wp:featuredmedia":[{"embeddable":true,"href":"https:\/\/wtwstore.com\/suomi\/wp-json\/wp\/v2\/media\/5020"}],"wp:attachment":[{"href":"https:\/\/wtwstore.com\/suomi\/wp-json\/wp\/v2\/media?parent=4924"}],"wp:term":[{"taxonomy":"product_brand","embeddable":true,"href":"https:\/\/wtwstore.com\/suomi\/wp-json\/wp\/v2\/product_brand?post=4924"},{"taxonomy":"product_cat","embeddable":true,"href":"https:\/\/wtwstore.com\/suomi\/wp-json\/wp\/v2\/product_cat?post=4924"},{"taxonomy":"product_tag","embeddable":true,"href":"https:\/\/wtwstore.com\/suomi\/wp-json\/wp\/v2\/product_tag?post=4924"}],"curies":[{"name":"wp","href":"https:\/\/api.w.org\/{rel}","templated":true}]}}