{"id":4973,"date":"2025-10-04T03:23:13","date_gmt":"2025-10-04T01:23:13","guid":{"rendered":"http:\/\/wtwstore.com\/?post_type=product&#038;p=4973"},"modified":"2026-02-24T08:09:54","modified_gmt":"2026-02-24T07:09:54","slug":"control-module-for-healthbox-3-0-bedroom","status":"publish","type":"product","link":"https:\/\/wtwstore.com\/norge\/product\/brands\/renson-brands\/control-module-for-healthbox-3-0-bedroom","title":{"rendered":"Renson Kontrollmodul for Healthbox 3.0 Soverom"},"content":{"rendered":"<p>Kontrollmodulen fra Renson sikrer riktig ventilasjon akkurat n\u00e5r det trengs. For \u00e5 muliggj\u00f8re fullstendig behovsstyrt ventilasjon fungerer Healthbox 3.0 fra Renson med kontrollmoduler (ventiler). Disse ventilene \u00e5pnes bare n\u00e5r luftkvaliteten i et bestemt rom blir d\u00e5rligere. Systemet forbedrer da ventilasjonen kun i det rommet for \u00e5 gjenopprette luftkvaliteten. N\u00e5r forholdene er tilbake til det normale, lukkes ventilen automatisk for \u00e5 spare energi.<\/p>\n<p>This specific control module is designed for use in bedrooms. With an integrated CO\u2082 and humidity sensor, the valve opens when CO\u2082 levels or humidity are too high, ensuring increased ventilation where and when it&#8217;s needed most.<\/p>","protected":false},"excerpt":{"rendered":"<p>The control module from Renson ensures proper ventilation exactly when needed. To enable fully demand-controlled ventilation, the Healthbox 3.0 from Renson works with control modules (valves). These valves open only when the air quality in a specific room drops. The system then improves ventilation in that room alone to restore the air quality. Once the [&hellip;]<\/p>","protected":false},"featured_media":5005,"comment_status":"closed","ping_status":"closed","template":"","meta":{"_acf_changed":false,"_monsterinsights_skip_tracking":false,"_monsterinsights_sitenote_active":false,"_monsterinsights_sitenote_note":"","_monsterinsights_sitenote_category":0},"product_brand":[],"product_cat":[313,302,215,218],"product_tag":[],"class_list":{"0":"post-4973","1":"product","2":"type-product","3":"status-publish","4":"has-post-thumbnail","6":"product_cat-renson-brands","7":"product_cat-renson-sense-healthbox-control-modules","8":"product_cat-renson","9":"product_cat-renson-healthbox","11":"first","12":"instock","13":"taxable","14":"shipping-taxable","15":"purchasable","16":"product-type-simple"},"acf":[],"yoast_head":"<!-- This site is optimized with the Yoast SEO plugin v27.0 - https:\/\/yoast.com\/product\/yoast-seo-wordpress\/ -->\n<title>Renson Control Module for Healthbox 3.0 Bedroom | WTW Store<\/title>\n<meta name=\"description\" content=\"The control module from Renson ensures proper ventilation exactly when needed. To enable fully demand-controlled ventilation...\" \/>\n<meta name=\"robots\" content=\"index, follow, max-snippet:-1, max-image-preview:large, max-video-preview:-1\" \/>\n<link rel=\"canonical\" href=\"https:\/\/wtwstore.com\/norge\/product\/brands\/renson-brands\/control-module-for-healthbox-3-0-bedroom\/\" \/>\n<meta property=\"og:locale\" content=\"nb_NO\" \/>\n<meta property=\"og:type\" content=\"article\" \/>\n<meta property=\"og:title\" content=\"Renson Control Module for Healthbox 3.0 Bedroom | WTW Store\" \/>\n<meta property=\"og:description\" content=\"The control module from Renson ensures proper ventilation exactly when needed. To enable fully demand-controlled ventilation...\" \/>\n<meta property=\"og:url\" content=\"https:\/\/wtwstore.com\/norge\/product\/brands\/renson-brands\/control-module-for-healthbox-3-0-bedroom\/\" \/>\n<meta property=\"og:site_name\" content=\"WTW Store\" \/>\n<meta property=\"article:modified_time\" content=\"2026-02-24T07:09:54+00:00\" \/>\n<meta property=\"og:image\" content=\"https:\/\/wtwstore.com\/wp-content\/uploads\/2025\/10\/Control-Module-for-Healthbox-3.0-Bedroom.jpg\" \/>\n\t<meta property=\"og:image:width\" content=\"1500\" \/>\n\t<meta property=\"og:image:height\" content=\"1500\" \/>\n\t<meta property=\"og:image:type\" content=\"image\/jpeg\" \/>\n<meta name=\"twitter:card\" content=\"summary_large_image\" \/>\n<meta name=\"twitter:label1\" content=\"Ansl. lesetid\" \/>\n\t<meta name=\"twitter:data1\" content=\"1 minutt\" \/>\n<script type=\"application\/ld+json\" class=\"yoast-schema-graph\">{\"@context\":\"https:\/\/schema.org\",\"@graph\":[{\"@type\":\"WebPage\",\"@id\":\"https:\/\/wtwstore.com\/fr\/product\/brands\/renson-brands\/control-module-for-healthbox-3-0-bedroom\",\"url\":\"https:\/\/wtwstore.com\/fr\/product\/brands\/renson-brands\/control-module-for-healthbox-3-0-bedroom\",\"name\":\"Renson Control Module for Healthbox 3.0 Bedroom | WTW Store\",\"isPartOf\":{\"@id\":\"https:\/\/wtwstore.com\/#website\"},\"primaryImageOfPage\":{\"@id\":\"https:\/\/wtwstore.com\/fr\/product\/brands\/renson-brands\/control-module-for-healthbox-3-0-bedroom#primaryimage\"},\"image\":{\"@id\":\"https:\/\/wtwstore.com\/fr\/product\/brands\/renson-brands\/control-module-for-healthbox-3-0-bedroom#primaryimage\"},\"thumbnailUrl\":\"https:\/\/wtwstore.com\/wp-content\/uploads\/2025\/10\/Control-Module-for-Healthbox-3.0-Bedroom.jpg\",\"datePublished\":\"2025-10-04T01:23:13+00:00\",\"dateModified\":\"2026-02-24T07:09:54+00:00\",\"description\":\"The control module from Renson ensures proper ventilation exactly when needed. To enable fully demand-controlled ventilation...\",\"breadcrumb\":{\"@id\":\"https:\/\/wtwstore.com\/fr\/product\/brands\/renson-brands\/control-module-for-healthbox-3-0-bedroom#breadcrumb\"},\"inLanguage\":\"nb-NO\",\"potentialAction\":[{\"@type\":\"ReadAction\",\"target\":[\"https:\/\/wtwstore.com\/fr\/product\/brands\/renson-brands\/control-module-for-healthbox-3-0-bedroom\"]}]},{\"@type\":\"ImageObject\",\"inLanguage\":\"nb-NO\",\"@id\":\"https:\/\/wtwstore.com\/fr\/product\/brands\/renson-brands\/control-module-for-healthbox-3-0-bedroom#primaryimage\",\"url\":\"https:\/\/wtwstore.com\/wp-content\/uploads\/2025\/10\/Control-Module-for-Healthbox-3.0-Bedroom.jpg\",\"contentUrl\":\"https:\/\/wtwstore.com\/wp-content\/uploads\/2025\/10\/Control-Module-for-Healthbox-3.0-Bedroom.jpg\",\"width\":1500,\"height\":1500,\"caption\":\"Control Module for Healthbox 3.0 Bedroom\"},{\"@type\":\"BreadcrumbList\",\"@id\":\"https:\/\/wtwstore.com\/fr\/product\/brands\/renson-brands\/control-module-for-healthbox-3-0-bedroom#breadcrumb\",\"itemListElement\":[{\"@type\":\"ListItem\",\"position\":1,\"name\":\"Home\",\"item\":\"https:\/\/wtwstore.com\/\"},{\"@type\":\"ListItem\",\"position\":2,\"name\":\"Web-Shop\",\"item\":\"https:\/\/wtwstore.com\/pt\/ventilation-shop\"},{\"@type\":\"ListItem\",\"position\":3,\"name\":\"Renson Control Module for Healthbox 3.0 Bedroom\"}]},{\"@type\":\"WebSite\",\"@id\":\"https:\/\/wtwstore.com\/#website\",\"url\":\"https:\/\/wtwstore.com\/\",\"name\":\"WTW Store\",\"description\":\"\",\"publisher\":{\"@id\":\"https:\/\/wtwstore.com\/#organization\"},\"potentialAction\":[{\"@type\":\"SearchAction\",\"target\":{\"@type\":\"EntryPoint\",\"urlTemplate\":\"https:\/\/wtwstore.com\/?s={search_term_string}\"},\"query-input\":{\"@type\":\"PropertyValueSpecification\",\"valueRequired\":true,\"valueName\":\"search_term_string\"}}],\"inLanguage\":\"nb-NO\"},{\"@type\":\"Organization\",\"@id\":\"https:\/\/wtwstore.com\/#organization\",\"name\":\"WTW Store\",\"url\":\"https:\/\/wtwstore.com\/\",\"logo\":{\"@type\":\"ImageObject\",\"inLanguage\":\"nb-NO\",\"@id\":\"https:\/\/wtwstore.com\/#\/schema\/logo\/image\/\",\"url\":\"http:\/\/wtwstore.com\/wp-content\/uploads\/2025\/04\/wtwstore-thumbnail-01.jpg\",\"contentUrl\":\"http:\/\/wtwstore.com\/wp-content\/uploads\/2025\/04\/wtwstore-thumbnail-01.jpg\",\"width\":1500,\"height\":1500,\"caption\":\"WTW Store\"},\"image\":{\"@id\":\"https:\/\/wtwstore.com\/#\/schema\/logo\/image\/\"}}]}<\/script>\n<!-- \/ Yoast SEO plugin. -->","yoast_head_json":{"title":"Renson Kontrollmodul for Healthbox 3.0 Soverom | WTW Store","description":"Kontrollmodulen fra Renson sikrer riktig ventilasjon akkurat n\u00e5r det trengs. For \u00e5 muliggj\u00f8re fullstendig behovsstyrt ventilasjon...","robots":{"index":"index","follow":"follow","max-snippet":"max-snippet:-1","max-image-preview":"max-image-preview:large","max-video-preview":"max-video-preview:-1"},"canonical":"https:\/\/wtwstore.com\/norge\/product\/brands\/renson-brands\/control-module-for-healthbox-3-0-bedroom\/","og_locale":"nb_NO","og_type":"article","og_title":"Renson Control Module for Healthbox 3.0 Bedroom | WTW Store","og_description":"The control module from Renson ensures proper ventilation exactly when needed. To enable fully demand-controlled ventilation...","og_url":"https:\/\/wtwstore.com\/norge\/product\/brands\/renson-brands\/control-module-for-healthbox-3-0-bedroom\/","og_site_name":"WTW Store","article_modified_time":"2026-02-24T07:09:54+00:00","og_image":[{"width":1500,"height":1500,"url":"https:\/\/wtwstore.com\/wp-content\/uploads\/2025\/10\/Control-Module-for-Healthbox-3.0-Bedroom.jpg","type":"image\/jpeg"}],"twitter_card":"summary_large_image","twitter_misc":{"Ansl. lesetid":"1 minutt"},"schema":{"@context":"https:\/\/schema.org","@graph":[{"@type":"WebPage","@id":"https:\/\/wtwstore.com\/fr\/product\/brands\/renson-brands\/control-module-for-healthbox-3-0-bedroom","url":"https:\/\/wtwstore.com\/fr\/product\/brands\/renson-brands\/control-module-for-healthbox-3-0-bedroom","name":"Renson Kontrollmodul for Healthbox 3.0 Soverom | WTW Store","isPartOf":{"@id":"https:\/\/wtwstore.com\/#website"},"primaryImageOfPage":{"@id":"https:\/\/wtwstore.com\/fr\/product\/brands\/renson-brands\/control-module-for-healthbox-3-0-bedroom#primaryimage"},"image":{"@id":"https:\/\/wtwstore.com\/fr\/product\/brands\/renson-brands\/control-module-for-healthbox-3-0-bedroom#primaryimage"},"thumbnailUrl":"https:\/\/wtwstore.com\/wp-content\/uploads\/2025\/10\/Control-Module-for-Healthbox-3.0-Bedroom.jpg","datePublished":"2025-10-04T01:23:13+00:00","dateModified":"2026-02-24T07:09:54+00:00","description":"Kontrollmodulen fra Renson sikrer riktig ventilasjon akkurat n\u00e5r det trengs. For \u00e5 muliggj\u00f8re fullstendig behovsstyrt ventilasjon...","breadcrumb":{"@id":"https:\/\/wtwstore.com\/fr\/product\/brands\/renson-brands\/control-module-for-healthbox-3-0-bedroom#breadcrumb"},"inLanguage":"nb-NO","potentialAction":[{"@type":"ReadAction","target":["https:\/\/wtwstore.com\/fr\/product\/brands\/renson-brands\/control-module-for-healthbox-3-0-bedroom"]}]},{"@type":"ImageObject","inLanguage":"nb-NO","@id":"https:\/\/wtwstore.com\/fr\/product\/brands\/renson-brands\/control-module-for-healthbox-3-0-bedroom#primaryimage","url":"https:\/\/wtwstore.com\/wp-content\/uploads\/2025\/10\/Control-Module-for-Healthbox-3.0-Bedroom.jpg","contentUrl":"https:\/\/wtwstore.com\/wp-content\/uploads\/2025\/10\/Control-Module-for-Healthbox-3.0-Bedroom.jpg","width":1500,"height":1500,"caption":"Control Module for Healthbox 3.0 Bedroom"},{"@type":"BreadcrumbList","@id":"https:\/\/wtwstore.com\/fr\/product\/brands\/renson-brands\/control-module-for-healthbox-3-0-bedroom#breadcrumb","itemListElement":[{"@type":"ListItem","position":1,"name":"Home","item":"https:\/\/wtwstore.com\/"},{"@type":"ListItem","position":2,"name":"Web-Shop","item":"https:\/\/wtwstore.com\/pt\/ventilation-shop"},{"@type":"ListItem","position":3,"name":"Renson Control Module for Healthbox 3.0 Bedroom"}]},{"@type":"WebSite","@id":"https:\/\/wtwstore.com\/#website","url":"https:\/\/wtwstore.com\/","name":"WTW Store","description":"","publisher":{"@id":"https:\/\/wtwstore.com\/#organization"},"potentialAction":[{"@type":"SearchAction","target":{"@type":"EntryPoint","urlTemplate":"https:\/\/wtwstore.com\/?s={search_term_string}"},"query-input":{"@type":"PropertyValueSpecification","valueRequired":true,"valueName":"search_term_string"}}],"inLanguage":"nb-NO"},{"@type":"Organization","@id":"https:\/\/wtwstore.com\/#organization","name":"WTW Store","url":"https:\/\/wtwstore.com\/","logo":{"@type":"ImageObject","inLanguage":"nb-NO","@id":"https:\/\/wtwstore.com\/#\/schema\/logo\/image\/","url":"http:\/\/wtwstore.com\/wp-content\/uploads\/2025\/04\/wtwstore-thumbnail-01.jpg","contentUrl":"http:\/\/wtwstore.com\/wp-content\/uploads\/2025\/04\/wtwstore-thumbnail-01.jpg","width":1500,"height":1500,"caption":"WTW Store"},"image":{"@id":"https:\/\/wtwstore.com\/#\/schema\/logo\/image\/"}}]}},"_links":{"self":[{"href":"https:\/\/wtwstore.com\/norge\/wp-json\/wp\/v2\/product\/4973","targetHints":{"allow":["GET"]}}],"collection":[{"href":"https:\/\/wtwstore.com\/norge\/wp-json\/wp\/v2\/product"}],"about":[{"href":"https:\/\/wtwstore.com\/norge\/wp-json\/wp\/v2\/types\/product"}],"replies":[{"embeddable":true,"href":"https:\/\/wtwstore.com\/norge\/wp-json\/wp\/v2\/comments?post=4973"}],"wp:featuredmedia":[{"embeddable":true,"href":"https:\/\/wtwstore.com\/norge\/wp-json\/wp\/v2\/media\/5005"}],"wp:attachment":[{"href":"https:\/\/wtwstore.com\/norge\/wp-json\/wp\/v2\/media?parent=4973"}],"wp:term":[{"taxonomy":"product_brand","embeddable":true,"href":"https:\/\/wtwstore.com\/norge\/wp-json\/wp\/v2\/product_brand?post=4973"},{"taxonomy":"product_cat","embeddable":true,"href":"https:\/\/wtwstore.com\/norge\/wp-json\/wp\/v2\/product_cat?post=4973"},{"taxonomy":"product_tag","embeddable":true,"href":"https:\/\/wtwstore.com\/norge\/wp-json\/wp\/v2\/product_tag?post=4973"}],"curies":[{"name":"wp","href":"https:\/\/api.w.org\/{rel}","templated":true}]}}