{"id":4951,"date":"2025-10-04T01:01:37","date_gmt":"2025-10-03T23:01:37","guid":{"rendered":"http:\/\/wtwstore.com\/?post_type=product&#038;p=4951"},"modified":"2026-02-24T08:09:58","modified_gmt":"2026-02-24T07:09:58","slug":"renson-flux-flat-225-wtw-unit-225-m%c2%b3-h-with-integrated-humidity-co%e2%82%82-and-voc-sensors","status":"publish","type":"product","link":"https:\/\/wtwstore.com\/norge\/product\/deals-discounts\/our-recommendations\/renson-flux-flat-225-wtw-unit-225-m%c2%b3-h-with-integrated-humidity-co%e2%82%82-and-voc-sensors","title":{"rendered":"Renson Flux+ Flat 225 ventilasjonsenhet 225 m\u00b3\/t med integrerte fukt-, CO\u2082- og VOC-sensorer"},"content":{"rendered":"<p>Ventilasjonsenheten Renson Flux+ Flat 225 er den ideelle l\u00f8sningen for et sunt og behagelig inneklima. Dette balanserte ventilasjonssystemet med varmegjenvinning fjerner effektivt fuktighet, lukt og CO\u2082 samtidig som det tilf\u00f8rer frisk luft. Med en kapasitet p\u00e5 225 m\u00b3\/t er enheten perfekt egnet for b\u00e5de nybygg og renoverte boliger.<\/p>\n<p>Takket v\u00e6re avansert teknologi justerer Flux+ Flat 225 automatisk ventilasjonsniv\u00e5et basert p\u00e5 luftfuktigheten, VOC- og CO\u2082-niv\u00e5ene. Det betyr at du alltid kan nyte optimal inneluftkvalitet uten \u00e5 tenke p\u00e5 det. I tillegg opererer enheten nesten lydl\u00f8st, slik at du kan sove og leve i fred.<\/p>","protected":false},"excerpt":{"rendered":"<p>The Renson Flux+ Flat 225 WTW unit is the ideal solution for a healthy and comfortable indoor climate. This balanced ventilation system with heat recovery (WTW) efficiently removes moisture, odours, and CO\u2082 while supplying fresh air. With a capacity of 225\u202fm\u00b3\/h, this unit is perfect for both new-build and renovated homes. Thanks to its advanced [&hellip;]<\/p>","protected":false},"featured_media":5038,"comment_status":"closed","ping_status":"closed","template":"","meta":{"_acf_changed":false,"_monsterinsights_skip_tracking":false,"_monsterinsights_sitenote_active":false,"_monsterinsights_sitenote_note":"","_monsterinsights_sitenote_category":0},"product_brand":[],"product_cat":[317,313,215,216],"product_tag":[],"class_list":{"0":"post-4951","1":"product","2":"type-product","3":"status-publish","4":"has-post-thumbnail","6":"product_cat-our-recommendations","7":"product_cat-renson-brands","8":"product_cat-renson","9":"product_cat-renson-flux","11":"first","12":"instock","13":"taxable","14":"shipping-taxable","15":"purchasable","16":"product-type-simple"},"acf":[],"yoast_head":"<!-- This site is optimized with the Yoast SEO plugin v27.0 - https:\/\/yoast.com\/product\/yoast-seo-wordpress\/ -->\n<title>Renson Flux+ Flat 225 WTW Unit 225\u202fm\u00b3\/h With Integrated Humidity, CO\u2082, and VOC Sensors | WTW Store<\/title>\n<meta name=\"description\" content=\"The Renson Flux+ Flat 225 WTW unit is the ideal solution for a healthy and comfortable indoor climate. This balanced ventilation...\" \/>\n<meta name=\"robots\" content=\"index, follow, max-snippet:-1, max-image-preview:large, max-video-preview:-1\" \/>\n<link rel=\"canonical\" href=\"https:\/\/wtwstore.com\/norge\/product\/deals-discounts\/our-recommendations\/renson-flux-flat-225-wtw-unit-225-m\u00b3-h-with-integrated-humidity-co\u2082-and-voc-sensors\" \/>\n<meta property=\"og:locale\" content=\"nb_NO\" \/>\n<meta property=\"og:type\" content=\"article\" \/>\n<meta property=\"og:title\" content=\"Renson Flux+ Flat 225 WTW Unit 225\u202fm\u00b3\/h With Integrated Humidity, CO\u2082, and VOC Sensors | WTW Store\" \/>\n<meta property=\"og:description\" content=\"The Renson Flux+ Flat 225 WTW unit is the ideal solution for a healthy and comfortable indoor climate. This balanced ventilation...\" \/>\n<meta property=\"og:url\" content=\"https:\/\/wtwstore.com\/norge\/product\/deals-discounts\/our-recommendations\/renson-flux-flat-225-wtw-unit-225-m\u00b3-h-with-integrated-humidity-co\u2082-and-voc-sensors\" \/>\n<meta property=\"og:site_name\" content=\"WTW Store\" \/>\n<meta property=\"article:modified_time\" content=\"2026-02-24T07:09:58+00:00\" \/>\n<meta property=\"og:image\" content=\"https:\/\/wtwstore.com\/wp-content\/uploads\/2025\/10\/Renson-Flux-Flat-225-WTW-Unit-225-m\u00b3-h-With-Integrated-Humidity-CO\u2082-and-VOC-Sensors.jpg\" \/>\n\t<meta property=\"og:image:width\" content=\"1500\" \/>\n\t<meta property=\"og:image:height\" content=\"1500\" \/>\n\t<meta property=\"og:image:type\" content=\"image\/jpeg\" \/>\n<meta name=\"twitter:card\" content=\"summary_large_image\" \/>\n<meta name=\"twitter:label1\" content=\"Ansl. lesetid\" \/>\n\t<meta name=\"twitter:data1\" content=\"1 minutt\" \/>\n<script type=\"application\/ld+json\" class=\"yoast-schema-graph\">{\"@context\":\"https:\/\/schema.org\",\"@graph\":[{\"@type\":\"WebPage\",\"@id\":\"https:\/\/wtwstore.com\/product\/deals-discounts\/our-recommendations\/renson-flux-flat-225-wtw-unit-225-m%c2%b3-h-with-integrated-humidity-co%e2%82%82-and-voc-sensors\",\"url\":\"https:\/\/wtwstore.com\/product\/deals-discounts\/our-recommendations\/renson-flux-flat-225-wtw-unit-225-m%c2%b3-h-with-integrated-humidity-co%e2%82%82-and-voc-sensors\",\"name\":\"Renson Flux+ Flat 225 WTW Unit 225\u202fm\u00b3\/h With Integrated Humidity, CO\u2082, and VOC Sensors | WTW Store\",\"isPartOf\":{\"@id\":\"https:\/\/wtwstore.com\/#website\"},\"primaryImageOfPage\":{\"@id\":\"https:\/\/wtwstore.com\/product\/deals-discounts\/our-recommendations\/renson-flux-flat-225-wtw-unit-225-m%c2%b3-h-with-integrated-humidity-co%e2%82%82-and-voc-sensors#primaryimage\"},\"image\":{\"@id\":\"https:\/\/wtwstore.com\/product\/deals-discounts\/our-recommendations\/renson-flux-flat-225-wtw-unit-225-m%c2%b3-h-with-integrated-humidity-co%e2%82%82-and-voc-sensors#primaryimage\"},\"thumbnailUrl\":\"https:\/\/wtwstore.com\/wp-content\/uploads\/2025\/10\/Renson-Flux-Flat-225-WTW-Unit-225-m\u00b3-h-With-Integrated-Humidity-CO\u2082-and-VOC-Sensors.jpg\",\"datePublished\":\"2025-10-03T23:01:37+00:00\",\"dateModified\":\"2026-02-24T07:09:58+00:00\",\"description\":\"The Renson Flux+ Flat 225 WTW unit is the ideal solution for a healthy and comfortable indoor climate. This balanced ventilation...\",\"breadcrumb\":{\"@id\":\"https:\/\/wtwstore.com\/product\/deals-discounts\/our-recommendations\/renson-flux-flat-225-wtw-unit-225-m%c2%b3-h-with-integrated-humidity-co%e2%82%82-and-voc-sensors#breadcrumb\"},\"inLanguage\":\"nb-NO\",\"potentialAction\":[{\"@type\":\"ReadAction\",\"target\":[\"https:\/\/wtwstore.com\/product\/deals-discounts\/our-recommendations\/renson-flux-flat-225-wtw-unit-225-m%c2%b3-h-with-integrated-humidity-co%e2%82%82-and-voc-sensors\"]}]},{\"@type\":\"ImageObject\",\"inLanguage\":\"nb-NO\",\"@id\":\"https:\/\/wtwstore.com\/product\/deals-discounts\/our-recommendations\/renson-flux-flat-225-wtw-unit-225-m%c2%b3-h-with-integrated-humidity-co%e2%82%82-and-voc-sensors#primaryimage\",\"url\":\"https:\/\/wtwstore.com\/wp-content\/uploads\/2025\/10\/Renson-Flux-Flat-225-WTW-Unit-225-m\u00b3-h-With-Integrated-Humidity-CO\u2082-and-VOC-Sensors.jpg\",\"contentUrl\":\"https:\/\/wtwstore.com\/wp-content\/uploads\/2025\/10\/Renson-Flux-Flat-225-WTW-Unit-225-m\u00b3-h-With-Integrated-Humidity-CO\u2082-and-VOC-Sensors.jpg\",\"width\":1500,\"height\":1500,\"caption\":\"Renson Flux+ Flat 225 WTW Unit 225\u202fm\u00b3\/h With Integrated Humidity, CO\u2082, and VOC Sensors\"},{\"@type\":\"BreadcrumbList\",\"@id\":\"https:\/\/wtwstore.com\/product\/deals-discounts\/our-recommendations\/renson-flux-flat-225-wtw-unit-225-m%c2%b3-h-with-integrated-humidity-co%e2%82%82-and-voc-sensors#breadcrumb\",\"itemListElement\":[{\"@type\":\"ListItem\",\"position\":1,\"name\":\"Home\",\"item\":\"https:\/\/wtwstore.com\/\"},{\"@type\":\"ListItem\",\"position\":2,\"name\":\"Web-Shop\",\"item\":\"https:\/\/wtwstore.com\/pt\/ventilation-shop\"},{\"@type\":\"ListItem\",\"position\":3,\"name\":\"Renson Flux+ Flat 225 WTW Unit 225\u202fm\u00b3\/h With Integrated Humidity, CO\u2082, and VOC Sensors\"}]},{\"@type\":\"WebSite\",\"@id\":\"https:\/\/wtwstore.com\/#website\",\"url\":\"https:\/\/wtwstore.com\/\",\"name\":\"WTW Store\",\"description\":\"\",\"publisher\":{\"@id\":\"https:\/\/wtwstore.com\/#organization\"},\"potentialAction\":[{\"@type\":\"SearchAction\",\"target\":{\"@type\":\"EntryPoint\",\"urlTemplate\":\"https:\/\/wtwstore.com\/?s={search_term_string}\"},\"query-input\":{\"@type\":\"PropertyValueSpecification\",\"valueRequired\":true,\"valueName\":\"search_term_string\"}}],\"inLanguage\":\"nb-NO\"},{\"@type\":\"Organization\",\"@id\":\"https:\/\/wtwstore.com\/#organization\",\"name\":\"WTW Store\",\"url\":\"https:\/\/wtwstore.com\/\",\"logo\":{\"@type\":\"ImageObject\",\"inLanguage\":\"nb-NO\",\"@id\":\"https:\/\/wtwstore.com\/#\/schema\/logo\/image\/\",\"url\":\"http:\/\/wtwstore.com\/wp-content\/uploads\/2025\/04\/wtwstore-thumbnail-01.jpg\",\"contentUrl\":\"http:\/\/wtwstore.com\/wp-content\/uploads\/2025\/04\/wtwstore-thumbnail-01.jpg\",\"width\":1500,\"height\":1500,\"caption\":\"WTW Store\"},\"image\":{\"@id\":\"https:\/\/wtwstore.com\/#\/schema\/logo\/image\/\"}}]}<\/script>\n<!-- \/ Yoast SEO plugin. -->","yoast_head_json":{"title":"Renson Flux+ Flat 225 ventilasjonsenhet 225 m\u00b3\/t med integrerte fukt-, CO\u2082- og VOC-sensorer | WTW Store","description":"Renson Flux+ Flat 225 balansert ventilasjonsenhet med varmegjenvinning (VGV) er den ideelle l\u00f8sningen for et sunt og komfortabelt innemilj\u00f8. Dette balanserte ventilasjonssystemet...","robots":{"index":"index","follow":"follow","max-snippet":"max-snippet:-1","max-image-preview":"max-image-preview:large","max-video-preview":"max-video-preview:-1"},"canonical":"https:\/\/wtwstore.com\/norge\/product\/deals-discounts\/our-recommendations\/renson-flux-flat-225-wtw-unit-225-m\u00b3-h-with-integrated-humidity-co\u2082-and-voc-sensors","og_locale":"nb_NO","og_type":"article","og_title":"Renson Flux+ Flat 225 WTW Unit 225\u202fm\u00b3\/h With Integrated Humidity, CO\u2082, and VOC Sensors | WTW Store","og_description":"The Renson Flux+ Flat 225 WTW unit is the ideal solution for a healthy and comfortable indoor climate. This balanced ventilation...","og_url":"https:\/\/wtwstore.com\/norge\/product\/deals-discounts\/our-recommendations\/renson-flux-flat-225-wtw-unit-225-m\u00b3-h-with-integrated-humidity-co\u2082-and-voc-sensors","og_site_name":"WTW Store","article_modified_time":"2026-02-24T07:09:58+00:00","og_image":[{"width":1500,"height":1500,"url":"https:\/\/wtwstore.com\/wp-content\/uploads\/2025\/10\/Renson-Flux-Flat-225-WTW-Unit-225-m\u00b3-h-With-Integrated-Humidity-CO\u2082-and-VOC-Sensors.jpg","type":"image\/jpeg"}],"twitter_card":"summary_large_image","twitter_misc":{"Ansl. lesetid":"1 minutt"},"schema":{"@context":"https:\/\/schema.org","@graph":[{"@type":"WebPage","@id":"https:\/\/wtwstore.com\/product\/deals-discounts\/our-recommendations\/renson-flux-flat-225-wtw-unit-225-m%c2%b3-h-with-integrated-humidity-co%e2%82%82-and-voc-sensors","url":"https:\/\/wtwstore.com\/product\/deals-discounts\/our-recommendations\/renson-flux-flat-225-wtw-unit-225-m%c2%b3-h-with-integrated-humidity-co%e2%82%82-and-voc-sensors","name":"Renson Flux+ Flat 225 ventilasjonsenhet 225 m\u00b3\/t med integrerte fukt-, CO\u2082- og VOC-sensorer | WTW Store","isPartOf":{"@id":"https:\/\/wtwstore.com\/#website"},"primaryImageOfPage":{"@id":"https:\/\/wtwstore.com\/product\/deals-discounts\/our-recommendations\/renson-flux-flat-225-wtw-unit-225-m%c2%b3-h-with-integrated-humidity-co%e2%82%82-and-voc-sensors#primaryimage"},"image":{"@id":"https:\/\/wtwstore.com\/product\/deals-discounts\/our-recommendations\/renson-flux-flat-225-wtw-unit-225-m%c2%b3-h-with-integrated-humidity-co%e2%82%82-and-voc-sensors#primaryimage"},"thumbnailUrl":"https:\/\/wtwstore.com\/wp-content\/uploads\/2025\/10\/Renson-Flux-Flat-225-WTW-Unit-225-m\u00b3-h-With-Integrated-Humidity-CO\u2082-and-VOC-Sensors.jpg","datePublished":"2025-10-03T23:01:37+00:00","dateModified":"2026-02-24T07:09:58+00:00","description":"Renson Flux+ Flat 225 balansert ventilasjonsenhet med varmegjenvinning (VGV) er den ideelle l\u00f8sningen for et sunt og komfortabelt innemilj\u00f8. Dette balanserte ventilasjonssystemet...","breadcrumb":{"@id":"https:\/\/wtwstore.com\/product\/deals-discounts\/our-recommendations\/renson-flux-flat-225-wtw-unit-225-m%c2%b3-h-with-integrated-humidity-co%e2%82%82-and-voc-sensors#breadcrumb"},"inLanguage":"nb-NO","potentialAction":[{"@type":"ReadAction","target":["https:\/\/wtwstore.com\/product\/deals-discounts\/our-recommendations\/renson-flux-flat-225-wtw-unit-225-m%c2%b3-h-with-integrated-humidity-co%e2%82%82-and-voc-sensors"]}]},{"@type":"ImageObject","inLanguage":"nb-NO","@id":"https:\/\/wtwstore.com\/product\/deals-discounts\/our-recommendations\/renson-flux-flat-225-wtw-unit-225-m%c2%b3-h-with-integrated-humidity-co%e2%82%82-and-voc-sensors#primaryimage","url":"https:\/\/wtwstore.com\/wp-content\/uploads\/2025\/10\/Renson-Flux-Flat-225-WTW-Unit-225-m\u00b3-h-With-Integrated-Humidity-CO\u2082-and-VOC-Sensors.jpg","contentUrl":"https:\/\/wtwstore.com\/wp-content\/uploads\/2025\/10\/Renson-Flux-Flat-225-WTW-Unit-225-m\u00b3-h-With-Integrated-Humidity-CO\u2082-and-VOC-Sensors.jpg","width":1500,"height":1500,"caption":"Renson Flux+ Flat 225 WTW Unit 225\u202fm\u00b3\/h With Integrated Humidity, CO\u2082, and VOC Sensors"},{"@type":"BreadcrumbList","@id":"https:\/\/wtwstore.com\/product\/deals-discounts\/our-recommendations\/renson-flux-flat-225-wtw-unit-225-m%c2%b3-h-with-integrated-humidity-co%e2%82%82-and-voc-sensors#breadcrumb","itemListElement":[{"@type":"ListItem","position":1,"name":"Home","item":"https:\/\/wtwstore.com\/"},{"@type":"ListItem","position":2,"name":"Web-Shop","item":"https:\/\/wtwstore.com\/pt\/ventilation-shop"},{"@type":"ListItem","position":3,"name":"Renson Flux+ Flat 225 WTW Unit 225\u202fm\u00b3\/h With Integrated Humidity, CO\u2082, and VOC Sensors"}]},{"@type":"WebSite","@id":"https:\/\/wtwstore.com\/#website","url":"https:\/\/wtwstore.com\/","name":"WTW Store","description":"","publisher":{"@id":"https:\/\/wtwstore.com\/#organization"},"potentialAction":[{"@type":"SearchAction","target":{"@type":"EntryPoint","urlTemplate":"https:\/\/wtwstore.com\/?s={search_term_string}"},"query-input":{"@type":"PropertyValueSpecification","valueRequired":true,"valueName":"search_term_string"}}],"inLanguage":"nb-NO"},{"@type":"Organization","@id":"https:\/\/wtwstore.com\/#organization","name":"WTW Store","url":"https:\/\/wtwstore.com\/","logo":{"@type":"ImageObject","inLanguage":"nb-NO","@id":"https:\/\/wtwstore.com\/#\/schema\/logo\/image\/","url":"http:\/\/wtwstore.com\/wp-content\/uploads\/2025\/04\/wtwstore-thumbnail-01.jpg","contentUrl":"http:\/\/wtwstore.com\/wp-content\/uploads\/2025\/04\/wtwstore-thumbnail-01.jpg","width":1500,"height":1500,"caption":"WTW Store"},"image":{"@id":"https:\/\/wtwstore.com\/#\/schema\/logo\/image\/"}}]}},"_links":{"self":[{"href":"https:\/\/wtwstore.com\/norge\/wp-json\/wp\/v2\/product\/4951","targetHints":{"allow":["GET"]}}],"collection":[{"href":"https:\/\/wtwstore.com\/norge\/wp-json\/wp\/v2\/product"}],"about":[{"href":"https:\/\/wtwstore.com\/norge\/wp-json\/wp\/v2\/types\/product"}],"replies":[{"embeddable":true,"href":"https:\/\/wtwstore.com\/norge\/wp-json\/wp\/v2\/comments?post=4951"}],"wp:featuredmedia":[{"embeddable":true,"href":"https:\/\/wtwstore.com\/norge\/wp-json\/wp\/v2\/media\/5038"}],"wp:attachment":[{"href":"https:\/\/wtwstore.com\/norge\/wp-json\/wp\/v2\/media?parent=4951"}],"wp:term":[{"taxonomy":"product_brand","embeddable":true,"href":"https:\/\/wtwstore.com\/norge\/wp-json\/wp\/v2\/product_brand?post=4951"},{"taxonomy":"product_cat","embeddable":true,"href":"https:\/\/wtwstore.com\/norge\/wp-json\/wp\/v2\/product_cat?post=4951"},{"taxonomy":"product_tag","embeddable":true,"href":"https:\/\/wtwstore.com\/norge\/wp-json\/wp\/v2\/product_tag?post=4951"}],"curies":[{"name":"wp","href":"https:\/\/api.w.org\/{rel}","templated":true}]}}