{"id":4941,"date":"2025-10-04T00:18:53","date_gmt":"2025-10-03T22:18:53","guid":{"rendered":"http:\/\/wtwstore.com\/?post_type=product&#038;p=4941"},"modified":"2026-02-24T08:10:00","modified_gmt":"2026-02-24T07:10:00","slug":"renson-sense-go-co%e2%82%82-meter-with-temperature-and-humidity-sensor","status":"publish","type":"product","link":"https:\/\/wtwstore.com\/norge\/product\/brands\/renson-brands\/renson-sense-go-co%e2%82%82-meter-with-temperature-and-humidity-sensor","title":{"rendered":"Renson Sense Go CO\u2082-m\u00e5ler med Temperatur- og Fuktighetssensor"},"content":{"rendered":"<p>Sense Go fra det belgiske merket Renson er en tr\u00e5dl\u00f8s plug-and-play-luftkvalitetsm\u00e5ler som fungerer raskt takket v\u00e6re enkel installasjon. Displayet p\u00e5 Sense Go viser ikke bare CO\u2082-niv\u00e5er, men ogs\u00e5 temperatur, relativ fuktighet, dato og tid (p\u00e5 3 visningsmenyer). I tillegg er det mulig \u00e5 stille inn egendefinerte grenseverdier via ber\u00f8ringsknappene p\u00e5 enheten.<\/p>","protected":false},"excerpt":{"rendered":"<p>The Sense Go from the Belgian brand Renson is a wireless plug-and-play air quality monitor that operates quickly thanks to its easy installation. The display of the Sense Go provides insight not only into CO\u2082 levels but also into temperature, relative humidity, date, and time (across 3 display menus). Additionally, it&#8217;s even possible to set [&hellip;]<\/p>","protected":false},"featured_media":5056,"comment_status":"closed","ping_status":"closed","template":"","meta":{"_acf_changed":false,"_monsterinsights_skip_tracking":false,"_monsterinsights_sitenote_active":false,"_monsterinsights_sitenote_note":"","_monsterinsights_sitenote_category":0},"product_brand":[],"product_cat":[313,302,215,217],"product_tag":[],"class_list":{"0":"post-4941","1":"product","2":"type-product","3":"status-publish","4":"has-post-thumbnail","6":"product_cat-renson-brands","7":"product_cat-renson-sense-healthbox-control-modules","8":"product_cat-renson","9":"product_cat-renson-accessories","11":"first","12":"instock","13":"taxable","14":"shipping-taxable","15":"purchasable","16":"product-type-simple"},"acf":[],"yoast_head":"<!-- This site is optimized with the Yoast SEO plugin v27.0 - https:\/\/yoast.com\/product\/yoast-seo-wordpress\/ -->\n<title>Renson Sense Go CO\u2082 Meter with Temperature and Humidity Sensor | WTW Store<\/title>\n<meta name=\"description\" content=\"The Sense Go from the Belgian brand Renson is a wireless plug-and-play air quality monitor that operates quickly thanks to its easy installation...\" \/>\n<meta name=\"robots\" content=\"index, follow, max-snippet:-1, max-image-preview:large, max-video-preview:-1\" \/>\n<link rel=\"canonical\" href=\"https:\/\/wtwstore.com\/norge\/product\/brands\/renson-brands\/renson-sense-go-co\u2082-meter-with-temperature-and-humidity-sensor\" \/>\n<meta property=\"og:locale\" content=\"nb_NO\" \/>\n<meta property=\"og:type\" content=\"article\" \/>\n<meta property=\"og:title\" content=\"Renson Sense Go CO\u2082 Meter with Temperature and Humidity Sensor | WTW Store\" \/>\n<meta property=\"og:description\" content=\"The Sense Go from the Belgian brand Renson is a wireless plug-and-play air quality monitor that operates quickly thanks to its easy installation...\" \/>\n<meta property=\"og:url\" content=\"https:\/\/wtwstore.com\/norge\/product\/brands\/renson-brands\/renson-sense-go-co\u2082-meter-with-temperature-and-humidity-sensor\" \/>\n<meta property=\"og:site_name\" content=\"WTW Store\" \/>\n<meta property=\"article:modified_time\" content=\"2026-02-24T07:10:00+00:00\" \/>\n<meta property=\"og:image\" content=\"https:\/\/wtwstore.com\/wp-content\/uploads\/2025\/10\/Renson-Sense-Go-CO\u2082-Meter-with-Temperature-and-Humidity-Sensor.jpg\" \/>\n\t<meta property=\"og:image:width\" content=\"1500\" \/>\n\t<meta property=\"og:image:height\" content=\"1500\" \/>\n\t<meta property=\"og:image:type\" content=\"image\/jpeg\" \/>\n<meta name=\"twitter:card\" content=\"summary_large_image\" \/>\n<meta name=\"twitter:label1\" content=\"Ansl. lesetid\" \/>\n\t<meta name=\"twitter:data1\" content=\"1 minutt\" \/>\n<script type=\"application\/ld+json\" class=\"yoast-schema-graph\">{\"@context\":\"https:\/\/schema.org\",\"@graph\":[{\"@type\":\"WebPage\",\"@id\":\"https:\/\/wtwstore.com\/product\/brands\/renson-brands\/renson-sense-go-co%e2%82%82-meter-with-temperature-and-humidity-sensor\",\"url\":\"https:\/\/wtwstore.com\/product\/brands\/renson-brands\/renson-sense-go-co%e2%82%82-meter-with-temperature-and-humidity-sensor\",\"name\":\"Renson Sense Go CO\u2082 Meter with Temperature and Humidity Sensor | WTW Store\",\"isPartOf\":{\"@id\":\"https:\/\/wtwstore.com\/#website\"},\"primaryImageOfPage\":{\"@id\":\"https:\/\/wtwstore.com\/product\/brands\/renson-brands\/renson-sense-go-co%e2%82%82-meter-with-temperature-and-humidity-sensor#primaryimage\"},\"image\":{\"@id\":\"https:\/\/wtwstore.com\/product\/brands\/renson-brands\/renson-sense-go-co%e2%82%82-meter-with-temperature-and-humidity-sensor#primaryimage\"},\"thumbnailUrl\":\"https:\/\/wtwstore.com\/wp-content\/uploads\/2025\/10\/Renson-Sense-Go-CO\u2082-Meter-with-Temperature-and-Humidity-Sensor.jpg\",\"datePublished\":\"2025-10-03T22:18:53+00:00\",\"dateModified\":\"2026-02-24T07:10:00+00:00\",\"description\":\"The Sense Go from the Belgian brand Renson is a wireless plug-and-play air quality monitor that operates quickly thanks to its easy installation...\",\"breadcrumb\":{\"@id\":\"https:\/\/wtwstore.com\/product\/brands\/renson-brands\/renson-sense-go-co%e2%82%82-meter-with-temperature-and-humidity-sensor#breadcrumb\"},\"inLanguage\":\"nb-NO\",\"potentialAction\":[{\"@type\":\"ReadAction\",\"target\":[\"https:\/\/wtwstore.com\/product\/brands\/renson-brands\/renson-sense-go-co%e2%82%82-meter-with-temperature-and-humidity-sensor\"]}]},{\"@type\":\"ImageObject\",\"inLanguage\":\"nb-NO\",\"@id\":\"https:\/\/wtwstore.com\/product\/brands\/renson-brands\/renson-sense-go-co%e2%82%82-meter-with-temperature-and-humidity-sensor#primaryimage\",\"url\":\"https:\/\/wtwstore.com\/wp-content\/uploads\/2025\/10\/Renson-Sense-Go-CO\u2082-Meter-with-Temperature-and-Humidity-Sensor.jpg\",\"contentUrl\":\"https:\/\/wtwstore.com\/wp-content\/uploads\/2025\/10\/Renson-Sense-Go-CO\u2082-Meter-with-Temperature-and-Humidity-Sensor.jpg\",\"width\":1500,\"height\":1500,\"caption\":\"Renson Sense Go CO\u2082 Meter with Temperature and Humidity Sensor\"},{\"@type\":\"BreadcrumbList\",\"@id\":\"https:\/\/wtwstore.com\/product\/brands\/renson-brands\/renson-sense-go-co%e2%82%82-meter-with-temperature-and-humidity-sensor#breadcrumb\",\"itemListElement\":[{\"@type\":\"ListItem\",\"position\":1,\"name\":\"Home\",\"item\":\"https:\/\/wtwstore.com\/\"},{\"@type\":\"ListItem\",\"position\":2,\"name\":\"Web-Shop\",\"item\":\"https:\/\/wtwstore.com\/pt\/ventilation-shop\"},{\"@type\":\"ListItem\",\"position\":3,\"name\":\"Renson Sense Go CO\u2082 Meter with Temperature and Humidity Sensor\"}]},{\"@type\":\"WebSite\",\"@id\":\"https:\/\/wtwstore.com\/#website\",\"url\":\"https:\/\/wtwstore.com\/\",\"name\":\"WTW Store\",\"description\":\"\",\"publisher\":{\"@id\":\"https:\/\/wtwstore.com\/#organization\"},\"potentialAction\":[{\"@type\":\"SearchAction\",\"target\":{\"@type\":\"EntryPoint\",\"urlTemplate\":\"https:\/\/wtwstore.com\/?s={search_term_string}\"},\"query-input\":{\"@type\":\"PropertyValueSpecification\",\"valueRequired\":true,\"valueName\":\"search_term_string\"}}],\"inLanguage\":\"nb-NO\"},{\"@type\":\"Organization\",\"@id\":\"https:\/\/wtwstore.com\/#organization\",\"name\":\"WTW Store\",\"url\":\"https:\/\/wtwstore.com\/\",\"logo\":{\"@type\":\"ImageObject\",\"inLanguage\":\"nb-NO\",\"@id\":\"https:\/\/wtwstore.com\/#\/schema\/logo\/image\/\",\"url\":\"http:\/\/wtwstore.com\/wp-content\/uploads\/2025\/04\/wtwstore-thumbnail-01.jpg\",\"contentUrl\":\"http:\/\/wtwstore.com\/wp-content\/uploads\/2025\/04\/wtwstore-thumbnail-01.jpg\",\"width\":1500,\"height\":1500,\"caption\":\"WTW Store\"},\"image\":{\"@id\":\"https:\/\/wtwstore.com\/#\/schema\/logo\/image\/\"}}]}<\/script>\n<!-- \/ Yoast SEO plugin. -->","yoast_head_json":{"title":"Renson Sense Go CO\u2082-m\u00e5ler med Temperatur- og Fuktighetssensor | WTW Store","description":"Sense Go fra det belgiske merket Renson er en tr\u00e5dl\u00f8s plug-and-play-luftkvalitetsm\u00e5ler som fungerer raskt takket v\u00e6re enkel installasjon...","robots":{"index":"index","follow":"follow","max-snippet":"max-snippet:-1","max-image-preview":"max-image-preview:large","max-video-preview":"max-video-preview:-1"},"canonical":"https:\/\/wtwstore.com\/norge\/product\/brands\/renson-brands\/renson-sense-go-co\u2082-meter-with-temperature-and-humidity-sensor","og_locale":"nb_NO","og_type":"article","og_title":"Renson Sense Go CO\u2082 Meter with Temperature and Humidity Sensor | WTW Store","og_description":"The Sense Go from the Belgian brand Renson is a wireless plug-and-play air quality monitor that operates quickly thanks to its easy installation...","og_url":"https:\/\/wtwstore.com\/norge\/product\/brands\/renson-brands\/renson-sense-go-co\u2082-meter-with-temperature-and-humidity-sensor","og_site_name":"WTW Store","article_modified_time":"2026-02-24T07:10:00+00:00","og_image":[{"width":1500,"height":1500,"url":"https:\/\/wtwstore.com\/wp-content\/uploads\/2025\/10\/Renson-Sense-Go-CO\u2082-Meter-with-Temperature-and-Humidity-Sensor.jpg","type":"image\/jpeg"}],"twitter_card":"summary_large_image","twitter_misc":{"Ansl. lesetid":"1 minutt"},"schema":{"@context":"https:\/\/schema.org","@graph":[{"@type":"WebPage","@id":"https:\/\/wtwstore.com\/product\/brands\/renson-brands\/renson-sense-go-co%e2%82%82-meter-with-temperature-and-humidity-sensor","url":"https:\/\/wtwstore.com\/product\/brands\/renson-brands\/renson-sense-go-co%e2%82%82-meter-with-temperature-and-humidity-sensor","name":"Renson Sense Go CO\u2082-m\u00e5ler med Temperatur- og Fuktighetssensor | WTW Store","isPartOf":{"@id":"https:\/\/wtwstore.com\/#website"},"primaryImageOfPage":{"@id":"https:\/\/wtwstore.com\/product\/brands\/renson-brands\/renson-sense-go-co%e2%82%82-meter-with-temperature-and-humidity-sensor#primaryimage"},"image":{"@id":"https:\/\/wtwstore.com\/product\/brands\/renson-brands\/renson-sense-go-co%e2%82%82-meter-with-temperature-and-humidity-sensor#primaryimage"},"thumbnailUrl":"https:\/\/wtwstore.com\/wp-content\/uploads\/2025\/10\/Renson-Sense-Go-CO\u2082-Meter-with-Temperature-and-Humidity-Sensor.jpg","datePublished":"2025-10-03T22:18:53+00:00","dateModified":"2026-02-24T07:10:00+00:00","description":"Sense Go fra det belgiske merket Renson er en tr\u00e5dl\u00f8s plug-and-play-luftkvalitetsm\u00e5ler som fungerer raskt takket v\u00e6re enkel installasjon...","breadcrumb":{"@id":"https:\/\/wtwstore.com\/product\/brands\/renson-brands\/renson-sense-go-co%e2%82%82-meter-with-temperature-and-humidity-sensor#breadcrumb"},"inLanguage":"nb-NO","potentialAction":[{"@type":"ReadAction","target":["https:\/\/wtwstore.com\/product\/brands\/renson-brands\/renson-sense-go-co%e2%82%82-meter-with-temperature-and-humidity-sensor"]}]},{"@type":"ImageObject","inLanguage":"nb-NO","@id":"https:\/\/wtwstore.com\/product\/brands\/renson-brands\/renson-sense-go-co%e2%82%82-meter-with-temperature-and-humidity-sensor#primaryimage","url":"https:\/\/wtwstore.com\/wp-content\/uploads\/2025\/10\/Renson-Sense-Go-CO\u2082-Meter-with-Temperature-and-Humidity-Sensor.jpg","contentUrl":"https:\/\/wtwstore.com\/wp-content\/uploads\/2025\/10\/Renson-Sense-Go-CO\u2082-Meter-with-Temperature-and-Humidity-Sensor.jpg","width":1500,"height":1500,"caption":"Renson Sense Go CO\u2082 Meter with Temperature and Humidity Sensor"},{"@type":"BreadcrumbList","@id":"https:\/\/wtwstore.com\/product\/brands\/renson-brands\/renson-sense-go-co%e2%82%82-meter-with-temperature-and-humidity-sensor#breadcrumb","itemListElement":[{"@type":"ListItem","position":1,"name":"Home","item":"https:\/\/wtwstore.com\/"},{"@type":"ListItem","position":2,"name":"Web-Shop","item":"https:\/\/wtwstore.com\/pt\/ventilation-shop"},{"@type":"ListItem","position":3,"name":"Renson Sense Go CO\u2082 Meter with Temperature and Humidity Sensor"}]},{"@type":"WebSite","@id":"https:\/\/wtwstore.com\/#website","url":"https:\/\/wtwstore.com\/","name":"WTW Store","description":"","publisher":{"@id":"https:\/\/wtwstore.com\/#organization"},"potentialAction":[{"@type":"SearchAction","target":{"@type":"EntryPoint","urlTemplate":"https:\/\/wtwstore.com\/?s={search_term_string}"},"query-input":{"@type":"PropertyValueSpecification","valueRequired":true,"valueName":"search_term_string"}}],"inLanguage":"nb-NO"},{"@type":"Organization","@id":"https:\/\/wtwstore.com\/#organization","name":"WTW Store","url":"https:\/\/wtwstore.com\/","logo":{"@type":"ImageObject","inLanguage":"nb-NO","@id":"https:\/\/wtwstore.com\/#\/schema\/logo\/image\/","url":"http:\/\/wtwstore.com\/wp-content\/uploads\/2025\/04\/wtwstore-thumbnail-01.jpg","contentUrl":"http:\/\/wtwstore.com\/wp-content\/uploads\/2025\/04\/wtwstore-thumbnail-01.jpg","width":1500,"height":1500,"caption":"WTW Store"},"image":{"@id":"https:\/\/wtwstore.com\/#\/schema\/logo\/image\/"}}]}},"_links":{"self":[{"href":"https:\/\/wtwstore.com\/norge\/wp-json\/wp\/v2\/product\/4941","targetHints":{"allow":["GET"]}}],"collection":[{"href":"https:\/\/wtwstore.com\/norge\/wp-json\/wp\/v2\/product"}],"about":[{"href":"https:\/\/wtwstore.com\/norge\/wp-json\/wp\/v2\/types\/product"}],"replies":[{"embeddable":true,"href":"https:\/\/wtwstore.com\/norge\/wp-json\/wp\/v2\/comments?post=4941"}],"wp:featuredmedia":[{"embeddable":true,"href":"https:\/\/wtwstore.com\/norge\/wp-json\/wp\/v2\/media\/5056"}],"wp:attachment":[{"href":"https:\/\/wtwstore.com\/norge\/wp-json\/wp\/v2\/media?parent=4941"}],"wp:term":[{"taxonomy":"product_brand","embeddable":true,"href":"https:\/\/wtwstore.com\/norge\/wp-json\/wp\/v2\/product_brand?post=4941"},{"taxonomy":"product_cat","embeddable":true,"href":"https:\/\/wtwstore.com\/norge\/wp-json\/wp\/v2\/product_cat?post=4941"},{"taxonomy":"product_tag","embeddable":true,"href":"https:\/\/wtwstore.com\/norge\/wp-json\/wp\/v2\/product_tag?post=4941"}],"curies":[{"name":"wp","href":"https:\/\/api.w.org\/{rel}","templated":true}]}}