{"id":4965,"date":"2025-10-04T02:40:41","date_gmt":"2025-10-04T00:40:41","guid":{"rendered":"http:\/\/wtwstore.com\/?post_type=product&#038;p=4965"},"modified":"2026-02-24T08:10:00","modified_gmt":"2026-02-24T07:10:00","slug":"renson-flux-wall-erv-650-wtw-unit-650-m%c2%b3-h-with-co%e2%82%82-humidity-rh-voc-sensors-and-enthalpy-exchanger","status":"publish","type":"product","link":"https:\/\/wtwstore.com\/france\/product\/deals-discounts\/our-recommendations\/renson-flux-wall-erv-650-wtw-unit-650-m%c2%b3-h-with-co%e2%82%82-humidity-rh-voc-sensors-and-enthalpy-exchanger","title":{"rendered":"Renson Flux+ Wall ERV 650 VMC Unit\u00e9 650 m\u00b3\/h avec capteurs de CO\u2082, d\u2019humidit\u00e9 (HR) et de COV et \u00e9changeur enthalpique"},"content":{"rendered":"<p>L\u2019unit\u00e9 VMC Renson Flux+ Wall 650 est une solution puissante et \u00e9co\u00e9nerg\u00e9tique pour la ventilation \u00e9quilibr\u00e9e avec r\u00e9cup\u00e9ration de chaleur. Cette unit\u00e9 murale fait partie du concept de ventilation D+ et est id\u00e9ale pour ceux qui recherchent une qualit\u00e9 d\u2019air \u00e9lev\u00e9e combin\u00e9e \u00e0 une installation et un entretien faciles. Gr\u00e2ce \u00e0 sa r\u00e9gulation intelligente \u00e0 la demande, l\u2019unit\u00e9 ventile uniquement lorsque c\u2019est n\u00e9cessaire, assurant ainsi des \u00e9conomies d\u2019\u00e9nergie suppl\u00e9mentaires et un meilleur confort.<\/p>\n<p>Le Flux+ Wall 650 est adapt\u00e9 aux habitations et b\u00e2timents n\u00e9cessitant une ventilation jusqu\u2019\u00e0 650 m\u00b3\/h et est \u00e9quip\u00e9 de capteurs avanc\u00e9s pour le CO\u2082, l\u2019humidit\u00e9 et les COV. Le syst\u00e8me est facile \u00e0 configurer via l\u2019application Renson Installer et offre une flexibilit\u00e9 maximale lors de l\u2019installation.<\/p>","protected":false},"excerpt":{"rendered":"<p>The Renson Flux+ Wall 650 WTW unit is a powerful and energy-efficient solution for balanced ventilation with heat recovery. This wall-mounted unit is part of the D+ ventilation concept and is ideal for those seeking high air quality combined with easy installation and maintenance. Thanks to intelligent demand control, the unit ventilates only when necessary, [&hellip;]<\/p>","protected":false},"featured_media":5047,"comment_status":"closed","ping_status":"closed","template":"","meta":{"_acf_changed":false,"_monsterinsights_skip_tracking":false,"_monsterinsights_sitenote_active":false,"_monsterinsights_sitenote_note":"","_monsterinsights_sitenote_category":0},"product_brand":[],"product_cat":[297,317,313,223,215,216],"product_tag":[],"class_list":{"0":"post-4965","1":"product","2":"type-product","3":"status-publish","4":"has-post-thumbnail","6":"product_cat-enthalpy-exchangers","7":"product_cat-our-recommendations","8":"product_cat-renson-brands","9":"product_cat-recommended","10":"product_cat-renson","11":"product_cat-renson-flux","13":"first","14":"instock","15":"taxable","16":"shipping-taxable","17":"purchasable","18":"product-type-simple"},"acf":[],"yoast_head":"<!-- This site is optimized with the Yoast SEO plugin v27.0 - https:\/\/yoast.com\/product\/yoast-seo-wordpress\/ -->\n<title>Renson Flux+ Wall ERV 650 WTW Unit 650\u202fm\u00b3\/h With CO\u2082, Humidity (RH) &amp; VOC Sensors and Enthalpy Exchanger | WTW Store<\/title>\n<meta name=\"description\" content=\"The Renson Flux+ Wall 650 WTW unit is a powerful and energy-efficient solution for balanced ventilation with heat recovery. This wall-mounted...\" \/>\n<meta name=\"robots\" content=\"index, follow, max-snippet:-1, max-image-preview:large, max-video-preview:-1\" \/>\n<link rel=\"canonical\" href=\"https:\/\/wtwstore.com\/france\/product\/deals-discounts\/our-recommendations\/renson-flux-wall-erv-650-wtw-unit-650-m\u00b3-h-with-co\u2082-humidity-rh-voc-sensors-and-enthalpy-exchanger\" \/>\n<meta property=\"og:locale\" content=\"fr_FR\" \/>\n<meta property=\"og:type\" content=\"article\" \/>\n<meta property=\"og:title\" content=\"Renson Flux+ Wall ERV 650 WTW Unit 650\u202fm\u00b3\/h With CO\u2082, Humidity (RH) &amp; VOC Sensors and Enthalpy Exchanger | WTW Store\" \/>\n<meta property=\"og:description\" content=\"The Renson Flux+ Wall 650 WTW unit is a powerful and energy-efficient solution for balanced ventilation with heat recovery. This wall-mounted...\" \/>\n<meta property=\"og:url\" content=\"https:\/\/wtwstore.com\/france\/product\/deals-discounts\/our-recommendations\/renson-flux-wall-erv-650-wtw-unit-650-m\u00b3-h-with-co\u2082-humidity-rh-voc-sensors-and-enthalpy-exchanger\" \/>\n<meta property=\"og:site_name\" content=\"WTW Store\" \/>\n<meta property=\"article:modified_time\" content=\"2026-02-24T07:10:00+00:00\" \/>\n<meta property=\"og:image\" content=\"https:\/\/wtwstore.com\/wp-content\/uploads\/2025\/10\/Renson-Flux-Wall-ERV-650-WTW-Unit-650-m\u00b3-h-With-CO\u2082-Humidity-RH-VOC-Sensors-and-Enthalpy-Exchanger.jpg\" \/>\n\t<meta property=\"og:image:width\" content=\"1500\" \/>\n\t<meta property=\"og:image:height\" content=\"1500\" \/>\n\t<meta property=\"og:image:type\" content=\"image\/jpeg\" \/>\n<meta name=\"twitter:card\" content=\"summary_large_image\" \/>\n<meta name=\"twitter:label1\" content=\"Dur\u00e9e de lecture est.\" \/>\n\t<meta name=\"twitter:data1\" content=\"1 minute\" \/>\n<script type=\"application\/ld+json\" class=\"yoast-schema-graph\">{\"@context\":\"https:\/\/schema.org\",\"@graph\":[{\"@type\":\"WebPage\",\"@id\":\"https:\/\/wtwstore.com\/product\/deals-discounts\/our-recommendations\/renson-flux-wall-erv-650-wtw-unit-650-m%c2%b3-h-with-co%e2%82%82-humidity-rh-voc-sensors-and-enthalpy-exchanger\",\"url\":\"https:\/\/wtwstore.com\/product\/deals-discounts\/our-recommendations\/renson-flux-wall-erv-650-wtw-unit-650-m%c2%b3-h-with-co%e2%82%82-humidity-rh-voc-sensors-and-enthalpy-exchanger\",\"name\":\"Renson Flux+ Wall ERV 650 WTW Unit 650\u202fm\u00b3\/h With CO\u2082, Humidity (RH) & VOC Sensors and Enthalpy Exchanger | WTW Store\",\"isPartOf\":{\"@id\":\"https:\/\/wtwstore.com\/#website\"},\"primaryImageOfPage\":{\"@id\":\"https:\/\/wtwstore.com\/product\/deals-discounts\/our-recommendations\/renson-flux-wall-erv-650-wtw-unit-650-m%c2%b3-h-with-co%e2%82%82-humidity-rh-voc-sensors-and-enthalpy-exchanger#primaryimage\"},\"image\":{\"@id\":\"https:\/\/wtwstore.com\/product\/deals-discounts\/our-recommendations\/renson-flux-wall-erv-650-wtw-unit-650-m%c2%b3-h-with-co%e2%82%82-humidity-rh-voc-sensors-and-enthalpy-exchanger#primaryimage\"},\"thumbnailUrl\":\"https:\/\/wtwstore.com\/wp-content\/uploads\/2025\/10\/Renson-Flux-Wall-ERV-650-WTW-Unit-650-m\u00b3-h-With-CO\u2082-Humidity-RH-VOC-Sensors-and-Enthalpy-Exchanger.jpg\",\"datePublished\":\"2025-10-04T00:40:41+00:00\",\"dateModified\":\"2026-02-24T07:10:00+00:00\",\"description\":\"The Renson Flux+ Wall 650 WTW unit is a powerful and energy-efficient solution for balanced ventilation with heat recovery. This wall-mounted...\",\"breadcrumb\":{\"@id\":\"https:\/\/wtwstore.com\/product\/deals-discounts\/our-recommendations\/renson-flux-wall-erv-650-wtw-unit-650-m%c2%b3-h-with-co%e2%82%82-humidity-rh-voc-sensors-and-enthalpy-exchanger#breadcrumb\"},\"inLanguage\":\"fr-BE\",\"potentialAction\":[{\"@type\":\"ReadAction\",\"target\":[\"https:\/\/wtwstore.com\/product\/deals-discounts\/our-recommendations\/renson-flux-wall-erv-650-wtw-unit-650-m%c2%b3-h-with-co%e2%82%82-humidity-rh-voc-sensors-and-enthalpy-exchanger\"]}]},{\"@type\":\"ImageObject\",\"inLanguage\":\"fr-BE\",\"@id\":\"https:\/\/wtwstore.com\/product\/deals-discounts\/our-recommendations\/renson-flux-wall-erv-650-wtw-unit-650-m%c2%b3-h-with-co%e2%82%82-humidity-rh-voc-sensors-and-enthalpy-exchanger#primaryimage\",\"url\":\"https:\/\/wtwstore.com\/wp-content\/uploads\/2025\/10\/Renson-Flux-Wall-ERV-650-WTW-Unit-650-m\u00b3-h-With-CO\u2082-Humidity-RH-VOC-Sensors-and-Enthalpy-Exchanger.jpg\",\"contentUrl\":\"https:\/\/wtwstore.com\/wp-content\/uploads\/2025\/10\/Renson-Flux-Wall-ERV-650-WTW-Unit-650-m\u00b3-h-With-CO\u2082-Humidity-RH-VOC-Sensors-and-Enthalpy-Exchanger.jpg\",\"width\":1500,\"height\":1500,\"caption\":\"Renson Flux+ Wall ERV 650 WTW Unit 650\u202fm\u00b3\/h With CO\u2082, Humidity (RH) & VOC Sensors and Enthalpy Exchanger\"},{\"@type\":\"BreadcrumbList\",\"@id\":\"https:\/\/wtwstore.com\/product\/deals-discounts\/our-recommendations\/renson-flux-wall-erv-650-wtw-unit-650-m%c2%b3-h-with-co%e2%82%82-humidity-rh-voc-sensors-and-enthalpy-exchanger#breadcrumb\",\"itemListElement\":[{\"@type\":\"ListItem\",\"position\":1,\"name\":\"Home\",\"item\":\"https:\/\/wtwstore.com\/\"},{\"@type\":\"ListItem\",\"position\":2,\"name\":\"Web-Shop\",\"item\":\"https:\/\/wtwstore.com\/pt\/ventilation-shop\"},{\"@type\":\"ListItem\",\"position\":3,\"name\":\"Renson Flux+ Wall ERV 650 WTW Unit 650\u202fm\u00b3\/h With CO\u2082, Humidity (RH) &#038; VOC Sensors and Enthalpy Exchanger\"}]},{\"@type\":\"WebSite\",\"@id\":\"https:\/\/wtwstore.com\/#website\",\"url\":\"https:\/\/wtwstore.com\/\",\"name\":\"WTW Store\",\"description\":\"\",\"publisher\":{\"@id\":\"https:\/\/wtwstore.com\/#organization\"},\"potentialAction\":[{\"@type\":\"SearchAction\",\"target\":{\"@type\":\"EntryPoint\",\"urlTemplate\":\"https:\/\/wtwstore.com\/?s={search_term_string}\"},\"query-input\":{\"@type\":\"PropertyValueSpecification\",\"valueRequired\":true,\"valueName\":\"search_term_string\"}}],\"inLanguage\":\"fr-BE\"},{\"@type\":\"Organization\",\"@id\":\"https:\/\/wtwstore.com\/#organization\",\"name\":\"WTW Store\",\"url\":\"https:\/\/wtwstore.com\/\",\"logo\":{\"@type\":\"ImageObject\",\"inLanguage\":\"fr-BE\",\"@id\":\"https:\/\/wtwstore.com\/#\/schema\/logo\/image\/\",\"url\":\"http:\/\/wtwstore.com\/wp-content\/uploads\/2025\/04\/wtwstore-thumbnail-01.jpg\",\"contentUrl\":\"http:\/\/wtwstore.com\/wp-content\/uploads\/2025\/04\/wtwstore-thumbnail-01.jpg\",\"width\":1500,\"height\":1500,\"caption\":\"WTW Store\"},\"image\":{\"@id\":\"https:\/\/wtwstore.com\/#\/schema\/logo\/image\/\"}}]}<\/script>\n<!-- \/ Yoast SEO plugin. -->","yoast_head_json":{"title":"Renson Flux+ Wall ERV 650 VMC Unit\u00e9 650 m\u00b3\/h avec capteurs de CO\u2082, d\u2019humidit\u00e9 (HR) et de COV et \u00e9changeur enthalpique | WTW Store","description":"L\u2019unit\u00e9 Renson Flux+ Wall 650 VMC double flux est une solution puissante et \u00e9co\u00e9nerg\u00e9tique pour la ventilation \u00e9quilibr\u00e9e avec r\u00e9cup\u00e9ration de chaleur. Cette unit\u00e9 murale...","robots":{"index":"index","follow":"follow","max-snippet":"max-snippet:-1","max-image-preview":"max-image-preview:large","max-video-preview":"max-video-preview:-1"},"canonical":"https:\/\/wtwstore.com\/france\/product\/deals-discounts\/our-recommendations\/renson-flux-wall-erv-650-wtw-unit-650-m\u00b3-h-with-co\u2082-humidity-rh-voc-sensors-and-enthalpy-exchanger","og_locale":"fr_FR","og_type":"article","og_title":"Renson Flux+ Wall ERV 650 WTW Unit 650\u202fm\u00b3\/h With CO\u2082, Humidity (RH) & VOC Sensors and Enthalpy Exchanger | WTW Store","og_description":"The Renson Flux+ Wall 650 WTW unit is a powerful and energy-efficient solution for balanced ventilation with heat recovery. This wall-mounted...","og_url":"https:\/\/wtwstore.com\/france\/product\/deals-discounts\/our-recommendations\/renson-flux-wall-erv-650-wtw-unit-650-m\u00b3-h-with-co\u2082-humidity-rh-voc-sensors-and-enthalpy-exchanger","og_site_name":"WTW Store","article_modified_time":"2026-02-24T07:10:00+00:00","og_image":[{"width":1500,"height":1500,"url":"https:\/\/wtwstore.com\/wp-content\/uploads\/2025\/10\/Renson-Flux-Wall-ERV-650-WTW-Unit-650-m\u00b3-h-With-CO\u2082-Humidity-RH-VOC-Sensors-and-Enthalpy-Exchanger.jpg","type":"image\/jpeg"}],"twitter_card":"summary_large_image","twitter_misc":{"Dur\u00e9e de lecture est.":"1 minute"},"schema":{"@context":"https:\/\/schema.org","@graph":[{"@type":"WebPage","@id":"https:\/\/wtwstore.com\/product\/deals-discounts\/our-recommendations\/renson-flux-wall-erv-650-wtw-unit-650-m%c2%b3-h-with-co%e2%82%82-humidity-rh-voc-sensors-and-enthalpy-exchanger","url":"https:\/\/wtwstore.com\/product\/deals-discounts\/our-recommendations\/renson-flux-wall-erv-650-wtw-unit-650-m%c2%b3-h-with-co%e2%82%82-humidity-rh-voc-sensors-and-enthalpy-exchanger","name":"Renson Flux+ Wall ERV 650 VMC Unit\u00e9 650 m\u00b3\/h avec capteurs de CO\u2082, d\u2019humidit\u00e9 (HR) et de COV et \u00e9changeur enthalpique | WTW Store","isPartOf":{"@id":"https:\/\/wtwstore.com\/#website"},"primaryImageOfPage":{"@id":"https:\/\/wtwstore.com\/product\/deals-discounts\/our-recommendations\/renson-flux-wall-erv-650-wtw-unit-650-m%c2%b3-h-with-co%e2%82%82-humidity-rh-voc-sensors-and-enthalpy-exchanger#primaryimage"},"image":{"@id":"https:\/\/wtwstore.com\/product\/deals-discounts\/our-recommendations\/renson-flux-wall-erv-650-wtw-unit-650-m%c2%b3-h-with-co%e2%82%82-humidity-rh-voc-sensors-and-enthalpy-exchanger#primaryimage"},"thumbnailUrl":"https:\/\/wtwstore.com\/wp-content\/uploads\/2025\/10\/Renson-Flux-Wall-ERV-650-WTW-Unit-650-m\u00b3-h-With-CO\u2082-Humidity-RH-VOC-Sensors-and-Enthalpy-Exchanger.jpg","datePublished":"2025-10-04T00:40:41+00:00","dateModified":"2026-02-24T07:10:00+00:00","description":"L\u2019unit\u00e9 Renson Flux+ Wall 650 VMC double flux est une solution puissante et \u00e9co\u00e9nerg\u00e9tique pour la ventilation \u00e9quilibr\u00e9e avec r\u00e9cup\u00e9ration de chaleur. Cette unit\u00e9 murale...","breadcrumb":{"@id":"https:\/\/wtwstore.com\/product\/deals-discounts\/our-recommendations\/renson-flux-wall-erv-650-wtw-unit-650-m%c2%b3-h-with-co%e2%82%82-humidity-rh-voc-sensors-and-enthalpy-exchanger#breadcrumb"},"inLanguage":"fr-BE","potentialAction":[{"@type":"ReadAction","target":["https:\/\/wtwstore.com\/product\/deals-discounts\/our-recommendations\/renson-flux-wall-erv-650-wtw-unit-650-m%c2%b3-h-with-co%e2%82%82-humidity-rh-voc-sensors-and-enthalpy-exchanger"]}]},{"@type":"ImageObject","inLanguage":"fr-BE","@id":"https:\/\/wtwstore.com\/product\/deals-discounts\/our-recommendations\/renson-flux-wall-erv-650-wtw-unit-650-m%c2%b3-h-with-co%e2%82%82-humidity-rh-voc-sensors-and-enthalpy-exchanger#primaryimage","url":"https:\/\/wtwstore.com\/wp-content\/uploads\/2025\/10\/Renson-Flux-Wall-ERV-650-WTW-Unit-650-m\u00b3-h-With-CO\u2082-Humidity-RH-VOC-Sensors-and-Enthalpy-Exchanger.jpg","contentUrl":"https:\/\/wtwstore.com\/wp-content\/uploads\/2025\/10\/Renson-Flux-Wall-ERV-650-WTW-Unit-650-m\u00b3-h-With-CO\u2082-Humidity-RH-VOC-Sensors-and-Enthalpy-Exchanger.jpg","width":1500,"height":1500,"caption":"Renson Flux+ Wall ERV 650 WTW Unit 650\u202fm\u00b3\/h With CO\u2082, Humidity (RH) & VOC Sensors and Enthalpy Exchanger"},{"@type":"BreadcrumbList","@id":"https:\/\/wtwstore.com\/product\/deals-discounts\/our-recommendations\/renson-flux-wall-erv-650-wtw-unit-650-m%c2%b3-h-with-co%e2%82%82-humidity-rh-voc-sensors-and-enthalpy-exchanger#breadcrumb","itemListElement":[{"@type":"ListItem","position":1,"name":"Home","item":"https:\/\/wtwstore.com\/"},{"@type":"ListItem","position":2,"name":"Web-Shop","item":"https:\/\/wtwstore.com\/pt\/ventilation-shop"},{"@type":"ListItem","position":3,"name":"Renson Flux+ Wall ERV 650 WTW Unit 650\u202fm\u00b3\/h With CO\u2082, Humidity (RH) &#038; VOC Sensors and Enthalpy Exchanger"}]},{"@type":"WebSite","@id":"https:\/\/wtwstore.com\/#website","url":"https:\/\/wtwstore.com\/","name":"WTW Store","description":"","publisher":{"@id":"https:\/\/wtwstore.com\/#organization"},"potentialAction":[{"@type":"SearchAction","target":{"@type":"EntryPoint","urlTemplate":"https:\/\/wtwstore.com\/?s={search_term_string}"},"query-input":{"@type":"PropertyValueSpecification","valueRequired":true,"valueName":"search_term_string"}}],"inLanguage":"fr-BE"},{"@type":"Organization","@id":"https:\/\/wtwstore.com\/#organization","name":"WTW Store","url":"https:\/\/wtwstore.com\/","logo":{"@type":"ImageObject","inLanguage":"fr-BE","@id":"https:\/\/wtwstore.com\/#\/schema\/logo\/image\/","url":"http:\/\/wtwstore.com\/wp-content\/uploads\/2025\/04\/wtwstore-thumbnail-01.jpg","contentUrl":"http:\/\/wtwstore.com\/wp-content\/uploads\/2025\/04\/wtwstore-thumbnail-01.jpg","width":1500,"height":1500,"caption":"WTW Store"},"image":{"@id":"https:\/\/wtwstore.com\/#\/schema\/logo\/image\/"}}]}},"_links":{"self":[{"href":"https:\/\/wtwstore.com\/france\/wp-json\/wp\/v2\/product\/4965","targetHints":{"allow":["GET"]}}],"collection":[{"href":"https:\/\/wtwstore.com\/france\/wp-json\/wp\/v2\/product"}],"about":[{"href":"https:\/\/wtwstore.com\/france\/wp-json\/wp\/v2\/types\/product"}],"replies":[{"embeddable":true,"href":"https:\/\/wtwstore.com\/france\/wp-json\/wp\/v2\/comments?post=4965"}],"wp:featuredmedia":[{"embeddable":true,"href":"https:\/\/wtwstore.com\/france\/wp-json\/wp\/v2\/media\/5047"}],"wp:attachment":[{"href":"https:\/\/wtwstore.com\/france\/wp-json\/wp\/v2\/media?parent=4965"}],"wp:term":[{"taxonomy":"product_brand","embeddable":true,"href":"https:\/\/wtwstore.com\/france\/wp-json\/wp\/v2\/product_brand?post=4965"},{"taxonomy":"product_cat","embeddable":true,"href":"https:\/\/wtwstore.com\/france\/wp-json\/wp\/v2\/product_cat?post=4965"},{"taxonomy":"product_tag","embeddable":true,"href":"https:\/\/wtwstore.com\/france\/wp-json\/wp\/v2\/product_tag?post=4965"}],"curies":[{"name":"wp","href":"https:\/\/api.w.org\/{rel}","templated":true}]}}