{"id":4961,"date":"2025-10-04T02:07:16","date_gmt":"2025-10-04T00:07:16","guid":{"rendered":"http:\/\/wtwstore.com\/?post_type=product&#038;p=4961"},"modified":"2026-02-24T08:09:58","modified_gmt":"2026-02-24T07:09:58","slug":"renson-flux-go-flat-370-wtw-unit-370-m%c2%b3-h-with-integrated-humidity-sensor","status":"publish","type":"product","link":"https:\/\/wtwstore.com\/france\/product\/brands\/renson-brands\/renson-flux-go-flat-370-wtw-unit-370-m%c2%b3-h-with-integrated-humidity-sensor","title":{"rendered":"Renson Flux Go Flat 370 VMC Unit\u00e9 370 m\u00b3\/h avec capteur d\u2019humidit\u00e9 int\u00e9gr\u00e9"},"content":{"rendered":"<p data-start=\"0\" data-end=\"317\">L\u2019unit\u00e9 VMC Renson Flux Go Flat 370 est la solution id\u00e9ale pour un climat int\u00e9rieur sain et confortable. Ce syst\u00e8me de ventilation \u00e9quilibr\u00e9e avec r\u00e9cup\u00e9ration de chaleur (VMC) \u00e9limine efficacement l\u2019humidit\u00e9 tout en apportant de l\u2019air frais. Avec une capacit\u00e9 de 370 m\u00b3\/h, l\u2019unit\u00e9 convient parfaitement aux habitations neuves comme r\u00e9nov\u00e9es.<\/p>\n<p data-start=\"319\" data-end=\"635\" data-is-last-node=\"\" data-is-only-node=\"\">Gr\u00e2ce \u00e0 sa technologie avanc\u00e9e, le Flux Go Flat 370 ajuste automatiquement le niveau de ventilation en fonction de l\u2019humidit\u00e9 de l\u2019air. Vous profitez ainsi de la meilleure qualit\u00e9 d\u2019air int\u00e9rieure sans devoir y penser. De plus, l\u2019unit\u00e9 fonctionne de mani\u00e8re extr\u00eamement silencieuse, vous permettant de dormir et de vivre en toute tranquillit\u00e9.<\/p>","protected":false},"excerpt":{"rendered":"<p>The Renson Flux Go Flat 370 WTW unit is the ideal solution for a healthy and comfortable indoor climate. This balanced ventilation system with heat recovery (WTW) efficiently removes moisture while supplying fresh air. With a capacity of 370\u202fm\u00b3\/h, this unit is perfectly suited for both new-build and renovated homes. Thanks to its advanced technology, [&hellip;]<\/p>","protected":false},"featured_media":5035,"comment_status":"closed","ping_status":"closed","template":"","meta":{"_acf_changed":false,"_monsterinsights_skip_tracking":false,"_monsterinsights_sitenote_active":false,"_monsterinsights_sitenote_note":"","_monsterinsights_sitenote_category":0},"product_brand":[],"product_cat":[299,313,215,216],"product_tag":[],"class_list":{"0":"post-4961","1":"product","2":"type-product","3":"status-publish","4":"has-post-thumbnail","6":"product_cat-co-rh-timers","7":"product_cat-renson-brands","8":"product_cat-renson","9":"product_cat-renson-flux","11":"first","12":"instock","13":"taxable","14":"shipping-taxable","15":"purchasable","16":"product-type-simple"},"acf":[],"yoast_head":"<!-- This site is optimized with the Yoast SEO plugin v27.0 - https:\/\/yoast.com\/product\/yoast-seo-wordpress\/ -->\n<title>Renson Flux Go Flat 370 WTW Unit 370\u202fm\u00b3\/h With Integrated Humidity Sensor | WTW Store<\/title>\n<meta name=\"description\" content=\"The Renson Flux Go Flat 370 WTW unit is the ideal solution for a healthy and comfortable indoor climate. This balanced ventilation system...\" \/>\n<meta name=\"robots\" content=\"index, follow, max-snippet:-1, max-image-preview:large, max-video-preview:-1\" \/>\n<link rel=\"canonical\" href=\"https:\/\/wtwstore.com\/france\/product\/brands\/renson-brands\/renson-flux-go-flat-370-wtw-unit-370-m\u00b3-h-with-integrated-humidity-sensor\" \/>\n<meta property=\"og:locale\" content=\"fr_FR\" \/>\n<meta property=\"og:type\" content=\"article\" \/>\n<meta property=\"og:title\" content=\"Renson Flux Go Flat 370 WTW Unit 370\u202fm\u00b3\/h With Integrated Humidity Sensor | WTW Store\" \/>\n<meta property=\"og:description\" content=\"The Renson Flux Go Flat 370 WTW unit is the ideal solution for a healthy and comfortable indoor climate. This balanced ventilation system...\" \/>\n<meta property=\"og:url\" content=\"https:\/\/wtwstore.com\/france\/product\/brands\/renson-brands\/renson-flux-go-flat-370-wtw-unit-370-m\u00b3-h-with-integrated-humidity-sensor\" \/>\n<meta property=\"og:site_name\" content=\"WTW Store\" \/>\n<meta property=\"article:modified_time\" content=\"2026-02-24T07:09:58+00:00\" \/>\n<meta property=\"og:image\" content=\"https:\/\/wtwstore.com\/wp-content\/uploads\/2025\/10\/Renson-Flux-Go-Flat-370-WTW-Unit-370-m\u00b3-h-With-Integrated-Humidity-Sensor.jpg\" \/>\n\t<meta property=\"og:image:width\" content=\"1500\" \/>\n\t<meta property=\"og:image:height\" content=\"1500\" \/>\n\t<meta property=\"og:image:type\" content=\"image\/jpeg\" \/>\n<meta name=\"twitter:card\" content=\"summary_large_image\" \/>\n<meta name=\"twitter:label1\" content=\"Dur\u00e9e de lecture est.\" \/>\n\t<meta name=\"twitter:data1\" content=\"1 minute\" \/>\n<script type=\"application\/ld+json\" class=\"yoast-schema-graph\">{\"@context\":\"https:\/\/schema.org\",\"@graph\":[{\"@type\":\"WebPage\",\"@id\":\"https:\/\/wtwstore.com\/product\/brands\/renson-brands\/renson-flux-go-flat-370-wtw-unit-370-m%c2%b3-h-with-integrated-humidity-sensor\",\"url\":\"https:\/\/wtwstore.com\/product\/brands\/renson-brands\/renson-flux-go-flat-370-wtw-unit-370-m%c2%b3-h-with-integrated-humidity-sensor\",\"name\":\"Renson Flux Go Flat 370 WTW Unit 370\u202fm\u00b3\/h With Integrated Humidity Sensor | WTW Store\",\"isPartOf\":{\"@id\":\"https:\/\/wtwstore.com\/#website\"},\"primaryImageOfPage\":{\"@id\":\"https:\/\/wtwstore.com\/product\/brands\/renson-brands\/renson-flux-go-flat-370-wtw-unit-370-m%c2%b3-h-with-integrated-humidity-sensor#primaryimage\"},\"image\":{\"@id\":\"https:\/\/wtwstore.com\/product\/brands\/renson-brands\/renson-flux-go-flat-370-wtw-unit-370-m%c2%b3-h-with-integrated-humidity-sensor#primaryimage\"},\"thumbnailUrl\":\"https:\/\/wtwstore.com\/wp-content\/uploads\/2025\/10\/Renson-Flux-Go-Flat-370-WTW-Unit-370-m\u00b3-h-With-Integrated-Humidity-Sensor.jpg\",\"datePublished\":\"2025-10-04T00:07:16+00:00\",\"dateModified\":\"2026-02-24T07:09:58+00:00\",\"description\":\"The Renson Flux Go Flat 370 WTW unit is the ideal solution for a healthy and comfortable indoor climate. This balanced ventilation system...\",\"breadcrumb\":{\"@id\":\"https:\/\/wtwstore.com\/product\/brands\/renson-brands\/renson-flux-go-flat-370-wtw-unit-370-m%c2%b3-h-with-integrated-humidity-sensor#breadcrumb\"},\"inLanguage\":\"fr-BE\",\"potentialAction\":[{\"@type\":\"ReadAction\",\"target\":[\"https:\/\/wtwstore.com\/product\/brands\/renson-brands\/renson-flux-go-flat-370-wtw-unit-370-m%c2%b3-h-with-integrated-humidity-sensor\"]}]},{\"@type\":\"ImageObject\",\"inLanguage\":\"fr-BE\",\"@id\":\"https:\/\/wtwstore.com\/product\/brands\/renson-brands\/renson-flux-go-flat-370-wtw-unit-370-m%c2%b3-h-with-integrated-humidity-sensor#primaryimage\",\"url\":\"https:\/\/wtwstore.com\/wp-content\/uploads\/2025\/10\/Renson-Flux-Go-Flat-370-WTW-Unit-370-m\u00b3-h-With-Integrated-Humidity-Sensor.jpg\",\"contentUrl\":\"https:\/\/wtwstore.com\/wp-content\/uploads\/2025\/10\/Renson-Flux-Go-Flat-370-WTW-Unit-370-m\u00b3-h-With-Integrated-Humidity-Sensor.jpg\",\"width\":1500,\"height\":1500,\"caption\":\"Renson Flux Go Flat 370 WTW Unit 370\u202fm\u00b3\/h With Integrated Humidity Sensor\"},{\"@type\":\"BreadcrumbList\",\"@id\":\"https:\/\/wtwstore.com\/product\/brands\/renson-brands\/renson-flux-go-flat-370-wtw-unit-370-m%c2%b3-h-with-integrated-humidity-sensor#breadcrumb\",\"itemListElement\":[{\"@type\":\"ListItem\",\"position\":1,\"name\":\"Home\",\"item\":\"https:\/\/wtwstore.com\/\"},{\"@type\":\"ListItem\",\"position\":2,\"name\":\"Web-Shop\",\"item\":\"https:\/\/wtwstore.com\/pt\/ventilation-shop\"},{\"@type\":\"ListItem\",\"position\":3,\"name\":\"Renson Flux Go Flat 370 WTW Unit 370\u202fm\u00b3\/h With Integrated Humidity Sensor\"}]},{\"@type\":\"WebSite\",\"@id\":\"https:\/\/wtwstore.com\/#website\",\"url\":\"https:\/\/wtwstore.com\/\",\"name\":\"WTW Store\",\"description\":\"\",\"publisher\":{\"@id\":\"https:\/\/wtwstore.com\/#organization\"},\"potentialAction\":[{\"@type\":\"SearchAction\",\"target\":{\"@type\":\"EntryPoint\",\"urlTemplate\":\"https:\/\/wtwstore.com\/?s={search_term_string}\"},\"query-input\":{\"@type\":\"PropertyValueSpecification\",\"valueRequired\":true,\"valueName\":\"search_term_string\"}}],\"inLanguage\":\"fr-BE\"},{\"@type\":\"Organization\",\"@id\":\"https:\/\/wtwstore.com\/#organization\",\"name\":\"WTW Store\",\"url\":\"https:\/\/wtwstore.com\/\",\"logo\":{\"@type\":\"ImageObject\",\"inLanguage\":\"fr-BE\",\"@id\":\"https:\/\/wtwstore.com\/#\/schema\/logo\/image\/\",\"url\":\"http:\/\/wtwstore.com\/wp-content\/uploads\/2025\/04\/wtwstore-thumbnail-01.jpg\",\"contentUrl\":\"http:\/\/wtwstore.com\/wp-content\/uploads\/2025\/04\/wtwstore-thumbnail-01.jpg\",\"width\":1500,\"height\":1500,\"caption\":\"WTW Store\"},\"image\":{\"@id\":\"https:\/\/wtwstore.com\/#\/schema\/logo\/image\/\"}}]}<\/script>\n<!-- \/ Yoast SEO plugin. -->","yoast_head_json":{"title":"Renson Flux Go Flat 370 VMC Unit\u00e9 370 m\u00b3\/h avec capteur d\u2019humidit\u00e9 int\u00e9gr\u00e9 | WTW Store","description":"L\u2019unit\u00e9 Renson Flux Go Flat 370 VMC double flux est la solution id\u00e9ale pour un climat int\u00e9rieur sain et confortable. Ce syst\u00e8me de ventilation \u00e9quilibr\u00e9e...","robots":{"index":"index","follow":"follow","max-snippet":"max-snippet:-1","max-image-preview":"max-image-preview:large","max-video-preview":"max-video-preview:-1"},"canonical":"https:\/\/wtwstore.com\/france\/product\/brands\/renson-brands\/renson-flux-go-flat-370-wtw-unit-370-m\u00b3-h-with-integrated-humidity-sensor","og_locale":"fr_FR","og_type":"article","og_title":"Renson Flux Go Flat 370 WTW Unit 370\u202fm\u00b3\/h With Integrated Humidity Sensor | WTW Store","og_description":"The Renson Flux Go Flat 370 WTW unit is the ideal solution for a healthy and comfortable indoor climate. This balanced ventilation system...","og_url":"https:\/\/wtwstore.com\/france\/product\/brands\/renson-brands\/renson-flux-go-flat-370-wtw-unit-370-m\u00b3-h-with-integrated-humidity-sensor","og_site_name":"WTW Store","article_modified_time":"2026-02-24T07:09:58+00:00","og_image":[{"width":1500,"height":1500,"url":"https:\/\/wtwstore.com\/wp-content\/uploads\/2025\/10\/Renson-Flux-Go-Flat-370-WTW-Unit-370-m\u00b3-h-With-Integrated-Humidity-Sensor.jpg","type":"image\/jpeg"}],"twitter_card":"summary_large_image","twitter_misc":{"Dur\u00e9e de lecture est.":"1 minute"},"schema":{"@context":"https:\/\/schema.org","@graph":[{"@type":"WebPage","@id":"https:\/\/wtwstore.com\/product\/brands\/renson-brands\/renson-flux-go-flat-370-wtw-unit-370-m%c2%b3-h-with-integrated-humidity-sensor","url":"https:\/\/wtwstore.com\/product\/brands\/renson-brands\/renson-flux-go-flat-370-wtw-unit-370-m%c2%b3-h-with-integrated-humidity-sensor","name":"Renson Flux Go Flat 370 VMC Unit\u00e9 370 m\u00b3\/h avec capteur d\u2019humidit\u00e9 int\u00e9gr\u00e9 | WTW Store","isPartOf":{"@id":"https:\/\/wtwstore.com\/#website"},"primaryImageOfPage":{"@id":"https:\/\/wtwstore.com\/product\/brands\/renson-brands\/renson-flux-go-flat-370-wtw-unit-370-m%c2%b3-h-with-integrated-humidity-sensor#primaryimage"},"image":{"@id":"https:\/\/wtwstore.com\/product\/brands\/renson-brands\/renson-flux-go-flat-370-wtw-unit-370-m%c2%b3-h-with-integrated-humidity-sensor#primaryimage"},"thumbnailUrl":"https:\/\/wtwstore.com\/wp-content\/uploads\/2025\/10\/Renson-Flux-Go-Flat-370-WTW-Unit-370-m\u00b3-h-With-Integrated-Humidity-Sensor.jpg","datePublished":"2025-10-04T00:07:16+00:00","dateModified":"2026-02-24T07:09:58+00:00","description":"L\u2019unit\u00e9 Renson Flux Go Flat 370 VMC double flux est la solution id\u00e9ale pour un climat int\u00e9rieur sain et confortable. Ce syst\u00e8me de ventilation \u00e9quilibr\u00e9e...","breadcrumb":{"@id":"https:\/\/wtwstore.com\/product\/brands\/renson-brands\/renson-flux-go-flat-370-wtw-unit-370-m%c2%b3-h-with-integrated-humidity-sensor#breadcrumb"},"inLanguage":"fr-BE","potentialAction":[{"@type":"ReadAction","target":["https:\/\/wtwstore.com\/product\/brands\/renson-brands\/renson-flux-go-flat-370-wtw-unit-370-m%c2%b3-h-with-integrated-humidity-sensor"]}]},{"@type":"ImageObject","inLanguage":"fr-BE","@id":"https:\/\/wtwstore.com\/product\/brands\/renson-brands\/renson-flux-go-flat-370-wtw-unit-370-m%c2%b3-h-with-integrated-humidity-sensor#primaryimage","url":"https:\/\/wtwstore.com\/wp-content\/uploads\/2025\/10\/Renson-Flux-Go-Flat-370-WTW-Unit-370-m\u00b3-h-With-Integrated-Humidity-Sensor.jpg","contentUrl":"https:\/\/wtwstore.com\/wp-content\/uploads\/2025\/10\/Renson-Flux-Go-Flat-370-WTW-Unit-370-m\u00b3-h-With-Integrated-Humidity-Sensor.jpg","width":1500,"height":1500,"caption":"Renson Flux Go Flat 370 WTW Unit 370\u202fm\u00b3\/h With Integrated Humidity Sensor"},{"@type":"BreadcrumbList","@id":"https:\/\/wtwstore.com\/product\/brands\/renson-brands\/renson-flux-go-flat-370-wtw-unit-370-m%c2%b3-h-with-integrated-humidity-sensor#breadcrumb","itemListElement":[{"@type":"ListItem","position":1,"name":"Home","item":"https:\/\/wtwstore.com\/"},{"@type":"ListItem","position":2,"name":"Web-Shop","item":"https:\/\/wtwstore.com\/pt\/ventilation-shop"},{"@type":"ListItem","position":3,"name":"Renson Flux Go Flat 370 WTW Unit 370\u202fm\u00b3\/h With Integrated Humidity Sensor"}]},{"@type":"WebSite","@id":"https:\/\/wtwstore.com\/#website","url":"https:\/\/wtwstore.com\/","name":"WTW Store","description":"","publisher":{"@id":"https:\/\/wtwstore.com\/#organization"},"potentialAction":[{"@type":"SearchAction","target":{"@type":"EntryPoint","urlTemplate":"https:\/\/wtwstore.com\/?s={search_term_string}"},"query-input":{"@type":"PropertyValueSpecification","valueRequired":true,"valueName":"search_term_string"}}],"inLanguage":"fr-BE"},{"@type":"Organization","@id":"https:\/\/wtwstore.com\/#organization","name":"WTW Store","url":"https:\/\/wtwstore.com\/","logo":{"@type":"ImageObject","inLanguage":"fr-BE","@id":"https:\/\/wtwstore.com\/#\/schema\/logo\/image\/","url":"http:\/\/wtwstore.com\/wp-content\/uploads\/2025\/04\/wtwstore-thumbnail-01.jpg","contentUrl":"http:\/\/wtwstore.com\/wp-content\/uploads\/2025\/04\/wtwstore-thumbnail-01.jpg","width":1500,"height":1500,"caption":"WTW Store"},"image":{"@id":"https:\/\/wtwstore.com\/#\/schema\/logo\/image\/"}}]}},"_links":{"self":[{"href":"https:\/\/wtwstore.com\/france\/wp-json\/wp\/v2\/product\/4961","targetHints":{"allow":["GET"]}}],"collection":[{"href":"https:\/\/wtwstore.com\/france\/wp-json\/wp\/v2\/product"}],"about":[{"href":"https:\/\/wtwstore.com\/france\/wp-json\/wp\/v2\/types\/product"}],"replies":[{"embeddable":true,"href":"https:\/\/wtwstore.com\/france\/wp-json\/wp\/v2\/comments?post=4961"}],"wp:featuredmedia":[{"embeddable":true,"href":"https:\/\/wtwstore.com\/france\/wp-json\/wp\/v2\/media\/5035"}],"wp:attachment":[{"href":"https:\/\/wtwstore.com\/france\/wp-json\/wp\/v2\/media?parent=4961"}],"wp:term":[{"taxonomy":"product_brand","embeddable":true,"href":"https:\/\/wtwstore.com\/france\/wp-json\/wp\/v2\/product_brand?post=4961"},{"taxonomy":"product_cat","embeddable":true,"href":"https:\/\/wtwstore.com\/france\/wp-json\/wp\/v2\/product_cat?post=4961"},{"taxonomy":"product_tag","embeddable":true,"href":"https:\/\/wtwstore.com\/france\/wp-json\/wp\/v2\/product_tag?post=4961"}],"curies":[{"name":"wp","href":"https:\/\/api.w.org\/{rel}","templated":true}]}}