{"id":4940,"date":"2025-10-04T00:16:35","date_gmt":"2025-10-03T22:16:35","guid":{"rendered":"http:\/\/wtwstore.com\/?post_type=product&#038;p=4940"},"modified":"2026-02-24T08:09:57","modified_gmt":"2026-02-24T07:09:57","slug":"renson-healthbox-3-0-kit-incl-3-control-modules-5-grille-bases-475-m%c2%b3-h","status":"publish","type":"product","link":"https:\/\/wtwstore.com\/france\/product\/brands\/renson-brands\/renson-healthbox-3-0-kit-incl-3-control-modules-5-grille-bases-475-m%c2%b3-h","title":{"rendered":"Renson Healthbox 3.0 Kit incl. 3 modules de commande et 5 bases de grilles 475 m\u00b3\/h"},"content":{"rendered":"<p>Le Healthbox 3.0 de Renson est une unit\u00e9 de ventilation domestique naturelle et intelligente, command\u00e9e \u00e0 la demande. En fonction de la qualit\u00e9 de l\u2019air mesur\u00e9e, le capteur int\u00e9gr\u00e9 reli\u00e9 au Healthbox ajuste automatiquement le niveau de ventilation dans chaque pi\u00e8ce. Cela assure un meilleur confort et des \u00e9conomies d\u2019\u00e9nergie maximales. La qualit\u00e9 de l\u2019air est surveill\u00e9e 24h\/24 dans chaque pi\u00e8ce et ajust\u00e9e si n\u00e9cessaire. Le Healthbox fait ainsi partie du syst\u00e8me de ventilation C+.<\/p>","protected":false},"excerpt":{"rendered":"<p>The Healthbox 3.0 from Renson is a natural, intelligent, demand-controlled residential ventilation unit. Based on the measured indoor air quality, the integrated sensor linked to the Healthbox automatically adjusts the ventilation level per room. This results in increased comfort and maximum energy savings. The air quality is monitored 24\/7 in each room and is adjusted [&hellip;]<\/p>","protected":false},"featured_media":5049,"comment_status":"closed","ping_status":"closed","template":"","meta":{"_acf_changed":false,"_monsterinsights_skip_tracking":false,"_monsterinsights_sitenote_active":false,"_monsterinsights_sitenote_note":"","_monsterinsights_sitenote_category":0},"product_brand":[],"product_cat":[313,233,215,218],"product_tag":[],"class_list":{"0":"post-4940","1":"product","2":"type-product","3":"status-publish","4":"has-post-thumbnail","6":"product_cat-renson-brands","7":"product_cat-renson-healthbox-ventilation-units","8":"product_cat-renson","9":"product_cat-renson-healthbox","11":"first","12":"instock","13":"taxable","14":"shipping-taxable","15":"purchasable","16":"product-type-simple"},"acf":[],"yoast_head":"<!-- This site is optimized with the Yoast SEO plugin v27.0 - https:\/\/yoast.com\/product\/yoast-seo-wordpress\/ -->\n<title>Renson Healthbox 3.0 Kit Incl. 3 Control Modules &amp; 5 Grille Bases 475\u202fm\u00b3\/h | WTW Store<\/title>\n<meta name=\"description\" content=\"The Healthbox 3.0 from Renson is a natural, intelligent, demand-controlled residential ventilation unit. Based on the measured indoor air quality...\" \/>\n<meta name=\"robots\" content=\"index, follow, max-snippet:-1, max-image-preview:large, max-video-preview:-1\" \/>\n<link rel=\"canonical\" href=\"https:\/\/wtwstore.com\/france\/product\/brands\/renson-brands\/renson-healthbox-3-0-kit-incl-3-control-modules-5-grille-bases-475-m\u00b3-h\" \/>\n<meta property=\"og:locale\" content=\"fr_FR\" \/>\n<meta property=\"og:type\" content=\"article\" \/>\n<meta property=\"og:title\" content=\"Renson Healthbox 3.0 Kit Incl. 3 Control Modules &amp; 5 Grille Bases 475\u202fm\u00b3\/h | WTW Store\" \/>\n<meta property=\"og:description\" content=\"The Healthbox 3.0 from Renson is a natural, intelligent, demand-controlled residential ventilation unit. Based on the measured indoor air quality...\" \/>\n<meta property=\"og:url\" content=\"https:\/\/wtwstore.com\/france\/product\/brands\/renson-brands\/renson-healthbox-3-0-kit-incl-3-control-modules-5-grille-bases-475-m\u00b3-h\" \/>\n<meta property=\"og:site_name\" content=\"WTW Store\" \/>\n<meta property=\"article:modified_time\" content=\"2026-02-24T07:09:57+00:00\" \/>\n<meta property=\"og:image\" content=\"https:\/\/wtwstore.com\/wp-content\/uploads\/2025\/10\/Renson-Healthbox-3.0-Kit-Incl.-3-Control-Modules-5-Grille-Bases-475-m\u00b3-h.jpg\" \/>\n\t<meta property=\"og:image:width\" content=\"1500\" \/>\n\t<meta property=\"og:image:height\" content=\"1500\" \/>\n\t<meta property=\"og:image:type\" content=\"image\/jpeg\" \/>\n<meta name=\"twitter:card\" content=\"summary_large_image\" \/>\n<meta name=\"twitter:label1\" content=\"Dur\u00e9e de lecture est.\" \/>\n\t<meta name=\"twitter:data1\" content=\"1 minute\" \/>\n<script type=\"application\/ld+json\" class=\"yoast-schema-graph\">{\"@context\":\"https:\/\/schema.org\",\"@graph\":[{\"@type\":\"WebPage\",\"@id\":\"https:\/\/wtwstore.com\/product\/brands\/renson-brands\/renson-healthbox-3-0-kit-incl-3-control-modules-5-grille-bases-475-m%c2%b3-h\",\"url\":\"https:\/\/wtwstore.com\/product\/brands\/renson-brands\/renson-healthbox-3-0-kit-incl-3-control-modules-5-grille-bases-475-m%c2%b3-h\",\"name\":\"Renson Healthbox 3.0 Kit Incl. 3 Control Modules & 5 Grille Bases 475\u202fm\u00b3\/h | WTW Store\",\"isPartOf\":{\"@id\":\"https:\/\/wtwstore.com\/#website\"},\"primaryImageOfPage\":{\"@id\":\"https:\/\/wtwstore.com\/product\/brands\/renson-brands\/renson-healthbox-3-0-kit-incl-3-control-modules-5-grille-bases-475-m%c2%b3-h#primaryimage\"},\"image\":{\"@id\":\"https:\/\/wtwstore.com\/product\/brands\/renson-brands\/renson-healthbox-3-0-kit-incl-3-control-modules-5-grille-bases-475-m%c2%b3-h#primaryimage\"},\"thumbnailUrl\":\"https:\/\/wtwstore.com\/wp-content\/uploads\/2025\/10\/Renson-Healthbox-3.0-Kit-Incl.-3-Control-Modules-5-Grille-Bases-475-m\u00b3-h.jpg\",\"datePublished\":\"2025-10-03T22:16:35+00:00\",\"dateModified\":\"2026-02-24T07:09:57+00:00\",\"description\":\"The Healthbox 3.0 from Renson is a natural, intelligent, demand-controlled residential ventilation unit. Based on the measured indoor air quality...\",\"breadcrumb\":{\"@id\":\"https:\/\/wtwstore.com\/product\/brands\/renson-brands\/renson-healthbox-3-0-kit-incl-3-control-modules-5-grille-bases-475-m%c2%b3-h#breadcrumb\"},\"inLanguage\":\"fr-BE\",\"potentialAction\":[{\"@type\":\"ReadAction\",\"target\":[\"https:\/\/wtwstore.com\/product\/brands\/renson-brands\/renson-healthbox-3-0-kit-incl-3-control-modules-5-grille-bases-475-m%c2%b3-h\"]}]},{\"@type\":\"ImageObject\",\"inLanguage\":\"fr-BE\",\"@id\":\"https:\/\/wtwstore.com\/product\/brands\/renson-brands\/renson-healthbox-3-0-kit-incl-3-control-modules-5-grille-bases-475-m%c2%b3-h#primaryimage\",\"url\":\"https:\/\/wtwstore.com\/wp-content\/uploads\/2025\/10\/Renson-Healthbox-3.0-Kit-Incl.-3-Control-Modules-5-Grille-Bases-475-m\u00b3-h.jpg\",\"contentUrl\":\"https:\/\/wtwstore.com\/wp-content\/uploads\/2025\/10\/Renson-Healthbox-3.0-Kit-Incl.-3-Control-Modules-5-Grille-Bases-475-m\u00b3-h.jpg\",\"width\":1500,\"height\":1500,\"caption\":\"Renson Healthbox 3.0 Kit Incl. 3 Control Modules & 5 Grille Bases 475\u202fm\u00b3\/h\"},{\"@type\":\"BreadcrumbList\",\"@id\":\"https:\/\/wtwstore.com\/product\/brands\/renson-brands\/renson-healthbox-3-0-kit-incl-3-control-modules-5-grille-bases-475-m%c2%b3-h#breadcrumb\",\"itemListElement\":[{\"@type\":\"ListItem\",\"position\":1,\"name\":\"Home\",\"item\":\"https:\/\/wtwstore.com\/\"},{\"@type\":\"ListItem\",\"position\":2,\"name\":\"Web-Shop\",\"item\":\"https:\/\/wtwstore.com\/pt\/ventilation-shop\"},{\"@type\":\"ListItem\",\"position\":3,\"name\":\"Renson Healthbox 3.0 Kit Incl. 3 Control Modules &#038; 5 Grille Bases 475\u202fm\u00b3\/h\"}]},{\"@type\":\"WebSite\",\"@id\":\"https:\/\/wtwstore.com\/#website\",\"url\":\"https:\/\/wtwstore.com\/\",\"name\":\"WTW Store\",\"description\":\"\",\"publisher\":{\"@id\":\"https:\/\/wtwstore.com\/#organization\"},\"potentialAction\":[{\"@type\":\"SearchAction\",\"target\":{\"@type\":\"EntryPoint\",\"urlTemplate\":\"https:\/\/wtwstore.com\/?s={search_term_string}\"},\"query-input\":{\"@type\":\"PropertyValueSpecification\",\"valueRequired\":true,\"valueName\":\"search_term_string\"}}],\"inLanguage\":\"fr-BE\"},{\"@type\":\"Organization\",\"@id\":\"https:\/\/wtwstore.com\/#organization\",\"name\":\"WTW Store\",\"url\":\"https:\/\/wtwstore.com\/\",\"logo\":{\"@type\":\"ImageObject\",\"inLanguage\":\"fr-BE\",\"@id\":\"https:\/\/wtwstore.com\/#\/schema\/logo\/image\/\",\"url\":\"http:\/\/wtwstore.com\/wp-content\/uploads\/2025\/04\/wtwstore-thumbnail-01.jpg\",\"contentUrl\":\"http:\/\/wtwstore.com\/wp-content\/uploads\/2025\/04\/wtwstore-thumbnail-01.jpg\",\"width\":1500,\"height\":1500,\"caption\":\"WTW Store\"},\"image\":{\"@id\":\"https:\/\/wtwstore.com\/#\/schema\/logo\/image\/\"}}]}<\/script>\n<!-- \/ Yoast SEO plugin. -->","yoast_head_json":{"title":"Renson Healthbox 3.0 Kit incl. 3 modules de commande et 5 bases de grilles 475 m\u00b3\/h | WTW Store","description":"Le Healthbox 3.0 de Renson est une unit\u00e9 de ventilation domestique naturelle et intelligente, command\u00e9e \u00e0 la demande. En fonction de la qualit\u00e9 de l\u2019air mesur\u00e9e...","robots":{"index":"index","follow":"follow","max-snippet":"max-snippet:-1","max-image-preview":"max-image-preview:large","max-video-preview":"max-video-preview:-1"},"canonical":"https:\/\/wtwstore.com\/france\/product\/brands\/renson-brands\/renson-healthbox-3-0-kit-incl-3-control-modules-5-grille-bases-475-m\u00b3-h","og_locale":"fr_FR","og_type":"article","og_title":"Renson Healthbox 3.0 Kit Incl. 3 Control Modules & 5 Grille Bases 475\u202fm\u00b3\/h | WTW Store","og_description":"The Healthbox 3.0 from Renson is a natural, intelligent, demand-controlled residential ventilation unit. Based on the measured indoor air quality...","og_url":"https:\/\/wtwstore.com\/france\/product\/brands\/renson-brands\/renson-healthbox-3-0-kit-incl-3-control-modules-5-grille-bases-475-m\u00b3-h","og_site_name":"WTW Store","article_modified_time":"2026-02-24T07:09:57+00:00","og_image":[{"width":1500,"height":1500,"url":"https:\/\/wtwstore.com\/wp-content\/uploads\/2025\/10\/Renson-Healthbox-3.0-Kit-Incl.-3-Control-Modules-5-Grille-Bases-475-m\u00b3-h.jpg","type":"image\/jpeg"}],"twitter_card":"summary_large_image","twitter_misc":{"Dur\u00e9e de lecture est.":"1 minute"},"schema":{"@context":"https:\/\/schema.org","@graph":[{"@type":"WebPage","@id":"https:\/\/wtwstore.com\/product\/brands\/renson-brands\/renson-healthbox-3-0-kit-incl-3-control-modules-5-grille-bases-475-m%c2%b3-h","url":"https:\/\/wtwstore.com\/product\/brands\/renson-brands\/renson-healthbox-3-0-kit-incl-3-control-modules-5-grille-bases-475-m%c2%b3-h","name":"Renson Healthbox 3.0 Kit incl. 3 modules de commande et 5 bases de grilles 475 m\u00b3\/h | WTW Store","isPartOf":{"@id":"https:\/\/wtwstore.com\/#website"},"primaryImageOfPage":{"@id":"https:\/\/wtwstore.com\/product\/brands\/renson-brands\/renson-healthbox-3-0-kit-incl-3-control-modules-5-grille-bases-475-m%c2%b3-h#primaryimage"},"image":{"@id":"https:\/\/wtwstore.com\/product\/brands\/renson-brands\/renson-healthbox-3-0-kit-incl-3-control-modules-5-grille-bases-475-m%c2%b3-h#primaryimage"},"thumbnailUrl":"https:\/\/wtwstore.com\/wp-content\/uploads\/2025\/10\/Renson-Healthbox-3.0-Kit-Incl.-3-Control-Modules-5-Grille-Bases-475-m\u00b3-h.jpg","datePublished":"2025-10-03T22:16:35+00:00","dateModified":"2026-02-24T07:09:57+00:00","description":"Le Healthbox 3.0 de Renson est une unit\u00e9 de ventilation domestique naturelle et intelligente, command\u00e9e \u00e0 la demande. En fonction de la qualit\u00e9 de l\u2019air mesur\u00e9e...","breadcrumb":{"@id":"https:\/\/wtwstore.com\/product\/brands\/renson-brands\/renson-healthbox-3-0-kit-incl-3-control-modules-5-grille-bases-475-m%c2%b3-h#breadcrumb"},"inLanguage":"fr-BE","potentialAction":[{"@type":"ReadAction","target":["https:\/\/wtwstore.com\/product\/brands\/renson-brands\/renson-healthbox-3-0-kit-incl-3-control-modules-5-grille-bases-475-m%c2%b3-h"]}]},{"@type":"ImageObject","inLanguage":"fr-BE","@id":"https:\/\/wtwstore.com\/product\/brands\/renson-brands\/renson-healthbox-3-0-kit-incl-3-control-modules-5-grille-bases-475-m%c2%b3-h#primaryimage","url":"https:\/\/wtwstore.com\/wp-content\/uploads\/2025\/10\/Renson-Healthbox-3.0-Kit-Incl.-3-Control-Modules-5-Grille-Bases-475-m\u00b3-h.jpg","contentUrl":"https:\/\/wtwstore.com\/wp-content\/uploads\/2025\/10\/Renson-Healthbox-3.0-Kit-Incl.-3-Control-Modules-5-Grille-Bases-475-m\u00b3-h.jpg","width":1500,"height":1500,"caption":"Renson Healthbox 3.0 Kit Incl. 3 Control Modules & 5 Grille Bases 475\u202fm\u00b3\/h"},{"@type":"BreadcrumbList","@id":"https:\/\/wtwstore.com\/product\/brands\/renson-brands\/renson-healthbox-3-0-kit-incl-3-control-modules-5-grille-bases-475-m%c2%b3-h#breadcrumb","itemListElement":[{"@type":"ListItem","position":1,"name":"Home","item":"https:\/\/wtwstore.com\/"},{"@type":"ListItem","position":2,"name":"Web-Shop","item":"https:\/\/wtwstore.com\/pt\/ventilation-shop"},{"@type":"ListItem","position":3,"name":"Renson Healthbox 3.0 Kit Incl. 3 Control Modules &#038; 5 Grille Bases 475\u202fm\u00b3\/h"}]},{"@type":"WebSite","@id":"https:\/\/wtwstore.com\/#website","url":"https:\/\/wtwstore.com\/","name":"WTW Store","description":"","publisher":{"@id":"https:\/\/wtwstore.com\/#organization"},"potentialAction":[{"@type":"SearchAction","target":{"@type":"EntryPoint","urlTemplate":"https:\/\/wtwstore.com\/?s={search_term_string}"},"query-input":{"@type":"PropertyValueSpecification","valueRequired":true,"valueName":"search_term_string"}}],"inLanguage":"fr-BE"},{"@type":"Organization","@id":"https:\/\/wtwstore.com\/#organization","name":"WTW Store","url":"https:\/\/wtwstore.com\/","logo":{"@type":"ImageObject","inLanguage":"fr-BE","@id":"https:\/\/wtwstore.com\/#\/schema\/logo\/image\/","url":"http:\/\/wtwstore.com\/wp-content\/uploads\/2025\/04\/wtwstore-thumbnail-01.jpg","contentUrl":"http:\/\/wtwstore.com\/wp-content\/uploads\/2025\/04\/wtwstore-thumbnail-01.jpg","width":1500,"height":1500,"caption":"WTW Store"},"image":{"@id":"https:\/\/wtwstore.com\/#\/schema\/logo\/image\/"}}]}},"_links":{"self":[{"href":"https:\/\/wtwstore.com\/france\/wp-json\/wp\/v2\/product\/4940","targetHints":{"allow":["GET"]}}],"collection":[{"href":"https:\/\/wtwstore.com\/france\/wp-json\/wp\/v2\/product"}],"about":[{"href":"https:\/\/wtwstore.com\/france\/wp-json\/wp\/v2\/types\/product"}],"replies":[{"embeddable":true,"href":"https:\/\/wtwstore.com\/france\/wp-json\/wp\/v2\/comments?post=4940"}],"wp:featuredmedia":[{"embeddable":true,"href":"https:\/\/wtwstore.com\/france\/wp-json\/wp\/v2\/media\/5049"}],"wp:attachment":[{"href":"https:\/\/wtwstore.com\/france\/wp-json\/wp\/v2\/media?parent=4940"}],"wp:term":[{"taxonomy":"product_brand","embeddable":true,"href":"https:\/\/wtwstore.com\/france\/wp-json\/wp\/v2\/product_brand?post=4940"},{"taxonomy":"product_cat","embeddable":true,"href":"https:\/\/wtwstore.com\/france\/wp-json\/wp\/v2\/product_cat?post=4940"},{"taxonomy":"product_tag","embeddable":true,"href":"https:\/\/wtwstore.com\/france\/wp-json\/wp\/v2\/product_tag?post=4940"}],"curies":[{"name":"wp","href":"https:\/\/api.w.org\/{rel}","templated":true}]}}