{"id":4931,"date":"2025-10-03T23:46:22","date_gmt":"2025-10-03T21:46:22","guid":{"rendered":"http:\/\/wtwstore.com\/?post_type=product&#038;p=4931"},"modified":"2026-02-24T08:09:51","modified_gmt":"2026-02-24T07:09:51","slug":"renson-aeroo-design-valve-square-plastic-o125-mm-ral9010","status":"publish","type":"product","link":"https:\/\/wtwstore.com\/france\/product\/brands\/renson-brands\/renson-aeroo-design-valve-square-plastic-o125-mm-ral9010","title":{"rendered":"Renson Aeroo Valve Design Carr\u00e9e en Plastique \u00d8125 mm RAL9010"},"content":{"rendered":"<p>Cette vanne intelligente rend votre maison plus silencieuse et plus \u00e9conome en \u00e9nergie. Adapt\u00e9e \u00e0 la fois \u00e0 l\u2019arriv\u00e9e et \u00e0 l\u2019extraction d\u2019air, elle fonctionne de mani\u00e8re tr\u00e8s efficace sur une large plage.<\/p>","protected":false},"excerpt":{"rendered":"<p>Cette vanne intelligente rend votre maison plus silencieuse et plus \u00e9conome en \u00e9nergie. Adapt\u00e9e \u00e0 la fois \u00e0 l\u2019arriv\u00e9e et \u00e0 l\u2019extraction d\u2019air, elle fonctionne de mani\u00e8re tr\u00e8s efficace sur une large plage.<\/p>","protected":false},"featured_media":5016,"comment_status":"closed","ping_status":"closed","template":"","meta":{"_acf_changed":false,"_monsterinsights_skip_tracking":false,"_monsterinsights_sitenote_active":false,"_monsterinsights_sitenote_note":"","_monsterinsights_sitenote_category":0},"product_brand":[],"product_cat":[313,292,215,217],"product_tag":[],"class_list":{"0":"post-4931","1":"product","2":"type-product","3":"status-publish","4":"has-post-thumbnail","6":"product_cat-renson-brands","7":"product_cat-valves","8":"product_cat-renson","9":"product_cat-renson-accessories","11":"first","12":"instock","13":"taxable","14":"shipping-taxable","15":"purchasable","16":"product-type-simple"},"acf":[],"yoast_head":"<!-- This site is optimized with the Yoast SEO plugin v27.0 - https:\/\/yoast.com\/product\/yoast-seo-wordpress\/ -->\n<title>Renson Aeroo Design Valve Square Plastic \u00d8125\u202fmm RAL9010 | WTW Store<\/title>\n<meta name=\"description\" content=\"This smart valve makes your home quieter and more energy-efficient. Suitable for both air supply and extraction, it operates highly efficiently across...\" \/>\n<meta name=\"robots\" content=\"index, follow, max-snippet:-1, max-image-preview:large, max-video-preview:-1\" \/>\n<link rel=\"canonical\" href=\"https:\/\/wtwstore.com\/france\/product\/brands\/renson-brands\/renson-aeroo-design-valve-square-plastic-o125-mm-ral9010\" \/>\n<meta property=\"og:locale\" content=\"fr_FR\" \/>\n<meta property=\"og:type\" content=\"article\" \/>\n<meta property=\"og:title\" content=\"Renson Aeroo Design Valve Square Plastic \u00d8125\u202fmm RAL9010 | WTW Store\" \/>\n<meta property=\"og:description\" content=\"This smart valve makes your home quieter and more energy-efficient. Suitable for both air supply and extraction, it operates highly efficiently across...\" \/>\n<meta property=\"og:url\" content=\"https:\/\/wtwstore.com\/france\/product\/brands\/renson-brands\/renson-aeroo-design-valve-square-plastic-o125-mm-ral9010\" \/>\n<meta property=\"og:site_name\" content=\"WTW Store\" \/>\n<meta property=\"article:modified_time\" content=\"2026-02-24T07:09:51+00:00\" \/>\n<meta property=\"og:image\" content=\"https:\/\/wtwstore.com\/wp-content\/uploads\/2025\/10\/Renson-Aeroo-Design-Valve-Square-Plastic-O125-mm-RAL9010.jpg\" \/>\n\t<meta property=\"og:image:width\" content=\"1500\" \/>\n\t<meta property=\"og:image:height\" content=\"1500\" \/>\n\t<meta property=\"og:image:type\" content=\"image\/jpeg\" \/>\n<meta name=\"twitter:card\" content=\"summary_large_image\" \/>\n<meta name=\"twitter:label1\" content=\"Dur\u00e9e de lecture est.\" \/>\n\t<meta name=\"twitter:data1\" content=\"1 minute\" \/>\n<script type=\"application\/ld+json\" class=\"yoast-schema-graph\">{\"@context\":\"https:\/\/schema.org\",\"@graph\":[{\"@type\":\"WebPage\",\"@id\":\"https:\/\/wtwstore.com\/product\/brands\/renson-brands\/renson-aeroo-design-valve-square-plastic-o125-mm-ral9010\",\"url\":\"https:\/\/wtwstore.com\/product\/brands\/renson-brands\/renson-aeroo-design-valve-square-plastic-o125-mm-ral9010\",\"name\":\"Renson Aeroo Design Valve Square Plastic \u00d8125\u202fmm RAL9010 | WTW Store\",\"isPartOf\":{\"@id\":\"https:\/\/wtwstore.com\/#website\"},\"primaryImageOfPage\":{\"@id\":\"https:\/\/wtwstore.com\/product\/brands\/renson-brands\/renson-aeroo-design-valve-square-plastic-o125-mm-ral9010#primaryimage\"},\"image\":{\"@id\":\"https:\/\/wtwstore.com\/product\/brands\/renson-brands\/renson-aeroo-design-valve-square-plastic-o125-mm-ral9010#primaryimage\"},\"thumbnailUrl\":\"https:\/\/wtwstore.com\/wp-content\/uploads\/2025\/10\/Renson-Aeroo-Design-Valve-Square-Plastic-O125-mm-RAL9010.jpg\",\"datePublished\":\"2025-10-03T21:46:22+00:00\",\"dateModified\":\"2026-02-24T07:09:51+00:00\",\"description\":\"This smart valve makes your home quieter and more energy-efficient. Suitable for both air supply and extraction, it operates highly efficiently across...\",\"breadcrumb\":{\"@id\":\"https:\/\/wtwstore.com\/product\/brands\/renson-brands\/renson-aeroo-design-valve-square-plastic-o125-mm-ral9010#breadcrumb\"},\"inLanguage\":\"fr-BE\",\"potentialAction\":[{\"@type\":\"ReadAction\",\"target\":[\"https:\/\/wtwstore.com\/product\/brands\/renson-brands\/renson-aeroo-design-valve-square-plastic-o125-mm-ral9010\"]}]},{\"@type\":\"ImageObject\",\"inLanguage\":\"fr-BE\",\"@id\":\"https:\/\/wtwstore.com\/product\/brands\/renson-brands\/renson-aeroo-design-valve-square-plastic-o125-mm-ral9010#primaryimage\",\"url\":\"https:\/\/wtwstore.com\/wp-content\/uploads\/2025\/10\/Renson-Aeroo-Design-Valve-Square-Plastic-O125-mm-RAL9010.jpg\",\"contentUrl\":\"https:\/\/wtwstore.com\/wp-content\/uploads\/2025\/10\/Renson-Aeroo-Design-Valve-Square-Plastic-O125-mm-RAL9010.jpg\",\"width\":1500,\"height\":1500,\"caption\":\"Renson Aeroo Design Valve Square Plastic \u00d8125\u202fmm RAL9010\"},{\"@type\":\"BreadcrumbList\",\"@id\":\"https:\/\/wtwstore.com\/product\/brands\/renson-brands\/renson-aeroo-design-valve-square-plastic-o125-mm-ral9010#breadcrumb\",\"itemListElement\":[{\"@type\":\"ListItem\",\"position\":1,\"name\":\"Home\",\"item\":\"https:\/\/wtwstore.com\/\"},{\"@type\":\"ListItem\",\"position\":2,\"name\":\"Web-Shop\",\"item\":\"https:\/\/wtwstore.com\/pt\/ventilation-shop\"},{\"@type\":\"ListItem\",\"position\":3,\"name\":\"Renson Aeroo Design Valve Square Plastic \u00d8125\u202fmm RAL9010\"}]},{\"@type\":\"WebSite\",\"@id\":\"https:\/\/wtwstore.com\/#website\",\"url\":\"https:\/\/wtwstore.com\/\",\"name\":\"WTW Store\",\"description\":\"\",\"publisher\":{\"@id\":\"https:\/\/wtwstore.com\/#organization\"},\"potentialAction\":[{\"@type\":\"SearchAction\",\"target\":{\"@type\":\"EntryPoint\",\"urlTemplate\":\"https:\/\/wtwstore.com\/?s={search_term_string}\"},\"query-input\":{\"@type\":\"PropertyValueSpecification\",\"valueRequired\":true,\"valueName\":\"search_term_string\"}}],\"inLanguage\":\"fr-BE\"},{\"@type\":\"Organization\",\"@id\":\"https:\/\/wtwstore.com\/#organization\",\"name\":\"WTW Store\",\"url\":\"https:\/\/wtwstore.com\/\",\"logo\":{\"@type\":\"ImageObject\",\"inLanguage\":\"fr-BE\",\"@id\":\"https:\/\/wtwstore.com\/#\/schema\/logo\/image\/\",\"url\":\"http:\/\/wtwstore.com\/wp-content\/uploads\/2025\/04\/wtwstore-thumbnail-01.jpg\",\"contentUrl\":\"http:\/\/wtwstore.com\/wp-content\/uploads\/2025\/04\/wtwstore-thumbnail-01.jpg\",\"width\":1500,\"height\":1500,\"caption\":\"WTW Store\"},\"image\":{\"@id\":\"https:\/\/wtwstore.com\/#\/schema\/logo\/image\/\"}}]}<\/script>\n<!-- \/ Yoast SEO plugin. -->","yoast_head_json":{"title":"Renson Aeroo Valve Design Carr\u00e9e en Plastique \u00d8125 mm RAL9010 | WTW Store","description":"Cette vanne intelligente rend votre maison plus silencieuse et plus \u00e9conome en \u00e9nergie. Adapt\u00e9e \u00e0 l\u2019insufflation et \u00e0 l\u2019extraction d\u2019air, elle fonctionne de mani\u00e8re extr\u00eamement efficace sur...","robots":{"index":"index","follow":"follow","max-snippet":"max-snippet:-1","max-image-preview":"max-image-preview:large","max-video-preview":"max-video-preview:-1"},"canonical":"https:\/\/wtwstore.com\/france\/product\/brands\/renson-brands\/renson-aeroo-design-valve-square-plastic-o125-mm-ral9010","og_locale":"fr_FR","og_type":"article","og_title":"Renson Aeroo Design Valve Square Plastic \u00d8125\u202fmm RAL9010 | WTW Store","og_description":"This smart valve makes your home quieter and more energy-efficient. Suitable for both air supply and extraction, it operates highly efficiently across...","og_url":"https:\/\/wtwstore.com\/france\/product\/brands\/renson-brands\/renson-aeroo-design-valve-square-plastic-o125-mm-ral9010","og_site_name":"WTW Store","article_modified_time":"2026-02-24T07:09:51+00:00","og_image":[{"width":1500,"height":1500,"url":"https:\/\/wtwstore.com\/wp-content\/uploads\/2025\/10\/Renson-Aeroo-Design-Valve-Square-Plastic-O125-mm-RAL9010.jpg","type":"image\/jpeg"}],"twitter_card":"summary_large_image","twitter_misc":{"Dur\u00e9e de lecture est.":"1 minute"},"schema":{"@context":"https:\/\/schema.org","@graph":[{"@type":"WebPage","@id":"https:\/\/wtwstore.com\/product\/brands\/renson-brands\/renson-aeroo-design-valve-square-plastic-o125-mm-ral9010","url":"https:\/\/wtwstore.com\/product\/brands\/renson-brands\/renson-aeroo-design-valve-square-plastic-o125-mm-ral9010","name":"Renson Aeroo Valve Design Carr\u00e9e en Plastique \u00d8125 mm RAL9010 | WTW Store","isPartOf":{"@id":"https:\/\/wtwstore.com\/#website"},"primaryImageOfPage":{"@id":"https:\/\/wtwstore.com\/product\/brands\/renson-brands\/renson-aeroo-design-valve-square-plastic-o125-mm-ral9010#primaryimage"},"image":{"@id":"https:\/\/wtwstore.com\/product\/brands\/renson-brands\/renson-aeroo-design-valve-square-plastic-o125-mm-ral9010#primaryimage"},"thumbnailUrl":"https:\/\/wtwstore.com\/wp-content\/uploads\/2025\/10\/Renson-Aeroo-Design-Valve-Square-Plastic-O125-mm-RAL9010.jpg","datePublished":"2025-10-03T21:46:22+00:00","dateModified":"2026-02-24T07:09:51+00:00","description":"Cette vanne intelligente rend votre maison plus silencieuse et plus \u00e9conome en \u00e9nergie. Adapt\u00e9e \u00e0 l\u2019insufflation et \u00e0 l\u2019extraction d\u2019air, elle fonctionne de mani\u00e8re extr\u00eamement efficace sur...","breadcrumb":{"@id":"https:\/\/wtwstore.com\/product\/brands\/renson-brands\/renson-aeroo-design-valve-square-plastic-o125-mm-ral9010#breadcrumb"},"inLanguage":"fr-BE","potentialAction":[{"@type":"ReadAction","target":["https:\/\/wtwstore.com\/product\/brands\/renson-brands\/renson-aeroo-design-valve-square-plastic-o125-mm-ral9010"]}]},{"@type":"ImageObject","inLanguage":"fr-BE","@id":"https:\/\/wtwstore.com\/product\/brands\/renson-brands\/renson-aeroo-design-valve-square-plastic-o125-mm-ral9010#primaryimage","url":"https:\/\/wtwstore.com\/wp-content\/uploads\/2025\/10\/Renson-Aeroo-Design-Valve-Square-Plastic-O125-mm-RAL9010.jpg","contentUrl":"https:\/\/wtwstore.com\/wp-content\/uploads\/2025\/10\/Renson-Aeroo-Design-Valve-Square-Plastic-O125-mm-RAL9010.jpg","width":1500,"height":1500,"caption":"Renson Aeroo Design Valve Square Plastic \u00d8125\u202fmm RAL9010"},{"@type":"BreadcrumbList","@id":"https:\/\/wtwstore.com\/product\/brands\/renson-brands\/renson-aeroo-design-valve-square-plastic-o125-mm-ral9010#breadcrumb","itemListElement":[{"@type":"ListItem","position":1,"name":"Home","item":"https:\/\/wtwstore.com\/"},{"@type":"ListItem","position":2,"name":"Web-Shop","item":"https:\/\/wtwstore.com\/pt\/ventilation-shop"},{"@type":"ListItem","position":3,"name":"Renson Aeroo Design Valve Square Plastic \u00d8125\u202fmm RAL9010"}]},{"@type":"WebSite","@id":"https:\/\/wtwstore.com\/#website","url":"https:\/\/wtwstore.com\/","name":"WTW Store","description":"","publisher":{"@id":"https:\/\/wtwstore.com\/#organization"},"potentialAction":[{"@type":"SearchAction","target":{"@type":"EntryPoint","urlTemplate":"https:\/\/wtwstore.com\/?s={search_term_string}"},"query-input":{"@type":"PropertyValueSpecification","valueRequired":true,"valueName":"search_term_string"}}],"inLanguage":"fr-BE"},{"@type":"Organization","@id":"https:\/\/wtwstore.com\/#organization","name":"WTW Store","url":"https:\/\/wtwstore.com\/","logo":{"@type":"ImageObject","inLanguage":"fr-BE","@id":"https:\/\/wtwstore.com\/#\/schema\/logo\/image\/","url":"http:\/\/wtwstore.com\/wp-content\/uploads\/2025\/04\/wtwstore-thumbnail-01.jpg","contentUrl":"http:\/\/wtwstore.com\/wp-content\/uploads\/2025\/04\/wtwstore-thumbnail-01.jpg","width":1500,"height":1500,"caption":"WTW Store"},"image":{"@id":"https:\/\/wtwstore.com\/#\/schema\/logo\/image\/"}}]}},"_links":{"self":[{"href":"https:\/\/wtwstore.com\/france\/wp-json\/wp\/v2\/product\/4931","targetHints":{"allow":["GET"]}}],"collection":[{"href":"https:\/\/wtwstore.com\/france\/wp-json\/wp\/v2\/product"}],"about":[{"href":"https:\/\/wtwstore.com\/france\/wp-json\/wp\/v2\/types\/product"}],"replies":[{"embeddable":true,"href":"https:\/\/wtwstore.com\/france\/wp-json\/wp\/v2\/comments?post=4931"}],"wp:featuredmedia":[{"embeddable":true,"href":"https:\/\/wtwstore.com\/france\/wp-json\/wp\/v2\/media\/5016"}],"wp:attachment":[{"href":"https:\/\/wtwstore.com\/france\/wp-json\/wp\/v2\/media?parent=4931"}],"wp:term":[{"taxonomy":"product_brand","embeddable":true,"href":"https:\/\/wtwstore.com\/france\/wp-json\/wp\/v2\/product_brand?post=4931"},{"taxonomy":"product_cat","embeddable":true,"href":"https:\/\/wtwstore.com\/france\/wp-json\/wp\/v2\/product_cat?post=4931"},{"taxonomy":"product_tag","embeddable":true,"href":"https:\/\/wtwstore.com\/france\/wp-json\/wp\/v2\/product_tag?post=4931"}],"curies":[{"name":"wp","href":"https:\/\/api.w.org\/{rel}","templated":true}]}}