{"id":4928,"date":"2025-10-03T23:33:02","date_gmt":"2025-10-03T21:33:02","guid":{"rendered":"http:\/\/wtwstore.com\/?post_type=product&#038;p=4928"},"modified":"2026-02-24T08:09:55","modified_gmt":"2026-02-24T07:09:55","slug":"renson-design-flex-xl-roof-terminal-180-200-mm-lead-free-flexible-flashing-black","status":"publish","type":"product","link":"https:\/\/wtwstore.com\/france\/product\/brands\/renson-brands\/renson-design-flex-xl-roof-terminal-180-200-mm-lead-free-flexible-flashing-black","title":{"rendered":"Renson Design Flex XL Sortie de Toit 180\/200 mm Solin Souple Sans Plomb Noir"},"content":{"rendered":"<p>La sortie de toit flexible design de la marque belge de qualit\u00e9 Renson est con\u00e7ue pour une \u00e9vacuation optimale de l\u2019air de ventilation par la toiture. Elle se distingue par son excellence technique et son design attrayant. Sa forme unique garantit une tr\u00e8s faible r\u00e9sistance \u00e0 l\u2019air, am\u00e9liorant ainsi les performances du syst\u00e8me de ventilation.<\/p>\n<p>Elle pr\u00e9sente \u00e9galement une apparence \u00e9l\u00e9gante et convient aux tuiles modernes, traditionnelles et en ardoise. Un choix d\u00e9lib\u00e9r\u00e9 a \u00e9t\u00e9 fait pour un mat\u00e9riau alternatif sans plomb afin d\u2019int\u00e9grer la sortie de toit. Les tuiles universelles et en ardoise sont fabriqu\u00e9es en polypropyl\u00e8ne de haute qualit\u00e9.<\/p>\n<p>La version Flex XL est int\u00e9gr\u00e9e \u00e0 l\u2019aide d\u2019un solin flexible durable sans plomb en silicone. La sortie de toit Renson a \u00e9t\u00e9 sp\u00e9cialement d\u00e9velopp\u00e9e pour assurer le bon fonctionnement des syst\u00e8mes de ventilation Renson.<\/p>","protected":false},"excerpt":{"rendered":"<p>The flexible design roof terminal from the Belgian quality brand Renson is designed for optimal discharge of ventilation air through the roof. It is characterized by its technical excellence and attractive design. Its unique shape ensures extremely low air resistance, which benefits the performance of the ventilation system. In addition, it has a sleek appearance [&hellip;]<\/p>","protected":false},"featured_media":5018,"comment_status":"closed","ping_status":"closed","template":"","meta":{"_acf_changed":false,"_monsterinsights_skip_tracking":false,"_monsterinsights_sitenote_active":false,"_monsterinsights_sitenote_note":"","_monsterinsights_sitenote_category":0},"product_brand":[],"product_cat":[313,304,215,217],"product_tag":[],"class_list":{"0":"post-4928","1":"product","2":"type-product","3":"status-publish","4":"has-post-thumbnail","6":"product_cat-renson-brands","7":"product_cat-renson-design-roof-penetrations","8":"product_cat-renson","9":"product_cat-renson-accessories","11":"first","12":"instock","13":"taxable","14":"shipping-taxable","15":"purchasable","16":"product-type-simple"},"acf":[],"yoast_head":"<!-- This site is optimized with the Yoast SEO plugin v27.0 - https:\/\/yoast.com\/product\/yoast-seo-wordpress\/ -->\n<title>Renson Design Flex XL Roof Terminal 180\/200 mm Lead-Free Flexible Flashing Black | WTW Store<\/title>\n<meta name=\"description\" content=\"The flexible design roof terminal from the Belgian quality brand Renson is designed for optimal discharge of ventilation air through the roof...\" \/>\n<meta name=\"robots\" content=\"index, follow, max-snippet:-1, max-image-preview:large, max-video-preview:-1\" \/>\n<link rel=\"canonical\" href=\"https:\/\/wtwstore.com\/france\/product\/brands\/renson-brands\/renson-design-flex-xl-roof-terminal-180-200-mm-lead-free-flexible-flashing-black\" \/>\n<meta property=\"og:locale\" content=\"fr_FR\" \/>\n<meta property=\"og:type\" content=\"article\" \/>\n<meta property=\"og:title\" content=\"Renson Design Flex XL Roof Terminal 180\/200 mm Lead-Free Flexible Flashing Black | WTW Store\" \/>\n<meta property=\"og:description\" content=\"The flexible design roof terminal from the Belgian quality brand Renson is designed for optimal discharge of ventilation air through the roof...\" \/>\n<meta property=\"og:url\" content=\"https:\/\/wtwstore.com\/france\/product\/brands\/renson-brands\/renson-design-flex-xl-roof-terminal-180-200-mm-lead-free-flexible-flashing-black\" \/>\n<meta property=\"og:site_name\" content=\"WTW Store\" \/>\n<meta property=\"article:modified_time\" content=\"2026-02-24T07:09:55+00:00\" \/>\n<meta property=\"og:image\" content=\"https:\/\/wtwstore.com\/wp-content\/uploads\/2025\/10\/Renson-Design-Flex-XL-Roof-Terminal-180-200-mm-Lead-Free-Flexible-Flashing-Black.jpg\" \/>\n\t<meta property=\"og:image:width\" content=\"1500\" \/>\n\t<meta property=\"og:image:height\" content=\"1500\" \/>\n\t<meta property=\"og:image:type\" content=\"image\/jpeg\" \/>\n<meta name=\"twitter:card\" content=\"summary_large_image\" \/>\n<meta name=\"twitter:label1\" content=\"Dur\u00e9e de lecture est.\" \/>\n\t<meta name=\"twitter:data1\" content=\"1 minute\" \/>\n<script type=\"application\/ld+json\" class=\"yoast-schema-graph\">{\"@context\":\"https:\/\/schema.org\",\"@graph\":[{\"@type\":\"WebPage\",\"@id\":\"https:\/\/wtwstore.com\/product\/brands\/renson-brands\/renson-design-flex-xl-roof-terminal-180-200-mm-lead-free-flexible-flashing-black\",\"url\":\"https:\/\/wtwstore.com\/product\/brands\/renson-brands\/renson-design-flex-xl-roof-terminal-180-200-mm-lead-free-flexible-flashing-black\",\"name\":\"Renson Design Flex XL Roof Terminal 180\/200 mm Lead-Free Flexible Flashing Black | WTW Store\",\"isPartOf\":{\"@id\":\"https:\/\/wtwstore.com\/#website\"},\"primaryImageOfPage\":{\"@id\":\"https:\/\/wtwstore.com\/product\/brands\/renson-brands\/renson-design-flex-xl-roof-terminal-180-200-mm-lead-free-flexible-flashing-black#primaryimage\"},\"image\":{\"@id\":\"https:\/\/wtwstore.com\/product\/brands\/renson-brands\/renson-design-flex-xl-roof-terminal-180-200-mm-lead-free-flexible-flashing-black#primaryimage\"},\"thumbnailUrl\":\"https:\/\/wtwstore.com\/wp-content\/uploads\/2025\/10\/Renson-Design-Flex-XL-Roof-Terminal-180-200-mm-Lead-Free-Flexible-Flashing-Black.jpg\",\"datePublished\":\"2025-10-03T21:33:02+00:00\",\"dateModified\":\"2026-02-24T07:09:55+00:00\",\"description\":\"The flexible design roof terminal from the Belgian quality brand Renson is designed for optimal discharge of ventilation air through the roof...\",\"breadcrumb\":{\"@id\":\"https:\/\/wtwstore.com\/product\/brands\/renson-brands\/renson-design-flex-xl-roof-terminal-180-200-mm-lead-free-flexible-flashing-black#breadcrumb\"},\"inLanguage\":\"fr-BE\",\"potentialAction\":[{\"@type\":\"ReadAction\",\"target\":[\"https:\/\/wtwstore.com\/product\/brands\/renson-brands\/renson-design-flex-xl-roof-terminal-180-200-mm-lead-free-flexible-flashing-black\"]}]},{\"@type\":\"ImageObject\",\"inLanguage\":\"fr-BE\",\"@id\":\"https:\/\/wtwstore.com\/product\/brands\/renson-brands\/renson-design-flex-xl-roof-terminal-180-200-mm-lead-free-flexible-flashing-black#primaryimage\",\"url\":\"https:\/\/wtwstore.com\/wp-content\/uploads\/2025\/10\/Renson-Design-Flex-XL-Roof-Terminal-180-200-mm-Lead-Free-Flexible-Flashing-Black.jpg\",\"contentUrl\":\"https:\/\/wtwstore.com\/wp-content\/uploads\/2025\/10\/Renson-Design-Flex-XL-Roof-Terminal-180-200-mm-Lead-Free-Flexible-Flashing-Black.jpg\",\"width\":1500,\"height\":1500,\"caption\":\"Renson Design Flex XL Roof Terminal 180\/200 mm Lead-Free Flexible Flashing Black\"},{\"@type\":\"BreadcrumbList\",\"@id\":\"https:\/\/wtwstore.com\/product\/brands\/renson-brands\/renson-design-flex-xl-roof-terminal-180-200-mm-lead-free-flexible-flashing-black#breadcrumb\",\"itemListElement\":[{\"@type\":\"ListItem\",\"position\":1,\"name\":\"Home\",\"item\":\"https:\/\/wtwstore.com\/\"},{\"@type\":\"ListItem\",\"position\":2,\"name\":\"Web-Shop\",\"item\":\"https:\/\/wtwstore.com\/pt\/ventilation-shop\"},{\"@type\":\"ListItem\",\"position\":3,\"name\":\"Renson Design Flex XL Roof Terminal 180\/200 mm Lead-Free Flexible Flashing Black\"}]},{\"@type\":\"WebSite\",\"@id\":\"https:\/\/wtwstore.com\/#website\",\"url\":\"https:\/\/wtwstore.com\/\",\"name\":\"WTW Store\",\"description\":\"\",\"publisher\":{\"@id\":\"https:\/\/wtwstore.com\/#organization\"},\"potentialAction\":[{\"@type\":\"SearchAction\",\"target\":{\"@type\":\"EntryPoint\",\"urlTemplate\":\"https:\/\/wtwstore.com\/?s={search_term_string}\"},\"query-input\":{\"@type\":\"PropertyValueSpecification\",\"valueRequired\":true,\"valueName\":\"search_term_string\"}}],\"inLanguage\":\"fr-BE\"},{\"@type\":\"Organization\",\"@id\":\"https:\/\/wtwstore.com\/#organization\",\"name\":\"WTW Store\",\"url\":\"https:\/\/wtwstore.com\/\",\"logo\":{\"@type\":\"ImageObject\",\"inLanguage\":\"fr-BE\",\"@id\":\"https:\/\/wtwstore.com\/#\/schema\/logo\/image\/\",\"url\":\"http:\/\/wtwstore.com\/wp-content\/uploads\/2025\/04\/wtwstore-thumbnail-01.jpg\",\"contentUrl\":\"http:\/\/wtwstore.com\/wp-content\/uploads\/2025\/04\/wtwstore-thumbnail-01.jpg\",\"width\":1500,\"height\":1500,\"caption\":\"WTW Store\"},\"image\":{\"@id\":\"https:\/\/wtwstore.com\/#\/schema\/logo\/image\/\"}}]}<\/script>\n<!-- \/ Yoast SEO plugin. -->","yoast_head_json":{"title":"Renson Design Flex XL Sortie de Toit 180\/200 mm Solin Souple Sans Plomb Noir | WTW Store","description":"La sortie de toit design flexible de la marque belge de qualit\u00e9 Renson est con\u00e7ue pour une \u00e9vacuation optimale de l\u2019air de ventilation par le toit...","robots":{"index":"index","follow":"follow","max-snippet":"max-snippet:-1","max-image-preview":"max-image-preview:large","max-video-preview":"max-video-preview:-1"},"canonical":"https:\/\/wtwstore.com\/france\/product\/brands\/renson-brands\/renson-design-flex-xl-roof-terminal-180-200-mm-lead-free-flexible-flashing-black","og_locale":"fr_FR","og_type":"article","og_title":"Renson Design Flex XL Roof Terminal 180\/200 mm Lead-Free Flexible Flashing Black | WTW Store","og_description":"The flexible design roof terminal from the Belgian quality brand Renson is designed for optimal discharge of ventilation air through the roof...","og_url":"https:\/\/wtwstore.com\/france\/product\/brands\/renson-brands\/renson-design-flex-xl-roof-terminal-180-200-mm-lead-free-flexible-flashing-black","og_site_name":"WTW Store","article_modified_time":"2026-02-24T07:09:55+00:00","og_image":[{"width":1500,"height":1500,"url":"https:\/\/wtwstore.com\/wp-content\/uploads\/2025\/10\/Renson-Design-Flex-XL-Roof-Terminal-180-200-mm-Lead-Free-Flexible-Flashing-Black.jpg","type":"image\/jpeg"}],"twitter_card":"summary_large_image","twitter_misc":{"Dur\u00e9e de lecture est.":"1 minute"},"schema":{"@context":"https:\/\/schema.org","@graph":[{"@type":"WebPage","@id":"https:\/\/wtwstore.com\/product\/brands\/renson-brands\/renson-design-flex-xl-roof-terminal-180-200-mm-lead-free-flexible-flashing-black","url":"https:\/\/wtwstore.com\/product\/brands\/renson-brands\/renson-design-flex-xl-roof-terminal-180-200-mm-lead-free-flexible-flashing-black","name":"Renson Design Flex XL Sortie de Toit 180\/200 mm Solin Souple Sans Plomb Noir | WTW Store","isPartOf":{"@id":"https:\/\/wtwstore.com\/#website"},"primaryImageOfPage":{"@id":"https:\/\/wtwstore.com\/product\/brands\/renson-brands\/renson-design-flex-xl-roof-terminal-180-200-mm-lead-free-flexible-flashing-black#primaryimage"},"image":{"@id":"https:\/\/wtwstore.com\/product\/brands\/renson-brands\/renson-design-flex-xl-roof-terminal-180-200-mm-lead-free-flexible-flashing-black#primaryimage"},"thumbnailUrl":"https:\/\/wtwstore.com\/wp-content\/uploads\/2025\/10\/Renson-Design-Flex-XL-Roof-Terminal-180-200-mm-Lead-Free-Flexible-Flashing-Black.jpg","datePublished":"2025-10-03T21:33:02+00:00","dateModified":"2026-02-24T07:09:55+00:00","description":"La sortie de toit design flexible de la marque belge de qualit\u00e9 Renson est con\u00e7ue pour une \u00e9vacuation optimale de l\u2019air de ventilation par le toit...","breadcrumb":{"@id":"https:\/\/wtwstore.com\/product\/brands\/renson-brands\/renson-design-flex-xl-roof-terminal-180-200-mm-lead-free-flexible-flashing-black#breadcrumb"},"inLanguage":"fr-BE","potentialAction":[{"@type":"ReadAction","target":["https:\/\/wtwstore.com\/product\/brands\/renson-brands\/renson-design-flex-xl-roof-terminal-180-200-mm-lead-free-flexible-flashing-black"]}]},{"@type":"ImageObject","inLanguage":"fr-BE","@id":"https:\/\/wtwstore.com\/product\/brands\/renson-brands\/renson-design-flex-xl-roof-terminal-180-200-mm-lead-free-flexible-flashing-black#primaryimage","url":"https:\/\/wtwstore.com\/wp-content\/uploads\/2025\/10\/Renson-Design-Flex-XL-Roof-Terminal-180-200-mm-Lead-Free-Flexible-Flashing-Black.jpg","contentUrl":"https:\/\/wtwstore.com\/wp-content\/uploads\/2025\/10\/Renson-Design-Flex-XL-Roof-Terminal-180-200-mm-Lead-Free-Flexible-Flashing-Black.jpg","width":1500,"height":1500,"caption":"Renson Design Flex XL Roof Terminal 180\/200 mm Lead-Free Flexible Flashing Black"},{"@type":"BreadcrumbList","@id":"https:\/\/wtwstore.com\/product\/brands\/renson-brands\/renson-design-flex-xl-roof-terminal-180-200-mm-lead-free-flexible-flashing-black#breadcrumb","itemListElement":[{"@type":"ListItem","position":1,"name":"Home","item":"https:\/\/wtwstore.com\/"},{"@type":"ListItem","position":2,"name":"Web-Shop","item":"https:\/\/wtwstore.com\/pt\/ventilation-shop"},{"@type":"ListItem","position":3,"name":"Renson Design Flex XL Roof Terminal 180\/200 mm Lead-Free Flexible Flashing Black"}]},{"@type":"WebSite","@id":"https:\/\/wtwstore.com\/#website","url":"https:\/\/wtwstore.com\/","name":"WTW Store","description":"","publisher":{"@id":"https:\/\/wtwstore.com\/#organization"},"potentialAction":[{"@type":"SearchAction","target":{"@type":"EntryPoint","urlTemplate":"https:\/\/wtwstore.com\/?s={search_term_string}"},"query-input":{"@type":"PropertyValueSpecification","valueRequired":true,"valueName":"search_term_string"}}],"inLanguage":"fr-BE"},{"@type":"Organization","@id":"https:\/\/wtwstore.com\/#organization","name":"WTW Store","url":"https:\/\/wtwstore.com\/","logo":{"@type":"ImageObject","inLanguage":"fr-BE","@id":"https:\/\/wtwstore.com\/#\/schema\/logo\/image\/","url":"http:\/\/wtwstore.com\/wp-content\/uploads\/2025\/04\/wtwstore-thumbnail-01.jpg","contentUrl":"http:\/\/wtwstore.com\/wp-content\/uploads\/2025\/04\/wtwstore-thumbnail-01.jpg","width":1500,"height":1500,"caption":"WTW Store"},"image":{"@id":"https:\/\/wtwstore.com\/#\/schema\/logo\/image\/"}}]}},"_links":{"self":[{"href":"https:\/\/wtwstore.com\/france\/wp-json\/wp\/v2\/product\/4928","targetHints":{"allow":["GET"]}}],"collection":[{"href":"https:\/\/wtwstore.com\/france\/wp-json\/wp\/v2\/product"}],"about":[{"href":"https:\/\/wtwstore.com\/france\/wp-json\/wp\/v2\/types\/product"}],"replies":[{"embeddable":true,"href":"https:\/\/wtwstore.com\/france\/wp-json\/wp\/v2\/comments?post=4928"}],"wp:featuredmedia":[{"embeddable":true,"href":"https:\/\/wtwstore.com\/france\/wp-json\/wp\/v2\/media\/5018"}],"wp:attachment":[{"href":"https:\/\/wtwstore.com\/france\/wp-json\/wp\/v2\/media?parent=4928"}],"wp:term":[{"taxonomy":"product_brand","embeddable":true,"href":"https:\/\/wtwstore.com\/france\/wp-json\/wp\/v2\/product_brand?post=4928"},{"taxonomy":"product_cat","embeddable":true,"href":"https:\/\/wtwstore.com\/france\/wp-json\/wp\/v2\/product_cat?post=4928"},{"taxonomy":"product_tag","embeddable":true,"href":"https:\/\/wtwstore.com\/france\/wp-json\/wp\/v2\/product_tag?post=4928"}],"curies":[{"name":"wp","href":"https:\/\/api.w.org\/{rel}","templated":true}]}}