{"id":4921,"date":"2025-10-03T22:08:14","date_gmt":"2025-10-03T20:08:14","guid":{"rendered":"http:\/\/wtwstore.com\/?post_type=product&#038;p=4921"},"modified":"2026-02-24T08:09:49","modified_gmt":"2026-02-24T07:09:49","slug":"renson-easyflex-round-coupling-piece-o125-mm-with-sealing-rubber","status":"publish","type":"product","link":"https:\/\/wtwstore.com\/france\/product\/renson\/renson-accessories\/renson-easyflex-round-coupling-piece-o125-mm-with-sealing-rubber","title":{"rendered":"Renson EasyFlex Pi\u00e8ce de Raccordement Ronde \u00d8125 mm avec Joint d\u2019\u00c9tanch\u00e9it\u00e9"},"content":{"rendered":"<p>Cette pi\u00e8ce de raccordement fait partie du syst\u00e8me de conduits EasyFlex de Renson. Le m\u00e9canisme de couplage unique assure une \u00e9tanch\u00e9it\u00e9 \u00e0 l\u2019air quasi parfaite. La pi\u00e8ce est \u00e9quip\u00e9e de joints en caoutchouc des deux c\u00f4t\u00e9s. Gr\u00e2ce \u00e0 ces joints, le syst\u00e8me EasyFlex est class\u00e9 en classe d\u2019\u00e9tanch\u00e9it\u00e9 \u00e0 l\u2019air D, ce qui entra\u00eene jusqu\u2019\u00e0 trois fois moins de fuites que la classe C. La connexion peut \u00eatre renforc\u00e9e avec du ruban PVC, bien que cela ne soit pas strictement n\u00e9cessaire.<\/p>","protected":false},"excerpt":{"rendered":"<p>This coupling piece is part of Renson\u2019s EasyFlex duct system. The unique coupling mechanism provides an almost perfect airtight seal. The piece is equipped with rubber seals on both sides. Thanks to these seals, the EasyFlex system falls under airtightness class D, which results in up to three times less leakage compared to class C. [&hellip;]<\/p>","protected":false},"featured_media":5028,"comment_status":"closed","ping_status":"closed","template":"","meta":{"_acf_changed":false,"_monsterinsights_skip_tracking":false,"_monsterinsights_sitenote_active":false,"_monsterinsights_sitenote_note":"","_monsterinsights_sitenote_category":0},"product_brand":[],"product_cat":[215,217],"product_tag":[],"class_list":{"0":"post-4921","1":"product","2":"type-product","3":"status-publish","4":"has-post-thumbnail","6":"product_cat-renson","7":"product_cat-renson-accessories","9":"first","10":"instock","11":"taxable","12":"shipping-taxable","13":"purchasable","14":"product-type-simple"},"acf":[],"yoast_head":"<!-- This site is optimized with the Yoast SEO plugin v27.0 - https:\/\/yoast.com\/product\/yoast-seo-wordpress\/ -->\n<title>Renson EasyFlex Round Coupling Piece \u00d8125\u202fmm With Sealing Rubber | WTW Store<\/title>\n<meta name=\"description\" content=\"This coupling piece is part of Renson\u2019s EasyFlex duct system. The unique coupling mechanism provides an almost perfect airtight seal...\" \/>\n<meta name=\"robots\" content=\"index, follow, max-snippet:-1, max-image-preview:large, max-video-preview:-1\" \/>\n<link rel=\"canonical\" href=\"https:\/\/wtwstore.com\/france\/product\/renson\/renson-accessories\/renson-easyflex-round-coupling-piece-o125-mm-with-sealing-rubber\" \/>\n<meta property=\"og:locale\" content=\"fr_FR\" \/>\n<meta property=\"og:type\" content=\"article\" \/>\n<meta property=\"og:title\" content=\"Renson EasyFlex Round Coupling Piece \u00d8125\u202fmm With Sealing Rubber | WTW Store\" \/>\n<meta property=\"og:description\" content=\"This coupling piece is part of Renson\u2019s EasyFlex duct system. The unique coupling mechanism provides an almost perfect airtight seal...\" \/>\n<meta property=\"og:url\" content=\"https:\/\/wtwstore.com\/france\/product\/renson\/renson-accessories\/renson-easyflex-round-coupling-piece-o125-mm-with-sealing-rubber\" \/>\n<meta property=\"og:site_name\" content=\"WTW Store\" \/>\n<meta property=\"article:modified_time\" content=\"2026-02-24T07:09:49+00:00\" \/>\n<meta property=\"og:image\" content=\"https:\/\/wtwstore.com\/wp-content\/uploads\/2025\/10\/Renson-EasyFlex-Round-Coupling-Piece-O125-mm-With-Sealing-Rubber.jpg\" \/>\n\t<meta property=\"og:image:width\" content=\"1500\" \/>\n\t<meta property=\"og:image:height\" content=\"1500\" \/>\n\t<meta property=\"og:image:type\" content=\"image\/jpeg\" \/>\n<meta name=\"twitter:card\" content=\"summary_large_image\" \/>\n<meta name=\"twitter:label1\" content=\"Dur\u00e9e de lecture est.\" \/>\n\t<meta name=\"twitter:data1\" content=\"1 minute\" \/>\n<script type=\"application\/ld+json\" class=\"yoast-schema-graph\">{\"@context\":\"https:\/\/schema.org\",\"@graph\":[{\"@type\":\"WebPage\",\"@id\":\"https:\/\/wtwstore.com\/product\/renson\/renson-accessories\/renson-easyflex-round-coupling-piece-o125-mm-with-sealing-rubber\",\"url\":\"https:\/\/wtwstore.com\/product\/renson\/renson-accessories\/renson-easyflex-round-coupling-piece-o125-mm-with-sealing-rubber\",\"name\":\"Renson EasyFlex Round Coupling Piece \u00d8125\u202fmm With Sealing Rubber | WTW Store\",\"isPartOf\":{\"@id\":\"https:\/\/wtwstore.com\/#website\"},\"primaryImageOfPage\":{\"@id\":\"https:\/\/wtwstore.com\/product\/renson\/renson-accessories\/renson-easyflex-round-coupling-piece-o125-mm-with-sealing-rubber#primaryimage\"},\"image\":{\"@id\":\"https:\/\/wtwstore.com\/product\/renson\/renson-accessories\/renson-easyflex-round-coupling-piece-o125-mm-with-sealing-rubber#primaryimage\"},\"thumbnailUrl\":\"https:\/\/wtwstore.com\/wp-content\/uploads\/2025\/10\/Renson-EasyFlex-Round-Coupling-Piece-O125-mm-With-Sealing-Rubber.jpg\",\"datePublished\":\"2025-10-03T20:08:14+00:00\",\"dateModified\":\"2026-02-24T07:09:49+00:00\",\"description\":\"This coupling piece is part of Renson\u2019s EasyFlex duct system. The unique coupling mechanism provides an almost perfect airtight seal...\",\"breadcrumb\":{\"@id\":\"https:\/\/wtwstore.com\/product\/renson\/renson-accessories\/renson-easyflex-round-coupling-piece-o125-mm-with-sealing-rubber#breadcrumb\"},\"inLanguage\":\"fr-BE\",\"potentialAction\":[{\"@type\":\"ReadAction\",\"target\":[\"https:\/\/wtwstore.com\/product\/renson\/renson-accessories\/renson-easyflex-round-coupling-piece-o125-mm-with-sealing-rubber\"]}]},{\"@type\":\"ImageObject\",\"inLanguage\":\"fr-BE\",\"@id\":\"https:\/\/wtwstore.com\/product\/renson\/renson-accessories\/renson-easyflex-round-coupling-piece-o125-mm-with-sealing-rubber#primaryimage\",\"url\":\"https:\/\/wtwstore.com\/wp-content\/uploads\/2025\/10\/Renson-EasyFlex-Round-Coupling-Piece-O125-mm-With-Sealing-Rubber.jpg\",\"contentUrl\":\"https:\/\/wtwstore.com\/wp-content\/uploads\/2025\/10\/Renson-EasyFlex-Round-Coupling-Piece-O125-mm-With-Sealing-Rubber.jpg\",\"width\":1500,\"height\":1500,\"caption\":\"Renson EasyFlex Round Coupling Piece \u00d8125\u202fmm With Sealing Rubber\"},{\"@type\":\"BreadcrumbList\",\"@id\":\"https:\/\/wtwstore.com\/product\/renson\/renson-accessories\/renson-easyflex-round-coupling-piece-o125-mm-with-sealing-rubber#breadcrumb\",\"itemListElement\":[{\"@type\":\"ListItem\",\"position\":1,\"name\":\"Home\",\"item\":\"https:\/\/wtwstore.com\/\"},{\"@type\":\"ListItem\",\"position\":2,\"name\":\"Web-Shop\",\"item\":\"https:\/\/wtwstore.com\/pt\/ventilation-shop\"},{\"@type\":\"ListItem\",\"position\":3,\"name\":\"Renson EasyFlex Round Coupling Piece \u00d8125\u202fmm With Sealing Rubber\"}]},{\"@type\":\"WebSite\",\"@id\":\"https:\/\/wtwstore.com\/#website\",\"url\":\"https:\/\/wtwstore.com\/\",\"name\":\"WTW Store\",\"description\":\"\",\"publisher\":{\"@id\":\"https:\/\/wtwstore.com\/#organization\"},\"potentialAction\":[{\"@type\":\"SearchAction\",\"target\":{\"@type\":\"EntryPoint\",\"urlTemplate\":\"https:\/\/wtwstore.com\/?s={search_term_string}\"},\"query-input\":{\"@type\":\"PropertyValueSpecification\",\"valueRequired\":true,\"valueName\":\"search_term_string\"}}],\"inLanguage\":\"fr-BE\"},{\"@type\":\"Organization\",\"@id\":\"https:\/\/wtwstore.com\/#organization\",\"name\":\"WTW Store\",\"url\":\"https:\/\/wtwstore.com\/\",\"logo\":{\"@type\":\"ImageObject\",\"inLanguage\":\"fr-BE\",\"@id\":\"https:\/\/wtwstore.com\/#\/schema\/logo\/image\/\",\"url\":\"http:\/\/wtwstore.com\/wp-content\/uploads\/2025\/04\/wtwstore-thumbnail-01.jpg\",\"contentUrl\":\"http:\/\/wtwstore.com\/wp-content\/uploads\/2025\/04\/wtwstore-thumbnail-01.jpg\",\"width\":1500,\"height\":1500,\"caption\":\"WTW Store\"},\"image\":{\"@id\":\"https:\/\/wtwstore.com\/#\/schema\/logo\/image\/\"}}]}<\/script>\n<!-- \/ Yoast SEO plugin. -->","yoast_head_json":{"title":"Renson EasyFlex Pi\u00e8ce de Raccordement Ronde \u00d8125 mm avec Joint d\u2019\u00c9tanch\u00e9it\u00e9 | WTW Store","description":"Ce raccord fait partie du syst\u00e8me de conduits EasyFlex de Renson. Le m\u00e9canisme de couplage unique assure une \u00e9tanch\u00e9it\u00e9 \u00e0 l\u2019air quasi parfaite...","robots":{"index":"index","follow":"follow","max-snippet":"max-snippet:-1","max-image-preview":"max-image-preview:large","max-video-preview":"max-video-preview:-1"},"canonical":"https:\/\/wtwstore.com\/france\/product\/renson\/renson-accessories\/renson-easyflex-round-coupling-piece-o125-mm-with-sealing-rubber","og_locale":"fr_FR","og_type":"article","og_title":"Renson EasyFlex Round Coupling Piece \u00d8125\u202fmm With Sealing Rubber | WTW Store","og_description":"This coupling piece is part of Renson\u2019s EasyFlex duct system. The unique coupling mechanism provides an almost perfect airtight seal...","og_url":"https:\/\/wtwstore.com\/france\/product\/renson\/renson-accessories\/renson-easyflex-round-coupling-piece-o125-mm-with-sealing-rubber","og_site_name":"WTW Store","article_modified_time":"2026-02-24T07:09:49+00:00","og_image":[{"width":1500,"height":1500,"url":"https:\/\/wtwstore.com\/wp-content\/uploads\/2025\/10\/Renson-EasyFlex-Round-Coupling-Piece-O125-mm-With-Sealing-Rubber.jpg","type":"image\/jpeg"}],"twitter_card":"summary_large_image","twitter_misc":{"Dur\u00e9e de lecture est.":"1 minute"},"schema":{"@context":"https:\/\/schema.org","@graph":[{"@type":"WebPage","@id":"https:\/\/wtwstore.com\/product\/renson\/renson-accessories\/renson-easyflex-round-coupling-piece-o125-mm-with-sealing-rubber","url":"https:\/\/wtwstore.com\/product\/renson\/renson-accessories\/renson-easyflex-round-coupling-piece-o125-mm-with-sealing-rubber","name":"Renson EasyFlex Pi\u00e8ce de Raccordement Ronde \u00d8125 mm avec Joint d\u2019\u00c9tanch\u00e9it\u00e9 | WTW Store","isPartOf":{"@id":"https:\/\/wtwstore.com\/#website"},"primaryImageOfPage":{"@id":"https:\/\/wtwstore.com\/product\/renson\/renson-accessories\/renson-easyflex-round-coupling-piece-o125-mm-with-sealing-rubber#primaryimage"},"image":{"@id":"https:\/\/wtwstore.com\/product\/renson\/renson-accessories\/renson-easyflex-round-coupling-piece-o125-mm-with-sealing-rubber#primaryimage"},"thumbnailUrl":"https:\/\/wtwstore.com\/wp-content\/uploads\/2025\/10\/Renson-EasyFlex-Round-Coupling-Piece-O125-mm-With-Sealing-Rubber.jpg","datePublished":"2025-10-03T20:08:14+00:00","dateModified":"2026-02-24T07:09:49+00:00","description":"Ce raccord fait partie du syst\u00e8me de conduits EasyFlex de Renson. Le m\u00e9canisme de couplage unique assure une \u00e9tanch\u00e9it\u00e9 \u00e0 l\u2019air quasi parfaite...","breadcrumb":{"@id":"https:\/\/wtwstore.com\/product\/renson\/renson-accessories\/renson-easyflex-round-coupling-piece-o125-mm-with-sealing-rubber#breadcrumb"},"inLanguage":"fr-BE","potentialAction":[{"@type":"ReadAction","target":["https:\/\/wtwstore.com\/product\/renson\/renson-accessories\/renson-easyflex-round-coupling-piece-o125-mm-with-sealing-rubber"]}]},{"@type":"ImageObject","inLanguage":"fr-BE","@id":"https:\/\/wtwstore.com\/product\/renson\/renson-accessories\/renson-easyflex-round-coupling-piece-o125-mm-with-sealing-rubber#primaryimage","url":"https:\/\/wtwstore.com\/wp-content\/uploads\/2025\/10\/Renson-EasyFlex-Round-Coupling-Piece-O125-mm-With-Sealing-Rubber.jpg","contentUrl":"https:\/\/wtwstore.com\/wp-content\/uploads\/2025\/10\/Renson-EasyFlex-Round-Coupling-Piece-O125-mm-With-Sealing-Rubber.jpg","width":1500,"height":1500,"caption":"Renson EasyFlex Round Coupling Piece \u00d8125\u202fmm With Sealing Rubber"},{"@type":"BreadcrumbList","@id":"https:\/\/wtwstore.com\/product\/renson\/renson-accessories\/renson-easyflex-round-coupling-piece-o125-mm-with-sealing-rubber#breadcrumb","itemListElement":[{"@type":"ListItem","position":1,"name":"Home","item":"https:\/\/wtwstore.com\/"},{"@type":"ListItem","position":2,"name":"Web-Shop","item":"https:\/\/wtwstore.com\/pt\/ventilation-shop"},{"@type":"ListItem","position":3,"name":"Renson EasyFlex Round Coupling Piece \u00d8125\u202fmm With Sealing Rubber"}]},{"@type":"WebSite","@id":"https:\/\/wtwstore.com\/#website","url":"https:\/\/wtwstore.com\/","name":"WTW Store","description":"","publisher":{"@id":"https:\/\/wtwstore.com\/#organization"},"potentialAction":[{"@type":"SearchAction","target":{"@type":"EntryPoint","urlTemplate":"https:\/\/wtwstore.com\/?s={search_term_string}"},"query-input":{"@type":"PropertyValueSpecification","valueRequired":true,"valueName":"search_term_string"}}],"inLanguage":"fr-BE"},{"@type":"Organization","@id":"https:\/\/wtwstore.com\/#organization","name":"WTW Store","url":"https:\/\/wtwstore.com\/","logo":{"@type":"ImageObject","inLanguage":"fr-BE","@id":"https:\/\/wtwstore.com\/#\/schema\/logo\/image\/","url":"http:\/\/wtwstore.com\/wp-content\/uploads\/2025\/04\/wtwstore-thumbnail-01.jpg","contentUrl":"http:\/\/wtwstore.com\/wp-content\/uploads\/2025\/04\/wtwstore-thumbnail-01.jpg","width":1500,"height":1500,"caption":"WTW Store"},"image":{"@id":"https:\/\/wtwstore.com\/#\/schema\/logo\/image\/"}}]}},"_links":{"self":[{"href":"https:\/\/wtwstore.com\/france\/wp-json\/wp\/v2\/product\/4921","targetHints":{"allow":["GET"]}}],"collection":[{"href":"https:\/\/wtwstore.com\/france\/wp-json\/wp\/v2\/product"}],"about":[{"href":"https:\/\/wtwstore.com\/france\/wp-json\/wp\/v2\/types\/product"}],"replies":[{"embeddable":true,"href":"https:\/\/wtwstore.com\/france\/wp-json\/wp\/v2\/comments?post=4921"}],"wp:featuredmedia":[{"embeddable":true,"href":"https:\/\/wtwstore.com\/france\/wp-json\/wp\/v2\/media\/5028"}],"wp:attachment":[{"href":"https:\/\/wtwstore.com\/france\/wp-json\/wp\/v2\/media?parent=4921"}],"wp:term":[{"taxonomy":"product_brand","embeddable":true,"href":"https:\/\/wtwstore.com\/france\/wp-json\/wp\/v2\/product_brand?post=4921"},{"taxonomy":"product_cat","embeddable":true,"href":"https:\/\/wtwstore.com\/france\/wp-json\/wp\/v2\/product_cat?post=4921"},{"taxonomy":"product_tag","embeddable":true,"href":"https:\/\/wtwstore.com\/france\/wp-json\/wp\/v2\/product_tag?post=4921"}],"curies":[{"name":"wp","href":"https:\/\/api.w.org\/{rel}","templated":true}]}}