{"id":4916,"date":"2025-10-03T20:40:04","date_gmt":"2025-10-03T18:40:04","guid":{"rendered":"http:\/\/wtwstore.com\/?post_type=product&#038;p=4916"},"modified":"2026-02-24T08:09:53","modified_gmt":"2026-02-24T07:09:53","slug":"renson-design-roof-terminal-150-160-mm-universal-for-pitched-roof-black","status":"publish","type":"product","link":"https:\/\/wtwstore.com\/france\/product\/brands\/renson-brands\/renson-design-roof-terminal-150-160-mm-universal-for-pitched-roof-black","title":{"rendered":"Renson Design Sortie de Toit 150\/160 mm Universelle pour Toit Inclin\u00e9 Noir"},"content":{"rendered":"<p>La sortie de toit design de la marque belge de qualit\u00e9 Renson est con\u00e7ue pour une \u00e9vacuation optimale de l\u2019air de ventilation par la toiture. Elle se distingue par son excellence technique et son design attrayant. Sa forme unique garantit une tr\u00e8s faible r\u00e9sistance \u00e0 l\u2019air, ce qui am\u00e9liore les performances du syst\u00e8me de ventilation. De plus, la sortie de toit pr\u00e9sente une apparence \u00e9l\u00e9gante et s\u2019int\u00e8gre parfaitement aux tuiles modernes et traditionnelles. Un choix conscient a \u00e9t\u00e9 fait d\u2019utiliser un mat\u00e9riau sans plomb pour l\u2019int\u00e9gration. La tuile universelle sur laquelle la sortie est mont\u00e9e est fabriqu\u00e9e en polypropyl\u00e8ne de haute qualit\u00e9.<\/p>","protected":false},"excerpt":{"rendered":"<p>The design roof terminal from the Belgian quality brand Renson is engineered for optimal ventilation air discharge through the roof. It is characterized by its technical excellence and attractive design. Its unique shape ensures extremely low air resistance, which enhances the performance of the ventilation system. Moreover, the roof terminal has a visually appealing look [&hellip;]<\/p>","protected":false},"featured_media":5019,"comment_status":"closed","ping_status":"closed","template":"","meta":{"_acf_changed":false,"_monsterinsights_skip_tracking":false,"_monsterinsights_sitenote_active":false,"_monsterinsights_sitenote_note":"","_monsterinsights_sitenote_category":0},"product_brand":[],"product_cat":[313,304,215,217],"product_tag":[],"class_list":{"0":"post-4916","1":"product","2":"type-product","3":"status-publish","4":"has-post-thumbnail","6":"product_cat-renson-brands","7":"product_cat-renson-design-roof-penetrations","8":"product_cat-renson","9":"product_cat-renson-accessories","11":"first","12":"instock","13":"taxable","14":"shipping-taxable","15":"purchasable","16":"product-type-simple"},"acf":[],"yoast_head":"<!-- This site is optimized with the Yoast SEO plugin v27.0 - https:\/\/yoast.com\/product\/yoast-seo-wordpress\/ -->\n<title>Renson Design Roof Terminal 150\/160\u202fmm Universal for Pitched Roof Black | WTW Store<\/title>\n<meta name=\"description\" content=\"The design roof terminal from the Belgian quality brand Renson is engineered for optimal ventilation air discharge through the roof. It is characterized...\" \/>\n<meta name=\"robots\" content=\"index, follow, max-snippet:-1, max-image-preview:large, max-video-preview:-1\" \/>\n<link rel=\"canonical\" href=\"https:\/\/wtwstore.com\/france\/product\/brands\/renson-brands\/renson-design-roof-terminal-150-160-mm-universal-for-pitched-roof-black\/\" \/>\n<meta property=\"og:locale\" content=\"fr_FR\" \/>\n<meta property=\"og:type\" content=\"article\" \/>\n<meta property=\"og:title\" content=\"Renson Design Roof Terminal 150\/160\u202fmm Universal for Pitched Roof Black | WTW Store\" \/>\n<meta property=\"og:description\" content=\"The design roof terminal from the Belgian quality brand Renson is engineered for optimal ventilation air discharge through the roof. It is characterized...\" \/>\n<meta property=\"og:url\" content=\"https:\/\/wtwstore.com\/france\/product\/brands\/renson-brands\/renson-design-roof-terminal-150-160-mm-universal-for-pitched-roof-black\/\" \/>\n<meta property=\"og:site_name\" content=\"WTW Store\" \/>\n<meta property=\"article:modified_time\" content=\"2026-02-24T07:09:53+00:00\" \/>\n<meta property=\"og:image\" content=\"https:\/\/wtwstore.com\/wp-content\/uploads\/2025\/10\/Renson-Design-Roof-Terminal-150-160-mm-Universal-for-Pitched-Roof-Black.jpg\" \/>\n\t<meta property=\"og:image:width\" content=\"1500\" \/>\n\t<meta property=\"og:image:height\" content=\"1500\" \/>\n\t<meta property=\"og:image:type\" content=\"image\/jpeg\" \/>\n<meta name=\"twitter:card\" content=\"summary_large_image\" \/>\n<meta name=\"twitter:label1\" content=\"Dur\u00e9e de lecture est.\" \/>\n\t<meta name=\"twitter:data1\" content=\"1 minute\" \/>\n<script type=\"application\/ld+json\" class=\"yoast-schema-graph\">{\"@context\":\"https:\/\/schema.org\",\"@graph\":[{\"@type\":\"WebPage\",\"@id\":\"https:\/\/wtwstore.com\/deutschland\/product\/brands\/renson-brands\/renson-design-roof-terminal-150-160-mm-universal-for-pitched-roof-black\",\"url\":\"https:\/\/wtwstore.com\/deutschland\/product\/brands\/renson-brands\/renson-design-roof-terminal-150-160-mm-universal-for-pitched-roof-black\",\"name\":\"Renson Design Roof Terminal 150\/160\u202fmm Universal for Pitched Roof Black | WTW Store\",\"isPartOf\":{\"@id\":\"https:\/\/wtwstore.com\/#website\"},\"primaryImageOfPage\":{\"@id\":\"https:\/\/wtwstore.com\/deutschland\/product\/brands\/renson-brands\/renson-design-roof-terminal-150-160-mm-universal-for-pitched-roof-black#primaryimage\"},\"image\":{\"@id\":\"https:\/\/wtwstore.com\/deutschland\/product\/brands\/renson-brands\/renson-design-roof-terminal-150-160-mm-universal-for-pitched-roof-black#primaryimage\"},\"thumbnailUrl\":\"https:\/\/wtwstore.com\/wp-content\/uploads\/2025\/10\/Renson-Design-Roof-Terminal-150-160-mm-Universal-for-Pitched-Roof-Black.jpg\",\"datePublished\":\"2025-10-03T18:40:04+00:00\",\"dateModified\":\"2026-02-24T07:09:53+00:00\",\"description\":\"The design roof terminal from the Belgian quality brand Renson is engineered for optimal ventilation air discharge through the roof. It is characterized...\",\"breadcrumb\":{\"@id\":\"https:\/\/wtwstore.com\/deutschland\/product\/brands\/renson-brands\/renson-design-roof-terminal-150-160-mm-universal-for-pitched-roof-black#breadcrumb\"},\"inLanguage\":\"fr-BE\",\"potentialAction\":[{\"@type\":\"ReadAction\",\"target\":[\"https:\/\/wtwstore.com\/deutschland\/product\/brands\/renson-brands\/renson-design-roof-terminal-150-160-mm-universal-for-pitched-roof-black\"]}]},{\"@type\":\"ImageObject\",\"inLanguage\":\"fr-BE\",\"@id\":\"https:\/\/wtwstore.com\/deutschland\/product\/brands\/renson-brands\/renson-design-roof-terminal-150-160-mm-universal-for-pitched-roof-black#primaryimage\",\"url\":\"https:\/\/wtwstore.com\/wp-content\/uploads\/2025\/10\/Renson-Design-Roof-Terminal-150-160-mm-Universal-for-Pitched-Roof-Black.jpg\",\"contentUrl\":\"https:\/\/wtwstore.com\/wp-content\/uploads\/2025\/10\/Renson-Design-Roof-Terminal-150-160-mm-Universal-for-Pitched-Roof-Black.jpg\",\"width\":1500,\"height\":1500,\"caption\":\"Renson Design Roof Terminal 150\/160\u202fmm Universal for Pitched Roof Black\"},{\"@type\":\"BreadcrumbList\",\"@id\":\"https:\/\/wtwstore.com\/deutschland\/product\/brands\/renson-brands\/renson-design-roof-terminal-150-160-mm-universal-for-pitched-roof-black#breadcrumb\",\"itemListElement\":[{\"@type\":\"ListItem\",\"position\":1,\"name\":\"Home\",\"item\":\"https:\/\/wtwstore.com\/\"},{\"@type\":\"ListItem\",\"position\":2,\"name\":\"Web-Shop\",\"item\":\"https:\/\/wtwstore.com\/pt\/ventilation-shop\"},{\"@type\":\"ListItem\",\"position\":3,\"name\":\"Renson Design Roof Terminal 150\/160\u202fmm Universal for Pitched Roof Black\"}]},{\"@type\":\"WebSite\",\"@id\":\"https:\/\/wtwstore.com\/#website\",\"url\":\"https:\/\/wtwstore.com\/\",\"name\":\"WTW Store\",\"description\":\"\",\"publisher\":{\"@id\":\"https:\/\/wtwstore.com\/#organization\"},\"potentialAction\":[{\"@type\":\"SearchAction\",\"target\":{\"@type\":\"EntryPoint\",\"urlTemplate\":\"https:\/\/wtwstore.com\/?s={search_term_string}\"},\"query-input\":{\"@type\":\"PropertyValueSpecification\",\"valueRequired\":true,\"valueName\":\"search_term_string\"}}],\"inLanguage\":\"fr-BE\"},{\"@type\":\"Organization\",\"@id\":\"https:\/\/wtwstore.com\/#organization\",\"name\":\"WTW Store\",\"url\":\"https:\/\/wtwstore.com\/\",\"logo\":{\"@type\":\"ImageObject\",\"inLanguage\":\"fr-BE\",\"@id\":\"https:\/\/wtwstore.com\/#\/schema\/logo\/image\/\",\"url\":\"http:\/\/wtwstore.com\/wp-content\/uploads\/2025\/04\/wtwstore-thumbnail-01.jpg\",\"contentUrl\":\"http:\/\/wtwstore.com\/wp-content\/uploads\/2025\/04\/wtwstore-thumbnail-01.jpg\",\"width\":1500,\"height\":1500,\"caption\":\"WTW Store\"},\"image\":{\"@id\":\"https:\/\/wtwstore.com\/#\/schema\/logo\/image\/\"}}]}<\/script>\n<!-- \/ Yoast SEO plugin. -->","yoast_head_json":{"title":"Renson Design Sortie de Toit 150\/160 mm Universelle pour Toit Inclin\u00e9 Noir | WTW Store","description":"La sortie de toit design de la marque belge de qualit\u00e9 Renson est con\u00e7ue pour une \u00e9vacuation optimale de l\u2019air de ventilation par le toit. Elle se caract\u00e9rise par...","robots":{"index":"index","follow":"follow","max-snippet":"max-snippet:-1","max-image-preview":"max-image-preview:large","max-video-preview":"max-video-preview:-1"},"canonical":"https:\/\/wtwstore.com\/france\/product\/brands\/renson-brands\/renson-design-roof-terminal-150-160-mm-universal-for-pitched-roof-black\/","og_locale":"fr_FR","og_type":"article","og_title":"Renson Design Roof Terminal 150\/160\u202fmm Universal for Pitched Roof Black | WTW Store","og_description":"The design roof terminal from the Belgian quality brand Renson is engineered for optimal ventilation air discharge through the roof. It is characterized...","og_url":"https:\/\/wtwstore.com\/france\/product\/brands\/renson-brands\/renson-design-roof-terminal-150-160-mm-universal-for-pitched-roof-black\/","og_site_name":"WTW Store","article_modified_time":"2026-02-24T07:09:53+00:00","og_image":[{"width":1500,"height":1500,"url":"https:\/\/wtwstore.com\/wp-content\/uploads\/2025\/10\/Renson-Design-Roof-Terminal-150-160-mm-Universal-for-Pitched-Roof-Black.jpg","type":"image\/jpeg"}],"twitter_card":"summary_large_image","twitter_misc":{"Dur\u00e9e de lecture est.":"1 minute"},"schema":{"@context":"https:\/\/schema.org","@graph":[{"@type":"WebPage","@id":"https:\/\/wtwstore.com\/deutschland\/product\/brands\/renson-brands\/renson-design-roof-terminal-150-160-mm-universal-for-pitched-roof-black","url":"https:\/\/wtwstore.com\/deutschland\/product\/brands\/renson-brands\/renson-design-roof-terminal-150-160-mm-universal-for-pitched-roof-black","name":"Renson Design Sortie de Toit 150\/160 mm Universelle pour Toit Inclin\u00e9 Noir | WTW Store","isPartOf":{"@id":"https:\/\/wtwstore.com\/#website"},"primaryImageOfPage":{"@id":"https:\/\/wtwstore.com\/deutschland\/product\/brands\/renson-brands\/renson-design-roof-terminal-150-160-mm-universal-for-pitched-roof-black#primaryimage"},"image":{"@id":"https:\/\/wtwstore.com\/deutschland\/product\/brands\/renson-brands\/renson-design-roof-terminal-150-160-mm-universal-for-pitched-roof-black#primaryimage"},"thumbnailUrl":"https:\/\/wtwstore.com\/wp-content\/uploads\/2025\/10\/Renson-Design-Roof-Terminal-150-160-mm-Universal-for-Pitched-Roof-Black.jpg","datePublished":"2025-10-03T18:40:04+00:00","dateModified":"2026-02-24T07:09:53+00:00","description":"La sortie de toit design de la marque belge de qualit\u00e9 Renson est con\u00e7ue pour une \u00e9vacuation optimale de l\u2019air de ventilation par le toit. Elle se caract\u00e9rise par...","breadcrumb":{"@id":"https:\/\/wtwstore.com\/deutschland\/product\/brands\/renson-brands\/renson-design-roof-terminal-150-160-mm-universal-for-pitched-roof-black#breadcrumb"},"inLanguage":"fr-BE","potentialAction":[{"@type":"ReadAction","target":["https:\/\/wtwstore.com\/deutschland\/product\/brands\/renson-brands\/renson-design-roof-terminal-150-160-mm-universal-for-pitched-roof-black"]}]},{"@type":"ImageObject","inLanguage":"fr-BE","@id":"https:\/\/wtwstore.com\/deutschland\/product\/brands\/renson-brands\/renson-design-roof-terminal-150-160-mm-universal-for-pitched-roof-black#primaryimage","url":"https:\/\/wtwstore.com\/wp-content\/uploads\/2025\/10\/Renson-Design-Roof-Terminal-150-160-mm-Universal-for-Pitched-Roof-Black.jpg","contentUrl":"https:\/\/wtwstore.com\/wp-content\/uploads\/2025\/10\/Renson-Design-Roof-Terminal-150-160-mm-Universal-for-Pitched-Roof-Black.jpg","width":1500,"height":1500,"caption":"Renson Design Roof Terminal 150\/160\u202fmm Universal for Pitched Roof Black"},{"@type":"BreadcrumbList","@id":"https:\/\/wtwstore.com\/deutschland\/product\/brands\/renson-brands\/renson-design-roof-terminal-150-160-mm-universal-for-pitched-roof-black#breadcrumb","itemListElement":[{"@type":"ListItem","position":1,"name":"Home","item":"https:\/\/wtwstore.com\/"},{"@type":"ListItem","position":2,"name":"Web-Shop","item":"https:\/\/wtwstore.com\/pt\/ventilation-shop"},{"@type":"ListItem","position":3,"name":"Renson Design Roof Terminal 150\/160\u202fmm Universal for Pitched Roof Black"}]},{"@type":"WebSite","@id":"https:\/\/wtwstore.com\/#website","url":"https:\/\/wtwstore.com\/","name":"WTW Store","description":"","publisher":{"@id":"https:\/\/wtwstore.com\/#organization"},"potentialAction":[{"@type":"SearchAction","target":{"@type":"EntryPoint","urlTemplate":"https:\/\/wtwstore.com\/?s={search_term_string}"},"query-input":{"@type":"PropertyValueSpecification","valueRequired":true,"valueName":"search_term_string"}}],"inLanguage":"fr-BE"},{"@type":"Organization","@id":"https:\/\/wtwstore.com\/#organization","name":"WTW Store","url":"https:\/\/wtwstore.com\/","logo":{"@type":"ImageObject","inLanguage":"fr-BE","@id":"https:\/\/wtwstore.com\/#\/schema\/logo\/image\/","url":"http:\/\/wtwstore.com\/wp-content\/uploads\/2025\/04\/wtwstore-thumbnail-01.jpg","contentUrl":"http:\/\/wtwstore.com\/wp-content\/uploads\/2025\/04\/wtwstore-thumbnail-01.jpg","width":1500,"height":1500,"caption":"WTW Store"},"image":{"@id":"https:\/\/wtwstore.com\/#\/schema\/logo\/image\/"}}]}},"_links":{"self":[{"href":"https:\/\/wtwstore.com\/france\/wp-json\/wp\/v2\/product\/4916","targetHints":{"allow":["GET"]}}],"collection":[{"href":"https:\/\/wtwstore.com\/france\/wp-json\/wp\/v2\/product"}],"about":[{"href":"https:\/\/wtwstore.com\/france\/wp-json\/wp\/v2\/types\/product"}],"replies":[{"embeddable":true,"href":"https:\/\/wtwstore.com\/france\/wp-json\/wp\/v2\/comments?post=4916"}],"wp:featuredmedia":[{"embeddable":true,"href":"https:\/\/wtwstore.com\/france\/wp-json\/wp\/v2\/media\/5019"}],"wp:attachment":[{"href":"https:\/\/wtwstore.com\/france\/wp-json\/wp\/v2\/media?parent=4916"}],"wp:term":[{"taxonomy":"product_brand","embeddable":true,"href":"https:\/\/wtwstore.com\/france\/wp-json\/wp\/v2\/product_brand?post=4916"},{"taxonomy":"product_cat","embeddable":true,"href":"https:\/\/wtwstore.com\/france\/wp-json\/wp\/v2\/product_cat?post=4916"},{"taxonomy":"product_tag","embeddable":true,"href":"https:\/\/wtwstore.com\/france\/wp-json\/wp\/v2\/product_tag?post=4916"}],"curies":[{"name":"wp","href":"https:\/\/api.w.org\/{rel}","templated":true}]}}