{"id":1557,"date":"2024-06-24T16:30:39","date_gmt":"2024-06-24T14:30:39","guid":{"rendered":"http:\/\/wtwstore.com\/?post_type=product&#038;p=1557"},"modified":"2026-02-24T08:09:43","modified_gmt":"2026-02-24T07:09:43","slug":"ducobox-energy-premium-heat-recovery-ventilation-hrv-wtw","status":"publish","type":"product","link":"https:\/\/wtwstore.com\/france\/product\/deals-discounts\/our-recommendations\/ducobox-energy-premium-heat-recovery-ventilation-hrv-wtw","title":{"rendered":"DucoBox Energy Premium VMC Double Flux (Ventilation \u00e0 R\u00e9cup\u00e9ration de Chaleur)"},"content":{"rendered":"<p>La DucoBox Energy Premium De Duco Est Le Syst\u00e8me De VMC Double Flux Le Plus Silencieux D\u2019Europe, Con\u00e7u Pour Une Efficacit\u00e9 \u00c9nerg\u00e9tique Exceptionnelle Et Un Contr\u00f4le Optimal Du Climat Int\u00e9rieur Dans Les Maisons Passives Et Neutres En \u00c9nergie. Avec Une Capacit\u00e9 De D\u00e9bit D\u2019air Allant Jusqu\u2019\u00e0 550 M\u00b3\/h Et Disponible En Version Gauche Ou Droite, Elle Offre Une Flexibilit\u00e9 Maximale Pour Les Applications R\u00e9sidentielles. Son Fonctionnement Silencieux Est Permis Gr\u00e2ce \u00c0 L\u2019emplacement Strat\u00e9gique Des Ventilateurs Et \u00c0 Une Isolation Acoustique De Qualit\u00e9 Sup\u00e9rieure.<\/p>\n<p>La Fonction 2 Zones Int\u00e9gr\u00e9e Permet Une Ventilation \u00c0 La Demande Bas\u00e9e Sur Les Mesures De CO\u2082 Et D\u2019humidit\u00e9, Garantissant D\u2019importantes \u00c9conomies D\u2019\u00e9nergie Et Un Confort Thermique Am\u00e9lior\u00e9. Avec Un Calibrage Automatique, Le Temps Et Les Co\u00fbts D\u2019installation Sont R\u00e9duits De 50 %. Certifi\u00e9e Par Le Passive House Institute, Cette Unit\u00e9 Est Id\u00e9ale Pour Les Espaces Techniques Compacts Et Les Projets De Construction Durable.<\/p>","protected":false},"excerpt":{"rendered":"<p>The DucoBox Energy Premium is a silent, energy-efficient MVHR unit ideal for passive homes. With automatic calibration and dual-zone ventilation, it ensures optimal comfort and efficiency.<\/p>","protected":false},"featured_media":4508,"comment_status":"closed","ping_status":"closed","template":"","meta":{"_acf_changed":false,"_monsterinsights_skip_tracking":false,"_monsterinsights_sitenote_active":false,"_monsterinsights_sitenote_note":"","_monsterinsights_sitenote_category":0},"product_brand":[],"product_cat":[311,227,317,17,166,105,223],"product_tag":[60],"class_list":{"0":"post-1557","1":"product","2":"type-product","3":"status-publish","4":"has-post-thumbnail","6":"product_cat-duco-brands","7":"product_cat-ducobox-energy","8":"product_cat-our-recommendations","9":"product_cat-duco","10":"product_cat-ducobox","11":"product_cat-products","12":"product_cat-recommended","13":"product_tag-ducobox-energy-premium","15":"first","16":"instock","17":"taxable","18":"shipping-taxable","19":"purchasable","20":"product-type-variable"},"acf":[],"yoast_head":"<!-- This site is optimized with the Yoast SEO plugin v27.0 - https:\/\/yoast.com\/product\/yoast-seo-wordpress\/ -->\n<title>DucoBox Energy Premium Heat Recovery Ventilation (HRV\/WTW) | WTW Store<\/title>\n<meta name=\"description\" content=\"The DucoBox Energy Premium is Europe\u2019s quietest MVHR unit, certified for passive homes. Efficient, compact and smart. Shop on www.wtwstore.com.\" \/>\n<meta name=\"robots\" content=\"index, follow, max-snippet:-1, max-image-preview:large, max-video-preview:-1\" \/>\n<link rel=\"canonical\" href=\"https:\/\/wtwstore.com\/france\/product\/deals-discounts\/our-recommendations\/ducobox-energy-premium-heat-recovery-ventilation-hrv-wtw\/\" \/>\n<meta property=\"og:locale\" content=\"fr_FR\" \/>\n<meta property=\"og:type\" content=\"article\" \/>\n<meta property=\"og:title\" content=\"DucoBox Energy Premium Heat Recovery Ventilation (HRV\/WTW) | WTW Store\" \/>\n<meta property=\"og:description\" content=\"The DucoBox Energy Premium is Europe\u2019s quietest MVHR unit, certified for passive homes. Efficient, compact and smart. Shop on www.wtwstore.com.\" \/>\n<meta property=\"og:url\" content=\"https:\/\/wtwstore.com\/france\/product\/deals-discounts\/our-recommendations\/ducobox-energy-premium-heat-recovery-ventilation-hrv-wtw\/\" \/>\n<meta property=\"og:site_name\" content=\"WTW Store\" \/>\n<meta property=\"article:modified_time\" content=\"2026-02-24T07:09:43+00:00\" \/>\n<meta property=\"og:image\" content=\"https:\/\/wtwstore.com\/wp-content\/uploads\/2024\/07\/DucoBox-Energy-Premium-Heat-Recovery-Ventilation-HRV-WTW.jpg\" \/>\n\t<meta property=\"og:image:width\" content=\"1500\" \/>\n\t<meta property=\"og:image:height\" content=\"1500\" \/>\n\t<meta property=\"og:image:type\" content=\"image\/jpeg\" \/>\n<meta name=\"twitter:card\" content=\"summary_large_image\" \/>\n<meta name=\"twitter:label1\" content=\"Dur\u00e9e de lecture est.\" \/>\n\t<meta name=\"twitter:data1\" content=\"1 minute\" \/>\n<script type=\"application\/ld+json\" class=\"yoast-schema-graph\">{\"@context\":\"https:\/\/schema.org\",\"@graph\":[{\"@type\":\"WebPage\",\"@id\":\"https:\/\/wtwstore.com\/norge\/product\/deals-discounts\/our-recommendations\/ducobox-energy-premium-heat-recovery-ventilation-hrv-wtw\",\"url\":\"https:\/\/wtwstore.com\/norge\/product\/deals-discounts\/our-recommendations\/ducobox-energy-premium-heat-recovery-ventilation-hrv-wtw\",\"name\":\"DucoBox Energy Premium Heat Recovery Ventilation (HRV\/WTW) | WTW Store\",\"isPartOf\":{\"@id\":\"https:\/\/wtwstore.com\/#website\"},\"primaryImageOfPage\":{\"@id\":\"https:\/\/wtwstore.com\/norge\/product\/deals-discounts\/our-recommendations\/ducobox-energy-premium-heat-recovery-ventilation-hrv-wtw#primaryimage\"},\"image\":{\"@id\":\"https:\/\/wtwstore.com\/norge\/product\/deals-discounts\/our-recommendations\/ducobox-energy-premium-heat-recovery-ventilation-hrv-wtw#primaryimage\"},\"thumbnailUrl\":\"https:\/\/wtwstore.com\/wp-content\/uploads\/2024\/07\/DucoBox-Energy-Premium-Heat-Recovery-Ventilation-HRV-WTW.jpg\",\"datePublished\":\"2024-06-24T14:30:39+00:00\",\"dateModified\":\"2026-02-24T07:09:43+00:00\",\"description\":\"The DucoBox Energy Premium is Europe\u2019s quietest MVHR unit, certified for passive homes. Efficient, compact and smart. Shop on www.wtwstore.com.\",\"breadcrumb\":{\"@id\":\"https:\/\/wtwstore.com\/norge\/product\/deals-discounts\/our-recommendations\/ducobox-energy-premium-heat-recovery-ventilation-hrv-wtw#breadcrumb\"},\"inLanguage\":\"fr-BE\",\"potentialAction\":[{\"@type\":\"ReadAction\",\"target\":[\"https:\/\/wtwstore.com\/norge\/product\/deals-discounts\/our-recommendations\/ducobox-energy-premium-heat-recovery-ventilation-hrv-wtw\"]}]},{\"@type\":\"ImageObject\",\"inLanguage\":\"fr-BE\",\"@id\":\"https:\/\/wtwstore.com\/norge\/product\/deals-discounts\/our-recommendations\/ducobox-energy-premium-heat-recovery-ventilation-hrv-wtw#primaryimage\",\"url\":\"https:\/\/wtwstore.com\/wp-content\/uploads\/2024\/07\/DucoBox-Energy-Premium-Heat-Recovery-Ventilation-HRV-WTW.jpg\",\"contentUrl\":\"https:\/\/wtwstore.com\/wp-content\/uploads\/2024\/07\/DucoBox-Energy-Premium-Heat-Recovery-Ventilation-HRV-WTW.jpg\",\"width\":1500,\"height\":1500,\"caption\":\"DucoBox Energy Premium Heat Recovery Ventilation (HRV\/WTW)\"},{\"@type\":\"BreadcrumbList\",\"@id\":\"https:\/\/wtwstore.com\/norge\/product\/deals-discounts\/our-recommendations\/ducobox-energy-premium-heat-recovery-ventilation-hrv-wtw#breadcrumb\",\"itemListElement\":[{\"@type\":\"ListItem\",\"position\":1,\"name\":\"Home\",\"item\":\"https:\/\/wtwstore.com\/\"},{\"@type\":\"ListItem\",\"position\":2,\"name\":\"Web-Shop\",\"item\":\"https:\/\/wtwstore.com\/pt\/ventilation-shop\"},{\"@type\":\"ListItem\",\"position\":3,\"name\":\"DucoBox Energy Premium Heat Recovery Ventilation (HRV\/WTW)\"}]},{\"@type\":\"WebSite\",\"@id\":\"https:\/\/wtwstore.com\/#website\",\"url\":\"https:\/\/wtwstore.com\/\",\"name\":\"WTW Store\",\"description\":\"\",\"publisher\":{\"@id\":\"https:\/\/wtwstore.com\/#organization\"},\"potentialAction\":[{\"@type\":\"SearchAction\",\"target\":{\"@type\":\"EntryPoint\",\"urlTemplate\":\"https:\/\/wtwstore.com\/?s={search_term_string}\"},\"query-input\":{\"@type\":\"PropertyValueSpecification\",\"valueRequired\":true,\"valueName\":\"search_term_string\"}}],\"inLanguage\":\"fr-BE\"},{\"@type\":\"Organization\",\"@id\":\"https:\/\/wtwstore.com\/#organization\",\"name\":\"WTW Store\",\"url\":\"https:\/\/wtwstore.com\/\",\"logo\":{\"@type\":\"ImageObject\",\"inLanguage\":\"fr-BE\",\"@id\":\"https:\/\/wtwstore.com\/#\/schema\/logo\/image\/\",\"url\":\"http:\/\/wtwstore.com\/wp-content\/uploads\/2025\/04\/wtwstore-thumbnail-01.jpg\",\"contentUrl\":\"http:\/\/wtwstore.com\/wp-content\/uploads\/2025\/04\/wtwstore-thumbnail-01.jpg\",\"width\":1500,\"height\":1500,\"caption\":\"WTW Store\"},\"image\":{\"@id\":\"https:\/\/wtwstore.com\/#\/schema\/logo\/image\/\"}}]}<\/script>\n<!-- \/ Yoast SEO plugin. -->","yoast_head_json":{"title":"DucoBox Energy Premium VMC Double Flux (Ventilation \u00e0 R\u00e9cup\u00e9ration de Chaleur) | WTW Store","description":"Le DucoBox Energy Premium est l\u2019unit\u00e9 VMC double flux la plus silencieuse d\u2019Europe, certifi\u00e9e pour les maisons passives. Efficace, compacte et intelligente. Achetez sur www.wtwstore.com.","robots":{"index":"index","follow":"follow","max-snippet":"max-snippet:-1","max-image-preview":"max-image-preview:large","max-video-preview":"max-video-preview:-1"},"canonical":"https:\/\/wtwstore.com\/france\/product\/deals-discounts\/our-recommendations\/ducobox-energy-premium-heat-recovery-ventilation-hrv-wtw\/","og_locale":"fr_FR","og_type":"article","og_title":"DucoBox Energy Premium Heat Recovery Ventilation (HRV\/WTW) | WTW Store","og_description":"The DucoBox Energy Premium is Europe\u2019s quietest MVHR unit, certified for passive homes. Efficient, compact and smart. Shop on www.wtwstore.com.","og_url":"https:\/\/wtwstore.com\/france\/product\/deals-discounts\/our-recommendations\/ducobox-energy-premium-heat-recovery-ventilation-hrv-wtw\/","og_site_name":"WTW Store","article_modified_time":"2026-02-24T07:09:43+00:00","og_image":[{"width":1500,"height":1500,"url":"https:\/\/wtwstore.com\/wp-content\/uploads\/2024\/07\/DucoBox-Energy-Premium-Heat-Recovery-Ventilation-HRV-WTW.jpg","type":"image\/jpeg"}],"twitter_card":"summary_large_image","twitter_misc":{"Dur\u00e9e de lecture est.":"1 minute"},"schema":{"@context":"https:\/\/schema.org","@graph":[{"@type":"WebPage","@id":"https:\/\/wtwstore.com\/norge\/product\/deals-discounts\/our-recommendations\/ducobox-energy-premium-heat-recovery-ventilation-hrv-wtw","url":"https:\/\/wtwstore.com\/norge\/product\/deals-discounts\/our-recommendations\/ducobox-energy-premium-heat-recovery-ventilation-hrv-wtw","name":"DucoBox Energy Premium VMC Double Flux (Ventilation \u00e0 R\u00e9cup\u00e9ration de Chaleur) | WTW Store","isPartOf":{"@id":"https:\/\/wtwstore.com\/#website"},"primaryImageOfPage":{"@id":"https:\/\/wtwstore.com\/norge\/product\/deals-discounts\/our-recommendations\/ducobox-energy-premium-heat-recovery-ventilation-hrv-wtw#primaryimage"},"image":{"@id":"https:\/\/wtwstore.com\/norge\/product\/deals-discounts\/our-recommendations\/ducobox-energy-premium-heat-recovery-ventilation-hrv-wtw#primaryimage"},"thumbnailUrl":"https:\/\/wtwstore.com\/wp-content\/uploads\/2024\/07\/DucoBox-Energy-Premium-Heat-Recovery-Ventilation-HRV-WTW.jpg","datePublished":"2024-06-24T14:30:39+00:00","dateModified":"2026-02-24T07:09:43+00:00","description":"Le DucoBox Energy Premium est l\u2019unit\u00e9 VMC double flux la plus silencieuse d\u2019Europe, certifi\u00e9e pour les maisons passives. Efficace, compacte et intelligente. Achetez sur www.wtwstore.com.","breadcrumb":{"@id":"https:\/\/wtwstore.com\/norge\/product\/deals-discounts\/our-recommendations\/ducobox-energy-premium-heat-recovery-ventilation-hrv-wtw#breadcrumb"},"inLanguage":"fr-BE","potentialAction":[{"@type":"ReadAction","target":["https:\/\/wtwstore.com\/norge\/product\/deals-discounts\/our-recommendations\/ducobox-energy-premium-heat-recovery-ventilation-hrv-wtw"]}]},{"@type":"ImageObject","inLanguage":"fr-BE","@id":"https:\/\/wtwstore.com\/norge\/product\/deals-discounts\/our-recommendations\/ducobox-energy-premium-heat-recovery-ventilation-hrv-wtw#primaryimage","url":"https:\/\/wtwstore.com\/wp-content\/uploads\/2024\/07\/DucoBox-Energy-Premium-Heat-Recovery-Ventilation-HRV-WTW.jpg","contentUrl":"https:\/\/wtwstore.com\/wp-content\/uploads\/2024\/07\/DucoBox-Energy-Premium-Heat-Recovery-Ventilation-HRV-WTW.jpg","width":1500,"height":1500,"caption":"DucoBox Energy Premium Heat Recovery Ventilation (HRV\/WTW)"},{"@type":"BreadcrumbList","@id":"https:\/\/wtwstore.com\/norge\/product\/deals-discounts\/our-recommendations\/ducobox-energy-premium-heat-recovery-ventilation-hrv-wtw#breadcrumb","itemListElement":[{"@type":"ListItem","position":1,"name":"Home","item":"https:\/\/wtwstore.com\/"},{"@type":"ListItem","position":2,"name":"Web-Shop","item":"https:\/\/wtwstore.com\/pt\/ventilation-shop"},{"@type":"ListItem","position":3,"name":"DucoBox Energy Premium Heat Recovery Ventilation (HRV\/WTW)"}]},{"@type":"WebSite","@id":"https:\/\/wtwstore.com\/#website","url":"https:\/\/wtwstore.com\/","name":"WTW Store","description":"","publisher":{"@id":"https:\/\/wtwstore.com\/#organization"},"potentialAction":[{"@type":"SearchAction","target":{"@type":"EntryPoint","urlTemplate":"https:\/\/wtwstore.com\/?s={search_term_string}"},"query-input":{"@type":"PropertyValueSpecification","valueRequired":true,"valueName":"search_term_string"}}],"inLanguage":"fr-BE"},{"@type":"Organization","@id":"https:\/\/wtwstore.com\/#organization","name":"WTW Store","url":"https:\/\/wtwstore.com\/","logo":{"@type":"ImageObject","inLanguage":"fr-BE","@id":"https:\/\/wtwstore.com\/#\/schema\/logo\/image\/","url":"http:\/\/wtwstore.com\/wp-content\/uploads\/2025\/04\/wtwstore-thumbnail-01.jpg","contentUrl":"http:\/\/wtwstore.com\/wp-content\/uploads\/2025\/04\/wtwstore-thumbnail-01.jpg","width":1500,"height":1500,"caption":"WTW Store"},"image":{"@id":"https:\/\/wtwstore.com\/#\/schema\/logo\/image\/"}}]}},"_links":{"self":[{"href":"https:\/\/wtwstore.com\/france\/wp-json\/wp\/v2\/product\/1557","targetHints":{"allow":["GET"]}}],"collection":[{"href":"https:\/\/wtwstore.com\/france\/wp-json\/wp\/v2\/product"}],"about":[{"href":"https:\/\/wtwstore.com\/france\/wp-json\/wp\/v2\/types\/product"}],"replies":[{"embeddable":true,"href":"https:\/\/wtwstore.com\/france\/wp-json\/wp\/v2\/comments?post=1557"}],"wp:featuredmedia":[{"embeddable":true,"href":"https:\/\/wtwstore.com\/france\/wp-json\/wp\/v2\/media\/4508"}],"wp:attachment":[{"href":"https:\/\/wtwstore.com\/france\/wp-json\/wp\/v2\/media?parent=1557"}],"wp:term":[{"taxonomy":"product_brand","embeddable":true,"href":"https:\/\/wtwstore.com\/france\/wp-json\/wp\/v2\/product_brand?post=1557"},{"taxonomy":"product_cat","embeddable":true,"href":"https:\/\/wtwstore.com\/france\/wp-json\/wp\/v2\/product_cat?post=1557"},{"taxonomy":"product_tag","embeddable":true,"href":"https:\/\/wtwstore.com\/france\/wp-json\/wp\/v2\/product_tag?post=1557"}],"curies":[{"name":"wp","href":"https:\/\/api.w.org\/{rel}","templated":true}]}}