{"id":4987,"date":"2025-10-04T04:06:49","date_gmt":"2025-10-04T02:06:49","guid":{"rendered":"http:\/\/wtwstore.com\/?post_type=product&#038;p=4987"},"modified":"2026-02-24T08:09:55","modified_gmt":"2026-02-24T07:09:55","slug":"renson-sense-room-sensor-kit-1x-sense-for-flux-flat-wtw-units","status":"publish","type":"product","link":"https:\/\/wtwstore.com\/fr\/product\/brands\/renson-brands\/renson-sense-room-sensor-kit-1x-sense-for-flux-flat-wtw-units","title":{"rendered":"Kit Capteur de Pi\u00e8ce Renson Sense 1\u00d7 Sense pour Unit\u00e9s VMC Flux Flat"},"content":{"rendered":"<p>Le Renson Sense est un capteur d\u2019ambiance avanc\u00e9 qui mesure en continu six param\u00e8tres essentiels : le CO\u2082, la temp\u00e9rature, l\u2019humidit\u00e9 relative, les COV (odeurs), le bruit et la lumi\u00e8re. Gr\u00e2ce \u00e0 son grand anneau lumineux LED, vous pouvez voir en un clin d\u2019\u0153il si la qualit\u00e9 de l\u2019air est bonne : bleu pour bonne, orange pour moyenne et rouge pour mauvaise. Des ic\u00f4nes indiquent \u00e9galement quel param\u00e8tre est en dehors des valeurs normales.<\/p>","protected":false},"excerpt":{"rendered":"<p>The Renson Sense is an advanced room sensor that continuously measures six key parameters: CO\u2082, temperature, relative humidity, VOCs (odours), sound, and light. Thanks to the large LED ring, you can see at a glance whether the air quality is good: blue means good, orange means average, and red means poor. In addition, icons indicate [&hellip;]<\/p>","protected":false},"featured_media":5057,"comment_status":"closed","ping_status":"closed","template":"","meta":{"_acf_changed":false,"_monsterinsights_skip_tracking":false,"_monsterinsights_sitenote_active":false,"_monsterinsights_sitenote_note":"","_monsterinsights_sitenote_category":0},"product_brand":[],"product_cat":[313,302,215,217],"product_tag":[],"class_list":{"0":"post-4987","1":"product","2":"type-product","3":"status-publish","4":"has-post-thumbnail","6":"product_cat-renson-brands","7":"product_cat-renson-sense-healthbox-control-modules","8":"product_cat-renson","9":"product_cat-renson-accessories","11":"first","12":"instock","13":"taxable","14":"shipping-taxable","15":"purchasable","16":"product-type-simple"},"acf":[],"yoast_head":"<!-- This site is optimized with the Yoast SEO plugin v27.0 - https:\/\/yoast.com\/product\/yoast-seo-wordpress\/ -->\n<title>Renson Sense Room Sensor Kit 1\u00d7 Sense for Flux Flat WTW Units | WTW Store<\/title>\n<meta name=\"description\" content=\"The Renson Sense is an advanced room sensor that continuously measures six key parameters: CO\u2082, temperature, relative humidity, VOCs (odours), sound...\" \/>\n<meta name=\"robots\" content=\"index, follow, max-snippet:-1, max-image-preview:large, max-video-preview:-1\" \/>\n<link rel=\"canonical\" href=\"https:\/\/wtwstore.com\/fr\/product\/brands\/renson-brands\/renson-sense-room-sensor-kit-1x-sense-for-flux-flat-wtw-units\" \/>\n<meta property=\"og:locale\" content=\"fr_FR\" \/>\n<meta property=\"og:type\" content=\"article\" \/>\n<meta property=\"og:title\" content=\"Renson Sense Room Sensor Kit 1\u00d7 Sense for Flux Flat WTW Units | WTW Store\" \/>\n<meta property=\"og:description\" content=\"The Renson Sense is an advanced room sensor that continuously measures six key parameters: CO\u2082, temperature, relative humidity, VOCs (odours), sound...\" \/>\n<meta property=\"og:url\" content=\"https:\/\/wtwstore.com\/fr\/product\/brands\/renson-brands\/renson-sense-room-sensor-kit-1x-sense-for-flux-flat-wtw-units\" \/>\n<meta property=\"og:site_name\" content=\"WTW Store\" \/>\n<meta property=\"article:modified_time\" content=\"2026-02-24T07:09:55+00:00\" \/>\n<meta property=\"og:image\" content=\"https:\/\/wtwstore.com\/wp-content\/uploads\/2025\/10\/Renson-Sense-Room-Sensor-Kit-1\u00d7-Sense-for-Flux-Flat-WTW-Units.jpg\" \/>\n\t<meta property=\"og:image:width\" content=\"1500\" \/>\n\t<meta property=\"og:image:height\" content=\"1500\" \/>\n\t<meta property=\"og:image:type\" content=\"image\/jpeg\" \/>\n<meta name=\"twitter:card\" content=\"summary_large_image\" \/>\n<meta name=\"twitter:label1\" content=\"Dur\u00e9e de lecture estim\u00e9e\" \/>\n\t<meta name=\"twitter:data1\" content=\"1 minute\" \/>\n<script type=\"application\/ld+json\" class=\"yoast-schema-graph\">{\"@context\":\"https:\/\/schema.org\",\"@graph\":[{\"@type\":\"WebPage\",\"@id\":\"https:\/\/wtwstore.com\/product\/brands\/renson-brands\/renson-sense-room-sensor-kit-1x-sense-for-flux-flat-wtw-units\",\"url\":\"https:\/\/wtwstore.com\/product\/brands\/renson-brands\/renson-sense-room-sensor-kit-1x-sense-for-flux-flat-wtw-units\",\"name\":\"Renson Sense Room Sensor Kit 1\u00d7 Sense for Flux Flat WTW Units | WTW Store\",\"isPartOf\":{\"@id\":\"https:\/\/wtwstore.com\/#website\"},\"primaryImageOfPage\":{\"@id\":\"https:\/\/wtwstore.com\/product\/brands\/renson-brands\/renson-sense-room-sensor-kit-1x-sense-for-flux-flat-wtw-units#primaryimage\"},\"image\":{\"@id\":\"https:\/\/wtwstore.com\/product\/brands\/renson-brands\/renson-sense-room-sensor-kit-1x-sense-for-flux-flat-wtw-units#primaryimage\"},\"thumbnailUrl\":\"https:\/\/wtwstore.com\/wp-content\/uploads\/2025\/10\/Renson-Sense-Room-Sensor-Kit-1\u00d7-Sense-for-Flux-Flat-WTW-Units.jpg\",\"datePublished\":\"2025-10-04T02:06:49+00:00\",\"dateModified\":\"2026-02-24T07:09:55+00:00\",\"description\":\"The Renson Sense is an advanced room sensor that continuously measures six key parameters: CO\u2082, temperature, relative humidity, VOCs (odours), sound...\",\"breadcrumb\":{\"@id\":\"https:\/\/wtwstore.com\/product\/brands\/renson-brands\/renson-sense-room-sensor-kit-1x-sense-for-flux-flat-wtw-units#breadcrumb\"},\"inLanguage\":\"fr-FR\",\"potentialAction\":[{\"@type\":\"ReadAction\",\"target\":[\"https:\/\/wtwstore.com\/product\/brands\/renson-brands\/renson-sense-room-sensor-kit-1x-sense-for-flux-flat-wtw-units\"]}]},{\"@type\":\"ImageObject\",\"inLanguage\":\"fr-FR\",\"@id\":\"https:\/\/wtwstore.com\/product\/brands\/renson-brands\/renson-sense-room-sensor-kit-1x-sense-for-flux-flat-wtw-units#primaryimage\",\"url\":\"https:\/\/wtwstore.com\/wp-content\/uploads\/2025\/10\/Renson-Sense-Room-Sensor-Kit-1\u00d7-Sense-for-Flux-Flat-WTW-Units.jpg\",\"contentUrl\":\"https:\/\/wtwstore.com\/wp-content\/uploads\/2025\/10\/Renson-Sense-Room-Sensor-Kit-1\u00d7-Sense-for-Flux-Flat-WTW-Units.jpg\",\"width\":1500,\"height\":1500,\"caption\":\"Renson Sense Room Sensor Kit 1\u00d7 Sense for Flux Flat WTW Units\"},{\"@type\":\"BreadcrumbList\",\"@id\":\"https:\/\/wtwstore.com\/product\/brands\/renson-brands\/renson-sense-room-sensor-kit-1x-sense-for-flux-flat-wtw-units#breadcrumb\",\"itemListElement\":[{\"@type\":\"ListItem\",\"position\":1,\"name\":\"Home\",\"item\":\"https:\/\/wtwstore.com\/\"},{\"@type\":\"ListItem\",\"position\":2,\"name\":\"Web-Shop\",\"item\":\"https:\/\/wtwstore.com\/pt\/ventilation-shop\"},{\"@type\":\"ListItem\",\"position\":3,\"name\":\"Renson Sense Room Sensor Kit 1\u00d7 Sense for Flux Flat WTW Units\"}]},{\"@type\":\"WebSite\",\"@id\":\"https:\/\/wtwstore.com\/#website\",\"url\":\"https:\/\/wtwstore.com\/\",\"name\":\"WTW Store\",\"description\":\"\",\"publisher\":{\"@id\":\"https:\/\/wtwstore.com\/#organization\"},\"potentialAction\":[{\"@type\":\"SearchAction\",\"target\":{\"@type\":\"EntryPoint\",\"urlTemplate\":\"https:\/\/wtwstore.com\/?s={search_term_string}\"},\"query-input\":{\"@type\":\"PropertyValueSpecification\",\"valueRequired\":true,\"valueName\":\"search_term_string\"}}],\"inLanguage\":\"fr-FR\"},{\"@type\":\"Organization\",\"@id\":\"https:\/\/wtwstore.com\/#organization\",\"name\":\"WTW Store\",\"url\":\"https:\/\/wtwstore.com\/\",\"logo\":{\"@type\":\"ImageObject\",\"inLanguage\":\"fr-FR\",\"@id\":\"https:\/\/wtwstore.com\/#\/schema\/logo\/image\/\",\"url\":\"http:\/\/wtwstore.com\/wp-content\/uploads\/2025\/04\/wtwstore-thumbnail-01.jpg\",\"contentUrl\":\"http:\/\/wtwstore.com\/wp-content\/uploads\/2025\/04\/wtwstore-thumbnail-01.jpg\",\"width\":1500,\"height\":1500,\"caption\":\"WTW Store\"},\"image\":{\"@id\":\"https:\/\/wtwstore.com\/#\/schema\/logo\/image\/\"}}]}<\/script>\n<!-- \/ Yoast SEO plugin. -->","yoast_head_json":{"title":"Kit Capteur de Pi\u00e8ce Renson Sense 1\u00d7 Sense pour Unit\u00e9s VMC Flux Flat | WTW Store","description":"Le Renson Sense est un capteur d\u2019ambiance avanc\u00e9 qui mesure en continu six param\u00e8tres cl\u00e9s : le CO\u2082, la temp\u00e9rature, l\u2019humidit\u00e9 relative, les COV (odeurs), le bruit...","robots":{"index":"index","follow":"follow","max-snippet":"max-snippet:-1","max-image-preview":"max-image-preview:large","max-video-preview":"max-video-preview:-1"},"canonical":"https:\/\/wtwstore.com\/fr\/product\/brands\/renson-brands\/renson-sense-room-sensor-kit-1x-sense-for-flux-flat-wtw-units","og_locale":"fr_FR","og_type":"article","og_title":"Renson Sense Room Sensor Kit 1\u00d7 Sense for Flux Flat WTW Units | WTW Store","og_description":"The Renson Sense is an advanced room sensor that continuously measures six key parameters: CO\u2082, temperature, relative humidity, VOCs (odours), sound...","og_url":"https:\/\/wtwstore.com\/fr\/product\/brands\/renson-brands\/renson-sense-room-sensor-kit-1x-sense-for-flux-flat-wtw-units","og_site_name":"WTW Store","article_modified_time":"2026-02-24T07:09:55+00:00","og_image":[{"width":1500,"height":1500,"url":"https:\/\/wtwstore.com\/wp-content\/uploads\/2025\/10\/Renson-Sense-Room-Sensor-Kit-1\u00d7-Sense-for-Flux-Flat-WTW-Units.jpg","type":"image\/jpeg"}],"twitter_card":"summary_large_image","twitter_misc":{"Dur\u00e9e de lecture estim\u00e9e":"1 minute"},"schema":{"@context":"https:\/\/schema.org","@graph":[{"@type":"WebPage","@id":"https:\/\/wtwstore.com\/product\/brands\/renson-brands\/renson-sense-room-sensor-kit-1x-sense-for-flux-flat-wtw-units","url":"https:\/\/wtwstore.com\/product\/brands\/renson-brands\/renson-sense-room-sensor-kit-1x-sense-for-flux-flat-wtw-units","name":"Kit Capteur de Pi\u00e8ce Renson Sense 1\u00d7 Sense pour Unit\u00e9s VMC Flux Flat | WTW Store","isPartOf":{"@id":"https:\/\/wtwstore.com\/#website"},"primaryImageOfPage":{"@id":"https:\/\/wtwstore.com\/product\/brands\/renson-brands\/renson-sense-room-sensor-kit-1x-sense-for-flux-flat-wtw-units#primaryimage"},"image":{"@id":"https:\/\/wtwstore.com\/product\/brands\/renson-brands\/renson-sense-room-sensor-kit-1x-sense-for-flux-flat-wtw-units#primaryimage"},"thumbnailUrl":"https:\/\/wtwstore.com\/wp-content\/uploads\/2025\/10\/Renson-Sense-Room-Sensor-Kit-1\u00d7-Sense-for-Flux-Flat-WTW-Units.jpg","datePublished":"2025-10-04T02:06:49+00:00","dateModified":"2026-02-24T07:09:55+00:00","description":"Le Renson Sense est un capteur d\u2019ambiance avanc\u00e9 qui mesure en continu six param\u00e8tres cl\u00e9s : le CO\u2082, la temp\u00e9rature, l\u2019humidit\u00e9 relative, les COV (odeurs), le bruit...","breadcrumb":{"@id":"https:\/\/wtwstore.com\/product\/brands\/renson-brands\/renson-sense-room-sensor-kit-1x-sense-for-flux-flat-wtw-units#breadcrumb"},"inLanguage":"fr-FR","potentialAction":[{"@type":"ReadAction","target":["https:\/\/wtwstore.com\/product\/brands\/renson-brands\/renson-sense-room-sensor-kit-1x-sense-for-flux-flat-wtw-units"]}]},{"@type":"ImageObject","inLanguage":"fr-FR","@id":"https:\/\/wtwstore.com\/product\/brands\/renson-brands\/renson-sense-room-sensor-kit-1x-sense-for-flux-flat-wtw-units#primaryimage","url":"https:\/\/wtwstore.com\/wp-content\/uploads\/2025\/10\/Renson-Sense-Room-Sensor-Kit-1\u00d7-Sense-for-Flux-Flat-WTW-Units.jpg","contentUrl":"https:\/\/wtwstore.com\/wp-content\/uploads\/2025\/10\/Renson-Sense-Room-Sensor-Kit-1\u00d7-Sense-for-Flux-Flat-WTW-Units.jpg","width":1500,"height":1500,"caption":"Renson Sense Room Sensor Kit 1\u00d7 Sense for Flux Flat WTW Units"},{"@type":"BreadcrumbList","@id":"https:\/\/wtwstore.com\/product\/brands\/renson-brands\/renson-sense-room-sensor-kit-1x-sense-for-flux-flat-wtw-units#breadcrumb","itemListElement":[{"@type":"ListItem","position":1,"name":"Home","item":"https:\/\/wtwstore.com\/"},{"@type":"ListItem","position":2,"name":"Web-Shop","item":"https:\/\/wtwstore.com\/pt\/ventilation-shop"},{"@type":"ListItem","position":3,"name":"Renson Sense Room Sensor Kit 1\u00d7 Sense for Flux Flat WTW Units"}]},{"@type":"WebSite","@id":"https:\/\/wtwstore.com\/#website","url":"https:\/\/wtwstore.com\/","name":"WTW Store","description":"","publisher":{"@id":"https:\/\/wtwstore.com\/#organization"},"potentialAction":[{"@type":"SearchAction","target":{"@type":"EntryPoint","urlTemplate":"https:\/\/wtwstore.com\/?s={search_term_string}"},"query-input":{"@type":"PropertyValueSpecification","valueRequired":true,"valueName":"search_term_string"}}],"inLanguage":"fr-FR"},{"@type":"Organization","@id":"https:\/\/wtwstore.com\/#organization","name":"WTW Store","url":"https:\/\/wtwstore.com\/","logo":{"@type":"ImageObject","inLanguage":"fr-FR","@id":"https:\/\/wtwstore.com\/#\/schema\/logo\/image\/","url":"http:\/\/wtwstore.com\/wp-content\/uploads\/2025\/04\/wtwstore-thumbnail-01.jpg","contentUrl":"http:\/\/wtwstore.com\/wp-content\/uploads\/2025\/04\/wtwstore-thumbnail-01.jpg","width":1500,"height":1500,"caption":"WTW Store"},"image":{"@id":"https:\/\/wtwstore.com\/#\/schema\/logo\/image\/"}}]}},"_links":{"self":[{"href":"https:\/\/wtwstore.com\/fr\/wp-json\/wp\/v2\/product\/4987","targetHints":{"allow":["GET"]}}],"collection":[{"href":"https:\/\/wtwstore.com\/fr\/wp-json\/wp\/v2\/product"}],"about":[{"href":"https:\/\/wtwstore.com\/fr\/wp-json\/wp\/v2\/types\/product"}],"replies":[{"embeddable":true,"href":"https:\/\/wtwstore.com\/fr\/wp-json\/wp\/v2\/comments?post=4987"}],"wp:featuredmedia":[{"embeddable":true,"href":"https:\/\/wtwstore.com\/fr\/wp-json\/wp\/v2\/media\/5057"}],"wp:attachment":[{"href":"https:\/\/wtwstore.com\/fr\/wp-json\/wp\/v2\/media?parent=4987"}],"wp:term":[{"taxonomy":"product_brand","embeddable":true,"href":"https:\/\/wtwstore.com\/fr\/wp-json\/wp\/v2\/product_brand?post=4987"},{"taxonomy":"product_cat","embeddable":true,"href":"https:\/\/wtwstore.com\/fr\/wp-json\/wp\/v2\/product_cat?post=4987"},{"taxonomy":"product_tag","embeddable":true,"href":"https:\/\/wtwstore.com\/fr\/wp-json\/wp\/v2\/product_tag?post=4987"}],"curies":[{"name":"wp","href":"https:\/\/api.w.org\/{rel}","templated":true}]}}