{"id":4946,"date":"2025-10-04T00:36:22","date_gmt":"2025-10-03T22:36:22","guid":{"rendered":"http:\/\/wtwstore.com\/?post_type=product&#038;p=4946"},"modified":"2026-02-24T08:09:56","modified_gmt":"2026-02-24T07:09:56","slug":"renson-oxygreen-light-with-humidity-sensor-372-m%c2%b3-h-perilex","status":"publish","type":"product","link":"https:\/\/wtwstore.com\/fr\/product\/brands\/zehnder-brands\/renson-oxygreen-light-with-humidity-sensor-372-m%c2%b3-h-perilex","title":{"rendered":"Renson Oxygreen Light avec Capteur d\u2019Humidit\u00e9 372 m\u00b3\/h Perilex"},"content":{"rendered":"<p>La Renson Oxygreen Light est une unit\u00e9 de ventilation r\u00e9sidentielle innovante et \u00e9conome en \u00e9nergie avec une prise Perilex, con\u00e7ue pour garantir un climat int\u00e9rieur optimal dans votre maison. Ce syst\u00e8me de ventilation de type C de Renson assure une qualit\u00e9 d\u2019air saine et un confort de vie optimal. Dans cet article, vous trouverez toutes les informations techniques et les avantages de l\u2019unit\u00e9 r\u00e9sidentielle Renson Oxygreen Light.<\/p>","protected":false},"excerpt":{"rendered":"<p>The Renson Oxygreen Light is an innovative and energy-efficient residential ventilation unit with a Perilex plug, designed to ensure an optimal indoor climate in your home. This C-type ventilation system from Renson guarantees healthy air quality and a comfortable living environment. In this article, you&#8217;ll find all the technical information and benefits of the Renson [&hellip;]<\/p>","protected":false},"featured_media":5054,"comment_status":"closed","ping_status":"closed","template":"","meta":{"_acf_changed":false,"_monsterinsights_skip_tracking":false,"_monsterinsights_sitenote_active":false,"_monsterinsights_sitenote_note":"","_monsterinsights_sitenote_category":0},"product_brand":[],"product_cat":[299,215,219,309],"product_tag":[],"class_list":{"0":"post-4946","1":"product","2":"type-product","3":"status-publish","4":"has-post-thumbnail","6":"product_cat-co-rh-timers","7":"product_cat-renson","8":"product_cat-renson-oxygreen","9":"product_cat-zehnder-brands","11":"first","12":"instock","13":"taxable","14":"shipping-taxable","15":"purchasable","16":"product-type-simple"},"acf":[],"yoast_head":"<!-- This site is optimized with the Yoast SEO plugin v27.0 - https:\/\/yoast.com\/product\/yoast-seo-wordpress\/ -->\n<title>Renson Oxygreen Light with Humidity Sensor 372\u202fm\u00b3\/h Perilex | WTW Store<\/title>\n<meta name=\"description\" content=\"The Renson Oxygreen Light is an innovative and energy-efficient residential ventilation unit with a Perilex plug, designed to ensure an optimal...\" \/>\n<meta name=\"robots\" content=\"index, follow, max-snippet:-1, max-image-preview:large, max-video-preview:-1\" \/>\n<link rel=\"canonical\" href=\"https:\/\/wtwstore.com\/fr\/product\/brands\/zehnder-brands\/renson-oxygreen-light-with-humidity-sensor-372-m\u00b3-h-perilex\" \/>\n<meta property=\"og:locale\" content=\"fr_FR\" \/>\n<meta property=\"og:type\" content=\"article\" \/>\n<meta property=\"og:title\" content=\"Renson Oxygreen Light with Humidity Sensor 372\u202fm\u00b3\/h Perilex | WTW Store\" \/>\n<meta property=\"og:description\" content=\"The Renson Oxygreen Light is an innovative and energy-efficient residential ventilation unit with a Perilex plug, designed to ensure an optimal...\" \/>\n<meta property=\"og:url\" content=\"https:\/\/wtwstore.com\/fr\/product\/brands\/zehnder-brands\/renson-oxygreen-light-with-humidity-sensor-372-m\u00b3-h-perilex\" \/>\n<meta property=\"og:site_name\" content=\"WTW Store\" \/>\n<meta property=\"article:modified_time\" content=\"2026-02-24T07:09:56+00:00\" \/>\n<meta property=\"og:image\" content=\"https:\/\/wtwstore.com\/wp-content\/uploads\/2025\/10\/Renson-Oxygreen-Light-with-Humidity-Sensor-372-m\u00b3-h-Perilex.jpg\" \/>\n\t<meta property=\"og:image:width\" content=\"1500\" \/>\n\t<meta property=\"og:image:height\" content=\"1500\" \/>\n\t<meta property=\"og:image:type\" content=\"image\/jpeg\" \/>\n<meta name=\"twitter:card\" content=\"summary_large_image\" \/>\n<meta name=\"twitter:label1\" content=\"Dur\u00e9e de lecture estim\u00e9e\" \/>\n\t<meta name=\"twitter:data1\" content=\"1 minute\" \/>\n<script type=\"application\/ld+json\" class=\"yoast-schema-graph\">{\"@context\":\"https:\/\/schema.org\",\"@graph\":[{\"@type\":\"WebPage\",\"@id\":\"https:\/\/wtwstore.com\/product\/brands\/zehnder-brands\/renson-oxygreen-light-with-humidity-sensor-372-m%c2%b3-h-perilex\",\"url\":\"https:\/\/wtwstore.com\/product\/brands\/zehnder-brands\/renson-oxygreen-light-with-humidity-sensor-372-m%c2%b3-h-perilex\",\"name\":\"Renson Oxygreen Light with Humidity Sensor 372\u202fm\u00b3\/h Perilex | WTW Store\",\"isPartOf\":{\"@id\":\"https:\/\/wtwstore.com\/#website\"},\"primaryImageOfPage\":{\"@id\":\"https:\/\/wtwstore.com\/product\/brands\/zehnder-brands\/renson-oxygreen-light-with-humidity-sensor-372-m%c2%b3-h-perilex#primaryimage\"},\"image\":{\"@id\":\"https:\/\/wtwstore.com\/product\/brands\/zehnder-brands\/renson-oxygreen-light-with-humidity-sensor-372-m%c2%b3-h-perilex#primaryimage\"},\"thumbnailUrl\":\"https:\/\/wtwstore.com\/wp-content\/uploads\/2025\/10\/Renson-Oxygreen-Light-with-Humidity-Sensor-372-m\u00b3-h-Perilex.jpg\",\"datePublished\":\"2025-10-03T22:36:22+00:00\",\"dateModified\":\"2026-02-24T07:09:56+00:00\",\"description\":\"The Renson Oxygreen Light is an innovative and energy-efficient residential ventilation unit with a Perilex plug, designed to ensure an optimal...\",\"breadcrumb\":{\"@id\":\"https:\/\/wtwstore.com\/product\/brands\/zehnder-brands\/renson-oxygreen-light-with-humidity-sensor-372-m%c2%b3-h-perilex#breadcrumb\"},\"inLanguage\":\"fr-FR\",\"potentialAction\":[{\"@type\":\"ReadAction\",\"target\":[\"https:\/\/wtwstore.com\/product\/brands\/zehnder-brands\/renson-oxygreen-light-with-humidity-sensor-372-m%c2%b3-h-perilex\"]}]},{\"@type\":\"ImageObject\",\"inLanguage\":\"fr-FR\",\"@id\":\"https:\/\/wtwstore.com\/product\/brands\/zehnder-brands\/renson-oxygreen-light-with-humidity-sensor-372-m%c2%b3-h-perilex#primaryimage\",\"url\":\"https:\/\/wtwstore.com\/wp-content\/uploads\/2025\/10\/Renson-Oxygreen-Light-with-Humidity-Sensor-372-m\u00b3-h-Perilex.jpg\",\"contentUrl\":\"https:\/\/wtwstore.com\/wp-content\/uploads\/2025\/10\/Renson-Oxygreen-Light-with-Humidity-Sensor-372-m\u00b3-h-Perilex.jpg\",\"width\":1500,\"height\":1500,\"caption\":\"Renson Oxygreen Light with Humidity Sensor 372\u202fm\u00b3\/h Perilex\"},{\"@type\":\"BreadcrumbList\",\"@id\":\"https:\/\/wtwstore.com\/product\/brands\/zehnder-brands\/renson-oxygreen-light-with-humidity-sensor-372-m%c2%b3-h-perilex#breadcrumb\",\"itemListElement\":[{\"@type\":\"ListItem\",\"position\":1,\"name\":\"Home\",\"item\":\"https:\/\/wtwstore.com\/\"},{\"@type\":\"ListItem\",\"position\":2,\"name\":\"Web-Shop\",\"item\":\"https:\/\/wtwstore.com\/pt\/ventilation-shop\"},{\"@type\":\"ListItem\",\"position\":3,\"name\":\"Renson Oxygreen Light with Humidity Sensor 372\u202fm\u00b3\/h Perilex\"}]},{\"@type\":\"WebSite\",\"@id\":\"https:\/\/wtwstore.com\/#website\",\"url\":\"https:\/\/wtwstore.com\/\",\"name\":\"WTW Store\",\"description\":\"\",\"publisher\":{\"@id\":\"https:\/\/wtwstore.com\/#organization\"},\"potentialAction\":[{\"@type\":\"SearchAction\",\"target\":{\"@type\":\"EntryPoint\",\"urlTemplate\":\"https:\/\/wtwstore.com\/?s={search_term_string}\"},\"query-input\":{\"@type\":\"PropertyValueSpecification\",\"valueRequired\":true,\"valueName\":\"search_term_string\"}}],\"inLanguage\":\"fr-FR\"},{\"@type\":\"Organization\",\"@id\":\"https:\/\/wtwstore.com\/#organization\",\"name\":\"WTW Store\",\"url\":\"https:\/\/wtwstore.com\/\",\"logo\":{\"@type\":\"ImageObject\",\"inLanguage\":\"fr-FR\",\"@id\":\"https:\/\/wtwstore.com\/#\/schema\/logo\/image\/\",\"url\":\"http:\/\/wtwstore.com\/wp-content\/uploads\/2025\/04\/wtwstore-thumbnail-01.jpg\",\"contentUrl\":\"http:\/\/wtwstore.com\/wp-content\/uploads\/2025\/04\/wtwstore-thumbnail-01.jpg\",\"width\":1500,\"height\":1500,\"caption\":\"WTW Store\"},\"image\":{\"@id\":\"https:\/\/wtwstore.com\/#\/schema\/logo\/image\/\"}}]}<\/script>\n<!-- \/ Yoast SEO plugin. -->","yoast_head_json":{"title":"Renson Oxygreen Light avec Capteur d\u2019Humidit\u00e9 372 m\u00b3\/h Perilex | WTW Store","description":"La Renson Oxygreen Light est une unit\u00e9 de ventilation r\u00e9sidentielle innovante et \u00e9conome en \u00e9nergie avec une prise Perilex, con\u00e7ue pour assurer un climat int\u00e9rieur optimal...","robots":{"index":"index","follow":"follow","max-snippet":"max-snippet:-1","max-image-preview":"max-image-preview:large","max-video-preview":"max-video-preview:-1"},"canonical":"https:\/\/wtwstore.com\/fr\/product\/brands\/zehnder-brands\/renson-oxygreen-light-with-humidity-sensor-372-m\u00b3-h-perilex","og_locale":"fr_FR","og_type":"article","og_title":"Renson Oxygreen Light with Humidity Sensor 372\u202fm\u00b3\/h Perilex | WTW Store","og_description":"The Renson Oxygreen Light is an innovative and energy-efficient residential ventilation unit with a Perilex plug, designed to ensure an optimal...","og_url":"https:\/\/wtwstore.com\/fr\/product\/brands\/zehnder-brands\/renson-oxygreen-light-with-humidity-sensor-372-m\u00b3-h-perilex","og_site_name":"WTW Store","article_modified_time":"2026-02-24T07:09:56+00:00","og_image":[{"width":1500,"height":1500,"url":"https:\/\/wtwstore.com\/wp-content\/uploads\/2025\/10\/Renson-Oxygreen-Light-with-Humidity-Sensor-372-m\u00b3-h-Perilex.jpg","type":"image\/jpeg"}],"twitter_card":"summary_large_image","twitter_misc":{"Dur\u00e9e de lecture estim\u00e9e":"1 minute"},"schema":{"@context":"https:\/\/schema.org","@graph":[{"@type":"WebPage","@id":"https:\/\/wtwstore.com\/product\/brands\/zehnder-brands\/renson-oxygreen-light-with-humidity-sensor-372-m%c2%b3-h-perilex","url":"https:\/\/wtwstore.com\/product\/brands\/zehnder-brands\/renson-oxygreen-light-with-humidity-sensor-372-m%c2%b3-h-perilex","name":"Renson Oxygreen Light avec Capteur d\u2019Humidit\u00e9 372 m\u00b3\/h Perilex | WTW Store","isPartOf":{"@id":"https:\/\/wtwstore.com\/#website"},"primaryImageOfPage":{"@id":"https:\/\/wtwstore.com\/product\/brands\/zehnder-brands\/renson-oxygreen-light-with-humidity-sensor-372-m%c2%b3-h-perilex#primaryimage"},"image":{"@id":"https:\/\/wtwstore.com\/product\/brands\/zehnder-brands\/renson-oxygreen-light-with-humidity-sensor-372-m%c2%b3-h-perilex#primaryimage"},"thumbnailUrl":"https:\/\/wtwstore.com\/wp-content\/uploads\/2025\/10\/Renson-Oxygreen-Light-with-Humidity-Sensor-372-m\u00b3-h-Perilex.jpg","datePublished":"2025-10-03T22:36:22+00:00","dateModified":"2026-02-24T07:09:56+00:00","description":"La Renson Oxygreen Light est une unit\u00e9 de ventilation r\u00e9sidentielle innovante et \u00e9conome en \u00e9nergie avec une prise Perilex, con\u00e7ue pour assurer un climat int\u00e9rieur optimal...","breadcrumb":{"@id":"https:\/\/wtwstore.com\/product\/brands\/zehnder-brands\/renson-oxygreen-light-with-humidity-sensor-372-m%c2%b3-h-perilex#breadcrumb"},"inLanguage":"fr-FR","potentialAction":[{"@type":"ReadAction","target":["https:\/\/wtwstore.com\/product\/brands\/zehnder-brands\/renson-oxygreen-light-with-humidity-sensor-372-m%c2%b3-h-perilex"]}]},{"@type":"ImageObject","inLanguage":"fr-FR","@id":"https:\/\/wtwstore.com\/product\/brands\/zehnder-brands\/renson-oxygreen-light-with-humidity-sensor-372-m%c2%b3-h-perilex#primaryimage","url":"https:\/\/wtwstore.com\/wp-content\/uploads\/2025\/10\/Renson-Oxygreen-Light-with-Humidity-Sensor-372-m\u00b3-h-Perilex.jpg","contentUrl":"https:\/\/wtwstore.com\/wp-content\/uploads\/2025\/10\/Renson-Oxygreen-Light-with-Humidity-Sensor-372-m\u00b3-h-Perilex.jpg","width":1500,"height":1500,"caption":"Renson Oxygreen Light with Humidity Sensor 372\u202fm\u00b3\/h Perilex"},{"@type":"BreadcrumbList","@id":"https:\/\/wtwstore.com\/product\/brands\/zehnder-brands\/renson-oxygreen-light-with-humidity-sensor-372-m%c2%b3-h-perilex#breadcrumb","itemListElement":[{"@type":"ListItem","position":1,"name":"Home","item":"https:\/\/wtwstore.com\/"},{"@type":"ListItem","position":2,"name":"Web-Shop","item":"https:\/\/wtwstore.com\/pt\/ventilation-shop"},{"@type":"ListItem","position":3,"name":"Renson Oxygreen Light with Humidity Sensor 372\u202fm\u00b3\/h Perilex"}]},{"@type":"WebSite","@id":"https:\/\/wtwstore.com\/#website","url":"https:\/\/wtwstore.com\/","name":"WTW Store","description":"","publisher":{"@id":"https:\/\/wtwstore.com\/#organization"},"potentialAction":[{"@type":"SearchAction","target":{"@type":"EntryPoint","urlTemplate":"https:\/\/wtwstore.com\/?s={search_term_string}"},"query-input":{"@type":"PropertyValueSpecification","valueRequired":true,"valueName":"search_term_string"}}],"inLanguage":"fr-FR"},{"@type":"Organization","@id":"https:\/\/wtwstore.com\/#organization","name":"WTW Store","url":"https:\/\/wtwstore.com\/","logo":{"@type":"ImageObject","inLanguage":"fr-FR","@id":"https:\/\/wtwstore.com\/#\/schema\/logo\/image\/","url":"http:\/\/wtwstore.com\/wp-content\/uploads\/2025\/04\/wtwstore-thumbnail-01.jpg","contentUrl":"http:\/\/wtwstore.com\/wp-content\/uploads\/2025\/04\/wtwstore-thumbnail-01.jpg","width":1500,"height":1500,"caption":"WTW Store"},"image":{"@id":"https:\/\/wtwstore.com\/#\/schema\/logo\/image\/"}}]}},"_links":{"self":[{"href":"https:\/\/wtwstore.com\/fr\/wp-json\/wp\/v2\/product\/4946","targetHints":{"allow":["GET"]}}],"collection":[{"href":"https:\/\/wtwstore.com\/fr\/wp-json\/wp\/v2\/product"}],"about":[{"href":"https:\/\/wtwstore.com\/fr\/wp-json\/wp\/v2\/types\/product"}],"replies":[{"embeddable":true,"href":"https:\/\/wtwstore.com\/fr\/wp-json\/wp\/v2\/comments?post=4946"}],"wp:featuredmedia":[{"embeddable":true,"href":"https:\/\/wtwstore.com\/fr\/wp-json\/wp\/v2\/media\/5054"}],"wp:attachment":[{"href":"https:\/\/wtwstore.com\/fr\/wp-json\/wp\/v2\/media?parent=4946"}],"wp:term":[{"taxonomy":"product_brand","embeddable":true,"href":"https:\/\/wtwstore.com\/fr\/wp-json\/wp\/v2\/product_brand?post=4946"},{"taxonomy":"product_cat","embeddable":true,"href":"https:\/\/wtwstore.com\/fr\/wp-json\/wp\/v2\/product_cat?post=4946"},{"taxonomy":"product_tag","embeddable":true,"href":"https:\/\/wtwstore.com\/fr\/wp-json\/wp\/v2\/product_tag?post=4946"}],"curies":[{"name":"wp","href":"https:\/\/api.w.org\/{rel}","templated":true}]}}