{"id":4942,"date":"2025-10-04T00:22:54","date_gmt":"2025-10-03T22:22:54","guid":{"rendered":"http:\/\/wtwstore.com\/?post_type=product&#038;p=4942"},"modified":"2026-02-24T08:09:55","modified_gmt":"2026-02-24T07:09:55","slug":"renson-sense-co%e2%82%82-meter","status":"publish","type":"product","link":"https:\/\/wtwstore.com\/fr\/product\/brands\/renson-brands\/renson-sense-co%e2%82%82-meter","title":{"rendered":"Renson Sense D\u00e9tecteur de CO\u2082"},"content":{"rendered":"<p>Nous, les humains, ne pouvons malheureusement pas d\u00e9tecter les augmentations du taux de CO\u2082. C\u2019est pourquoi nous ne nous rendons souvent pas compte que la qualit\u00e9 de l\u2019air dans nos maisons peut \u00eatre tr\u00e8s mauvaise. Cela peut entra\u00eener des maux de t\u00eate, des naus\u00e9es et des difficult\u00e9s de concentration. Comme nous n\u2019associons pas spontan\u00e9ment ces sympt\u00f4mes \u00e0 un taux de CO\u2082 \u00e9lev\u00e9, nous n\u2019avons pas de r\u00e9flexe naturel pour r\u00e9agir.<\/p>\n<p>Pour cela, il faut un appareil fiable capable de surveiller la situation pour vous. Renson a d\u00e9velopp\u00e9 le Sense, un dispositif de mesure qui contr\u00f4le en continu (24h\/24 et 7j\/7) le niveau de CO\u2082 et bien plus encore dans votre espace.<\/p>","protected":false},"excerpt":{"rendered":"<p>As humans, we unfortunately cannot detect increases in CO\u2082 levels. That\u2019s why we often don\u2019t realize that the air quality in our homes can be very poor. This can lead to headaches, nausea, and concentration problems. Because we don\u2019t immediately associate these symptoms with elevated CO\u2082 levels, we have no natural reflex to take action. [&hellip;]<\/p>","protected":false},"featured_media":5055,"comment_status":"closed","ping_status":"closed","template":"","meta":{"_acf_changed":false,"_monsterinsights_skip_tracking":false,"_monsterinsights_sitenote_active":false,"_monsterinsights_sitenote_note":"","_monsterinsights_sitenote_category":0},"product_brand":[],"product_cat":[313,302,215,217],"product_tag":[],"class_list":{"0":"post-4942","1":"product","2":"type-product","3":"status-publish","4":"has-post-thumbnail","6":"product_cat-renson-brands","7":"product_cat-renson-sense-healthbox-control-modules","8":"product_cat-renson","9":"product_cat-renson-accessories","11":"first","12":"instock","13":"taxable","14":"shipping-taxable","15":"purchasable","16":"product-type-simple"},"acf":[],"yoast_head":"<!-- This site is optimized with the Yoast SEO plugin v27.0 - https:\/\/yoast.com\/product\/yoast-seo-wordpress\/ -->\n<title>Renson Sense CO\u2082 Meter | WTW Store<\/title>\n<meta name=\"description\" content=\"As humans, we unfortunately cannot detect increases in CO\u2082 levels. That\u2019s why we often don\u2019t realize that the air quality in our homes can be very poor...\" \/>\n<meta name=\"robots\" content=\"index, follow, max-snippet:-1, max-image-preview:large, max-video-preview:-1\" \/>\n<link rel=\"canonical\" href=\"https:\/\/wtwstore.com\/fr\/product\/brands\/renson-brands\/renson-sense-co\u2082-meter\/\" \/>\n<meta property=\"og:locale\" content=\"fr_FR\" \/>\n<meta property=\"og:type\" content=\"article\" \/>\n<meta property=\"og:title\" content=\"Renson Sense CO\u2082 Meter | WTW Store\" \/>\n<meta property=\"og:description\" content=\"As humans, we unfortunately cannot detect increases in CO\u2082 levels. That\u2019s why we often don\u2019t realize that the air quality in our homes can be very poor...\" \/>\n<meta property=\"og:url\" content=\"https:\/\/wtwstore.com\/fr\/product\/brands\/renson-brands\/renson-sense-co\u2082-meter\/\" \/>\n<meta property=\"og:site_name\" content=\"WTW Store\" \/>\n<meta property=\"article:modified_time\" content=\"2026-02-24T07:09:55+00:00\" \/>\n<meta property=\"og:image\" content=\"https:\/\/wtwstore.com\/wp-content\/uploads\/2025\/10\/Renson-Sense-CO\u2082-Meter.jpg\" \/>\n\t<meta property=\"og:image:width\" content=\"1500\" \/>\n\t<meta property=\"og:image:height\" content=\"1500\" \/>\n\t<meta property=\"og:image:type\" content=\"image\/jpeg\" \/>\n<meta name=\"twitter:card\" content=\"summary_large_image\" \/>\n<meta name=\"twitter:label1\" content=\"Dur\u00e9e de lecture estim\u00e9e\" \/>\n\t<meta name=\"twitter:data1\" content=\"1 minute\" \/>\n<script type=\"application\/ld+json\" class=\"yoast-schema-graph\">{\"@context\":\"https:\/\/schema.org\",\"@graph\":[{\"@type\":\"WebPage\",\"@id\":\"https:\/\/wtwstore.com\/pt\/product\/brands\/renson-brands\/renson-sense-co%e2%82%82-meter\",\"url\":\"https:\/\/wtwstore.com\/pt\/product\/brands\/renson-brands\/renson-sense-co%e2%82%82-meter\",\"name\":\"Renson Sense CO\u2082 Meter | WTW Store\",\"isPartOf\":{\"@id\":\"https:\/\/wtwstore.com\/#website\"},\"primaryImageOfPage\":{\"@id\":\"https:\/\/wtwstore.com\/pt\/product\/brands\/renson-brands\/renson-sense-co%e2%82%82-meter#primaryimage\"},\"image\":{\"@id\":\"https:\/\/wtwstore.com\/pt\/product\/brands\/renson-brands\/renson-sense-co%e2%82%82-meter#primaryimage\"},\"thumbnailUrl\":\"https:\/\/wtwstore.com\/wp-content\/uploads\/2025\/10\/Renson-Sense-CO\u2082-Meter.jpg\",\"datePublished\":\"2025-10-03T22:22:54+00:00\",\"dateModified\":\"2026-02-24T07:09:55+00:00\",\"description\":\"As humans, we unfortunately cannot detect increases in CO\u2082 levels. That\u2019s why we often don\u2019t realize that the air quality in our homes can be very poor...\",\"breadcrumb\":{\"@id\":\"https:\/\/wtwstore.com\/pt\/product\/brands\/renson-brands\/renson-sense-co%e2%82%82-meter#breadcrumb\"},\"inLanguage\":\"fr-FR\",\"potentialAction\":[{\"@type\":\"ReadAction\",\"target\":[\"https:\/\/wtwstore.com\/pt\/product\/brands\/renson-brands\/renson-sense-co%e2%82%82-meter\"]}]},{\"@type\":\"ImageObject\",\"inLanguage\":\"fr-FR\",\"@id\":\"https:\/\/wtwstore.com\/pt\/product\/brands\/renson-brands\/renson-sense-co%e2%82%82-meter#primaryimage\",\"url\":\"https:\/\/wtwstore.com\/wp-content\/uploads\/2025\/10\/Renson-Sense-CO\u2082-Meter.jpg\",\"contentUrl\":\"https:\/\/wtwstore.com\/wp-content\/uploads\/2025\/10\/Renson-Sense-CO\u2082-Meter.jpg\",\"width\":1500,\"height\":1500,\"caption\":\"Renson Sense CO\u2082 Meter\"},{\"@type\":\"BreadcrumbList\",\"@id\":\"https:\/\/wtwstore.com\/pt\/product\/brands\/renson-brands\/renson-sense-co%e2%82%82-meter#breadcrumb\",\"itemListElement\":[{\"@type\":\"ListItem\",\"position\":1,\"name\":\"Home\",\"item\":\"https:\/\/wtwstore.com\/\"},{\"@type\":\"ListItem\",\"position\":2,\"name\":\"Web-Shop\",\"item\":\"https:\/\/wtwstore.com\/pt\/ventilation-shop\"},{\"@type\":\"ListItem\",\"position\":3,\"name\":\"Renson Sense CO\u2082 Meter\"}]},{\"@type\":\"WebSite\",\"@id\":\"https:\/\/wtwstore.com\/#website\",\"url\":\"https:\/\/wtwstore.com\/\",\"name\":\"WTW Store\",\"description\":\"\",\"publisher\":{\"@id\":\"https:\/\/wtwstore.com\/#organization\"},\"potentialAction\":[{\"@type\":\"SearchAction\",\"target\":{\"@type\":\"EntryPoint\",\"urlTemplate\":\"https:\/\/wtwstore.com\/?s={search_term_string}\"},\"query-input\":{\"@type\":\"PropertyValueSpecification\",\"valueRequired\":true,\"valueName\":\"search_term_string\"}}],\"inLanguage\":\"fr-FR\"},{\"@type\":\"Organization\",\"@id\":\"https:\/\/wtwstore.com\/#organization\",\"name\":\"WTW Store\",\"url\":\"https:\/\/wtwstore.com\/\",\"logo\":{\"@type\":\"ImageObject\",\"inLanguage\":\"fr-FR\",\"@id\":\"https:\/\/wtwstore.com\/#\/schema\/logo\/image\/\",\"url\":\"http:\/\/wtwstore.com\/wp-content\/uploads\/2025\/04\/wtwstore-thumbnail-01.jpg\",\"contentUrl\":\"http:\/\/wtwstore.com\/wp-content\/uploads\/2025\/04\/wtwstore-thumbnail-01.jpg\",\"width\":1500,\"height\":1500,\"caption\":\"WTW Store\"},\"image\":{\"@id\":\"https:\/\/wtwstore.com\/#\/schema\/logo\/image\/\"}}]}<\/script>\n<!-- \/ Yoast SEO plugin. -->","yoast_head_json":{"title":"Renson Sense D\u00e9tecteur de CO\u2082 | WTW Store","description":"En tant qu\u2019\u00eatres humains, nous ne sommes malheureusement pas capables de d\u00e9tecter les hausses de CO\u2082. C\u2019est pourquoi nous ne nous rendons souvent pas compte que la qualit\u00e9 de l\u2019air dans nos maisons peut \u00eatre tr\u00e8s mauvaise...","robots":{"index":"index","follow":"follow","max-snippet":"max-snippet:-1","max-image-preview":"max-image-preview:large","max-video-preview":"max-video-preview:-1"},"canonical":"https:\/\/wtwstore.com\/fr\/product\/brands\/renson-brands\/renson-sense-co\u2082-meter\/","og_locale":"fr_FR","og_type":"article","og_title":"Renson Sense CO\u2082 Meter | WTW Store","og_description":"As humans, we unfortunately cannot detect increases in CO\u2082 levels. That\u2019s why we often don\u2019t realize that the air quality in our homes can be very poor...","og_url":"https:\/\/wtwstore.com\/fr\/product\/brands\/renson-brands\/renson-sense-co\u2082-meter\/","og_site_name":"WTW Store","article_modified_time":"2026-02-24T07:09:55+00:00","og_image":[{"width":1500,"height":1500,"url":"https:\/\/wtwstore.com\/wp-content\/uploads\/2025\/10\/Renson-Sense-CO\u2082-Meter.jpg","type":"image\/jpeg"}],"twitter_card":"summary_large_image","twitter_misc":{"Dur\u00e9e de lecture estim\u00e9e":"1 minute"},"schema":{"@context":"https:\/\/schema.org","@graph":[{"@type":"WebPage","@id":"https:\/\/wtwstore.com\/pt\/product\/brands\/renson-brands\/renson-sense-co%e2%82%82-meter","url":"https:\/\/wtwstore.com\/pt\/product\/brands\/renson-brands\/renson-sense-co%e2%82%82-meter","name":"Renson Sense D\u00e9tecteur de CO\u2082 | WTW Store","isPartOf":{"@id":"https:\/\/wtwstore.com\/#website"},"primaryImageOfPage":{"@id":"https:\/\/wtwstore.com\/pt\/product\/brands\/renson-brands\/renson-sense-co%e2%82%82-meter#primaryimage"},"image":{"@id":"https:\/\/wtwstore.com\/pt\/product\/brands\/renson-brands\/renson-sense-co%e2%82%82-meter#primaryimage"},"thumbnailUrl":"https:\/\/wtwstore.com\/wp-content\/uploads\/2025\/10\/Renson-Sense-CO\u2082-Meter.jpg","datePublished":"2025-10-03T22:22:54+00:00","dateModified":"2026-02-24T07:09:55+00:00","description":"En tant qu\u2019\u00eatres humains, nous ne sommes malheureusement pas capables de d\u00e9tecter les hausses de CO\u2082. C\u2019est pourquoi nous ne nous rendons souvent pas compte que la qualit\u00e9 de l\u2019air dans nos maisons peut \u00eatre tr\u00e8s mauvaise...","breadcrumb":{"@id":"https:\/\/wtwstore.com\/pt\/product\/brands\/renson-brands\/renson-sense-co%e2%82%82-meter#breadcrumb"},"inLanguage":"fr-FR","potentialAction":[{"@type":"ReadAction","target":["https:\/\/wtwstore.com\/pt\/product\/brands\/renson-brands\/renson-sense-co%e2%82%82-meter"]}]},{"@type":"ImageObject","inLanguage":"fr-FR","@id":"https:\/\/wtwstore.com\/pt\/product\/brands\/renson-brands\/renson-sense-co%e2%82%82-meter#primaryimage","url":"https:\/\/wtwstore.com\/wp-content\/uploads\/2025\/10\/Renson-Sense-CO\u2082-Meter.jpg","contentUrl":"https:\/\/wtwstore.com\/wp-content\/uploads\/2025\/10\/Renson-Sense-CO\u2082-Meter.jpg","width":1500,"height":1500,"caption":"Renson Sense CO\u2082 Meter"},{"@type":"BreadcrumbList","@id":"https:\/\/wtwstore.com\/pt\/product\/brands\/renson-brands\/renson-sense-co%e2%82%82-meter#breadcrumb","itemListElement":[{"@type":"ListItem","position":1,"name":"Home","item":"https:\/\/wtwstore.com\/"},{"@type":"ListItem","position":2,"name":"Web-Shop","item":"https:\/\/wtwstore.com\/pt\/ventilation-shop"},{"@type":"ListItem","position":3,"name":"Renson Sense CO\u2082 Meter"}]},{"@type":"WebSite","@id":"https:\/\/wtwstore.com\/#website","url":"https:\/\/wtwstore.com\/","name":"WTW Store","description":"","publisher":{"@id":"https:\/\/wtwstore.com\/#organization"},"potentialAction":[{"@type":"SearchAction","target":{"@type":"EntryPoint","urlTemplate":"https:\/\/wtwstore.com\/?s={search_term_string}"},"query-input":{"@type":"PropertyValueSpecification","valueRequired":true,"valueName":"search_term_string"}}],"inLanguage":"fr-FR"},{"@type":"Organization","@id":"https:\/\/wtwstore.com\/#organization","name":"WTW Store","url":"https:\/\/wtwstore.com\/","logo":{"@type":"ImageObject","inLanguage":"fr-FR","@id":"https:\/\/wtwstore.com\/#\/schema\/logo\/image\/","url":"http:\/\/wtwstore.com\/wp-content\/uploads\/2025\/04\/wtwstore-thumbnail-01.jpg","contentUrl":"http:\/\/wtwstore.com\/wp-content\/uploads\/2025\/04\/wtwstore-thumbnail-01.jpg","width":1500,"height":1500,"caption":"WTW Store"},"image":{"@id":"https:\/\/wtwstore.com\/#\/schema\/logo\/image\/"}}]}},"_links":{"self":[{"href":"https:\/\/wtwstore.com\/fr\/wp-json\/wp\/v2\/product\/4942","targetHints":{"allow":["GET"]}}],"collection":[{"href":"https:\/\/wtwstore.com\/fr\/wp-json\/wp\/v2\/product"}],"about":[{"href":"https:\/\/wtwstore.com\/fr\/wp-json\/wp\/v2\/types\/product"}],"replies":[{"embeddable":true,"href":"https:\/\/wtwstore.com\/fr\/wp-json\/wp\/v2\/comments?post=4942"}],"wp:featuredmedia":[{"embeddable":true,"href":"https:\/\/wtwstore.com\/fr\/wp-json\/wp\/v2\/media\/5055"}],"wp:attachment":[{"href":"https:\/\/wtwstore.com\/fr\/wp-json\/wp\/v2\/media?parent=4942"}],"wp:term":[{"taxonomy":"product_brand","embeddable":true,"href":"https:\/\/wtwstore.com\/fr\/wp-json\/wp\/v2\/product_brand?post=4942"},{"taxonomy":"product_cat","embeddable":true,"href":"https:\/\/wtwstore.com\/fr\/wp-json\/wp\/v2\/product_cat?post=4942"},{"taxonomy":"product_tag","embeddable":true,"href":"https:\/\/wtwstore.com\/fr\/wp-json\/wp\/v2\/product_tag?post=4942"}],"curies":[{"name":"wp","href":"https:\/\/api.w.org\/{rel}","templated":true}]}}