{"id":4980,"date":"2025-10-04T03:47:58","date_gmt":"2025-10-04T01:47:58","guid":{"rendered":"http:\/\/wtwstore.com\/?post_type=product&#038;p=4980"},"modified":"2026-02-24T08:09:53","modified_gmt":"2026-02-24T07:09:53","slug":"surface-mounted-overpressure-grille-wxh-210-x-210-mm-ral7016-anthracite","status":"publish","type":"product","link":"https:\/\/wtwstore.com\/es\/product\/brands\/renson-brands\/surface-mounted-overpressure-grille-wxh-210-x-210-mm-ral7016-anthracite","title":{"rendered":"Rejilla de Sobrepresi\u00f3n Superficial Renson (A\u00d7H) 210 \u00d7 210 mm RAL7016 Antracita"},"content":{"rendered":"<p>La rejilla de sobrepresi\u00f3n de 210 \u00d7 210 mm de la marca de calidad Renson est\u00e1 fabricada en perfil de aluminio AIMgSi 0.5 y pintada en RAL7016 antracita, sin malla contra insectos. Las lamas est\u00e1n unidas mec\u00e1nicamente y se abren y cierran simult\u00e1neamente para reducir el ruido. Se encuentran dentro del marco de aluminio, lo que impide que el viento las mueva cuando est\u00e1n cerradas (en condiciones meteorol\u00f3gicas normales). La rejilla se suministra con tornillos y tacos y cuenta con fijaciones ocultas. La altura total es de 29 mm.<\/p>","protected":false},"excerpt":{"rendered":"<p>The 210 \u00d7 210 mm overpressure grille from the quality brand Renson is made from AIMgSi 0.5 aluminium profile and finished in RAL7016 anthracite, without insect mesh. The louvres are mechanically linked and open and close together to reduce noise. They sit within the aluminium frame, preventing wind from moving them when the louvres are [&hellip;]<\/p>","protected":false},"featured_media":4997,"comment_status":"closed","ping_status":"closed","template":"","meta":{"_acf_changed":false,"_monsterinsights_skip_tracking":false,"_monsterinsights_sitenote_active":false,"_monsterinsights_sitenote_note":"","_monsterinsights_sitenote_category":0},"product_brand":[],"product_cat":[294,313,215,217],"product_tag":[],"class_list":{"0":"post-4980","1":"product","2":"type-product","3":"status-publish","4":"has-post-thumbnail","6":"product_cat-pressure-relief-grilles","7":"product_cat-renson-brands","8":"product_cat-renson","9":"product_cat-renson-accessories","11":"first","12":"instock","13":"taxable","14":"shipping-taxable","15":"purchasable","16":"product-type-simple"},"acf":[],"yoast_head":"<!-- This site is optimized with the Yoast SEO plugin v27.0 - https:\/\/yoast.com\/product\/yoast-seo-wordpress\/ -->\n<title>Renson Surface-Mounted Overpressure Grille (W\u00d7H) 210 \u00d7 210 mm RAL7016 Anthracite | WTW Store<\/title>\n<meta name=\"description\" content=\"The 210 \u00d7 210 mm overpressure grille from the quality brand Renson is made from AIMgSi 0.5 aluminium profile and finished in RAL7016 anthracite...\" \/>\n<meta name=\"robots\" content=\"index, follow, max-snippet:-1, max-image-preview:large, max-video-preview:-1\" \/>\n<link rel=\"canonical\" href=\"https:\/\/wtwstore.com\/es\/product\/brands\/renson-brands\/surface-mounted-overpressure-grille-wxh-210-x-210-mm-ral7016-anthracite\/\" \/>\n<meta property=\"og:locale\" content=\"es_ES\" \/>\n<meta property=\"og:type\" content=\"article\" \/>\n<meta property=\"og:title\" content=\"Renson Surface-Mounted Overpressure Grille (W\u00d7H) 210 \u00d7 210 mm RAL7016 Anthracite | WTW Store\" \/>\n<meta property=\"og:description\" content=\"The 210 \u00d7 210 mm overpressure grille from the quality brand Renson is made from AIMgSi 0.5 aluminium profile and finished in RAL7016 anthracite...\" \/>\n<meta property=\"og:url\" content=\"https:\/\/wtwstore.com\/es\/product\/brands\/renson-brands\/surface-mounted-overpressure-grille-wxh-210-x-210-mm-ral7016-anthracite\/\" \/>\n<meta property=\"og:site_name\" content=\"WTW Store\" \/>\n<meta property=\"article:modified_time\" content=\"2026-02-24T07:09:53+00:00\" \/>\n<meta property=\"og:image\" content=\"https:\/\/wtwstore.com\/wp-content\/uploads\/2025\/10\/Surface-Mounted-Overpressure-Grille-W\u00d7H-210-\u00d7-210-mm-RAL7016-Anthracite.jpg\" \/>\n\t<meta property=\"og:image:width\" content=\"1500\" \/>\n\t<meta property=\"og:image:height\" content=\"1500\" \/>\n\t<meta property=\"og:image:type\" content=\"image\/jpeg\" \/>\n<meta name=\"twitter:card\" content=\"summary_large_image\" \/>\n<meta name=\"twitter:label1\" content=\"Tiempo de lectura\" \/>\n\t<meta name=\"twitter:data1\" content=\"1 minuto\" \/>\n<script type=\"application\/ld+json\" class=\"yoast-schema-graph\">{\"@context\":\"https:\/\/schema.org\",\"@graph\":[{\"@type\":\"WebPage\",\"@id\":\"https:\/\/wtwstore.com\/deutschland\/product\/brands\/renson-brands\/surface-mounted-overpressure-grille-wxh-210-x-210-mm-ral7016-anthracite\",\"url\":\"https:\/\/wtwstore.com\/deutschland\/product\/brands\/renson-brands\/surface-mounted-overpressure-grille-wxh-210-x-210-mm-ral7016-anthracite\",\"name\":\"Renson Surface-Mounted Overpressure Grille (W\u00d7H) 210 \u00d7 210 mm RAL7016 Anthracite | WTW Store\",\"isPartOf\":{\"@id\":\"https:\/\/wtwstore.com\/#website\"},\"primaryImageOfPage\":{\"@id\":\"https:\/\/wtwstore.com\/deutschland\/product\/brands\/renson-brands\/surface-mounted-overpressure-grille-wxh-210-x-210-mm-ral7016-anthracite#primaryimage\"},\"image\":{\"@id\":\"https:\/\/wtwstore.com\/deutschland\/product\/brands\/renson-brands\/surface-mounted-overpressure-grille-wxh-210-x-210-mm-ral7016-anthracite#primaryimage\"},\"thumbnailUrl\":\"https:\/\/wtwstore.com\/wp-content\/uploads\/2025\/10\/Surface-Mounted-Overpressure-Grille-W\u00d7H-210-\u00d7-210-mm-RAL7016-Anthracite.jpg\",\"datePublished\":\"2025-10-04T01:47:58+00:00\",\"dateModified\":\"2026-02-24T07:09:53+00:00\",\"description\":\"The 210 \u00d7 210 mm overpressure grille from the quality brand Renson is made from AIMgSi 0.5 aluminium profile and finished in RAL7016 anthracite...\",\"breadcrumb\":{\"@id\":\"https:\/\/wtwstore.com\/deutschland\/product\/brands\/renson-brands\/surface-mounted-overpressure-grille-wxh-210-x-210-mm-ral7016-anthracite#breadcrumb\"},\"inLanguage\":\"es\",\"potentialAction\":[{\"@type\":\"ReadAction\",\"target\":[\"https:\/\/wtwstore.com\/deutschland\/product\/brands\/renson-brands\/surface-mounted-overpressure-grille-wxh-210-x-210-mm-ral7016-anthracite\"]}]},{\"@type\":\"ImageObject\",\"inLanguage\":\"es\",\"@id\":\"https:\/\/wtwstore.com\/deutschland\/product\/brands\/renson-brands\/surface-mounted-overpressure-grille-wxh-210-x-210-mm-ral7016-anthracite#primaryimage\",\"url\":\"https:\/\/wtwstore.com\/wp-content\/uploads\/2025\/10\/Surface-Mounted-Overpressure-Grille-W\u00d7H-210-\u00d7-210-mm-RAL7016-Anthracite.jpg\",\"contentUrl\":\"https:\/\/wtwstore.com\/wp-content\/uploads\/2025\/10\/Surface-Mounted-Overpressure-Grille-W\u00d7H-210-\u00d7-210-mm-RAL7016-Anthracite.jpg\",\"width\":1500,\"height\":1500,\"caption\":\"Surface-Mounted Overpressure Grille (W\u00d7H) 210 \u00d7 210 mm RAL7016 Anthracite\"},{\"@type\":\"BreadcrumbList\",\"@id\":\"https:\/\/wtwstore.com\/deutschland\/product\/brands\/renson-brands\/surface-mounted-overpressure-grille-wxh-210-x-210-mm-ral7016-anthracite#breadcrumb\",\"itemListElement\":[{\"@type\":\"ListItem\",\"position\":1,\"name\":\"Home\",\"item\":\"https:\/\/wtwstore.com\/\"},{\"@type\":\"ListItem\",\"position\":2,\"name\":\"Web-Shop\",\"item\":\"https:\/\/wtwstore.com\/pt\/ventilation-shop\"},{\"@type\":\"ListItem\",\"position\":3,\"name\":\"Renson Surface-Mounted Overpressure Grille (W\u00d7H) 210 \u00d7 210 mm RAL7016 Anthracite\"}]},{\"@type\":\"WebSite\",\"@id\":\"https:\/\/wtwstore.com\/#website\",\"url\":\"https:\/\/wtwstore.com\/\",\"name\":\"WTW Store\",\"description\":\"\",\"publisher\":{\"@id\":\"https:\/\/wtwstore.com\/#organization\"},\"potentialAction\":[{\"@type\":\"SearchAction\",\"target\":{\"@type\":\"EntryPoint\",\"urlTemplate\":\"https:\/\/wtwstore.com\/?s={search_term_string}\"},\"query-input\":{\"@type\":\"PropertyValueSpecification\",\"valueRequired\":true,\"valueName\":\"search_term_string\"}}],\"inLanguage\":\"es\"},{\"@type\":\"Organization\",\"@id\":\"https:\/\/wtwstore.com\/#organization\",\"name\":\"WTW Store\",\"url\":\"https:\/\/wtwstore.com\/\",\"logo\":{\"@type\":\"ImageObject\",\"inLanguage\":\"es\",\"@id\":\"https:\/\/wtwstore.com\/#\/schema\/logo\/image\/\",\"url\":\"http:\/\/wtwstore.com\/wp-content\/uploads\/2025\/04\/wtwstore-thumbnail-01.jpg\",\"contentUrl\":\"http:\/\/wtwstore.com\/wp-content\/uploads\/2025\/04\/wtwstore-thumbnail-01.jpg\",\"width\":1500,\"height\":1500,\"caption\":\"WTW Store\"},\"image\":{\"@id\":\"https:\/\/wtwstore.com\/#\/schema\/logo\/image\/\"}}]}<\/script>\n<!-- \/ Yoast SEO plugin. -->","yoast_head_json":{"title":"Rejilla de Sobrepresi\u00f3n Superficial Renson (A\u00d7H) 210 \u00d7 210 mm RAL7016 Antracita | WTW Store","description":"La rejilla de sobrepresi\u00f3n de 210 \u00d7 210 mm de la marca de calidad Renson est\u00e1 fabricada con perfil de aluminio AIMgSi 0.5 y acabada en RAL7016 antracita...","robots":{"index":"index","follow":"follow","max-snippet":"max-snippet:-1","max-image-preview":"max-image-preview:large","max-video-preview":"max-video-preview:-1"},"canonical":"https:\/\/wtwstore.com\/es\/product\/brands\/renson-brands\/surface-mounted-overpressure-grille-wxh-210-x-210-mm-ral7016-anthracite\/","og_locale":"es_ES","og_type":"article","og_title":"Renson Surface-Mounted Overpressure Grille (W\u00d7H) 210 \u00d7 210 mm RAL7016 Anthracite | WTW Store","og_description":"The 210 \u00d7 210 mm overpressure grille from the quality brand Renson is made from AIMgSi 0.5 aluminium profile and finished in RAL7016 anthracite...","og_url":"https:\/\/wtwstore.com\/es\/product\/brands\/renson-brands\/surface-mounted-overpressure-grille-wxh-210-x-210-mm-ral7016-anthracite\/","og_site_name":"WTW Store","article_modified_time":"2026-02-24T07:09:53+00:00","og_image":[{"width":1500,"height":1500,"url":"https:\/\/wtwstore.com\/wp-content\/uploads\/2025\/10\/Surface-Mounted-Overpressure-Grille-W\u00d7H-210-\u00d7-210-mm-RAL7016-Anthracite.jpg","type":"image\/jpeg"}],"twitter_card":"summary_large_image","twitter_misc":{"Tiempo de lectura":"1 minuto"},"schema":{"@context":"https:\/\/schema.org","@graph":[{"@type":"WebPage","@id":"https:\/\/wtwstore.com\/deutschland\/product\/brands\/renson-brands\/surface-mounted-overpressure-grille-wxh-210-x-210-mm-ral7016-anthracite","url":"https:\/\/wtwstore.com\/deutschland\/product\/brands\/renson-brands\/surface-mounted-overpressure-grille-wxh-210-x-210-mm-ral7016-anthracite","name":"Rejilla de Sobrepresi\u00f3n Superficial Renson (A\u00d7H) 210 \u00d7 210 mm RAL7016 Antracita | WTW Store","isPartOf":{"@id":"https:\/\/wtwstore.com\/#website"},"primaryImageOfPage":{"@id":"https:\/\/wtwstore.com\/deutschland\/product\/brands\/renson-brands\/surface-mounted-overpressure-grille-wxh-210-x-210-mm-ral7016-anthracite#primaryimage"},"image":{"@id":"https:\/\/wtwstore.com\/deutschland\/product\/brands\/renson-brands\/surface-mounted-overpressure-grille-wxh-210-x-210-mm-ral7016-anthracite#primaryimage"},"thumbnailUrl":"https:\/\/wtwstore.com\/wp-content\/uploads\/2025\/10\/Surface-Mounted-Overpressure-Grille-W\u00d7H-210-\u00d7-210-mm-RAL7016-Anthracite.jpg","datePublished":"2025-10-04T01:47:58+00:00","dateModified":"2026-02-24T07:09:53+00:00","description":"La rejilla de sobrepresi\u00f3n de 210 \u00d7 210 mm de la marca de calidad Renson est\u00e1 fabricada con perfil de aluminio AIMgSi 0.5 y acabada en RAL7016 antracita...","breadcrumb":{"@id":"https:\/\/wtwstore.com\/deutschland\/product\/brands\/renson-brands\/surface-mounted-overpressure-grille-wxh-210-x-210-mm-ral7016-anthracite#breadcrumb"},"inLanguage":"es","potentialAction":[{"@type":"ReadAction","target":["https:\/\/wtwstore.com\/deutschland\/product\/brands\/renson-brands\/surface-mounted-overpressure-grille-wxh-210-x-210-mm-ral7016-anthracite"]}]},{"@type":"ImageObject","inLanguage":"es","@id":"https:\/\/wtwstore.com\/deutschland\/product\/brands\/renson-brands\/surface-mounted-overpressure-grille-wxh-210-x-210-mm-ral7016-anthracite#primaryimage","url":"https:\/\/wtwstore.com\/wp-content\/uploads\/2025\/10\/Surface-Mounted-Overpressure-Grille-W\u00d7H-210-\u00d7-210-mm-RAL7016-Anthracite.jpg","contentUrl":"https:\/\/wtwstore.com\/wp-content\/uploads\/2025\/10\/Surface-Mounted-Overpressure-Grille-W\u00d7H-210-\u00d7-210-mm-RAL7016-Anthracite.jpg","width":1500,"height":1500,"caption":"Surface-Mounted Overpressure Grille (W\u00d7H) 210 \u00d7 210 mm RAL7016 Anthracite"},{"@type":"BreadcrumbList","@id":"https:\/\/wtwstore.com\/deutschland\/product\/brands\/renson-brands\/surface-mounted-overpressure-grille-wxh-210-x-210-mm-ral7016-anthracite#breadcrumb","itemListElement":[{"@type":"ListItem","position":1,"name":"Home","item":"https:\/\/wtwstore.com\/"},{"@type":"ListItem","position":2,"name":"Web-Shop","item":"https:\/\/wtwstore.com\/pt\/ventilation-shop"},{"@type":"ListItem","position":3,"name":"Renson Surface-Mounted Overpressure Grille (W\u00d7H) 210 \u00d7 210 mm RAL7016 Anthracite"}]},{"@type":"WebSite","@id":"https:\/\/wtwstore.com\/#website","url":"https:\/\/wtwstore.com\/","name":"WTW Store","description":"","publisher":{"@id":"https:\/\/wtwstore.com\/#organization"},"potentialAction":[{"@type":"SearchAction","target":{"@type":"EntryPoint","urlTemplate":"https:\/\/wtwstore.com\/?s={search_term_string}"},"query-input":{"@type":"PropertyValueSpecification","valueRequired":true,"valueName":"search_term_string"}}],"inLanguage":"es"},{"@type":"Organization","@id":"https:\/\/wtwstore.com\/#organization","name":"WTW Store","url":"https:\/\/wtwstore.com\/","logo":{"@type":"ImageObject","inLanguage":"es","@id":"https:\/\/wtwstore.com\/#\/schema\/logo\/image\/","url":"http:\/\/wtwstore.com\/wp-content\/uploads\/2025\/04\/wtwstore-thumbnail-01.jpg","contentUrl":"http:\/\/wtwstore.com\/wp-content\/uploads\/2025\/04\/wtwstore-thumbnail-01.jpg","width":1500,"height":1500,"caption":"WTW Store"},"image":{"@id":"https:\/\/wtwstore.com\/#\/schema\/logo\/image\/"}}]}},"_links":{"self":[{"href":"https:\/\/wtwstore.com\/es\/wp-json\/wp\/v2\/product\/4980","targetHints":{"allow":["GET"]}}],"collection":[{"href":"https:\/\/wtwstore.com\/es\/wp-json\/wp\/v2\/product"}],"about":[{"href":"https:\/\/wtwstore.com\/es\/wp-json\/wp\/v2\/types\/product"}],"replies":[{"embeddable":true,"href":"https:\/\/wtwstore.com\/es\/wp-json\/wp\/v2\/comments?post=4980"}],"wp:featuredmedia":[{"embeddable":true,"href":"https:\/\/wtwstore.com\/es\/wp-json\/wp\/v2\/media\/4997"}],"wp:attachment":[{"href":"https:\/\/wtwstore.com\/es\/wp-json\/wp\/v2\/media?parent=4980"}],"wp:term":[{"taxonomy":"product_brand","embeddable":true,"href":"https:\/\/wtwstore.com\/es\/wp-json\/wp\/v2\/product_brand?post=4980"},{"taxonomy":"product_cat","embeddable":true,"href":"https:\/\/wtwstore.com\/es\/wp-json\/wp\/v2\/product_cat?post=4980"},{"taxonomy":"product_tag","embeddable":true,"href":"https:\/\/wtwstore.com\/es\/wp-json\/wp\/v2\/product_tag?post=4980"}],"curies":[{"name":"wp","href":"https:\/\/api.w.org\/{rel}","templated":true}]}}