{"id":4928,"date":"2025-10-03T23:33:02","date_gmt":"2025-10-03T21:33:02","guid":{"rendered":"http:\/\/wtwstore.com\/?post_type=product&#038;p=4928"},"modified":"2026-02-24T08:09:55","modified_gmt":"2026-02-24T07:09:55","slug":"renson-design-flex-xl-roof-terminal-180-200-mm-lead-free-flexible-flashing-black","status":"publish","type":"product","link":"https:\/\/wtwstore.com\/es\/product\/brands\/renson-brands\/renson-design-flex-xl-roof-terminal-180-200-mm-lead-free-flexible-flashing-black","title":{"rendered":"Renson Design Flex XL Terminal de Techo 180\/200 mm con Flashing Flexible Sin Plomo Negro"},"content":{"rendered":"<p>La salida de tejado flexible de dise\u00f1o de la marca belga Renson est\u00e1 dise\u00f1ada para una evacuaci\u00f3n \u00f3ptima del aire de ventilaci\u00f3n a trav\u00e9s del tejado. Se caracteriza por su excelencia t\u00e9cnica y su dise\u00f1o atractivo. Su forma \u00fanica garantiza una resistencia al aire extremadamente baja, lo que mejora el rendimiento del sistema de ventilaci\u00f3n.<\/p>\n<p>Adem\u00e1s, presenta una apariencia moderna y elegante, adecuada para tejas contempor\u00e1neas, tradicionales y de pizarra. Se ha optado por un material alternativo sin plomo para la integraci\u00f3n de la salida de tejado. Las tejas universales y de pizarra est\u00e1n fabricadas en polipropileno de alta calidad.<\/p>\n<p>La versi\u00f3n Flex XL se integra mediante un tapajuntas flexible y duradero de silicona sin plomo. La salida de tejado Renson ha sido desarrollada espec\u00edficamente para garantizar el correcto funcionamiento de los sistemas de ventilaci\u00f3n Renson.<\/p>","protected":false},"excerpt":{"rendered":"<p>The flexible design roof terminal from the Belgian quality brand Renson is designed for optimal discharge of ventilation air through the roof. It is characterized by its technical excellence and attractive design. Its unique shape ensures extremely low air resistance, which benefits the performance of the ventilation system. In addition, it has a sleek appearance [&hellip;]<\/p>","protected":false},"featured_media":5018,"comment_status":"closed","ping_status":"closed","template":"","meta":{"_acf_changed":false,"_monsterinsights_skip_tracking":false,"_monsterinsights_sitenote_active":false,"_monsterinsights_sitenote_note":"","_monsterinsights_sitenote_category":0},"product_brand":[],"product_cat":[313,304,215,217],"product_tag":[],"class_list":{"0":"post-4928","1":"product","2":"type-product","3":"status-publish","4":"has-post-thumbnail","6":"product_cat-renson-brands","7":"product_cat-renson-design-roof-penetrations","8":"product_cat-renson","9":"product_cat-renson-accessories","11":"first","12":"instock","13":"taxable","14":"shipping-taxable","15":"purchasable","16":"product-type-simple"},"acf":[],"yoast_head":"<!-- This site is optimized with the Yoast SEO plugin v27.0 - https:\/\/yoast.com\/product\/yoast-seo-wordpress\/ -->\n<title>Renson Design Flex XL Roof Terminal 180\/200 mm Lead-Free Flexible Flashing Black | WTW Store<\/title>\n<meta name=\"description\" content=\"The flexible design roof terminal from the Belgian quality brand Renson is designed for optimal discharge of ventilation air through the roof...\" \/>\n<meta name=\"robots\" content=\"index, follow, max-snippet:-1, max-image-preview:large, max-video-preview:-1\" \/>\n<link rel=\"canonical\" href=\"https:\/\/wtwstore.com\/es\/product\/brands\/renson-brands\/renson-design-flex-xl-roof-terminal-180-200-mm-lead-free-flexible-flashing-black\" \/>\n<meta property=\"og:locale\" content=\"es_ES\" \/>\n<meta property=\"og:type\" content=\"article\" \/>\n<meta property=\"og:title\" content=\"Renson Design Flex XL Roof Terminal 180\/200 mm Lead-Free Flexible Flashing Black | WTW Store\" \/>\n<meta property=\"og:description\" content=\"The flexible design roof terminal from the Belgian quality brand Renson is designed for optimal discharge of ventilation air through the roof...\" \/>\n<meta property=\"og:url\" content=\"https:\/\/wtwstore.com\/es\/product\/brands\/renson-brands\/renson-design-flex-xl-roof-terminal-180-200-mm-lead-free-flexible-flashing-black\" \/>\n<meta property=\"og:site_name\" content=\"WTW Store\" \/>\n<meta property=\"article:modified_time\" content=\"2026-02-24T07:09:55+00:00\" \/>\n<meta property=\"og:image\" content=\"https:\/\/wtwstore.com\/wp-content\/uploads\/2025\/10\/Renson-Design-Flex-XL-Roof-Terminal-180-200-mm-Lead-Free-Flexible-Flashing-Black.jpg\" \/>\n\t<meta property=\"og:image:width\" content=\"1500\" \/>\n\t<meta property=\"og:image:height\" content=\"1500\" \/>\n\t<meta property=\"og:image:type\" content=\"image\/jpeg\" \/>\n<meta name=\"twitter:card\" content=\"summary_large_image\" \/>\n<meta name=\"twitter:label1\" content=\"Tiempo de lectura\" \/>\n\t<meta name=\"twitter:data1\" content=\"1 minuto\" \/>\n<script type=\"application\/ld+json\" class=\"yoast-schema-graph\">{\"@context\":\"https:\/\/schema.org\",\"@graph\":[{\"@type\":\"WebPage\",\"@id\":\"https:\/\/wtwstore.com\/product\/brands\/renson-brands\/renson-design-flex-xl-roof-terminal-180-200-mm-lead-free-flexible-flashing-black\",\"url\":\"https:\/\/wtwstore.com\/product\/brands\/renson-brands\/renson-design-flex-xl-roof-terminal-180-200-mm-lead-free-flexible-flashing-black\",\"name\":\"Renson Design Flex XL Roof Terminal 180\/200 mm Lead-Free Flexible Flashing Black | WTW Store\",\"isPartOf\":{\"@id\":\"https:\/\/wtwstore.com\/#website\"},\"primaryImageOfPage\":{\"@id\":\"https:\/\/wtwstore.com\/product\/brands\/renson-brands\/renson-design-flex-xl-roof-terminal-180-200-mm-lead-free-flexible-flashing-black#primaryimage\"},\"image\":{\"@id\":\"https:\/\/wtwstore.com\/product\/brands\/renson-brands\/renson-design-flex-xl-roof-terminal-180-200-mm-lead-free-flexible-flashing-black#primaryimage\"},\"thumbnailUrl\":\"https:\/\/wtwstore.com\/wp-content\/uploads\/2025\/10\/Renson-Design-Flex-XL-Roof-Terminal-180-200-mm-Lead-Free-Flexible-Flashing-Black.jpg\",\"datePublished\":\"2025-10-03T21:33:02+00:00\",\"dateModified\":\"2026-02-24T07:09:55+00:00\",\"description\":\"The flexible design roof terminal from the Belgian quality brand Renson is designed for optimal discharge of ventilation air through the roof...\",\"breadcrumb\":{\"@id\":\"https:\/\/wtwstore.com\/product\/brands\/renson-brands\/renson-design-flex-xl-roof-terminal-180-200-mm-lead-free-flexible-flashing-black#breadcrumb\"},\"inLanguage\":\"es\",\"potentialAction\":[{\"@type\":\"ReadAction\",\"target\":[\"https:\/\/wtwstore.com\/product\/brands\/renson-brands\/renson-design-flex-xl-roof-terminal-180-200-mm-lead-free-flexible-flashing-black\"]}]},{\"@type\":\"ImageObject\",\"inLanguage\":\"es\",\"@id\":\"https:\/\/wtwstore.com\/product\/brands\/renson-brands\/renson-design-flex-xl-roof-terminal-180-200-mm-lead-free-flexible-flashing-black#primaryimage\",\"url\":\"https:\/\/wtwstore.com\/wp-content\/uploads\/2025\/10\/Renson-Design-Flex-XL-Roof-Terminal-180-200-mm-Lead-Free-Flexible-Flashing-Black.jpg\",\"contentUrl\":\"https:\/\/wtwstore.com\/wp-content\/uploads\/2025\/10\/Renson-Design-Flex-XL-Roof-Terminal-180-200-mm-Lead-Free-Flexible-Flashing-Black.jpg\",\"width\":1500,\"height\":1500,\"caption\":\"Renson Design Flex XL Roof Terminal 180\/200 mm Lead-Free Flexible Flashing Black\"},{\"@type\":\"BreadcrumbList\",\"@id\":\"https:\/\/wtwstore.com\/product\/brands\/renson-brands\/renson-design-flex-xl-roof-terminal-180-200-mm-lead-free-flexible-flashing-black#breadcrumb\",\"itemListElement\":[{\"@type\":\"ListItem\",\"position\":1,\"name\":\"Home\",\"item\":\"https:\/\/wtwstore.com\/\"},{\"@type\":\"ListItem\",\"position\":2,\"name\":\"Web-Shop\",\"item\":\"https:\/\/wtwstore.com\/pt\/ventilation-shop\"},{\"@type\":\"ListItem\",\"position\":3,\"name\":\"Renson Design Flex XL Roof Terminal 180\/200 mm Lead-Free Flexible Flashing Black\"}]},{\"@type\":\"WebSite\",\"@id\":\"https:\/\/wtwstore.com\/#website\",\"url\":\"https:\/\/wtwstore.com\/\",\"name\":\"WTW Store\",\"description\":\"\",\"publisher\":{\"@id\":\"https:\/\/wtwstore.com\/#organization\"},\"potentialAction\":[{\"@type\":\"SearchAction\",\"target\":{\"@type\":\"EntryPoint\",\"urlTemplate\":\"https:\/\/wtwstore.com\/?s={search_term_string}\"},\"query-input\":{\"@type\":\"PropertyValueSpecification\",\"valueRequired\":true,\"valueName\":\"search_term_string\"}}],\"inLanguage\":\"es\"},{\"@type\":\"Organization\",\"@id\":\"https:\/\/wtwstore.com\/#organization\",\"name\":\"WTW Store\",\"url\":\"https:\/\/wtwstore.com\/\",\"logo\":{\"@type\":\"ImageObject\",\"inLanguage\":\"es\",\"@id\":\"https:\/\/wtwstore.com\/#\/schema\/logo\/image\/\",\"url\":\"http:\/\/wtwstore.com\/wp-content\/uploads\/2025\/04\/wtwstore-thumbnail-01.jpg\",\"contentUrl\":\"http:\/\/wtwstore.com\/wp-content\/uploads\/2025\/04\/wtwstore-thumbnail-01.jpg\",\"width\":1500,\"height\":1500,\"caption\":\"WTW Store\"},\"image\":{\"@id\":\"https:\/\/wtwstore.com\/#\/schema\/logo\/image\/\"}}]}<\/script>\n<!-- \/ Yoast SEO plugin. -->","yoast_head_json":{"title":"Renson Design Flex XL Terminal de Techo 180\/200 mm con Flashing Flexible Sin Plomo Negro | WTW Store","description":"La salida de techo de dise\u00f1o flexible de la marca belga de calidad Renson est\u00e1 dise\u00f1ada para la descarga \u00f3ptima del aire de ventilaci\u00f3n a trav\u00e9s del tejado...","robots":{"index":"index","follow":"follow","max-snippet":"max-snippet:-1","max-image-preview":"max-image-preview:large","max-video-preview":"max-video-preview:-1"},"canonical":"https:\/\/wtwstore.com\/es\/product\/brands\/renson-brands\/renson-design-flex-xl-roof-terminal-180-200-mm-lead-free-flexible-flashing-black","og_locale":"es_ES","og_type":"article","og_title":"Renson Design Flex XL Roof Terminal 180\/200 mm Lead-Free Flexible Flashing Black | WTW Store","og_description":"The flexible design roof terminal from the Belgian quality brand Renson is designed for optimal discharge of ventilation air through the roof...","og_url":"https:\/\/wtwstore.com\/es\/product\/brands\/renson-brands\/renson-design-flex-xl-roof-terminal-180-200-mm-lead-free-flexible-flashing-black","og_site_name":"WTW Store","article_modified_time":"2026-02-24T07:09:55+00:00","og_image":[{"width":1500,"height":1500,"url":"https:\/\/wtwstore.com\/wp-content\/uploads\/2025\/10\/Renson-Design-Flex-XL-Roof-Terminal-180-200-mm-Lead-Free-Flexible-Flashing-Black.jpg","type":"image\/jpeg"}],"twitter_card":"summary_large_image","twitter_misc":{"Tiempo de lectura":"1 minuto"},"schema":{"@context":"https:\/\/schema.org","@graph":[{"@type":"WebPage","@id":"https:\/\/wtwstore.com\/product\/brands\/renson-brands\/renson-design-flex-xl-roof-terminal-180-200-mm-lead-free-flexible-flashing-black","url":"https:\/\/wtwstore.com\/product\/brands\/renson-brands\/renson-design-flex-xl-roof-terminal-180-200-mm-lead-free-flexible-flashing-black","name":"Renson Design Flex XL Terminal de Techo 180\/200 mm con Flashing Flexible Sin Plomo Negro | WTW Store","isPartOf":{"@id":"https:\/\/wtwstore.com\/#website"},"primaryImageOfPage":{"@id":"https:\/\/wtwstore.com\/product\/brands\/renson-brands\/renson-design-flex-xl-roof-terminal-180-200-mm-lead-free-flexible-flashing-black#primaryimage"},"image":{"@id":"https:\/\/wtwstore.com\/product\/brands\/renson-brands\/renson-design-flex-xl-roof-terminal-180-200-mm-lead-free-flexible-flashing-black#primaryimage"},"thumbnailUrl":"https:\/\/wtwstore.com\/wp-content\/uploads\/2025\/10\/Renson-Design-Flex-XL-Roof-Terminal-180-200-mm-Lead-Free-Flexible-Flashing-Black.jpg","datePublished":"2025-10-03T21:33:02+00:00","dateModified":"2026-02-24T07:09:55+00:00","description":"La salida de techo de dise\u00f1o flexible de la marca belga de calidad Renson est\u00e1 dise\u00f1ada para la descarga \u00f3ptima del aire de ventilaci\u00f3n a trav\u00e9s del tejado...","breadcrumb":{"@id":"https:\/\/wtwstore.com\/product\/brands\/renson-brands\/renson-design-flex-xl-roof-terminal-180-200-mm-lead-free-flexible-flashing-black#breadcrumb"},"inLanguage":"es","potentialAction":[{"@type":"ReadAction","target":["https:\/\/wtwstore.com\/product\/brands\/renson-brands\/renson-design-flex-xl-roof-terminal-180-200-mm-lead-free-flexible-flashing-black"]}]},{"@type":"ImageObject","inLanguage":"es","@id":"https:\/\/wtwstore.com\/product\/brands\/renson-brands\/renson-design-flex-xl-roof-terminal-180-200-mm-lead-free-flexible-flashing-black#primaryimage","url":"https:\/\/wtwstore.com\/wp-content\/uploads\/2025\/10\/Renson-Design-Flex-XL-Roof-Terminal-180-200-mm-Lead-Free-Flexible-Flashing-Black.jpg","contentUrl":"https:\/\/wtwstore.com\/wp-content\/uploads\/2025\/10\/Renson-Design-Flex-XL-Roof-Terminal-180-200-mm-Lead-Free-Flexible-Flashing-Black.jpg","width":1500,"height":1500,"caption":"Renson Design Flex XL Roof Terminal 180\/200 mm Lead-Free Flexible Flashing Black"},{"@type":"BreadcrumbList","@id":"https:\/\/wtwstore.com\/product\/brands\/renson-brands\/renson-design-flex-xl-roof-terminal-180-200-mm-lead-free-flexible-flashing-black#breadcrumb","itemListElement":[{"@type":"ListItem","position":1,"name":"Home","item":"https:\/\/wtwstore.com\/"},{"@type":"ListItem","position":2,"name":"Web-Shop","item":"https:\/\/wtwstore.com\/pt\/ventilation-shop"},{"@type":"ListItem","position":3,"name":"Renson Design Flex XL Roof Terminal 180\/200 mm Lead-Free Flexible Flashing Black"}]},{"@type":"WebSite","@id":"https:\/\/wtwstore.com\/#website","url":"https:\/\/wtwstore.com\/","name":"WTW Store","description":"","publisher":{"@id":"https:\/\/wtwstore.com\/#organization"},"potentialAction":[{"@type":"SearchAction","target":{"@type":"EntryPoint","urlTemplate":"https:\/\/wtwstore.com\/?s={search_term_string}"},"query-input":{"@type":"PropertyValueSpecification","valueRequired":true,"valueName":"search_term_string"}}],"inLanguage":"es"},{"@type":"Organization","@id":"https:\/\/wtwstore.com\/#organization","name":"WTW Store","url":"https:\/\/wtwstore.com\/","logo":{"@type":"ImageObject","inLanguage":"es","@id":"https:\/\/wtwstore.com\/#\/schema\/logo\/image\/","url":"http:\/\/wtwstore.com\/wp-content\/uploads\/2025\/04\/wtwstore-thumbnail-01.jpg","contentUrl":"http:\/\/wtwstore.com\/wp-content\/uploads\/2025\/04\/wtwstore-thumbnail-01.jpg","width":1500,"height":1500,"caption":"WTW Store"},"image":{"@id":"https:\/\/wtwstore.com\/#\/schema\/logo\/image\/"}}]}},"_links":{"self":[{"href":"https:\/\/wtwstore.com\/es\/wp-json\/wp\/v2\/product\/4928","targetHints":{"allow":["GET"]}}],"collection":[{"href":"https:\/\/wtwstore.com\/es\/wp-json\/wp\/v2\/product"}],"about":[{"href":"https:\/\/wtwstore.com\/es\/wp-json\/wp\/v2\/types\/product"}],"replies":[{"embeddable":true,"href":"https:\/\/wtwstore.com\/es\/wp-json\/wp\/v2\/comments?post=4928"}],"wp:featuredmedia":[{"embeddable":true,"href":"https:\/\/wtwstore.com\/es\/wp-json\/wp\/v2\/media\/5018"}],"wp:attachment":[{"href":"https:\/\/wtwstore.com\/es\/wp-json\/wp\/v2\/media?parent=4928"}],"wp:term":[{"taxonomy":"product_brand","embeddable":true,"href":"https:\/\/wtwstore.com\/es\/wp-json\/wp\/v2\/product_brand?post=4928"},{"taxonomy":"product_cat","embeddable":true,"href":"https:\/\/wtwstore.com\/es\/wp-json\/wp\/v2\/product_cat?post=4928"},{"taxonomy":"product_tag","embeddable":true,"href":"https:\/\/wtwstore.com\/es\/wp-json\/wp\/v2\/product_tag?post=4928"}],"curies":[{"name":"wp","href":"https:\/\/api.w.org\/{rel}","templated":true}]}}