{"id":4916,"date":"2025-10-03T20:40:04","date_gmt":"2025-10-03T18:40:04","guid":{"rendered":"http:\/\/wtwstore.com\/?post_type=product&#038;p=4916"},"modified":"2026-02-24T08:09:53","modified_gmt":"2026-02-24T07:09:53","slug":"renson-design-roof-terminal-150-160-mm-universal-for-pitched-roof-black","status":"publish","type":"product","link":"https:\/\/wtwstore.com\/es\/product\/brands\/renson-brands\/renson-design-roof-terminal-150-160-mm-universal-for-pitched-roof-black","title":{"rendered":"Renson Design Terminal de Techo 150\/160 mm Universal para Techo Inclinado Negro"},"content":{"rendered":"<p>La salida de tejado de dise\u00f1o de la marca belga Renson est\u00e1 dise\u00f1ada para una evacuaci\u00f3n \u00f3ptima del aire de ventilaci\u00f3n a trav\u00e9s del tejado. Se caracteriza por su excelencia t\u00e9cnica y su dise\u00f1o atractivo. Su forma \u00fanica garantiza una resistencia al aire extremadamente baja, lo que mejora el rendimiento del sistema de ventilaci\u00f3n. Adem\u00e1s, la salida de tejado tiene un aspecto elegante y se adapta bien tanto a tejas modernas como tradicionales. Se ha elegido conscientemente un material sin plomo para su integraci\u00f3n. La teja universal sobre la que se monta est\u00e1 fabricada en polipropileno de alta calidad.<\/p>","protected":false},"excerpt":{"rendered":"<p>The design roof terminal from the Belgian quality brand Renson is engineered for optimal ventilation air discharge through the roof. It is characterized by its technical excellence and attractive design. Its unique shape ensures extremely low air resistance, which enhances the performance of the ventilation system. Moreover, the roof terminal has a visually appealing look [&hellip;]<\/p>","protected":false},"featured_media":5019,"comment_status":"closed","ping_status":"closed","template":"","meta":{"_acf_changed":false,"_monsterinsights_skip_tracking":false,"_monsterinsights_sitenote_active":false,"_monsterinsights_sitenote_note":"","_monsterinsights_sitenote_category":0},"product_brand":[],"product_cat":[313,304,215,217],"product_tag":[],"class_list":{"0":"post-4916","1":"product","2":"type-product","3":"status-publish","4":"has-post-thumbnail","6":"product_cat-renson-brands","7":"product_cat-renson-design-roof-penetrations","8":"product_cat-renson","9":"product_cat-renson-accessories","11":"first","12":"instock","13":"taxable","14":"shipping-taxable","15":"purchasable","16":"product-type-simple"},"acf":[],"yoast_head":"<!-- This site is optimized with the Yoast SEO plugin v27.0 - https:\/\/yoast.com\/product\/yoast-seo-wordpress\/ -->\n<title>Renson Design Roof Terminal 150\/160\u202fmm Universal for Pitched Roof Black | WTW Store<\/title>\n<meta name=\"description\" content=\"The design roof terminal from the Belgian quality brand Renson is engineered for optimal ventilation air discharge through the roof. It is characterized...\" \/>\n<meta name=\"robots\" content=\"index, follow, max-snippet:-1, max-image-preview:large, max-video-preview:-1\" \/>\n<link rel=\"canonical\" href=\"https:\/\/wtwstore.com\/es\/product\/brands\/renson-brands\/renson-design-roof-terminal-150-160-mm-universal-for-pitched-roof-black\/\" \/>\n<meta property=\"og:locale\" content=\"es_ES\" \/>\n<meta property=\"og:type\" content=\"article\" \/>\n<meta property=\"og:title\" content=\"Renson Design Roof Terminal 150\/160\u202fmm Universal for Pitched Roof Black | WTW Store\" \/>\n<meta property=\"og:description\" content=\"The design roof terminal from the Belgian quality brand Renson is engineered for optimal ventilation air discharge through the roof. It is characterized...\" \/>\n<meta property=\"og:url\" content=\"https:\/\/wtwstore.com\/es\/product\/brands\/renson-brands\/renson-design-roof-terminal-150-160-mm-universal-for-pitched-roof-black\/\" \/>\n<meta property=\"og:site_name\" content=\"WTW Store\" \/>\n<meta property=\"article:modified_time\" content=\"2026-02-24T07:09:53+00:00\" \/>\n<meta property=\"og:image\" content=\"https:\/\/wtwstore.com\/wp-content\/uploads\/2025\/10\/Renson-Design-Roof-Terminal-150-160-mm-Universal-for-Pitched-Roof-Black.jpg\" \/>\n\t<meta property=\"og:image:width\" content=\"1500\" \/>\n\t<meta property=\"og:image:height\" content=\"1500\" \/>\n\t<meta property=\"og:image:type\" content=\"image\/jpeg\" \/>\n<meta name=\"twitter:card\" content=\"summary_large_image\" \/>\n<meta name=\"twitter:label1\" content=\"Tiempo de lectura\" \/>\n\t<meta name=\"twitter:data1\" content=\"1 minuto\" \/>\n<script type=\"application\/ld+json\" class=\"yoast-schema-graph\">{\"@context\":\"https:\/\/schema.org\",\"@graph\":[{\"@type\":\"WebPage\",\"@id\":\"https:\/\/wtwstore.com\/deutschland\/product\/brands\/renson-brands\/renson-design-roof-terminal-150-160-mm-universal-for-pitched-roof-black\",\"url\":\"https:\/\/wtwstore.com\/deutschland\/product\/brands\/renson-brands\/renson-design-roof-terminal-150-160-mm-universal-for-pitched-roof-black\",\"name\":\"Renson Design Roof Terminal 150\/160\u202fmm Universal for Pitched Roof Black | WTW Store\",\"isPartOf\":{\"@id\":\"https:\/\/wtwstore.com\/#website\"},\"primaryImageOfPage\":{\"@id\":\"https:\/\/wtwstore.com\/deutschland\/product\/brands\/renson-brands\/renson-design-roof-terminal-150-160-mm-universal-for-pitched-roof-black#primaryimage\"},\"image\":{\"@id\":\"https:\/\/wtwstore.com\/deutschland\/product\/brands\/renson-brands\/renson-design-roof-terminal-150-160-mm-universal-for-pitched-roof-black#primaryimage\"},\"thumbnailUrl\":\"https:\/\/wtwstore.com\/wp-content\/uploads\/2025\/10\/Renson-Design-Roof-Terminal-150-160-mm-Universal-for-Pitched-Roof-Black.jpg\",\"datePublished\":\"2025-10-03T18:40:04+00:00\",\"dateModified\":\"2026-02-24T07:09:53+00:00\",\"description\":\"The design roof terminal from the Belgian quality brand Renson is engineered for optimal ventilation air discharge through the roof. It is characterized...\",\"breadcrumb\":{\"@id\":\"https:\/\/wtwstore.com\/deutschland\/product\/brands\/renson-brands\/renson-design-roof-terminal-150-160-mm-universal-for-pitched-roof-black#breadcrumb\"},\"inLanguage\":\"es\",\"potentialAction\":[{\"@type\":\"ReadAction\",\"target\":[\"https:\/\/wtwstore.com\/deutschland\/product\/brands\/renson-brands\/renson-design-roof-terminal-150-160-mm-universal-for-pitched-roof-black\"]}]},{\"@type\":\"ImageObject\",\"inLanguage\":\"es\",\"@id\":\"https:\/\/wtwstore.com\/deutschland\/product\/brands\/renson-brands\/renson-design-roof-terminal-150-160-mm-universal-for-pitched-roof-black#primaryimage\",\"url\":\"https:\/\/wtwstore.com\/wp-content\/uploads\/2025\/10\/Renson-Design-Roof-Terminal-150-160-mm-Universal-for-Pitched-Roof-Black.jpg\",\"contentUrl\":\"https:\/\/wtwstore.com\/wp-content\/uploads\/2025\/10\/Renson-Design-Roof-Terminal-150-160-mm-Universal-for-Pitched-Roof-Black.jpg\",\"width\":1500,\"height\":1500,\"caption\":\"Renson Design Roof Terminal 150\/160\u202fmm Universal for Pitched Roof Black\"},{\"@type\":\"BreadcrumbList\",\"@id\":\"https:\/\/wtwstore.com\/deutschland\/product\/brands\/renson-brands\/renson-design-roof-terminal-150-160-mm-universal-for-pitched-roof-black#breadcrumb\",\"itemListElement\":[{\"@type\":\"ListItem\",\"position\":1,\"name\":\"Home\",\"item\":\"https:\/\/wtwstore.com\/\"},{\"@type\":\"ListItem\",\"position\":2,\"name\":\"Web-Shop\",\"item\":\"https:\/\/wtwstore.com\/pt\/ventilation-shop\"},{\"@type\":\"ListItem\",\"position\":3,\"name\":\"Renson Design Roof Terminal 150\/160\u202fmm Universal for Pitched Roof Black\"}]},{\"@type\":\"WebSite\",\"@id\":\"https:\/\/wtwstore.com\/#website\",\"url\":\"https:\/\/wtwstore.com\/\",\"name\":\"WTW Store\",\"description\":\"\",\"publisher\":{\"@id\":\"https:\/\/wtwstore.com\/#organization\"},\"potentialAction\":[{\"@type\":\"SearchAction\",\"target\":{\"@type\":\"EntryPoint\",\"urlTemplate\":\"https:\/\/wtwstore.com\/?s={search_term_string}\"},\"query-input\":{\"@type\":\"PropertyValueSpecification\",\"valueRequired\":true,\"valueName\":\"search_term_string\"}}],\"inLanguage\":\"es\"},{\"@type\":\"Organization\",\"@id\":\"https:\/\/wtwstore.com\/#organization\",\"name\":\"WTW Store\",\"url\":\"https:\/\/wtwstore.com\/\",\"logo\":{\"@type\":\"ImageObject\",\"inLanguage\":\"es\",\"@id\":\"https:\/\/wtwstore.com\/#\/schema\/logo\/image\/\",\"url\":\"http:\/\/wtwstore.com\/wp-content\/uploads\/2025\/04\/wtwstore-thumbnail-01.jpg\",\"contentUrl\":\"http:\/\/wtwstore.com\/wp-content\/uploads\/2025\/04\/wtwstore-thumbnail-01.jpg\",\"width\":1500,\"height\":1500,\"caption\":\"WTW Store\"},\"image\":{\"@id\":\"https:\/\/wtwstore.com\/#\/schema\/logo\/image\/\"}}]}<\/script>\n<!-- \/ Yoast SEO plugin. -->","yoast_head_json":{"title":"Renson Design Terminal de Techo 150\/160 mm Universal para Techo Inclinado Negro | WTW Store","description":"La salida de techo de dise\u00f1o de la marca belga de calidad Renson est\u00e1 dise\u00f1ada para la descarga \u00f3ptima del aire de ventilaci\u00f3n a trav\u00e9s del tejado. Se caracteriza por...","robots":{"index":"index","follow":"follow","max-snippet":"max-snippet:-1","max-image-preview":"max-image-preview:large","max-video-preview":"max-video-preview:-1"},"canonical":"https:\/\/wtwstore.com\/es\/product\/brands\/renson-brands\/renson-design-roof-terminal-150-160-mm-universal-for-pitched-roof-black\/","og_locale":"es_ES","og_type":"article","og_title":"Renson Design Roof Terminal 150\/160\u202fmm Universal for Pitched Roof Black | WTW Store","og_description":"The design roof terminal from the Belgian quality brand Renson is engineered for optimal ventilation air discharge through the roof. It is characterized...","og_url":"https:\/\/wtwstore.com\/es\/product\/brands\/renson-brands\/renson-design-roof-terminal-150-160-mm-universal-for-pitched-roof-black\/","og_site_name":"WTW Store","article_modified_time":"2026-02-24T07:09:53+00:00","og_image":[{"width":1500,"height":1500,"url":"https:\/\/wtwstore.com\/wp-content\/uploads\/2025\/10\/Renson-Design-Roof-Terminal-150-160-mm-Universal-for-Pitched-Roof-Black.jpg","type":"image\/jpeg"}],"twitter_card":"summary_large_image","twitter_misc":{"Tiempo de lectura":"1 minuto"},"schema":{"@context":"https:\/\/schema.org","@graph":[{"@type":"WebPage","@id":"https:\/\/wtwstore.com\/deutschland\/product\/brands\/renson-brands\/renson-design-roof-terminal-150-160-mm-universal-for-pitched-roof-black","url":"https:\/\/wtwstore.com\/deutschland\/product\/brands\/renson-brands\/renson-design-roof-terminal-150-160-mm-universal-for-pitched-roof-black","name":"Renson Design Terminal de Techo 150\/160 mm Universal para Techo Inclinado Negro | WTW Store","isPartOf":{"@id":"https:\/\/wtwstore.com\/#website"},"primaryImageOfPage":{"@id":"https:\/\/wtwstore.com\/deutschland\/product\/brands\/renson-brands\/renson-design-roof-terminal-150-160-mm-universal-for-pitched-roof-black#primaryimage"},"image":{"@id":"https:\/\/wtwstore.com\/deutschland\/product\/brands\/renson-brands\/renson-design-roof-terminal-150-160-mm-universal-for-pitched-roof-black#primaryimage"},"thumbnailUrl":"https:\/\/wtwstore.com\/wp-content\/uploads\/2025\/10\/Renson-Design-Roof-Terminal-150-160-mm-Universal-for-Pitched-Roof-Black.jpg","datePublished":"2025-10-03T18:40:04+00:00","dateModified":"2026-02-24T07:09:53+00:00","description":"La salida de techo de dise\u00f1o de la marca belga de calidad Renson est\u00e1 dise\u00f1ada para la descarga \u00f3ptima del aire de ventilaci\u00f3n a trav\u00e9s del tejado. Se caracteriza por...","breadcrumb":{"@id":"https:\/\/wtwstore.com\/deutschland\/product\/brands\/renson-brands\/renson-design-roof-terminal-150-160-mm-universal-for-pitched-roof-black#breadcrumb"},"inLanguage":"es","potentialAction":[{"@type":"ReadAction","target":["https:\/\/wtwstore.com\/deutschland\/product\/brands\/renson-brands\/renson-design-roof-terminal-150-160-mm-universal-for-pitched-roof-black"]}]},{"@type":"ImageObject","inLanguage":"es","@id":"https:\/\/wtwstore.com\/deutschland\/product\/brands\/renson-brands\/renson-design-roof-terminal-150-160-mm-universal-for-pitched-roof-black#primaryimage","url":"https:\/\/wtwstore.com\/wp-content\/uploads\/2025\/10\/Renson-Design-Roof-Terminal-150-160-mm-Universal-for-Pitched-Roof-Black.jpg","contentUrl":"https:\/\/wtwstore.com\/wp-content\/uploads\/2025\/10\/Renson-Design-Roof-Terminal-150-160-mm-Universal-for-Pitched-Roof-Black.jpg","width":1500,"height":1500,"caption":"Renson Design Roof Terminal 150\/160\u202fmm Universal for Pitched Roof Black"},{"@type":"BreadcrumbList","@id":"https:\/\/wtwstore.com\/deutschland\/product\/brands\/renson-brands\/renson-design-roof-terminal-150-160-mm-universal-for-pitched-roof-black#breadcrumb","itemListElement":[{"@type":"ListItem","position":1,"name":"Home","item":"https:\/\/wtwstore.com\/"},{"@type":"ListItem","position":2,"name":"Web-Shop","item":"https:\/\/wtwstore.com\/pt\/ventilation-shop"},{"@type":"ListItem","position":3,"name":"Renson Design Roof Terminal 150\/160\u202fmm Universal for Pitched Roof Black"}]},{"@type":"WebSite","@id":"https:\/\/wtwstore.com\/#website","url":"https:\/\/wtwstore.com\/","name":"WTW Store","description":"","publisher":{"@id":"https:\/\/wtwstore.com\/#organization"},"potentialAction":[{"@type":"SearchAction","target":{"@type":"EntryPoint","urlTemplate":"https:\/\/wtwstore.com\/?s={search_term_string}"},"query-input":{"@type":"PropertyValueSpecification","valueRequired":true,"valueName":"search_term_string"}}],"inLanguage":"es"},{"@type":"Organization","@id":"https:\/\/wtwstore.com\/#organization","name":"WTW Store","url":"https:\/\/wtwstore.com\/","logo":{"@type":"ImageObject","inLanguage":"es","@id":"https:\/\/wtwstore.com\/#\/schema\/logo\/image\/","url":"http:\/\/wtwstore.com\/wp-content\/uploads\/2025\/04\/wtwstore-thumbnail-01.jpg","contentUrl":"http:\/\/wtwstore.com\/wp-content\/uploads\/2025\/04\/wtwstore-thumbnail-01.jpg","width":1500,"height":1500,"caption":"WTW Store"},"image":{"@id":"https:\/\/wtwstore.com\/#\/schema\/logo\/image\/"}}]}},"_links":{"self":[{"href":"https:\/\/wtwstore.com\/es\/wp-json\/wp\/v2\/product\/4916","targetHints":{"allow":["GET"]}}],"collection":[{"href":"https:\/\/wtwstore.com\/es\/wp-json\/wp\/v2\/product"}],"about":[{"href":"https:\/\/wtwstore.com\/es\/wp-json\/wp\/v2\/types\/product"}],"replies":[{"embeddable":true,"href":"https:\/\/wtwstore.com\/es\/wp-json\/wp\/v2\/comments?post=4916"}],"wp:featuredmedia":[{"embeddable":true,"href":"https:\/\/wtwstore.com\/es\/wp-json\/wp\/v2\/media\/5019"}],"wp:attachment":[{"href":"https:\/\/wtwstore.com\/es\/wp-json\/wp\/v2\/media?parent=4916"}],"wp:term":[{"taxonomy":"product_brand","embeddable":true,"href":"https:\/\/wtwstore.com\/es\/wp-json\/wp\/v2\/product_brand?post=4916"},{"taxonomy":"product_cat","embeddable":true,"href":"https:\/\/wtwstore.com\/es\/wp-json\/wp\/v2\/product_cat?post=4916"},{"taxonomy":"product_tag","embeddable":true,"href":"https:\/\/wtwstore.com\/es\/wp-json\/wp\/v2\/product_tag?post=4916"}],"curies":[{"name":"wp","href":"https:\/\/api.w.org\/{rel}","templated":true}]}}