{"id":4812,"date":"2025-06-23T07:07:54","date_gmt":"2025-06-23T05:07:54","guid":{"rendered":"http:\/\/wtwstore.com\/?post_type=product&#038;p=4812"},"modified":"2026-02-24T08:09:40","modified_gmt":"2026-02-24T07:09:40","slug":"zehnder-enthalpy-exchanger-comfoair-q350-450-600","status":"publish","type":"product","link":"https:\/\/wtwstore.com\/es\/product\/brands\/zehnder-brands\/zehnder-enthalpy-exchanger-comfoair-q350-450-600","title":{"rendered":"Zehnder Intercambiador de Entalp\u00eda ComfoAir Q350\/450\/600"},"content":{"rendered":"<p data-start=\"52\" data-end=\"318\">El Intercambiador de Entalp\u00eda Zehnder es la adici\u00f3n perfecta para las unidades ComfoAir Q, ya que permite alcanzar una mayor eficiencia en el sistema de recuperaci\u00f3n de calor en comparaci\u00f3n con un intercambiador de calor convencional.<\/p>\n<p data-start=\"52\" data-end=\"318\">Este intercambiador de entalp\u00eda garantiza un equilibrio en la humedad, lo que resulta en un clima interior m\u00e1s confortable.<\/p>\n<p data-start=\"320\" data-end=\"800\" data-is-last-node=\"\" data-is-only-node=\"\">El Intercambiador de Entalp\u00eda Zehnder proporciona tanto recuperaci\u00f3n de calor como de humedad, sin transferir olores, gases ni otros contaminantes al aire de impulsi\u00f3n. Al intercambiar energ\u00eda t\u00e9rmica y latente, ofrece un alto confort de ventilaci\u00f3n. La eficiencia t\u00e9rmica puede alcanzar hasta el 80\u202f% (calor sensible), y puede transferir hasta un 70\u202f% de la humedad al aire de suministro (calor latente). Como resultado, se puede recuperar hasta un 25\u202f% m\u00e1s de energ\u00eda en comparaci\u00f3n con un intercambiador est\u00e1ndar.<\/p>","protected":false},"excerpt":{"rendered":"<p>The Zehnder Enthalpy Exchanger is the perfect addition to the ComfoAir Q to achieve higher efficiency from the heat recovery system than with a regular heat exchanger. The enthalpy exchanger ensures balanced humidity, resulting in a comfortable indoor climate. The Zehnder Enthalpy Exchanger provides both heat recovery and moisture recovery, without transferring odors, gases, or [&hellip;]<\/p>","protected":false},"featured_media":4822,"comment_status":"closed","ping_status":"closed","template":"","meta":{"_acf_changed":false,"_monsterinsights_skip_tracking":false,"_monsterinsights_sitenote_active":false,"_monsterinsights_sitenote_note":"","_monsterinsights_sitenote_category":0},"product_brand":[],"product_cat":[297,163,165,309,226],"product_tag":[],"class_list":{"0":"post-4812","1":"product","2":"type-product","3":"status-publish","4":"has-post-thumbnail","6":"product_cat-enthalpy-exchangers","7":"product_cat-zehnder-comfoair","8":"product_cat-zehnder-comfoair-accessories","9":"product_cat-zehnder-brands","10":"product_cat-zehnder-comfoair-hrv-units","12":"first","13":"instock","14":"taxable","15":"shipping-taxable","16":"purchasable","17":"product-type-simple"},"acf":[],"yoast_head":"<!-- This site is optimized with the Yoast SEO plugin v27.0 - https:\/\/yoast.com\/product\/yoast-seo-wordpress\/ -->\n<title>Zehnder Enthalpy Exchanger ComfoAir Q350\/450\/600 | WTW Store<\/title>\n<meta name=\"description\" content=\"The Zehnder Enthalpy Exchanger is the perfect addition to the ComfoAir Q to achieve higher efficiency from the heat recovery system than with a regular...\" \/>\n<meta name=\"robots\" content=\"index, follow, max-snippet:-1, max-image-preview:large, max-video-preview:-1\" \/>\n<link rel=\"canonical\" href=\"https:\/\/wtwstore.com\/es\/product\/brands\/zehnder-brands\/zehnder-enthalpy-exchanger-comfoair-q350-450-600\/\" \/>\n<meta property=\"og:locale\" content=\"es_ES\" \/>\n<meta property=\"og:type\" content=\"article\" \/>\n<meta property=\"og:title\" content=\"Zehnder Enthalpy Exchanger ComfoAir Q350\/450\/600 | WTW Store\" \/>\n<meta property=\"og:description\" content=\"The Zehnder Enthalpy Exchanger is the perfect addition to the ComfoAir Q to achieve higher efficiency from the heat recovery system than with a regular...\" \/>\n<meta property=\"og:url\" content=\"https:\/\/wtwstore.com\/es\/product\/brands\/zehnder-brands\/zehnder-enthalpy-exchanger-comfoair-q350-450-600\/\" \/>\n<meta property=\"og:site_name\" content=\"WTW Store\" \/>\n<meta property=\"article:modified_time\" content=\"2026-02-24T07:09:40+00:00\" \/>\n<meta property=\"og:image\" content=\"https:\/\/wtwstore.com\/wp-content\/uploads\/2025\/06\/Zehnder-Enthalpiewisselaar-Comfoair-Q350-450-600-400502010.jpg\" \/>\n\t<meta property=\"og:image:width\" content=\"1500\" \/>\n\t<meta property=\"og:image:height\" content=\"1500\" \/>\n\t<meta property=\"og:image:type\" content=\"image\/jpeg\" \/>\n<meta name=\"twitter:card\" content=\"summary_large_image\" \/>\n<meta name=\"twitter:label1\" content=\"Tiempo de lectura\" \/>\n\t<meta name=\"twitter:data1\" content=\"1 minuto\" \/>\n<script type=\"application\/ld+json\" class=\"yoast-schema-graph\">{\"@context\":\"https:\/\/schema.org\",\"@graph\":[{\"@type\":\"WebPage\",\"@id\":\"https:\/\/wtwstore.com\/danmark\/product\/brands\/zehnder-brands\/zehnder-enthalpy-exchanger-comfoair-q350-450-600\",\"url\":\"https:\/\/wtwstore.com\/danmark\/product\/brands\/zehnder-brands\/zehnder-enthalpy-exchanger-comfoair-q350-450-600\",\"name\":\"Zehnder Enthalpy Exchanger ComfoAir Q350\/450\/600 | WTW Store\",\"isPartOf\":{\"@id\":\"https:\/\/wtwstore.com\/#website\"},\"primaryImageOfPage\":{\"@id\":\"https:\/\/wtwstore.com\/danmark\/product\/brands\/zehnder-brands\/zehnder-enthalpy-exchanger-comfoair-q350-450-600#primaryimage\"},\"image\":{\"@id\":\"https:\/\/wtwstore.com\/danmark\/product\/brands\/zehnder-brands\/zehnder-enthalpy-exchanger-comfoair-q350-450-600#primaryimage\"},\"thumbnailUrl\":\"https:\/\/wtwstore.com\/wp-content\/uploads\/2025\/06\/Zehnder-Enthalpiewisselaar-Comfoair-Q350-450-600-400502010.jpg\",\"datePublished\":\"2025-06-23T05:07:54+00:00\",\"dateModified\":\"2026-02-24T07:09:40+00:00\",\"description\":\"The Zehnder Enthalpy Exchanger is the perfect addition to the ComfoAir Q to achieve higher efficiency from the heat recovery system than with a regular...\",\"breadcrumb\":{\"@id\":\"https:\/\/wtwstore.com\/danmark\/product\/brands\/zehnder-brands\/zehnder-enthalpy-exchanger-comfoair-q350-450-600#breadcrumb\"},\"inLanguage\":\"es\",\"potentialAction\":[{\"@type\":\"ReadAction\",\"target\":[\"https:\/\/wtwstore.com\/danmark\/product\/brands\/zehnder-brands\/zehnder-enthalpy-exchanger-comfoair-q350-450-600\"]}]},{\"@type\":\"ImageObject\",\"inLanguage\":\"es\",\"@id\":\"https:\/\/wtwstore.com\/danmark\/product\/brands\/zehnder-brands\/zehnder-enthalpy-exchanger-comfoair-q350-450-600#primaryimage\",\"url\":\"https:\/\/wtwstore.com\/wp-content\/uploads\/2025\/06\/Zehnder-Enthalpiewisselaar-Comfoair-Q350-450-600-400502010.jpg\",\"contentUrl\":\"https:\/\/wtwstore.com\/wp-content\/uploads\/2025\/06\/Zehnder-Enthalpiewisselaar-Comfoair-Q350-450-600-400502010.jpg\",\"width\":1500,\"height\":1500,\"caption\":\"Zehnder Enthalpy Exchanger ComfoAir Q350\/450\/600\"},{\"@type\":\"BreadcrumbList\",\"@id\":\"https:\/\/wtwstore.com\/danmark\/product\/brands\/zehnder-brands\/zehnder-enthalpy-exchanger-comfoair-q350-450-600#breadcrumb\",\"itemListElement\":[{\"@type\":\"ListItem\",\"position\":1,\"name\":\"Home\",\"item\":\"https:\/\/wtwstore.com\/\"},{\"@type\":\"ListItem\",\"position\":2,\"name\":\"Web-Shop\",\"item\":\"https:\/\/wtwstore.com\/pt\/ventilation-shop\"},{\"@type\":\"ListItem\",\"position\":3,\"name\":\"Zehnder Enthalpy Exchanger ComfoAir Q350\/450\/600\"}]},{\"@type\":\"WebSite\",\"@id\":\"https:\/\/wtwstore.com\/#website\",\"url\":\"https:\/\/wtwstore.com\/\",\"name\":\"WTW Store\",\"description\":\"\",\"publisher\":{\"@id\":\"https:\/\/wtwstore.com\/#organization\"},\"potentialAction\":[{\"@type\":\"SearchAction\",\"target\":{\"@type\":\"EntryPoint\",\"urlTemplate\":\"https:\/\/wtwstore.com\/?s={search_term_string}\"},\"query-input\":{\"@type\":\"PropertyValueSpecification\",\"valueRequired\":true,\"valueName\":\"search_term_string\"}}],\"inLanguage\":\"es\"},{\"@type\":\"Organization\",\"@id\":\"https:\/\/wtwstore.com\/#organization\",\"name\":\"WTW Store\",\"url\":\"https:\/\/wtwstore.com\/\",\"logo\":{\"@type\":\"ImageObject\",\"inLanguage\":\"es\",\"@id\":\"https:\/\/wtwstore.com\/#\/schema\/logo\/image\/\",\"url\":\"http:\/\/wtwstore.com\/wp-content\/uploads\/2025\/04\/wtwstore-thumbnail-01.jpg\",\"contentUrl\":\"http:\/\/wtwstore.com\/wp-content\/uploads\/2025\/04\/wtwstore-thumbnail-01.jpg\",\"width\":1500,\"height\":1500,\"caption\":\"WTW Store\"},\"image\":{\"@id\":\"https:\/\/wtwstore.com\/#\/schema\/logo\/image\/\"}}]}<\/script>\n<!-- \/ Yoast SEO plugin. -->","yoast_head_json":{"title":"Intercambiador de Entalp\u00eda Zehnder ComfoAir Q350\/450\/600 | WTW Store","description":"El intercambiador de entalp\u00eda Zehnder es el complemento perfecto para el ComfoAir Q, logrando una mayor eficiencia del sistema de recuperaci\u00f3n de calor que con uno est\u00e1ndar...","robots":{"index":"index","follow":"follow","max-snippet":"max-snippet:-1","max-image-preview":"max-image-preview:large","max-video-preview":"max-video-preview:-1"},"canonical":"https:\/\/wtwstore.com\/es\/product\/brands\/zehnder-brands\/zehnder-enthalpy-exchanger-comfoair-q350-450-600\/","og_locale":"es_ES","og_type":"article","og_title":"Zehnder Enthalpy Exchanger ComfoAir Q350\/450\/600 | WTW Store","og_description":"The Zehnder Enthalpy Exchanger is the perfect addition to the ComfoAir Q to achieve higher efficiency from the heat recovery system than with a regular...","og_url":"https:\/\/wtwstore.com\/es\/product\/brands\/zehnder-brands\/zehnder-enthalpy-exchanger-comfoair-q350-450-600\/","og_site_name":"WTW Store","article_modified_time":"2026-02-24T07:09:40+00:00","og_image":[{"width":1500,"height":1500,"url":"https:\/\/wtwstore.com\/wp-content\/uploads\/2025\/06\/Zehnder-Enthalpiewisselaar-Comfoair-Q350-450-600-400502010.jpg","type":"image\/jpeg"}],"twitter_card":"summary_large_image","twitter_misc":{"Tiempo de lectura":"1 minuto"},"schema":{"@context":"https:\/\/schema.org","@graph":[{"@type":"WebPage","@id":"https:\/\/wtwstore.com\/danmark\/product\/brands\/zehnder-brands\/zehnder-enthalpy-exchanger-comfoair-q350-450-600","url":"https:\/\/wtwstore.com\/danmark\/product\/brands\/zehnder-brands\/zehnder-enthalpy-exchanger-comfoair-q350-450-600","name":"Intercambiador de Entalp\u00eda Zehnder ComfoAir Q350\/450\/600 | WTW Store","isPartOf":{"@id":"https:\/\/wtwstore.com\/#website"},"primaryImageOfPage":{"@id":"https:\/\/wtwstore.com\/danmark\/product\/brands\/zehnder-brands\/zehnder-enthalpy-exchanger-comfoair-q350-450-600#primaryimage"},"image":{"@id":"https:\/\/wtwstore.com\/danmark\/product\/brands\/zehnder-brands\/zehnder-enthalpy-exchanger-comfoair-q350-450-600#primaryimage"},"thumbnailUrl":"https:\/\/wtwstore.com\/wp-content\/uploads\/2025\/06\/Zehnder-Enthalpiewisselaar-Comfoair-Q350-450-600-400502010.jpg","datePublished":"2025-06-23T05:07:54+00:00","dateModified":"2026-02-24T07:09:40+00:00","description":"El intercambiador de entalp\u00eda Zehnder es el complemento perfecto para el ComfoAir Q, logrando una mayor eficiencia del sistema de recuperaci\u00f3n de calor que con uno est\u00e1ndar...","breadcrumb":{"@id":"https:\/\/wtwstore.com\/danmark\/product\/brands\/zehnder-brands\/zehnder-enthalpy-exchanger-comfoair-q350-450-600#breadcrumb"},"inLanguage":"es","potentialAction":[{"@type":"ReadAction","target":["https:\/\/wtwstore.com\/danmark\/product\/brands\/zehnder-brands\/zehnder-enthalpy-exchanger-comfoair-q350-450-600"]}]},{"@type":"ImageObject","inLanguage":"es","@id":"https:\/\/wtwstore.com\/danmark\/product\/brands\/zehnder-brands\/zehnder-enthalpy-exchanger-comfoair-q350-450-600#primaryimage","url":"https:\/\/wtwstore.com\/wp-content\/uploads\/2025\/06\/Zehnder-Enthalpiewisselaar-Comfoair-Q350-450-600-400502010.jpg","contentUrl":"https:\/\/wtwstore.com\/wp-content\/uploads\/2025\/06\/Zehnder-Enthalpiewisselaar-Comfoair-Q350-450-600-400502010.jpg","width":1500,"height":1500,"caption":"Zehnder Enthalpy Exchanger ComfoAir Q350\/450\/600"},{"@type":"BreadcrumbList","@id":"https:\/\/wtwstore.com\/danmark\/product\/brands\/zehnder-brands\/zehnder-enthalpy-exchanger-comfoair-q350-450-600#breadcrumb","itemListElement":[{"@type":"ListItem","position":1,"name":"Home","item":"https:\/\/wtwstore.com\/"},{"@type":"ListItem","position":2,"name":"Web-Shop","item":"https:\/\/wtwstore.com\/pt\/ventilation-shop"},{"@type":"ListItem","position":3,"name":"Zehnder Enthalpy Exchanger ComfoAir Q350\/450\/600"}]},{"@type":"WebSite","@id":"https:\/\/wtwstore.com\/#website","url":"https:\/\/wtwstore.com\/","name":"WTW Store","description":"","publisher":{"@id":"https:\/\/wtwstore.com\/#organization"},"potentialAction":[{"@type":"SearchAction","target":{"@type":"EntryPoint","urlTemplate":"https:\/\/wtwstore.com\/?s={search_term_string}"},"query-input":{"@type":"PropertyValueSpecification","valueRequired":true,"valueName":"search_term_string"}}],"inLanguage":"es"},{"@type":"Organization","@id":"https:\/\/wtwstore.com\/#organization","name":"WTW Store","url":"https:\/\/wtwstore.com\/","logo":{"@type":"ImageObject","inLanguage":"es","@id":"https:\/\/wtwstore.com\/#\/schema\/logo\/image\/","url":"http:\/\/wtwstore.com\/wp-content\/uploads\/2025\/04\/wtwstore-thumbnail-01.jpg","contentUrl":"http:\/\/wtwstore.com\/wp-content\/uploads\/2025\/04\/wtwstore-thumbnail-01.jpg","width":1500,"height":1500,"caption":"WTW Store"},"image":{"@id":"https:\/\/wtwstore.com\/#\/schema\/logo\/image\/"}}]}},"_links":{"self":[{"href":"https:\/\/wtwstore.com\/es\/wp-json\/wp\/v2\/product\/4812","targetHints":{"allow":["GET"]}}],"collection":[{"href":"https:\/\/wtwstore.com\/es\/wp-json\/wp\/v2\/product"}],"about":[{"href":"https:\/\/wtwstore.com\/es\/wp-json\/wp\/v2\/types\/product"}],"replies":[{"embeddable":true,"href":"https:\/\/wtwstore.com\/es\/wp-json\/wp\/v2\/comments?post=4812"}],"wp:featuredmedia":[{"embeddable":true,"href":"https:\/\/wtwstore.com\/es\/wp-json\/wp\/v2\/media\/4822"}],"wp:attachment":[{"href":"https:\/\/wtwstore.com\/es\/wp-json\/wp\/v2\/media?parent=4812"}],"wp:term":[{"taxonomy":"product_brand","embeddable":true,"href":"https:\/\/wtwstore.com\/es\/wp-json\/wp\/v2\/product_brand?post=4812"},{"taxonomy":"product_cat","embeddable":true,"href":"https:\/\/wtwstore.com\/es\/wp-json\/wp\/v2\/product_cat?post=4812"},{"taxonomy":"product_tag","embeddable":true,"href":"https:\/\/wtwstore.com\/es\/wp-json\/wp\/v2\/product_tag?post=4812"}],"curies":[{"name":"wp","href":"https:\/\/api.w.org\/{rel}","templated":true}]}}