{"id":4914,"date":"2025-10-03T20:02:27","date_gmt":"2025-10-03T18:02:27","guid":{"rendered":"http:\/\/wtwstore.com\/?post_type=product&#038;p=4914"},"modified":"2026-02-24T08:09:48","modified_gmt":"2026-02-24T07:09:48","slug":"renson-easyflex-flat-coupling-piece","status":"publish","type":"product","link":"https:\/\/wtwstore.com\/deutschland\/product\/brands\/renson-brands\/renson-easyflex-flat-coupling-piece","title":{"rendered":"Renson EasyFlex Flaches Verbindungsst\u00fcck"},"content":{"rendered":"<p>Das EasyFlex-Kanalsystem der belgischen Marke Renson ist mit jedem L\u00fcftungssystem kompatibel. Die einzigartige Kupplung sorgt f\u00fcr eine nahezu perfekte Luftdichtheit. Dieses Verbindungselement ist auf beiden Seiten mit integrierten doppelten Gummidichtungen ausgestattet. Dank dieser Dichtungen geh\u00f6rt das EasyFlex-System zur Luftdichtheitsklasse D, was bedeutet, dass es bis zu dreimal weniger Leckverluste hat als Klasse C.<\/p>","protected":false},"excerpt":{"rendered":"<p>The EasyFlex duct system from the Belgian brand Renson is compatible with any type of ventilation system. The unique coupling ensures an almost perfect airtight seal. This coupling piece is equipped with integrated double rubber seals on both sides. Thanks to these seals, the EasyFlex system falls under airtightness class D. This means the system [&hellip;]<\/p>","protected":false},"featured_media":5024,"comment_status":"closed","ping_status":"closed","template":"","meta":{"_acf_changed":false,"_monsterinsights_skip_tracking":false,"_monsterinsights_sitenote_active":false,"_monsterinsights_sitenote_note":"","_monsterinsights_sitenote_category":0},"product_brand":[],"product_cat":[313,240,215,217],"product_tag":[],"class_list":{"0":"post-4914","1":"product","2":"type-product","3":"status-publish","4":"has-post-thumbnail","6":"product_cat-renson-brands","7":"product_cat-renson-easyflex","8":"product_cat-renson","9":"product_cat-renson-accessories","11":"first","12":"instock","13":"taxable","14":"shipping-taxable","15":"purchasable","16":"product-type-simple"},"acf":[],"yoast_head":"<!-- This site is optimized with the Yoast SEO plugin v27.0 - https:\/\/yoast.com\/product\/yoast-seo-wordpress\/ -->\n<title>Renson EasyFlex Flat Coupling Piece | WTW Store<\/title>\n<meta name=\"description\" content=\"The EasyFlex duct system from the Belgian brand Renson is compatible with any type of ventilation system. The unique coupling ensures an almost perfect...\" \/>\n<meta name=\"robots\" content=\"index, follow, max-snippet:-1, max-image-preview:large, max-video-preview:-1\" \/>\n<link rel=\"canonical\" href=\"https:\/\/wtwstore.com\/deutschland\/product\/brands\/renson-brands\/renson-easyflex-flat-coupling-piece\" \/>\n<meta property=\"og:locale\" content=\"de_DE\" \/>\n<meta property=\"og:type\" content=\"article\" \/>\n<meta property=\"og:title\" content=\"Renson EasyFlex Flat Coupling Piece | WTW Store\" \/>\n<meta property=\"og:description\" content=\"The EasyFlex duct system from the Belgian brand Renson is compatible with any type of ventilation system. The unique coupling ensures an almost perfect...\" \/>\n<meta property=\"og:url\" content=\"https:\/\/wtwstore.com\/deutschland\/product\/brands\/renson-brands\/renson-easyflex-flat-coupling-piece\" \/>\n<meta property=\"og:site_name\" content=\"WTW Store\" \/>\n<meta property=\"article:modified_time\" content=\"2026-02-24T07:09:48+00:00\" \/>\n<meta property=\"og:image\" content=\"https:\/\/wtwstore.com\/wp-content\/uploads\/2025\/10\/Renson-EasyFlex-Flat-Coupling-Piece.jpg\" \/>\n\t<meta property=\"og:image:width\" content=\"1500\" \/>\n\t<meta property=\"og:image:height\" content=\"1500\" \/>\n\t<meta property=\"og:image:type\" content=\"image\/jpeg\" \/>\n<meta name=\"twitter:card\" content=\"summary_large_image\" \/>\n<meta name=\"twitter:label1\" content=\"Gesch\u00e4tzte Lesezeit\" \/>\n\t<meta name=\"twitter:data1\" content=\"1\u00a0Minute\" \/>\n<script type=\"application\/ld+json\" class=\"yoast-schema-graph\">{\"@context\":\"https:\/\/schema.org\",\"@graph\":[{\"@type\":\"WebPage\",\"@id\":\"https:\/\/wtwstore.com\/product\/brands\/renson-brands\/renson-easyflex-flat-coupling-piece\",\"url\":\"https:\/\/wtwstore.com\/product\/brands\/renson-brands\/renson-easyflex-flat-coupling-piece\",\"name\":\"Renson EasyFlex Flat Coupling Piece | WTW Store\",\"isPartOf\":{\"@id\":\"https:\/\/wtwstore.com\/#website\"},\"primaryImageOfPage\":{\"@id\":\"https:\/\/wtwstore.com\/product\/brands\/renson-brands\/renson-easyflex-flat-coupling-piece#primaryimage\"},\"image\":{\"@id\":\"https:\/\/wtwstore.com\/product\/brands\/renson-brands\/renson-easyflex-flat-coupling-piece#primaryimage\"},\"thumbnailUrl\":\"https:\/\/wtwstore.com\/wp-content\/uploads\/2025\/10\/Renson-EasyFlex-Flat-Coupling-Piece.jpg\",\"datePublished\":\"2025-10-03T18:02:27+00:00\",\"dateModified\":\"2026-02-24T07:09:48+00:00\",\"description\":\"The EasyFlex duct system from the Belgian brand Renson is compatible with any type of ventilation system. The unique coupling ensures an almost perfect...\",\"breadcrumb\":{\"@id\":\"https:\/\/wtwstore.com\/product\/brands\/renson-brands\/renson-easyflex-flat-coupling-piece#breadcrumb\"},\"inLanguage\":\"de\",\"potentialAction\":[{\"@type\":\"ReadAction\",\"target\":[\"https:\/\/wtwstore.com\/product\/brands\/renson-brands\/renson-easyflex-flat-coupling-piece\"]}]},{\"@type\":\"ImageObject\",\"inLanguage\":\"de\",\"@id\":\"https:\/\/wtwstore.com\/product\/brands\/renson-brands\/renson-easyflex-flat-coupling-piece#primaryimage\",\"url\":\"https:\/\/wtwstore.com\/wp-content\/uploads\/2025\/10\/Renson-EasyFlex-Flat-Coupling-Piece.jpg\",\"contentUrl\":\"https:\/\/wtwstore.com\/wp-content\/uploads\/2025\/10\/Renson-EasyFlex-Flat-Coupling-Piece.jpg\",\"width\":1500,\"height\":1500,\"caption\":\"Renson EasyFlex Flat Coupling Piece\"},{\"@type\":\"BreadcrumbList\",\"@id\":\"https:\/\/wtwstore.com\/product\/brands\/renson-brands\/renson-easyflex-flat-coupling-piece#breadcrumb\",\"itemListElement\":[{\"@type\":\"ListItem\",\"position\":1,\"name\":\"Home\",\"item\":\"https:\/\/wtwstore.com\/\"},{\"@type\":\"ListItem\",\"position\":2,\"name\":\"Web-Shop\",\"item\":\"https:\/\/wtwstore.com\/pt\/ventilation-shop\"},{\"@type\":\"ListItem\",\"position\":3,\"name\":\"Renson EasyFlex Flat Coupling Piece\"}]},{\"@type\":\"WebSite\",\"@id\":\"https:\/\/wtwstore.com\/#website\",\"url\":\"https:\/\/wtwstore.com\/\",\"name\":\"WTW Store\",\"description\":\"\",\"publisher\":{\"@id\":\"https:\/\/wtwstore.com\/#organization\"},\"potentialAction\":[{\"@type\":\"SearchAction\",\"target\":{\"@type\":\"EntryPoint\",\"urlTemplate\":\"https:\/\/wtwstore.com\/?s={search_term_string}\"},\"query-input\":{\"@type\":\"PropertyValueSpecification\",\"valueRequired\":true,\"valueName\":\"search_term_string\"}}],\"inLanguage\":\"de\"},{\"@type\":\"Organization\",\"@id\":\"https:\/\/wtwstore.com\/#organization\",\"name\":\"WTW Store\",\"url\":\"https:\/\/wtwstore.com\/\",\"logo\":{\"@type\":\"ImageObject\",\"inLanguage\":\"de\",\"@id\":\"https:\/\/wtwstore.com\/#\/schema\/logo\/image\/\",\"url\":\"http:\/\/wtwstore.com\/wp-content\/uploads\/2025\/04\/wtwstore-thumbnail-01.jpg\",\"contentUrl\":\"http:\/\/wtwstore.com\/wp-content\/uploads\/2025\/04\/wtwstore-thumbnail-01.jpg\",\"width\":1500,\"height\":1500,\"caption\":\"WTW Store\"},\"image\":{\"@id\":\"https:\/\/wtwstore.com\/#\/schema\/logo\/image\/\"}}]}<\/script>\n<!-- \/ Yoast SEO plugin. -->","yoast_head_json":{"title":"Renson EasyFlex Flaches Verbindungsst\u00fcck | WTW Store","description":"Das EasyFlex-Kanalsystem der belgischen Qualit\u00e4tsmarke Renson ist mit jedem L\u00fcftungssystem kompatibel. Die einzigartige Kupplung sorgt f\u00fcr eine nahezu perfekte...","robots":{"index":"index","follow":"follow","max-snippet":"max-snippet:-1","max-image-preview":"max-image-preview:large","max-video-preview":"max-video-preview:-1"},"canonical":"https:\/\/wtwstore.com\/deutschland\/product\/brands\/renson-brands\/renson-easyflex-flat-coupling-piece","og_locale":"de_DE","og_type":"article","og_title":"Renson EasyFlex Flat Coupling Piece | WTW Store","og_description":"The EasyFlex duct system from the Belgian brand Renson is compatible with any type of ventilation system. The unique coupling ensures an almost perfect...","og_url":"https:\/\/wtwstore.com\/deutschland\/product\/brands\/renson-brands\/renson-easyflex-flat-coupling-piece","og_site_name":"WTW Store","article_modified_time":"2026-02-24T07:09:48+00:00","og_image":[{"width":1500,"height":1500,"url":"https:\/\/wtwstore.com\/wp-content\/uploads\/2025\/10\/Renson-EasyFlex-Flat-Coupling-Piece.jpg","type":"image\/jpeg"}],"twitter_card":"summary_large_image","twitter_misc":{"Gesch\u00e4tzte Lesezeit":"1\u00a0Minute"},"schema":{"@context":"https:\/\/schema.org","@graph":[{"@type":"WebPage","@id":"https:\/\/wtwstore.com\/product\/brands\/renson-brands\/renson-easyflex-flat-coupling-piece","url":"https:\/\/wtwstore.com\/product\/brands\/renson-brands\/renson-easyflex-flat-coupling-piece","name":"Renson EasyFlex Flaches Verbindungsst\u00fcck | WTW Store","isPartOf":{"@id":"https:\/\/wtwstore.com\/#website"},"primaryImageOfPage":{"@id":"https:\/\/wtwstore.com\/product\/brands\/renson-brands\/renson-easyflex-flat-coupling-piece#primaryimage"},"image":{"@id":"https:\/\/wtwstore.com\/product\/brands\/renson-brands\/renson-easyflex-flat-coupling-piece#primaryimage"},"thumbnailUrl":"https:\/\/wtwstore.com\/wp-content\/uploads\/2025\/10\/Renson-EasyFlex-Flat-Coupling-Piece.jpg","datePublished":"2025-10-03T18:02:27+00:00","dateModified":"2026-02-24T07:09:48+00:00","description":"Das EasyFlex-Kanalsystem der belgischen Qualit\u00e4tsmarke Renson ist mit jedem L\u00fcftungssystem kompatibel. Die einzigartige Kupplung sorgt f\u00fcr eine nahezu perfekte...","breadcrumb":{"@id":"https:\/\/wtwstore.com\/product\/brands\/renson-brands\/renson-easyflex-flat-coupling-piece#breadcrumb"},"inLanguage":"de","potentialAction":[{"@type":"ReadAction","target":["https:\/\/wtwstore.com\/product\/brands\/renson-brands\/renson-easyflex-flat-coupling-piece"]}]},{"@type":"ImageObject","inLanguage":"de","@id":"https:\/\/wtwstore.com\/product\/brands\/renson-brands\/renson-easyflex-flat-coupling-piece#primaryimage","url":"https:\/\/wtwstore.com\/wp-content\/uploads\/2025\/10\/Renson-EasyFlex-Flat-Coupling-Piece.jpg","contentUrl":"https:\/\/wtwstore.com\/wp-content\/uploads\/2025\/10\/Renson-EasyFlex-Flat-Coupling-Piece.jpg","width":1500,"height":1500,"caption":"Renson EasyFlex Flat Coupling Piece"},{"@type":"BreadcrumbList","@id":"https:\/\/wtwstore.com\/product\/brands\/renson-brands\/renson-easyflex-flat-coupling-piece#breadcrumb","itemListElement":[{"@type":"ListItem","position":1,"name":"Home","item":"https:\/\/wtwstore.com\/"},{"@type":"ListItem","position":2,"name":"Web-Shop","item":"https:\/\/wtwstore.com\/pt\/ventilation-shop"},{"@type":"ListItem","position":3,"name":"Renson EasyFlex Flat Coupling Piece"}]},{"@type":"WebSite","@id":"https:\/\/wtwstore.com\/#website","url":"https:\/\/wtwstore.com\/","name":"WTW Store","description":"","publisher":{"@id":"https:\/\/wtwstore.com\/#organization"},"potentialAction":[{"@type":"SearchAction","target":{"@type":"EntryPoint","urlTemplate":"https:\/\/wtwstore.com\/?s={search_term_string}"},"query-input":{"@type":"PropertyValueSpecification","valueRequired":true,"valueName":"search_term_string"}}],"inLanguage":"de"},{"@type":"Organization","@id":"https:\/\/wtwstore.com\/#organization","name":"WTW Store","url":"https:\/\/wtwstore.com\/","logo":{"@type":"ImageObject","inLanguage":"de","@id":"https:\/\/wtwstore.com\/#\/schema\/logo\/image\/","url":"http:\/\/wtwstore.com\/wp-content\/uploads\/2025\/04\/wtwstore-thumbnail-01.jpg","contentUrl":"http:\/\/wtwstore.com\/wp-content\/uploads\/2025\/04\/wtwstore-thumbnail-01.jpg","width":1500,"height":1500,"caption":"WTW Store"},"image":{"@id":"https:\/\/wtwstore.com\/#\/schema\/logo\/image\/"}}]}},"_links":{"self":[{"href":"https:\/\/wtwstore.com\/deutschland\/wp-json\/wp\/v2\/product\/4914","targetHints":{"allow":["GET"]}}],"collection":[{"href":"https:\/\/wtwstore.com\/deutschland\/wp-json\/wp\/v2\/product"}],"about":[{"href":"https:\/\/wtwstore.com\/deutschland\/wp-json\/wp\/v2\/types\/product"}],"replies":[{"embeddable":true,"href":"https:\/\/wtwstore.com\/deutschland\/wp-json\/wp\/v2\/comments?post=4914"}],"wp:featuredmedia":[{"embeddable":true,"href":"https:\/\/wtwstore.com\/deutschland\/wp-json\/wp\/v2\/media\/5024"}],"wp:attachment":[{"href":"https:\/\/wtwstore.com\/deutschland\/wp-json\/wp\/v2\/media?parent=4914"}],"wp:term":[{"taxonomy":"product_brand","embeddable":true,"href":"https:\/\/wtwstore.com\/deutschland\/wp-json\/wp\/v2\/product_brand?post=4914"},{"taxonomy":"product_cat","embeddable":true,"href":"https:\/\/wtwstore.com\/deutschland\/wp-json\/wp\/v2\/product_cat?post=4914"},{"taxonomy":"product_tag","embeddable":true,"href":"https:\/\/wtwstore.com\/deutschland\/wp-json\/wp\/v2\/product_tag?post=4914"}],"curies":[{"name":"wp","href":"https:\/\/api.w.org\/{rel}","templated":true}]}}