{"id":3014,"date":"2024-07-01T11:16:46","date_gmt":"2024-07-01T09:16:46","guid":{"rendered":"http:\/\/wtwstore.com\/?post_type=product&#038;p=3014"},"modified":"2026-02-24T08:09:36","modified_gmt":"2026-02-24T07:09:36","slug":"itho-daalderop-hru-eco-350-heat-recovery-ventilation-hrv-wtw","status":"publish","type":"product","link":"https:\/\/wtwstore.com\/deutschland\/product\/brands\/itho-daalderop-brands\/itho-daalderop-hru-eco-350-heat-recovery-ventilation-hrv-wtw","title":{"rendered":"Itho Daalderop HRU ECO 350 WRG (L\u00fcftung mit W\u00e4rmer\u00fcckgewinnung)"},"content":{"rendered":"<p>Die HRU ECO 350 von Itho Daalderop mit geerdetem Stecker hat eine Kapazit\u00e4t von 350 m\u00b3\/h bei 100 Pa. Dadurch ist die Einheit f\u00fcr gr\u00f6\u00dfere H\u00e4user geeignet, sowohl f\u00fcr Renovierungen als auch f\u00fcr Neubauten. Die Einheit verf\u00fcgt \u00fcber eine standardm\u00e4\u00dfig integrierte Bypass-Steuerung und Frostschutz.<\/p>","protected":false},"excerpt":{"rendered":"<p>The HRU ECO 350 from Itho Daalderop with a grounded plug has a capacity of 350 m\u00b3\/h at 100 Pa. This makes the unit suitable for larger homes for use in both renovation and new construction. The unit is equipped with a standard built-in bypass control and frost protection.<\/p>","protected":false},"featured_media":4513,"comment_status":"closed","ping_status":"closed","template":"","meta":{"_acf_changed":false,"_monsterinsights_skip_tracking":false,"_monsterinsights_sitenote_active":false,"_monsterinsights_sitenote_note":"","_monsterinsights_sitenote_category":0},"product_brand":[],"product_cat":[229,312,170,105],"product_tag":[172,173],"class_list":{"0":"post-3014","1":"product","2":"type-product","3":"status-publish","4":"has-post-thumbnail","6":"product_cat-itho-daalderop-hrv-units","7":"product_cat-itho-daalderop-brands","8":"product_cat-itho-daalderop","9":"product_cat-products","10":"product_tag-high-rise","11":"product_tag-wtw-unit-350-plug-with-grounding","13":"first","14":"instock","15":"downloadable","16":"taxable","17":"shipping-taxable","18":"purchasable","19":"product-type-simple"},"acf":[],"yoast_head":"<!-- This site is optimized with the Yoast SEO plugin v27.0 - https:\/\/yoast.com\/product\/yoast-seo-wordpress\/ -->\n<title>Itho Daalderop HRU ECO 350 Heat Recovery Ventilation (HRV) | WTW Store<\/title>\n<meta name=\"description\" content=\"The Itho Daalderop HRU ECO 350 with grounded plug delivers 350 m\u00b3\/h at 100 Pa. Perfect for high-rise homes and buildings.\" \/>\n<meta name=\"robots\" content=\"index, follow, max-snippet:-1, max-image-preview:large, max-video-preview:-1\" \/>\n<link rel=\"canonical\" href=\"https:\/\/wtwstore.com\/deutschland\/product\/brands\/itho-daalderop-brands\/itho-daalderop-hru-eco-350-heat-recovery-ventilation-hrv-wtw\/\" \/>\n<meta property=\"og:locale\" content=\"de_DE\" \/>\n<meta property=\"og:type\" content=\"article\" \/>\n<meta property=\"og:title\" content=\"Itho Daalderop HRU ECO 350 Heat Recovery Ventilation (HRV) | WTW Store\" \/>\n<meta property=\"og:description\" content=\"The Itho Daalderop HRU ECO 350 with grounded plug delivers 350 m\u00b3\/h at 100 Pa. Perfect for high-rise homes and buildings.\" \/>\n<meta property=\"og:url\" content=\"https:\/\/wtwstore.com\/deutschland\/product\/brands\/itho-daalderop-brands\/itho-daalderop-hru-eco-350-heat-recovery-ventilation-hrv-wtw\/\" \/>\n<meta property=\"og:site_name\" content=\"WTW Store\" \/>\n<meta property=\"article:modified_time\" content=\"2026-02-24T07:09:36+00:00\" \/>\n<meta property=\"og:image\" content=\"https:\/\/wtwstore.com\/wp-content\/uploads\/2024\/07\/Itho-Daalderop-HRU-ECO-350-HP-Heat-Recovery-Ventilation-HRV-WTW.jpg\" \/>\n\t<meta property=\"og:image:width\" content=\"1500\" \/>\n\t<meta property=\"og:image:height\" content=\"1500\" \/>\n\t<meta property=\"og:image:type\" content=\"image\/jpeg\" \/>\n<meta name=\"twitter:card\" content=\"summary_large_image\" \/>\n<meta name=\"twitter:label1\" content=\"Gesch\u00e4tzte Lesezeit\" \/>\n\t<meta name=\"twitter:data1\" content=\"1\u00a0Minute\" \/>\n<script type=\"application\/ld+json\" class=\"yoast-schema-graph\">{\"@context\":\"https:\/\/schema.org\",\"@graph\":[{\"@type\":\"WebPage\",\"@id\":\"https:\/\/wtwstore.com\/belgie\/product\/brands\/itho-daalderop-brands\/itho-daalderop-hru-eco-350-heat-recovery-ventilation-hrv-wtw\",\"url\":\"https:\/\/wtwstore.com\/belgie\/product\/brands\/itho-daalderop-brands\/itho-daalderop-hru-eco-350-heat-recovery-ventilation-hrv-wtw\",\"name\":\"Itho Daalderop HRU ECO 350 Heat Recovery Ventilation (HRV) | WTW Store\",\"isPartOf\":{\"@id\":\"https:\/\/wtwstore.com\/#website\"},\"primaryImageOfPage\":{\"@id\":\"https:\/\/wtwstore.com\/belgie\/product\/brands\/itho-daalderop-brands\/itho-daalderop-hru-eco-350-heat-recovery-ventilation-hrv-wtw#primaryimage\"},\"image\":{\"@id\":\"https:\/\/wtwstore.com\/belgie\/product\/brands\/itho-daalderop-brands\/itho-daalderop-hru-eco-350-heat-recovery-ventilation-hrv-wtw#primaryimage\"},\"thumbnailUrl\":\"https:\/\/wtwstore.com\/wp-content\/uploads\/2024\/07\/Itho-Daalderop-HRU-ECO-350-HP-Heat-Recovery-Ventilation-HRV-WTW.jpg\",\"datePublished\":\"2024-07-01T09:16:46+00:00\",\"dateModified\":\"2026-02-24T07:09:36+00:00\",\"description\":\"The Itho Daalderop HRU ECO 350 with grounded plug delivers 350 m\u00b3\/h at 100 Pa. Perfect for high-rise homes and buildings.\",\"breadcrumb\":{\"@id\":\"https:\/\/wtwstore.com\/belgie\/product\/brands\/itho-daalderop-brands\/itho-daalderop-hru-eco-350-heat-recovery-ventilation-hrv-wtw#breadcrumb\"},\"inLanguage\":\"de\",\"potentialAction\":[{\"@type\":\"ReadAction\",\"target\":[\"https:\/\/wtwstore.com\/belgie\/product\/brands\/itho-daalderop-brands\/itho-daalderop-hru-eco-350-heat-recovery-ventilation-hrv-wtw\"]}]},{\"@type\":\"ImageObject\",\"inLanguage\":\"de\",\"@id\":\"https:\/\/wtwstore.com\/belgie\/product\/brands\/itho-daalderop-brands\/itho-daalderop-hru-eco-350-heat-recovery-ventilation-hrv-wtw#primaryimage\",\"url\":\"https:\/\/wtwstore.com\/wp-content\/uploads\/2024\/07\/Itho-Daalderop-HRU-ECO-350-HP-Heat-Recovery-Ventilation-HRV-WTW.jpg\",\"contentUrl\":\"https:\/\/wtwstore.com\/wp-content\/uploads\/2024\/07\/Itho-Daalderop-HRU-ECO-350-HP-Heat-Recovery-Ventilation-HRV-WTW.jpg\",\"width\":1500,\"height\":1500,\"caption\":\"Itho Daalderop HRU ECO 350 HP Heat Recovery Ventilation (HRV\/WTW)\"},{\"@type\":\"BreadcrumbList\",\"@id\":\"https:\/\/wtwstore.com\/belgie\/product\/brands\/itho-daalderop-brands\/itho-daalderop-hru-eco-350-heat-recovery-ventilation-hrv-wtw#breadcrumb\",\"itemListElement\":[{\"@type\":\"ListItem\",\"position\":1,\"name\":\"Home\",\"item\":\"https:\/\/wtwstore.com\/\"},{\"@type\":\"ListItem\",\"position\":2,\"name\":\"Web-Shop\",\"item\":\"https:\/\/wtwstore.com\/pt\/ventilation-shop\"},{\"@type\":\"ListItem\",\"position\":3,\"name\":\"Itho Daalderop HRU ECO 350 Heat Recovery Ventilation (HRV\/WTW)\"}]},{\"@type\":\"WebSite\",\"@id\":\"https:\/\/wtwstore.com\/#website\",\"url\":\"https:\/\/wtwstore.com\/\",\"name\":\"WTW Store\",\"description\":\"\",\"publisher\":{\"@id\":\"https:\/\/wtwstore.com\/#organization\"},\"potentialAction\":[{\"@type\":\"SearchAction\",\"target\":{\"@type\":\"EntryPoint\",\"urlTemplate\":\"https:\/\/wtwstore.com\/?s={search_term_string}\"},\"query-input\":{\"@type\":\"PropertyValueSpecification\",\"valueRequired\":true,\"valueName\":\"search_term_string\"}}],\"inLanguage\":\"de\"},{\"@type\":\"Organization\",\"@id\":\"https:\/\/wtwstore.com\/#organization\",\"name\":\"WTW Store\",\"url\":\"https:\/\/wtwstore.com\/\",\"logo\":{\"@type\":\"ImageObject\",\"inLanguage\":\"de\",\"@id\":\"https:\/\/wtwstore.com\/#\/schema\/logo\/image\/\",\"url\":\"http:\/\/wtwstore.com\/wp-content\/uploads\/2025\/04\/wtwstore-thumbnail-01.jpg\",\"contentUrl\":\"http:\/\/wtwstore.com\/wp-content\/uploads\/2025\/04\/wtwstore-thumbnail-01.jpg\",\"width\":1500,\"height\":1500,\"caption\":\"WTW Store\"},\"image\":{\"@id\":\"https:\/\/wtwstore.com\/#\/schema\/logo\/image\/\"}}]}<\/script>\n<!-- \/ Yoast SEO plugin. -->","yoast_head_json":{"title":"Itho Daalderop HRU ECO 350 WRG (L\u00fcftung mit W\u00e4rmer\u00fcckgewinnung) | WTW Store","description":"Der Itho Daalderop HRU ECO 350 mit Schutzkontaktstecker liefert 350\u202fm\u00b3\/h bei 100\u202fPa. Ideal f\u00fcr Hochh\u00e4user und mehrst\u00f6ckige Geb\u00e4ude.","robots":{"index":"index","follow":"follow","max-snippet":"max-snippet:-1","max-image-preview":"max-image-preview:large","max-video-preview":"max-video-preview:-1"},"canonical":"https:\/\/wtwstore.com\/deutschland\/product\/brands\/itho-daalderop-brands\/itho-daalderop-hru-eco-350-heat-recovery-ventilation-hrv-wtw\/","og_locale":"de_DE","og_type":"article","og_title":"Itho Daalderop HRU ECO 350 Heat Recovery Ventilation (HRV) | WTW Store","og_description":"The Itho Daalderop HRU ECO 350 with grounded plug delivers 350 m\u00b3\/h at 100 Pa. Perfect for high-rise homes and buildings.","og_url":"https:\/\/wtwstore.com\/deutschland\/product\/brands\/itho-daalderop-brands\/itho-daalderop-hru-eco-350-heat-recovery-ventilation-hrv-wtw\/","og_site_name":"WTW Store","article_modified_time":"2026-02-24T07:09:36+00:00","og_image":[{"width":1500,"height":1500,"url":"https:\/\/wtwstore.com\/wp-content\/uploads\/2024\/07\/Itho-Daalderop-HRU-ECO-350-HP-Heat-Recovery-Ventilation-HRV-WTW.jpg","type":"image\/jpeg"}],"twitter_card":"summary_large_image","twitter_misc":{"Gesch\u00e4tzte Lesezeit":"1\u00a0Minute"},"schema":{"@context":"https:\/\/schema.org","@graph":[{"@type":"WebPage","@id":"https:\/\/wtwstore.com\/belgie\/product\/brands\/itho-daalderop-brands\/itho-daalderop-hru-eco-350-heat-recovery-ventilation-hrv-wtw","url":"https:\/\/wtwstore.com\/belgie\/product\/brands\/itho-daalderop-brands\/itho-daalderop-hru-eco-350-heat-recovery-ventilation-hrv-wtw","name":"Itho Daalderop HRU ECO 350 WRG (L\u00fcftung mit W\u00e4rmer\u00fcckgewinnung) | WTW Store","isPartOf":{"@id":"https:\/\/wtwstore.com\/#website"},"primaryImageOfPage":{"@id":"https:\/\/wtwstore.com\/belgie\/product\/brands\/itho-daalderop-brands\/itho-daalderop-hru-eco-350-heat-recovery-ventilation-hrv-wtw#primaryimage"},"image":{"@id":"https:\/\/wtwstore.com\/belgie\/product\/brands\/itho-daalderop-brands\/itho-daalderop-hru-eco-350-heat-recovery-ventilation-hrv-wtw#primaryimage"},"thumbnailUrl":"https:\/\/wtwstore.com\/wp-content\/uploads\/2024\/07\/Itho-Daalderop-HRU-ECO-350-HP-Heat-Recovery-Ventilation-HRV-WTW.jpg","datePublished":"2024-07-01T09:16:46+00:00","dateModified":"2026-02-24T07:09:36+00:00","description":"Der Itho Daalderop HRU ECO 350 mit Schutzkontaktstecker liefert 350\u202fm\u00b3\/h bei 100\u202fPa. Ideal f\u00fcr Hochh\u00e4user und mehrst\u00f6ckige Geb\u00e4ude.","breadcrumb":{"@id":"https:\/\/wtwstore.com\/belgie\/product\/brands\/itho-daalderop-brands\/itho-daalderop-hru-eco-350-heat-recovery-ventilation-hrv-wtw#breadcrumb"},"inLanguage":"de","potentialAction":[{"@type":"ReadAction","target":["https:\/\/wtwstore.com\/belgie\/product\/brands\/itho-daalderop-brands\/itho-daalderop-hru-eco-350-heat-recovery-ventilation-hrv-wtw"]}]},{"@type":"ImageObject","inLanguage":"de","@id":"https:\/\/wtwstore.com\/belgie\/product\/brands\/itho-daalderop-brands\/itho-daalderop-hru-eco-350-heat-recovery-ventilation-hrv-wtw#primaryimage","url":"https:\/\/wtwstore.com\/wp-content\/uploads\/2024\/07\/Itho-Daalderop-HRU-ECO-350-HP-Heat-Recovery-Ventilation-HRV-WTW.jpg","contentUrl":"https:\/\/wtwstore.com\/wp-content\/uploads\/2024\/07\/Itho-Daalderop-HRU-ECO-350-HP-Heat-Recovery-Ventilation-HRV-WTW.jpg","width":1500,"height":1500,"caption":"Itho Daalderop HRU ECO 350 HP Heat Recovery Ventilation (HRV\/WTW)"},{"@type":"BreadcrumbList","@id":"https:\/\/wtwstore.com\/belgie\/product\/brands\/itho-daalderop-brands\/itho-daalderop-hru-eco-350-heat-recovery-ventilation-hrv-wtw#breadcrumb","itemListElement":[{"@type":"ListItem","position":1,"name":"Home","item":"https:\/\/wtwstore.com\/"},{"@type":"ListItem","position":2,"name":"Web-Shop","item":"https:\/\/wtwstore.com\/pt\/ventilation-shop"},{"@type":"ListItem","position":3,"name":"Itho Daalderop HRU ECO 350 Heat Recovery Ventilation (HRV\/WTW)"}]},{"@type":"WebSite","@id":"https:\/\/wtwstore.com\/#website","url":"https:\/\/wtwstore.com\/","name":"WTW Store","description":"","publisher":{"@id":"https:\/\/wtwstore.com\/#organization"},"potentialAction":[{"@type":"SearchAction","target":{"@type":"EntryPoint","urlTemplate":"https:\/\/wtwstore.com\/?s={search_term_string}"},"query-input":{"@type":"PropertyValueSpecification","valueRequired":true,"valueName":"search_term_string"}}],"inLanguage":"de"},{"@type":"Organization","@id":"https:\/\/wtwstore.com\/#organization","name":"WTW Store","url":"https:\/\/wtwstore.com\/","logo":{"@type":"ImageObject","inLanguage":"de","@id":"https:\/\/wtwstore.com\/#\/schema\/logo\/image\/","url":"http:\/\/wtwstore.com\/wp-content\/uploads\/2025\/04\/wtwstore-thumbnail-01.jpg","contentUrl":"http:\/\/wtwstore.com\/wp-content\/uploads\/2025\/04\/wtwstore-thumbnail-01.jpg","width":1500,"height":1500,"caption":"WTW Store"},"image":{"@id":"https:\/\/wtwstore.com\/#\/schema\/logo\/image\/"}}]}},"_links":{"self":[{"href":"https:\/\/wtwstore.com\/deutschland\/wp-json\/wp\/v2\/product\/3014","targetHints":{"allow":["GET"]}}],"collection":[{"href":"https:\/\/wtwstore.com\/deutschland\/wp-json\/wp\/v2\/product"}],"about":[{"href":"https:\/\/wtwstore.com\/deutschland\/wp-json\/wp\/v2\/types\/product"}],"replies":[{"embeddable":true,"href":"https:\/\/wtwstore.com\/deutschland\/wp-json\/wp\/v2\/comments?post=3014"}],"wp:featuredmedia":[{"embeddable":true,"href":"https:\/\/wtwstore.com\/deutschland\/wp-json\/wp\/v2\/media\/4513"}],"wp:attachment":[{"href":"https:\/\/wtwstore.com\/deutschland\/wp-json\/wp\/v2\/media?parent=3014"}],"wp:term":[{"taxonomy":"product_brand","embeddable":true,"href":"https:\/\/wtwstore.com\/deutschland\/wp-json\/wp\/v2\/product_brand?post=3014"},{"taxonomy":"product_cat","embeddable":true,"href":"https:\/\/wtwstore.com\/deutschland\/wp-json\/wp\/v2\/product_cat?post=3014"},{"taxonomy":"product_tag","embeddable":true,"href":"https:\/\/wtwstore.com\/deutschland\/wp-json\/wp\/v2\/product_tag?post=3014"}],"curies":[{"name":"wp","href":"https:\/\/api.w.org\/{rel}","templated":true}]}}