{"id":4988,"date":"2025-10-04T04:08:55","date_gmt":"2025-10-04T02:08:55","guid":{"rendered":"http:\/\/wtwstore.com\/?post_type=product&#038;p=4988"},"modified":"2026-02-24T08:09:57","modified_gmt":"2026-02-24T07:09:57","slug":"renson-sense-room-sensor-kit-2x-sense-for-flux-flat-wtw-units","status":"publish","type":"product","link":"https:\/\/wtwstore.com\/danmark\/product\/brands\/renson-brands\/renson-sense-room-sensor-kit-2x-sense-for-flux-flat-wtw-units","title":{"rendered":"Renson Sense Rumf\u00f8lers\u00e6t 2\u00d7 Sense til Flux Flat ventilationsenheder"},"content":{"rendered":"<p>Renson Sense er en avanceret rumf\u00f8ler, der kontinuerligt m\u00e5ler seks vigtige parametre: CO\u2082, temperatur, relativ luftfugtighed, VOC\u2019er (lugte), lyd og lys. Takket v\u00e6re den store LED-ring kan du med et enkelt blik se, om luftkvaliteten er god: bl\u00e5 betyder god, orange middel og r\u00f8d d\u00e5rlig. Ikoner viser desuden pr\u00e6cist, hvilken parameter der afviger.<\/p>","protected":false},"excerpt":{"rendered":"<p>The Renson Sense is an advanced room sensor that continuously measures six key parameters: CO\u2082, temperature, relative humidity, VOCs (odours), sound, and light. Thanks to the large LED ring, you can see at a glance whether the air quality is good: blue means good, orange means average, and red means poor. In addition, icons show [&hellip;]<\/p>","protected":false},"featured_media":5058,"comment_status":"closed","ping_status":"closed","template":"","meta":{"_acf_changed":false,"_monsterinsights_skip_tracking":false,"_monsterinsights_sitenote_active":false,"_monsterinsights_sitenote_note":"","_monsterinsights_sitenote_category":0},"product_brand":[],"product_cat":[313,302,215,217],"product_tag":[],"class_list":{"0":"post-4988","1":"product","2":"type-product","3":"status-publish","4":"has-post-thumbnail","6":"product_cat-renson-brands","7":"product_cat-renson-sense-healthbox-control-modules","8":"product_cat-renson","9":"product_cat-renson-accessories","11":"first","12":"instock","13":"taxable","14":"shipping-taxable","15":"purchasable","16":"product-type-simple"},"acf":[],"yoast_head":"<!-- This site is optimized with the Yoast SEO plugin v27.0 - https:\/\/yoast.com\/product\/yoast-seo-wordpress\/ -->\n<title>Renson Sense Room Sensor Kit 2\u00d7 Sense for Flux Flat WTW Units | WTW Store<\/title>\n<meta name=\"description\" content=\"The Renson Sense is an advanced room sensor that continuously measures six key parameters: CO\u2082, temperature, relative humidity, VOCs (odours), sound...\" \/>\n<meta name=\"robots\" content=\"index, follow, max-snippet:-1, max-image-preview:large, max-video-preview:-1\" \/>\n<link rel=\"canonical\" href=\"https:\/\/wtwstore.com\/danmark\/product\/brands\/renson-brands\/renson-sense-room-sensor-kit-2x-sense-for-flux-flat-wtw-units\/\" \/>\n<meta property=\"og:locale\" content=\"da_DK\" \/>\n<meta property=\"og:type\" content=\"article\" \/>\n<meta property=\"og:title\" content=\"Renson Sense Room Sensor Kit 2\u00d7 Sense for Flux Flat WTW Units | WTW Store\" \/>\n<meta property=\"og:description\" content=\"The Renson Sense is an advanced room sensor that continuously measures six key parameters: CO\u2082, temperature, relative humidity, VOCs (odours), sound...\" \/>\n<meta property=\"og:url\" content=\"https:\/\/wtwstore.com\/danmark\/product\/brands\/renson-brands\/renson-sense-room-sensor-kit-2x-sense-for-flux-flat-wtw-units\/\" \/>\n<meta property=\"og:site_name\" content=\"WTW Store\" \/>\n<meta property=\"article:modified_time\" content=\"2026-02-24T07:09:57+00:00\" \/>\n<meta property=\"og:image\" content=\"https:\/\/wtwstore.com\/wp-content\/uploads\/2025\/10\/Renson-Sense-Room-Sensor-Kit-2\u00d7-Sense-for-Flux-Flat-WTW-Units.jpg\" \/>\n\t<meta property=\"og:image:width\" content=\"1500\" \/>\n\t<meta property=\"og:image:height\" content=\"1500\" \/>\n\t<meta property=\"og:image:type\" content=\"image\/jpeg\" \/>\n<meta name=\"twitter:card\" content=\"summary_large_image\" \/>\n<meta name=\"twitter:label1\" content=\"Estimeret l\u00e6setid\" \/>\n\t<meta name=\"twitter:data1\" content=\"1 minut\" \/>\n<script type=\"application\/ld+json\" class=\"yoast-schema-graph\">{\"@context\":\"https:\/\/schema.org\",\"@graph\":[{\"@type\":\"WebPage\",\"@id\":\"https:\/\/wtwstore.com\/belgie\/product\/brands\/renson-brands\/renson-sense-room-sensor-kit-2x-sense-for-flux-flat-wtw-units\",\"url\":\"https:\/\/wtwstore.com\/belgie\/product\/brands\/renson-brands\/renson-sense-room-sensor-kit-2x-sense-for-flux-flat-wtw-units\",\"name\":\"Renson Sense Room Sensor Kit 2\u00d7 Sense for Flux Flat WTW Units | WTW Store\",\"isPartOf\":{\"@id\":\"https:\/\/wtwstore.com\/#website\"},\"primaryImageOfPage\":{\"@id\":\"https:\/\/wtwstore.com\/belgie\/product\/brands\/renson-brands\/renson-sense-room-sensor-kit-2x-sense-for-flux-flat-wtw-units#primaryimage\"},\"image\":{\"@id\":\"https:\/\/wtwstore.com\/belgie\/product\/brands\/renson-brands\/renson-sense-room-sensor-kit-2x-sense-for-flux-flat-wtw-units#primaryimage\"},\"thumbnailUrl\":\"https:\/\/wtwstore.com\/wp-content\/uploads\/2025\/10\/Renson-Sense-Room-Sensor-Kit-2\u00d7-Sense-for-Flux-Flat-WTW-Units.jpg\",\"datePublished\":\"2025-10-04T02:08:55+00:00\",\"dateModified\":\"2026-02-24T07:09:57+00:00\",\"description\":\"The Renson Sense is an advanced room sensor that continuously measures six key parameters: CO\u2082, temperature, relative humidity, VOCs (odours), sound...\",\"breadcrumb\":{\"@id\":\"https:\/\/wtwstore.com\/belgie\/product\/brands\/renson-brands\/renson-sense-room-sensor-kit-2x-sense-for-flux-flat-wtw-units#breadcrumb\"},\"inLanguage\":\"da-DK\",\"potentialAction\":[{\"@type\":\"ReadAction\",\"target\":[\"https:\/\/wtwstore.com\/belgie\/product\/brands\/renson-brands\/renson-sense-room-sensor-kit-2x-sense-for-flux-flat-wtw-units\"]}]},{\"@type\":\"ImageObject\",\"inLanguage\":\"da-DK\",\"@id\":\"https:\/\/wtwstore.com\/belgie\/product\/brands\/renson-brands\/renson-sense-room-sensor-kit-2x-sense-for-flux-flat-wtw-units#primaryimage\",\"url\":\"https:\/\/wtwstore.com\/wp-content\/uploads\/2025\/10\/Renson-Sense-Room-Sensor-Kit-2\u00d7-Sense-for-Flux-Flat-WTW-Units.jpg\",\"contentUrl\":\"https:\/\/wtwstore.com\/wp-content\/uploads\/2025\/10\/Renson-Sense-Room-Sensor-Kit-2\u00d7-Sense-for-Flux-Flat-WTW-Units.jpg\",\"width\":1500,\"height\":1500,\"caption\":\"Renson Sense Room Sensor Kit 2\u00d7 Sense for Flux Flat WTW Units\"},{\"@type\":\"BreadcrumbList\",\"@id\":\"https:\/\/wtwstore.com\/belgie\/product\/brands\/renson-brands\/renson-sense-room-sensor-kit-2x-sense-for-flux-flat-wtw-units#breadcrumb\",\"itemListElement\":[{\"@type\":\"ListItem\",\"position\":1,\"name\":\"Home\",\"item\":\"https:\/\/wtwstore.com\/\"},{\"@type\":\"ListItem\",\"position\":2,\"name\":\"Web-Shop\",\"item\":\"https:\/\/wtwstore.com\/pt\/ventilation-shop\"},{\"@type\":\"ListItem\",\"position\":3,\"name\":\"Renson Sense Room Sensor Kit 2\u00d7 Sense for Flux Flat WTW Units\"}]},{\"@type\":\"WebSite\",\"@id\":\"https:\/\/wtwstore.com\/#website\",\"url\":\"https:\/\/wtwstore.com\/\",\"name\":\"WTW Store\",\"description\":\"\",\"publisher\":{\"@id\":\"https:\/\/wtwstore.com\/#organization\"},\"potentialAction\":[{\"@type\":\"SearchAction\",\"target\":{\"@type\":\"EntryPoint\",\"urlTemplate\":\"https:\/\/wtwstore.com\/?s={search_term_string}\"},\"query-input\":{\"@type\":\"PropertyValueSpecification\",\"valueRequired\":true,\"valueName\":\"search_term_string\"}}],\"inLanguage\":\"da-DK\"},{\"@type\":\"Organization\",\"@id\":\"https:\/\/wtwstore.com\/#organization\",\"name\":\"WTW Store\",\"url\":\"https:\/\/wtwstore.com\/\",\"logo\":{\"@type\":\"ImageObject\",\"inLanguage\":\"da-DK\",\"@id\":\"https:\/\/wtwstore.com\/#\/schema\/logo\/image\/\",\"url\":\"http:\/\/wtwstore.com\/wp-content\/uploads\/2025\/04\/wtwstore-thumbnail-01.jpg\",\"contentUrl\":\"http:\/\/wtwstore.com\/wp-content\/uploads\/2025\/04\/wtwstore-thumbnail-01.jpg\",\"width\":1500,\"height\":1500,\"caption\":\"WTW Store\"},\"image\":{\"@id\":\"https:\/\/wtwstore.com\/#\/schema\/logo\/image\/\"}}]}<\/script>\n<!-- \/ Yoast SEO plugin. -->","yoast_head_json":{"title":"Renson Sense Rumf\u00f8lers\u00e6t 2\u00d7 Sense til Flux Flat ventilationsenheder | WTW Store","description":"Renson Sense er en avanceret rumf\u00f8ler, der kontinuerligt m\u00e5ler seks vigtige parametre: CO\u2082, temperatur, relativ luftfugtighed, VOC\u2019er (lugte), lyd...","robots":{"index":"index","follow":"follow","max-snippet":"max-snippet:-1","max-image-preview":"max-image-preview:large","max-video-preview":"max-video-preview:-1"},"canonical":"https:\/\/wtwstore.com\/danmark\/product\/brands\/renson-brands\/renson-sense-room-sensor-kit-2x-sense-for-flux-flat-wtw-units\/","og_locale":"da_DK","og_type":"article","og_title":"Renson Sense Room Sensor Kit 2\u00d7 Sense for Flux Flat WTW Units | WTW Store","og_description":"The Renson Sense is an advanced room sensor that continuously measures six key parameters: CO\u2082, temperature, relative humidity, VOCs (odours), sound...","og_url":"https:\/\/wtwstore.com\/danmark\/product\/brands\/renson-brands\/renson-sense-room-sensor-kit-2x-sense-for-flux-flat-wtw-units\/","og_site_name":"WTW Store","article_modified_time":"2026-02-24T07:09:57+00:00","og_image":[{"width":1500,"height":1500,"url":"https:\/\/wtwstore.com\/wp-content\/uploads\/2025\/10\/Renson-Sense-Room-Sensor-Kit-2\u00d7-Sense-for-Flux-Flat-WTW-Units.jpg","type":"image\/jpeg"}],"twitter_card":"summary_large_image","twitter_misc":{"Estimeret l\u00e6setid":"1 minut"},"schema":{"@context":"https:\/\/schema.org","@graph":[{"@type":"WebPage","@id":"https:\/\/wtwstore.com\/belgie\/product\/brands\/renson-brands\/renson-sense-room-sensor-kit-2x-sense-for-flux-flat-wtw-units","url":"https:\/\/wtwstore.com\/belgie\/product\/brands\/renson-brands\/renson-sense-room-sensor-kit-2x-sense-for-flux-flat-wtw-units","name":"Renson Sense Rumf\u00f8lers\u00e6t 2\u00d7 Sense til Flux Flat ventilationsenheder | WTW Store","isPartOf":{"@id":"https:\/\/wtwstore.com\/#website"},"primaryImageOfPage":{"@id":"https:\/\/wtwstore.com\/belgie\/product\/brands\/renson-brands\/renson-sense-room-sensor-kit-2x-sense-for-flux-flat-wtw-units#primaryimage"},"image":{"@id":"https:\/\/wtwstore.com\/belgie\/product\/brands\/renson-brands\/renson-sense-room-sensor-kit-2x-sense-for-flux-flat-wtw-units#primaryimage"},"thumbnailUrl":"https:\/\/wtwstore.com\/wp-content\/uploads\/2025\/10\/Renson-Sense-Room-Sensor-Kit-2\u00d7-Sense-for-Flux-Flat-WTW-Units.jpg","datePublished":"2025-10-04T02:08:55+00:00","dateModified":"2026-02-24T07:09:57+00:00","description":"Renson Sense er en avanceret rumf\u00f8ler, der kontinuerligt m\u00e5ler seks vigtige parametre: CO\u2082, temperatur, relativ luftfugtighed, VOC\u2019er (lugte), lyd...","breadcrumb":{"@id":"https:\/\/wtwstore.com\/belgie\/product\/brands\/renson-brands\/renson-sense-room-sensor-kit-2x-sense-for-flux-flat-wtw-units#breadcrumb"},"inLanguage":"da-DK","potentialAction":[{"@type":"ReadAction","target":["https:\/\/wtwstore.com\/belgie\/product\/brands\/renson-brands\/renson-sense-room-sensor-kit-2x-sense-for-flux-flat-wtw-units"]}]},{"@type":"ImageObject","inLanguage":"da-DK","@id":"https:\/\/wtwstore.com\/belgie\/product\/brands\/renson-brands\/renson-sense-room-sensor-kit-2x-sense-for-flux-flat-wtw-units#primaryimage","url":"https:\/\/wtwstore.com\/wp-content\/uploads\/2025\/10\/Renson-Sense-Room-Sensor-Kit-2\u00d7-Sense-for-Flux-Flat-WTW-Units.jpg","contentUrl":"https:\/\/wtwstore.com\/wp-content\/uploads\/2025\/10\/Renson-Sense-Room-Sensor-Kit-2\u00d7-Sense-for-Flux-Flat-WTW-Units.jpg","width":1500,"height":1500,"caption":"Renson Sense Room Sensor Kit 2\u00d7 Sense for Flux Flat WTW Units"},{"@type":"BreadcrumbList","@id":"https:\/\/wtwstore.com\/belgie\/product\/brands\/renson-brands\/renson-sense-room-sensor-kit-2x-sense-for-flux-flat-wtw-units#breadcrumb","itemListElement":[{"@type":"ListItem","position":1,"name":"Home","item":"https:\/\/wtwstore.com\/"},{"@type":"ListItem","position":2,"name":"Web-Shop","item":"https:\/\/wtwstore.com\/pt\/ventilation-shop"},{"@type":"ListItem","position":3,"name":"Renson Sense Room Sensor Kit 2\u00d7 Sense for Flux Flat WTW Units"}]},{"@type":"WebSite","@id":"https:\/\/wtwstore.com\/#website","url":"https:\/\/wtwstore.com\/","name":"WTW Store","description":"","publisher":{"@id":"https:\/\/wtwstore.com\/#organization"},"potentialAction":[{"@type":"SearchAction","target":{"@type":"EntryPoint","urlTemplate":"https:\/\/wtwstore.com\/?s={search_term_string}"},"query-input":{"@type":"PropertyValueSpecification","valueRequired":true,"valueName":"search_term_string"}}],"inLanguage":"da-DK"},{"@type":"Organization","@id":"https:\/\/wtwstore.com\/#organization","name":"WTW Store","url":"https:\/\/wtwstore.com\/","logo":{"@type":"ImageObject","inLanguage":"da-DK","@id":"https:\/\/wtwstore.com\/#\/schema\/logo\/image\/","url":"http:\/\/wtwstore.com\/wp-content\/uploads\/2025\/04\/wtwstore-thumbnail-01.jpg","contentUrl":"http:\/\/wtwstore.com\/wp-content\/uploads\/2025\/04\/wtwstore-thumbnail-01.jpg","width":1500,"height":1500,"caption":"WTW Store"},"image":{"@id":"https:\/\/wtwstore.com\/#\/schema\/logo\/image\/"}}]}},"_links":{"self":[{"href":"https:\/\/wtwstore.com\/danmark\/wp-json\/wp\/v2\/product\/4988","targetHints":{"allow":["GET"]}}],"collection":[{"href":"https:\/\/wtwstore.com\/danmark\/wp-json\/wp\/v2\/product"}],"about":[{"href":"https:\/\/wtwstore.com\/danmark\/wp-json\/wp\/v2\/types\/product"}],"replies":[{"embeddable":true,"href":"https:\/\/wtwstore.com\/danmark\/wp-json\/wp\/v2\/comments?post=4988"}],"wp:featuredmedia":[{"embeddable":true,"href":"https:\/\/wtwstore.com\/danmark\/wp-json\/wp\/v2\/media\/5058"}],"wp:attachment":[{"href":"https:\/\/wtwstore.com\/danmark\/wp-json\/wp\/v2\/media?parent=4988"}],"wp:term":[{"taxonomy":"product_brand","embeddable":true,"href":"https:\/\/wtwstore.com\/danmark\/wp-json\/wp\/v2\/product_brand?post=4988"},{"taxonomy":"product_cat","embeddable":true,"href":"https:\/\/wtwstore.com\/danmark\/wp-json\/wp\/v2\/product_cat?post=4988"},{"taxonomy":"product_tag","embeddable":true,"href":"https:\/\/wtwstore.com\/danmark\/wp-json\/wp\/v2\/product_tag?post=4988"}],"curies":[{"name":"wp","href":"https:\/\/api.w.org\/{rel}","templated":true}]}}