{"id":4983,"date":"2025-10-04T03:57:43","date_gmt":"2025-10-04T01:57:43","guid":{"rendered":"http:\/\/wtwstore.com\/?post_type=product&#038;p=4983"},"modified":"2026-02-24T08:09:54","modified_gmt":"2026-02-24T07:09:54","slug":"surface-mounted-overpressure-grille-wxh-328-x-328-mm-aluminium-natural-anodised","status":"publish","type":"product","link":"https:\/\/wtwstore.com\/danmark\/product\/brands\/renson-brands\/surface-mounted-overpressure-grille-wxh-328-x-328-mm-aluminium-natural-anodised","title":{"rendered":"Renson Overtryksrist til P\u00e5bygning (B\u00d7H) 328 \u00d7 328 mm Aluminium Naturlig Anodiseret"},"content":{"rendered":"<p>Overtryksristen p\u00e5 328 \u00d7 328 mm fra kvalitetsm\u00e6rket Renson er fremstillet af AIMgSi 0.5 aluminiumprofil og har en naturligt anodiseret finish uden insektnet. Lamellerne er integreret i aluminiumsrammen, hvilket forhindrer vinden i at bev\u00e6ge dem, n\u00e5r de er lukkede (under normale vejrforhold). Risten leveres med skruer og rawlplugs og har skjulte skruefastg\u00f8relser. Byggeh\u00f8jden er 29 mm.<\/p>","protected":false},"excerpt":{"rendered":"<p>The 328 \u00d7 328 mm overpressure grille from the quality brand Renson is made from AIMgSi 0.5 aluminium profile and finished in natural anodisation, without insect mesh. The louvres are set within the aluminium frame, preventing wind from moving them when the louvres are closed (under normal weather conditions). The grille is supplied with screws [&hellip;]<\/p>","protected":false},"featured_media":5000,"comment_status":"closed","ping_status":"closed","template":"","meta":{"_acf_changed":false,"_monsterinsights_skip_tracking":false,"_monsterinsights_sitenote_active":false,"_monsterinsights_sitenote_note":"","_monsterinsights_sitenote_category":0},"product_brand":[],"product_cat":[294,313,215,217],"product_tag":[],"class_list":{"0":"post-4983","1":"product","2":"type-product","3":"status-publish","4":"has-post-thumbnail","6":"product_cat-pressure-relief-grilles","7":"product_cat-renson-brands","8":"product_cat-renson","9":"product_cat-renson-accessories","11":"first","12":"instock","13":"taxable","14":"shipping-taxable","15":"purchasable","16":"product-type-simple"},"acf":[],"yoast_head":"<!-- This site is optimized with the Yoast SEO plugin v27.0 - https:\/\/yoast.com\/product\/yoast-seo-wordpress\/ -->\n<title>Renson Surface-Mounted Overpressure Grille (W\u00d7H) 328 \u00d7 328 mm Aluminium Natural Anodised | WTW Store<\/title>\n<meta name=\"description\" content=\"The 328 \u00d7 328 mm overpressure grille from the quality brand Renson is made from AIMgSi 0.5 aluminium profile and finished in natural anodisation...\" \/>\n<meta name=\"robots\" content=\"index, follow, max-snippet:-1, max-image-preview:large, max-video-preview:-1\" \/>\n<link rel=\"canonical\" href=\"https:\/\/wtwstore.com\/danmark\/product\/brands\/renson-brands\/surface-mounted-overpressure-grille-wxh-328-x-328-mm-aluminium-natural-anodised\" \/>\n<meta property=\"og:locale\" content=\"da_DK\" \/>\n<meta property=\"og:type\" content=\"article\" \/>\n<meta property=\"og:title\" content=\"Renson Surface-Mounted Overpressure Grille (W\u00d7H) 328 \u00d7 328 mm Aluminium Natural Anodised | WTW Store\" \/>\n<meta property=\"og:description\" content=\"The 328 \u00d7 328 mm overpressure grille from the quality brand Renson is made from AIMgSi 0.5 aluminium profile and finished in natural anodisation...\" \/>\n<meta property=\"og:url\" content=\"https:\/\/wtwstore.com\/danmark\/product\/brands\/renson-brands\/surface-mounted-overpressure-grille-wxh-328-x-328-mm-aluminium-natural-anodised\" \/>\n<meta property=\"og:site_name\" content=\"WTW Store\" \/>\n<meta property=\"article:modified_time\" content=\"2026-02-24T07:09:54+00:00\" \/>\n<meta property=\"og:image\" content=\"https:\/\/wtwstore.com\/wp-content\/uploads\/2025\/10\/Surface-Mounted-Overpressure-Grille-W\u00d7H-328-\u00d7-328-mm-Aluminium-Natural-Anodised.jpg\" \/>\n\t<meta property=\"og:image:width\" content=\"1500\" \/>\n\t<meta property=\"og:image:height\" content=\"1500\" \/>\n\t<meta property=\"og:image:type\" content=\"image\/jpeg\" \/>\n<meta name=\"twitter:card\" content=\"summary_large_image\" \/>\n<meta name=\"twitter:label1\" content=\"Estimeret l\u00e6setid\" \/>\n\t<meta name=\"twitter:data1\" content=\"1 minut\" \/>\n<script type=\"application\/ld+json\" class=\"yoast-schema-graph\">{\"@context\":\"https:\/\/schema.org\",\"@graph\":[{\"@type\":\"WebPage\",\"@id\":\"https:\/\/wtwstore.com\/product\/brands\/renson-brands\/surface-mounted-overpressure-grille-wxh-328-x-328-mm-aluminium-natural-anodised\",\"url\":\"https:\/\/wtwstore.com\/product\/brands\/renson-brands\/surface-mounted-overpressure-grille-wxh-328-x-328-mm-aluminium-natural-anodised\",\"name\":\"Renson Surface-Mounted Overpressure Grille (W\u00d7H) 328 \u00d7 328 mm Aluminium Natural Anodised | WTW Store\",\"isPartOf\":{\"@id\":\"https:\/\/wtwstore.com\/#website\"},\"primaryImageOfPage\":{\"@id\":\"https:\/\/wtwstore.com\/product\/brands\/renson-brands\/surface-mounted-overpressure-grille-wxh-328-x-328-mm-aluminium-natural-anodised#primaryimage\"},\"image\":{\"@id\":\"https:\/\/wtwstore.com\/product\/brands\/renson-brands\/surface-mounted-overpressure-grille-wxh-328-x-328-mm-aluminium-natural-anodised#primaryimage\"},\"thumbnailUrl\":\"https:\/\/wtwstore.com\/wp-content\/uploads\/2025\/10\/Surface-Mounted-Overpressure-Grille-W\u00d7H-328-\u00d7-328-mm-Aluminium-Natural-Anodised.jpg\",\"datePublished\":\"2025-10-04T01:57:43+00:00\",\"dateModified\":\"2026-02-24T07:09:54+00:00\",\"description\":\"The 328 \u00d7 328 mm overpressure grille from the quality brand Renson is made from AIMgSi 0.5 aluminium profile and finished in natural anodisation...\",\"breadcrumb\":{\"@id\":\"https:\/\/wtwstore.com\/product\/brands\/renson-brands\/surface-mounted-overpressure-grille-wxh-328-x-328-mm-aluminium-natural-anodised#breadcrumb\"},\"inLanguage\":\"da-DK\",\"potentialAction\":[{\"@type\":\"ReadAction\",\"target\":[\"https:\/\/wtwstore.com\/product\/brands\/renson-brands\/surface-mounted-overpressure-grille-wxh-328-x-328-mm-aluminium-natural-anodised\"]}]},{\"@type\":\"ImageObject\",\"inLanguage\":\"da-DK\",\"@id\":\"https:\/\/wtwstore.com\/product\/brands\/renson-brands\/surface-mounted-overpressure-grille-wxh-328-x-328-mm-aluminium-natural-anodised#primaryimage\",\"url\":\"https:\/\/wtwstore.com\/wp-content\/uploads\/2025\/10\/Surface-Mounted-Overpressure-Grille-W\u00d7H-328-\u00d7-328-mm-Aluminium-Natural-Anodised.jpg\",\"contentUrl\":\"https:\/\/wtwstore.com\/wp-content\/uploads\/2025\/10\/Surface-Mounted-Overpressure-Grille-W\u00d7H-328-\u00d7-328-mm-Aluminium-Natural-Anodised.jpg\",\"width\":1500,\"height\":1500,\"caption\":\"Surface-Mounted Overpressure Grille (W\u00d7H) 328 \u00d7 328 mm Aluminium Natural Anodised\"},{\"@type\":\"BreadcrumbList\",\"@id\":\"https:\/\/wtwstore.com\/product\/brands\/renson-brands\/surface-mounted-overpressure-grille-wxh-328-x-328-mm-aluminium-natural-anodised#breadcrumb\",\"itemListElement\":[{\"@type\":\"ListItem\",\"position\":1,\"name\":\"Home\",\"item\":\"https:\/\/wtwstore.com\/\"},{\"@type\":\"ListItem\",\"position\":2,\"name\":\"Web-Shop\",\"item\":\"https:\/\/wtwstore.com\/pt\/ventilation-shop\"},{\"@type\":\"ListItem\",\"position\":3,\"name\":\"Renson Surface-Mounted Overpressure Grille (W\u00d7H) 328 \u00d7 328 mm Aluminium Natural Anodised\"}]},{\"@type\":\"WebSite\",\"@id\":\"https:\/\/wtwstore.com\/#website\",\"url\":\"https:\/\/wtwstore.com\/\",\"name\":\"WTW Store\",\"description\":\"\",\"publisher\":{\"@id\":\"https:\/\/wtwstore.com\/#organization\"},\"potentialAction\":[{\"@type\":\"SearchAction\",\"target\":{\"@type\":\"EntryPoint\",\"urlTemplate\":\"https:\/\/wtwstore.com\/?s={search_term_string}\"},\"query-input\":{\"@type\":\"PropertyValueSpecification\",\"valueRequired\":true,\"valueName\":\"search_term_string\"}}],\"inLanguage\":\"da-DK\"},{\"@type\":\"Organization\",\"@id\":\"https:\/\/wtwstore.com\/#organization\",\"name\":\"WTW Store\",\"url\":\"https:\/\/wtwstore.com\/\",\"logo\":{\"@type\":\"ImageObject\",\"inLanguage\":\"da-DK\",\"@id\":\"https:\/\/wtwstore.com\/#\/schema\/logo\/image\/\",\"url\":\"http:\/\/wtwstore.com\/wp-content\/uploads\/2025\/04\/wtwstore-thumbnail-01.jpg\",\"contentUrl\":\"http:\/\/wtwstore.com\/wp-content\/uploads\/2025\/04\/wtwstore-thumbnail-01.jpg\",\"width\":1500,\"height\":1500,\"caption\":\"WTW Store\"},\"image\":{\"@id\":\"https:\/\/wtwstore.com\/#\/schema\/logo\/image\/\"}}]}<\/script>\n<!-- \/ Yoast SEO plugin. -->","yoast_head_json":{"title":"Renson Overtryksrist til P\u00e5bygning (B\u00d7H) 328 \u00d7 328 mm Aluminium Naturlig Anodiseret | WTW Store","description":"Overtryksristen p\u00e5 328 \u00d7 328 mm fra kvalitetsm\u00e6rket Renson er fremstillet af AIMgSi 0.5 aluminiumsprofil og afsluttet med naturlig anodisering...","robots":{"index":"index","follow":"follow","max-snippet":"max-snippet:-1","max-image-preview":"max-image-preview:large","max-video-preview":"max-video-preview:-1"},"canonical":"https:\/\/wtwstore.com\/danmark\/product\/brands\/renson-brands\/surface-mounted-overpressure-grille-wxh-328-x-328-mm-aluminium-natural-anodised","og_locale":"da_DK","og_type":"article","og_title":"Renson Surface-Mounted Overpressure Grille (W\u00d7H) 328 \u00d7 328 mm Aluminium Natural Anodised | WTW Store","og_description":"The 328 \u00d7 328 mm overpressure grille from the quality brand Renson is made from AIMgSi 0.5 aluminium profile and finished in natural anodisation...","og_url":"https:\/\/wtwstore.com\/danmark\/product\/brands\/renson-brands\/surface-mounted-overpressure-grille-wxh-328-x-328-mm-aluminium-natural-anodised","og_site_name":"WTW Store","article_modified_time":"2026-02-24T07:09:54+00:00","og_image":[{"width":1500,"height":1500,"url":"https:\/\/wtwstore.com\/wp-content\/uploads\/2025\/10\/Surface-Mounted-Overpressure-Grille-W\u00d7H-328-\u00d7-328-mm-Aluminium-Natural-Anodised.jpg","type":"image\/jpeg"}],"twitter_card":"summary_large_image","twitter_misc":{"Estimeret l\u00e6setid":"1 minut"},"schema":{"@context":"https:\/\/schema.org","@graph":[{"@type":"WebPage","@id":"https:\/\/wtwstore.com\/product\/brands\/renson-brands\/surface-mounted-overpressure-grille-wxh-328-x-328-mm-aluminium-natural-anodised","url":"https:\/\/wtwstore.com\/product\/brands\/renson-brands\/surface-mounted-overpressure-grille-wxh-328-x-328-mm-aluminium-natural-anodised","name":"Renson Overtryksrist til P\u00e5bygning (B\u00d7H) 328 \u00d7 328 mm Aluminium Naturlig Anodiseret | WTW Store","isPartOf":{"@id":"https:\/\/wtwstore.com\/#website"},"primaryImageOfPage":{"@id":"https:\/\/wtwstore.com\/product\/brands\/renson-brands\/surface-mounted-overpressure-grille-wxh-328-x-328-mm-aluminium-natural-anodised#primaryimage"},"image":{"@id":"https:\/\/wtwstore.com\/product\/brands\/renson-brands\/surface-mounted-overpressure-grille-wxh-328-x-328-mm-aluminium-natural-anodised#primaryimage"},"thumbnailUrl":"https:\/\/wtwstore.com\/wp-content\/uploads\/2025\/10\/Surface-Mounted-Overpressure-Grille-W\u00d7H-328-\u00d7-328-mm-Aluminium-Natural-Anodised.jpg","datePublished":"2025-10-04T01:57:43+00:00","dateModified":"2026-02-24T07:09:54+00:00","description":"Overtryksristen p\u00e5 328 \u00d7 328 mm fra kvalitetsm\u00e6rket Renson er fremstillet af AIMgSi 0.5 aluminiumsprofil og afsluttet med naturlig anodisering...","breadcrumb":{"@id":"https:\/\/wtwstore.com\/product\/brands\/renson-brands\/surface-mounted-overpressure-grille-wxh-328-x-328-mm-aluminium-natural-anodised#breadcrumb"},"inLanguage":"da-DK","potentialAction":[{"@type":"ReadAction","target":["https:\/\/wtwstore.com\/product\/brands\/renson-brands\/surface-mounted-overpressure-grille-wxh-328-x-328-mm-aluminium-natural-anodised"]}]},{"@type":"ImageObject","inLanguage":"da-DK","@id":"https:\/\/wtwstore.com\/product\/brands\/renson-brands\/surface-mounted-overpressure-grille-wxh-328-x-328-mm-aluminium-natural-anodised#primaryimage","url":"https:\/\/wtwstore.com\/wp-content\/uploads\/2025\/10\/Surface-Mounted-Overpressure-Grille-W\u00d7H-328-\u00d7-328-mm-Aluminium-Natural-Anodised.jpg","contentUrl":"https:\/\/wtwstore.com\/wp-content\/uploads\/2025\/10\/Surface-Mounted-Overpressure-Grille-W\u00d7H-328-\u00d7-328-mm-Aluminium-Natural-Anodised.jpg","width":1500,"height":1500,"caption":"Surface-Mounted Overpressure Grille (W\u00d7H) 328 \u00d7 328 mm Aluminium Natural Anodised"},{"@type":"BreadcrumbList","@id":"https:\/\/wtwstore.com\/product\/brands\/renson-brands\/surface-mounted-overpressure-grille-wxh-328-x-328-mm-aluminium-natural-anodised#breadcrumb","itemListElement":[{"@type":"ListItem","position":1,"name":"Home","item":"https:\/\/wtwstore.com\/"},{"@type":"ListItem","position":2,"name":"Web-Shop","item":"https:\/\/wtwstore.com\/pt\/ventilation-shop"},{"@type":"ListItem","position":3,"name":"Renson Surface-Mounted Overpressure Grille (W\u00d7H) 328 \u00d7 328 mm Aluminium Natural Anodised"}]},{"@type":"WebSite","@id":"https:\/\/wtwstore.com\/#website","url":"https:\/\/wtwstore.com\/","name":"WTW Store","description":"","publisher":{"@id":"https:\/\/wtwstore.com\/#organization"},"potentialAction":[{"@type":"SearchAction","target":{"@type":"EntryPoint","urlTemplate":"https:\/\/wtwstore.com\/?s={search_term_string}"},"query-input":{"@type":"PropertyValueSpecification","valueRequired":true,"valueName":"search_term_string"}}],"inLanguage":"da-DK"},{"@type":"Organization","@id":"https:\/\/wtwstore.com\/#organization","name":"WTW Store","url":"https:\/\/wtwstore.com\/","logo":{"@type":"ImageObject","inLanguage":"da-DK","@id":"https:\/\/wtwstore.com\/#\/schema\/logo\/image\/","url":"http:\/\/wtwstore.com\/wp-content\/uploads\/2025\/04\/wtwstore-thumbnail-01.jpg","contentUrl":"http:\/\/wtwstore.com\/wp-content\/uploads\/2025\/04\/wtwstore-thumbnail-01.jpg","width":1500,"height":1500,"caption":"WTW Store"},"image":{"@id":"https:\/\/wtwstore.com\/#\/schema\/logo\/image\/"}}]}},"_links":{"self":[{"href":"https:\/\/wtwstore.com\/danmark\/wp-json\/wp\/v2\/product\/4983","targetHints":{"allow":["GET"]}}],"collection":[{"href":"https:\/\/wtwstore.com\/danmark\/wp-json\/wp\/v2\/product"}],"about":[{"href":"https:\/\/wtwstore.com\/danmark\/wp-json\/wp\/v2\/types\/product"}],"replies":[{"embeddable":true,"href":"https:\/\/wtwstore.com\/danmark\/wp-json\/wp\/v2\/comments?post=4983"}],"wp:featuredmedia":[{"embeddable":true,"href":"https:\/\/wtwstore.com\/danmark\/wp-json\/wp\/v2\/media\/5000"}],"wp:attachment":[{"href":"https:\/\/wtwstore.com\/danmark\/wp-json\/wp\/v2\/media?parent=4983"}],"wp:term":[{"taxonomy":"product_brand","embeddable":true,"href":"https:\/\/wtwstore.com\/danmark\/wp-json\/wp\/v2\/product_brand?post=4983"},{"taxonomy":"product_cat","embeddable":true,"href":"https:\/\/wtwstore.com\/danmark\/wp-json\/wp\/v2\/product_cat?post=4983"},{"taxonomy":"product_tag","embeddable":true,"href":"https:\/\/wtwstore.com\/danmark\/wp-json\/wp\/v2\/product_tag?post=4983"}],"curies":[{"name":"wp","href":"https:\/\/api.w.org\/{rel}","templated":true}]}}