{"id":4969,"date":"2025-10-04T03:02:08","date_gmt":"2025-10-04T01:02:08","guid":{"rendered":"http:\/\/wtwstore.com\/?post_type=product&#038;p=4969"},"modified":"2026-02-24T08:09:54","modified_gmt":"2026-02-24T07:09:54","slug":"easyflex-renson-semi-flexible-duct-140-x-64-mm-15-m-roll","status":"publish","type":"product","link":"https:\/\/wtwstore.com\/danmark\/product\/brands\/renson-brands\/easyflex-renson-semi-flexible-duct-140-x-64-mm-15-m-roll","title":{"rendered":"Renson EasyFlex (Semi) Fleksibel Kanal 140 \u00d7 64 mm 15 m Rulle"},"content":{"rendered":"<p>EasyFlex fra det belgiske m\u00e6rke Renson er en fleksibel kanal fremstillet af polyethylen. Med dimensioner p\u00e5 140 \u00d7 64 mm svarer den til en indvendig diameter p\u00e5 cirka 90 mm. Den glatte indvendige v\u00e6g i den dobbeltv\u00e6ggede kanal er antistatisk og antibakteriel, hvilket hj\u00e6lper med at forhindre st\u00f8vophobning og bakteriev\u00e6kst.<\/p>\n<p>Takket v\u00e6re kanalens lave profil kan den nemt installeres i gulve, beton eller i v\u00e6gge og lofter.<\/p>","protected":false},"excerpt":{"rendered":"<p>EasyFlex from the Belgian brand Renson is a flexible duct made of polyethylene. With dimensions of 140 \u00d7 64\u202fmm, it corresponds to an inner diameter of approximately 90\u202fmm. The smooth inner wall of the double-walled duct is anti-static and has antibacterial properties, helping to prevent dust buildup and bacterial growth. Thanks to the duct&#8217;s low [&hellip;]<\/p>","protected":false},"featured_media":5008,"comment_status":"closed","ping_status":"closed","template":"","meta":{"_acf_changed":false,"_monsterinsights_skip_tracking":false,"_monsterinsights_sitenote_active":false,"_monsterinsights_sitenote_note":"","_monsterinsights_sitenote_category":0},"product_brand":[],"product_cat":[313,240,215,217],"product_tag":[],"class_list":{"0":"post-4969","1":"product","2":"type-product","3":"status-publish","4":"has-post-thumbnail","6":"product_cat-renson-brands","7":"product_cat-renson-easyflex","8":"product_cat-renson","9":"product_cat-renson-accessories","11":"first","12":"instock","13":"taxable","14":"shipping-taxable","15":"purchasable","16":"product-type-simple"},"acf":[],"yoast_head":"<!-- This site is optimized with the Yoast SEO plugin v27.0 - https:\/\/yoast.com\/product\/yoast-seo-wordpress\/ -->\n<title>Renson EasyFlex (Semi) Flexible Duct 140 \u00d7 64\u202fmm 15\u202fm Roll | WTW Store<\/title>\n<meta name=\"description\" content=\"EasyFlex from the Belgian brand Renson is a flexible duct made of polyethylene. With dimensions of 140 \u00d7 64\u202fmm, it corresponds to an inner diameter...\" \/>\n<meta name=\"robots\" content=\"index, follow, max-snippet:-1, max-image-preview:large, max-video-preview:-1\" \/>\n<link rel=\"canonical\" href=\"https:\/\/wtwstore.com\/danmark\/product\/brands\/renson-brands\/easyflex-renson-semi-flexible-duct-140-x-64-mm-15-m-roll\" \/>\n<meta property=\"og:locale\" content=\"da_DK\" \/>\n<meta property=\"og:type\" content=\"article\" \/>\n<meta property=\"og:title\" content=\"Renson EasyFlex (Semi) Flexible Duct 140 \u00d7 64\u202fmm 15\u202fm Roll | WTW Store\" \/>\n<meta property=\"og:description\" content=\"EasyFlex from the Belgian brand Renson is a flexible duct made of polyethylene. With dimensions of 140 \u00d7 64\u202fmm, it corresponds to an inner diameter...\" \/>\n<meta property=\"og:url\" content=\"https:\/\/wtwstore.com\/danmark\/product\/brands\/renson-brands\/easyflex-renson-semi-flexible-duct-140-x-64-mm-15-m-roll\" \/>\n<meta property=\"og:site_name\" content=\"WTW Store\" \/>\n<meta property=\"article:modified_time\" content=\"2026-02-24T07:09:54+00:00\" \/>\n<meta property=\"og:image\" content=\"https:\/\/wtwstore.com\/wp-content\/uploads\/2025\/10\/EasyFlex-Renson-Semi-Flexible-Duct-140-\u00d7-64-mm-15-m-Roll.jpg\" \/>\n\t<meta property=\"og:image:width\" content=\"1500\" \/>\n\t<meta property=\"og:image:height\" content=\"1500\" \/>\n\t<meta property=\"og:image:type\" content=\"image\/jpeg\" \/>\n<meta name=\"twitter:card\" content=\"summary_large_image\" \/>\n<meta name=\"twitter:label1\" content=\"Estimeret l\u00e6setid\" \/>\n\t<meta name=\"twitter:data1\" content=\"1 minut\" \/>\n<script type=\"application\/ld+json\" class=\"yoast-schema-graph\">{\"@context\":\"https:\/\/schema.org\",\"@graph\":[{\"@type\":\"WebPage\",\"@id\":\"https:\/\/wtwstore.com\/product\/brands\/renson-brands\/easyflex-renson-semi-flexible-duct-140-x-64-mm-15-m-roll\",\"url\":\"https:\/\/wtwstore.com\/product\/brands\/renson-brands\/easyflex-renson-semi-flexible-duct-140-x-64-mm-15-m-roll\",\"name\":\"Renson EasyFlex (Semi) Flexible Duct 140 \u00d7 64\u202fmm 15\u202fm Roll | WTW Store\",\"isPartOf\":{\"@id\":\"https:\/\/wtwstore.com\/#website\"},\"primaryImageOfPage\":{\"@id\":\"https:\/\/wtwstore.com\/product\/brands\/renson-brands\/easyflex-renson-semi-flexible-duct-140-x-64-mm-15-m-roll#primaryimage\"},\"image\":{\"@id\":\"https:\/\/wtwstore.com\/product\/brands\/renson-brands\/easyflex-renson-semi-flexible-duct-140-x-64-mm-15-m-roll#primaryimage\"},\"thumbnailUrl\":\"https:\/\/wtwstore.com\/wp-content\/uploads\/2025\/10\/EasyFlex-Renson-Semi-Flexible-Duct-140-\u00d7-64-mm-15-m-Roll.jpg\",\"datePublished\":\"2025-10-04T01:02:08+00:00\",\"dateModified\":\"2026-02-24T07:09:54+00:00\",\"description\":\"EasyFlex from the Belgian brand Renson is a flexible duct made of polyethylene. With dimensions of 140 \u00d7 64\u202fmm, it corresponds to an inner diameter...\",\"breadcrumb\":{\"@id\":\"https:\/\/wtwstore.com\/product\/brands\/renson-brands\/easyflex-renson-semi-flexible-duct-140-x-64-mm-15-m-roll#breadcrumb\"},\"inLanguage\":\"da-DK\",\"potentialAction\":[{\"@type\":\"ReadAction\",\"target\":[\"https:\/\/wtwstore.com\/product\/brands\/renson-brands\/easyflex-renson-semi-flexible-duct-140-x-64-mm-15-m-roll\"]}]},{\"@type\":\"ImageObject\",\"inLanguage\":\"da-DK\",\"@id\":\"https:\/\/wtwstore.com\/product\/brands\/renson-brands\/easyflex-renson-semi-flexible-duct-140-x-64-mm-15-m-roll#primaryimage\",\"url\":\"https:\/\/wtwstore.com\/wp-content\/uploads\/2025\/10\/EasyFlex-Renson-Semi-Flexible-Duct-140-\u00d7-64-mm-15-m-Roll.jpg\",\"contentUrl\":\"https:\/\/wtwstore.com\/wp-content\/uploads\/2025\/10\/EasyFlex-Renson-Semi-Flexible-Duct-140-\u00d7-64-mm-15-m-Roll.jpg\",\"width\":1500,\"height\":1500,\"caption\":\"EasyFlex Renson (Semi) Flexible Duct 140 \u00d7 64\u202fmm 15\u202fm Roll\"},{\"@type\":\"BreadcrumbList\",\"@id\":\"https:\/\/wtwstore.com\/product\/brands\/renson-brands\/easyflex-renson-semi-flexible-duct-140-x-64-mm-15-m-roll#breadcrumb\",\"itemListElement\":[{\"@type\":\"ListItem\",\"position\":1,\"name\":\"Home\",\"item\":\"https:\/\/wtwstore.com\/\"},{\"@type\":\"ListItem\",\"position\":2,\"name\":\"Web-Shop\",\"item\":\"https:\/\/wtwstore.com\/pt\/ventilation-shop\"},{\"@type\":\"ListItem\",\"position\":3,\"name\":\"Renson EasyFlex (Semi) Flexible Duct 140 \u00d7 64\u202fmm 15\u202fm Roll\"}]},{\"@type\":\"WebSite\",\"@id\":\"https:\/\/wtwstore.com\/#website\",\"url\":\"https:\/\/wtwstore.com\/\",\"name\":\"WTW Store\",\"description\":\"\",\"publisher\":{\"@id\":\"https:\/\/wtwstore.com\/#organization\"},\"potentialAction\":[{\"@type\":\"SearchAction\",\"target\":{\"@type\":\"EntryPoint\",\"urlTemplate\":\"https:\/\/wtwstore.com\/?s={search_term_string}\"},\"query-input\":{\"@type\":\"PropertyValueSpecification\",\"valueRequired\":true,\"valueName\":\"search_term_string\"}}],\"inLanguage\":\"da-DK\"},{\"@type\":\"Organization\",\"@id\":\"https:\/\/wtwstore.com\/#organization\",\"name\":\"WTW Store\",\"url\":\"https:\/\/wtwstore.com\/\",\"logo\":{\"@type\":\"ImageObject\",\"inLanguage\":\"da-DK\",\"@id\":\"https:\/\/wtwstore.com\/#\/schema\/logo\/image\/\",\"url\":\"http:\/\/wtwstore.com\/wp-content\/uploads\/2025\/04\/wtwstore-thumbnail-01.jpg\",\"contentUrl\":\"http:\/\/wtwstore.com\/wp-content\/uploads\/2025\/04\/wtwstore-thumbnail-01.jpg\",\"width\":1500,\"height\":1500,\"caption\":\"WTW Store\"},\"image\":{\"@id\":\"https:\/\/wtwstore.com\/#\/schema\/logo\/image\/\"}}]}<\/script>\n<!-- \/ Yoast SEO plugin. -->","yoast_head_json":{"title":"Renson EasyFlex (Semi) Fleksibel Kanal 140 \u00d7 64 mm 15 m Rulle | WTW Store","description":"EasyFlex fra det belgiske kvalitetsm\u00e6rke Renson er en fleksibel kanal fremstillet af polyethylen. Med dimensioner p\u00e5 140 \u00d7 64 mm svarer den til en indvendig diameter p\u00e5...","robots":{"index":"index","follow":"follow","max-snippet":"max-snippet:-1","max-image-preview":"max-image-preview:large","max-video-preview":"max-video-preview:-1"},"canonical":"https:\/\/wtwstore.com\/danmark\/product\/brands\/renson-brands\/easyflex-renson-semi-flexible-duct-140-x-64-mm-15-m-roll","og_locale":"da_DK","og_type":"article","og_title":"Renson EasyFlex (Semi) Flexible Duct 140 \u00d7 64\u202fmm 15\u202fm Roll | WTW Store","og_description":"EasyFlex from the Belgian brand Renson is a flexible duct made of polyethylene. With dimensions of 140 \u00d7 64\u202fmm, it corresponds to an inner diameter...","og_url":"https:\/\/wtwstore.com\/danmark\/product\/brands\/renson-brands\/easyflex-renson-semi-flexible-duct-140-x-64-mm-15-m-roll","og_site_name":"WTW Store","article_modified_time":"2026-02-24T07:09:54+00:00","og_image":[{"width":1500,"height":1500,"url":"https:\/\/wtwstore.com\/wp-content\/uploads\/2025\/10\/EasyFlex-Renson-Semi-Flexible-Duct-140-\u00d7-64-mm-15-m-Roll.jpg","type":"image\/jpeg"}],"twitter_card":"summary_large_image","twitter_misc":{"Estimeret l\u00e6setid":"1 minut"},"schema":{"@context":"https:\/\/schema.org","@graph":[{"@type":"WebPage","@id":"https:\/\/wtwstore.com\/product\/brands\/renson-brands\/easyflex-renson-semi-flexible-duct-140-x-64-mm-15-m-roll","url":"https:\/\/wtwstore.com\/product\/brands\/renson-brands\/easyflex-renson-semi-flexible-duct-140-x-64-mm-15-m-roll","name":"Renson EasyFlex (Semi) Fleksibel Kanal 140 \u00d7 64 mm 15 m Rulle | WTW Store","isPartOf":{"@id":"https:\/\/wtwstore.com\/#website"},"primaryImageOfPage":{"@id":"https:\/\/wtwstore.com\/product\/brands\/renson-brands\/easyflex-renson-semi-flexible-duct-140-x-64-mm-15-m-roll#primaryimage"},"image":{"@id":"https:\/\/wtwstore.com\/product\/brands\/renson-brands\/easyflex-renson-semi-flexible-duct-140-x-64-mm-15-m-roll#primaryimage"},"thumbnailUrl":"https:\/\/wtwstore.com\/wp-content\/uploads\/2025\/10\/EasyFlex-Renson-Semi-Flexible-Duct-140-\u00d7-64-mm-15-m-Roll.jpg","datePublished":"2025-10-04T01:02:08+00:00","dateModified":"2026-02-24T07:09:54+00:00","description":"EasyFlex fra det belgiske kvalitetsm\u00e6rke Renson er en fleksibel kanal fremstillet af polyethylen. Med dimensioner p\u00e5 140 \u00d7 64 mm svarer den til en indvendig diameter p\u00e5...","breadcrumb":{"@id":"https:\/\/wtwstore.com\/product\/brands\/renson-brands\/easyflex-renson-semi-flexible-duct-140-x-64-mm-15-m-roll#breadcrumb"},"inLanguage":"da-DK","potentialAction":[{"@type":"ReadAction","target":["https:\/\/wtwstore.com\/product\/brands\/renson-brands\/easyflex-renson-semi-flexible-duct-140-x-64-mm-15-m-roll"]}]},{"@type":"ImageObject","inLanguage":"da-DK","@id":"https:\/\/wtwstore.com\/product\/brands\/renson-brands\/easyflex-renson-semi-flexible-duct-140-x-64-mm-15-m-roll#primaryimage","url":"https:\/\/wtwstore.com\/wp-content\/uploads\/2025\/10\/EasyFlex-Renson-Semi-Flexible-Duct-140-\u00d7-64-mm-15-m-Roll.jpg","contentUrl":"https:\/\/wtwstore.com\/wp-content\/uploads\/2025\/10\/EasyFlex-Renson-Semi-Flexible-Duct-140-\u00d7-64-mm-15-m-Roll.jpg","width":1500,"height":1500,"caption":"EasyFlex Renson (Semi) Flexible Duct 140 \u00d7 64\u202fmm 15\u202fm Roll"},{"@type":"BreadcrumbList","@id":"https:\/\/wtwstore.com\/product\/brands\/renson-brands\/easyflex-renson-semi-flexible-duct-140-x-64-mm-15-m-roll#breadcrumb","itemListElement":[{"@type":"ListItem","position":1,"name":"Home","item":"https:\/\/wtwstore.com\/"},{"@type":"ListItem","position":2,"name":"Web-Shop","item":"https:\/\/wtwstore.com\/pt\/ventilation-shop"},{"@type":"ListItem","position":3,"name":"Renson EasyFlex (Semi) Flexible Duct 140 \u00d7 64\u202fmm 15\u202fm Roll"}]},{"@type":"WebSite","@id":"https:\/\/wtwstore.com\/#website","url":"https:\/\/wtwstore.com\/","name":"WTW Store","description":"","publisher":{"@id":"https:\/\/wtwstore.com\/#organization"},"potentialAction":[{"@type":"SearchAction","target":{"@type":"EntryPoint","urlTemplate":"https:\/\/wtwstore.com\/?s={search_term_string}"},"query-input":{"@type":"PropertyValueSpecification","valueRequired":true,"valueName":"search_term_string"}}],"inLanguage":"da-DK"},{"@type":"Organization","@id":"https:\/\/wtwstore.com\/#organization","name":"WTW Store","url":"https:\/\/wtwstore.com\/","logo":{"@type":"ImageObject","inLanguage":"da-DK","@id":"https:\/\/wtwstore.com\/#\/schema\/logo\/image\/","url":"http:\/\/wtwstore.com\/wp-content\/uploads\/2025\/04\/wtwstore-thumbnail-01.jpg","contentUrl":"http:\/\/wtwstore.com\/wp-content\/uploads\/2025\/04\/wtwstore-thumbnail-01.jpg","width":1500,"height":1500,"caption":"WTW Store"},"image":{"@id":"https:\/\/wtwstore.com\/#\/schema\/logo\/image\/"}}]}},"_links":{"self":[{"href":"https:\/\/wtwstore.com\/danmark\/wp-json\/wp\/v2\/product\/4969","targetHints":{"allow":["GET"]}}],"collection":[{"href":"https:\/\/wtwstore.com\/danmark\/wp-json\/wp\/v2\/product"}],"about":[{"href":"https:\/\/wtwstore.com\/danmark\/wp-json\/wp\/v2\/types\/product"}],"replies":[{"embeddable":true,"href":"https:\/\/wtwstore.com\/danmark\/wp-json\/wp\/v2\/comments?post=4969"}],"wp:featuredmedia":[{"embeddable":true,"href":"https:\/\/wtwstore.com\/danmark\/wp-json\/wp\/v2\/media\/5008"}],"wp:attachment":[{"href":"https:\/\/wtwstore.com\/danmark\/wp-json\/wp\/v2\/media?parent=4969"}],"wp:term":[{"taxonomy":"product_brand","embeddable":true,"href":"https:\/\/wtwstore.com\/danmark\/wp-json\/wp\/v2\/product_brand?post=4969"},{"taxonomy":"product_cat","embeddable":true,"href":"https:\/\/wtwstore.com\/danmark\/wp-json\/wp\/v2\/product_cat?post=4969"},{"taxonomy":"product_tag","embeddable":true,"href":"https:\/\/wtwstore.com\/danmark\/wp-json\/wp\/v2\/product_tag?post=4969"}],"curies":[{"name":"wp","href":"https:\/\/api.w.org\/{rel}","templated":true}]}}