{"id":4924,"date":"2025-10-03T22:32:31","date_gmt":"2025-10-03T20:32:31","guid":{"rendered":"http:\/\/wtwstore.com\/?post_type=product&#038;p=4924"},"modified":"2026-02-24T08:09:53","modified_gmt":"2026-02-24T07:09:53","slug":"renson-design-roof-terminal-150-160-mm-universal-for-pitched-roof-terra","status":"publish","type":"product","link":"https:\/\/wtwstore.com\/danmark\/product\/brands\/renson-brands\/renson-design-roof-terminal-150-160-mm-universal-for-pitched-roof-terra","title":{"rendered":"Renson Design Taggennemf\u00f8ring 150\/160 mm Universal til Skr\u00e5t Tag Terracotta"},"content":{"rendered":"<p>Den designede taggennemf\u00f8ring fra det belgiske kvalitetsm\u00e6rke Renson er designet til optimal afledning af ventilationsluft gennem taget. Den er kendt for sin tekniske kvalitet og sit elegante design. Den unikke form sikrer ekstremt lav luftmodstand, hvilket forbedrer ventilationssystemets ydeevne. Derudover har den et stilrent udseende og passer b\u00e5de til moderne og traditionelle tagsten. Der er bevidst valgt et blyfrit alternativt materiale til integrationen. Den universelle tagsten, som gennemf\u00f8ringen er monteret p\u00e5, er fremstillet af h\u00f8jkvalitets polypropylen.<\/p>","protected":false},"excerpt":{"rendered":"<p>The design roof terminal from the Belgian quality brand Renson is designed for optimal discharge of ventilation air through the roof. It is known for its technical excellence and attractive design. Its unique shape ensures extremely low air resistance, which enhances the performance of the ventilation system. Moreover, it has an elegant appearance and fits [&hellip;]<\/p>","protected":false},"featured_media":5020,"comment_status":"closed","ping_status":"closed","template":"","meta":{"_acf_changed":false,"_monsterinsights_skip_tracking":false,"_monsterinsights_sitenote_active":false,"_monsterinsights_sitenote_note":"","_monsterinsights_sitenote_category":0},"product_brand":[],"product_cat":[313,304,215,217],"product_tag":[],"class_list":{"0":"post-4924","1":"product","2":"type-product","3":"status-publish","4":"has-post-thumbnail","6":"product_cat-renson-brands","7":"product_cat-renson-design-roof-penetrations","8":"product_cat-renson","9":"product_cat-renson-accessories","11":"first","12":"instock","13":"taxable","14":"shipping-taxable","15":"purchasable","16":"product-type-simple"},"acf":[],"yoast_head":"<!-- This site is optimized with the Yoast SEO plugin v27.0 - https:\/\/yoast.com\/product\/yoast-seo-wordpress\/ -->\n<title>Renson Design Roof Terminal 150\/160\u202fmm Universal for Pitched Roof Terra | WTW Store<\/title>\n<meta name=\"description\" content=\"The design roof terminal from the Belgian quality brand Renson is designed for optimal discharge of ventilation air through the roof. It is known for...\" \/>\n<meta name=\"robots\" content=\"index, follow, max-snippet:-1, max-image-preview:large, max-video-preview:-1\" \/>\n<link rel=\"canonical\" href=\"https:\/\/wtwstore.com\/danmark\/product\/brands\/renson-brands\/renson-design-roof-terminal-150-160-mm-universal-for-pitched-roof-terra\/\" \/>\n<meta property=\"og:locale\" content=\"da_DK\" \/>\n<meta property=\"og:type\" content=\"article\" \/>\n<meta property=\"og:title\" content=\"Renson Design Roof Terminal 150\/160\u202fmm Universal for Pitched Roof Terra | WTW Store\" \/>\n<meta property=\"og:description\" content=\"The design roof terminal from the Belgian quality brand Renson is designed for optimal discharge of ventilation air through the roof. It is known for...\" \/>\n<meta property=\"og:url\" content=\"https:\/\/wtwstore.com\/danmark\/product\/brands\/renson-brands\/renson-design-roof-terminal-150-160-mm-universal-for-pitched-roof-terra\/\" \/>\n<meta property=\"og:site_name\" content=\"WTW Store\" \/>\n<meta property=\"article:modified_time\" content=\"2026-02-24T07:09:53+00:00\" \/>\n<meta property=\"og:image\" content=\"https:\/\/wtwstore.com\/wp-content\/uploads\/2025\/10\/Renson-Design-Roof-Terminal-150-160-mm-Universal-for-Pitched-Roof-Terra.jpg\" \/>\n\t<meta property=\"og:image:width\" content=\"1500\" \/>\n\t<meta property=\"og:image:height\" content=\"1500\" \/>\n\t<meta property=\"og:image:type\" content=\"image\/jpeg\" \/>\n<meta name=\"twitter:card\" content=\"summary_large_image\" \/>\n<meta name=\"twitter:label1\" content=\"Estimeret l\u00e6setid\" \/>\n\t<meta name=\"twitter:data1\" content=\"1 minut\" \/>\n<script type=\"application\/ld+json\" class=\"yoast-schema-graph\">{\"@context\":\"https:\/\/schema.org\",\"@graph\":[{\"@type\":\"WebPage\",\"@id\":\"https:\/\/wtwstore.com\/suomi\/product\/brands\/renson-brands\/renson-design-roof-terminal-150-160-mm-universal-for-pitched-roof-terra\",\"url\":\"https:\/\/wtwstore.com\/suomi\/product\/brands\/renson-brands\/renson-design-roof-terminal-150-160-mm-universal-for-pitched-roof-terra\",\"name\":\"Renson Design Roof Terminal 150\/160\u202fmm Universal for Pitched Roof Terra | WTW Store\",\"isPartOf\":{\"@id\":\"https:\/\/wtwstore.com\/#website\"},\"primaryImageOfPage\":{\"@id\":\"https:\/\/wtwstore.com\/suomi\/product\/brands\/renson-brands\/renson-design-roof-terminal-150-160-mm-universal-for-pitched-roof-terra#primaryimage\"},\"image\":{\"@id\":\"https:\/\/wtwstore.com\/suomi\/product\/brands\/renson-brands\/renson-design-roof-terminal-150-160-mm-universal-for-pitched-roof-terra#primaryimage\"},\"thumbnailUrl\":\"https:\/\/wtwstore.com\/wp-content\/uploads\/2025\/10\/Renson-Design-Roof-Terminal-150-160-mm-Universal-for-Pitched-Roof-Terra.jpg\",\"datePublished\":\"2025-10-03T20:32:31+00:00\",\"dateModified\":\"2026-02-24T07:09:53+00:00\",\"description\":\"The design roof terminal from the Belgian quality brand Renson is designed for optimal discharge of ventilation air through the roof. It is known for...\",\"breadcrumb\":{\"@id\":\"https:\/\/wtwstore.com\/suomi\/product\/brands\/renson-brands\/renson-design-roof-terminal-150-160-mm-universal-for-pitched-roof-terra#breadcrumb\"},\"inLanguage\":\"da-DK\",\"potentialAction\":[{\"@type\":\"ReadAction\",\"target\":[\"https:\/\/wtwstore.com\/suomi\/product\/brands\/renson-brands\/renson-design-roof-terminal-150-160-mm-universal-for-pitched-roof-terra\"]}]},{\"@type\":\"ImageObject\",\"inLanguage\":\"da-DK\",\"@id\":\"https:\/\/wtwstore.com\/suomi\/product\/brands\/renson-brands\/renson-design-roof-terminal-150-160-mm-universal-for-pitched-roof-terra#primaryimage\",\"url\":\"https:\/\/wtwstore.com\/wp-content\/uploads\/2025\/10\/Renson-Design-Roof-Terminal-150-160-mm-Universal-for-Pitched-Roof-Terra.jpg\",\"contentUrl\":\"https:\/\/wtwstore.com\/wp-content\/uploads\/2025\/10\/Renson-Design-Roof-Terminal-150-160-mm-Universal-for-Pitched-Roof-Terra.jpg\",\"width\":1500,\"height\":1500,\"caption\":\"Renson Design Roof Terminal 150\/160\u202fmm Universal for Pitched Roof Terra\"},{\"@type\":\"BreadcrumbList\",\"@id\":\"https:\/\/wtwstore.com\/suomi\/product\/brands\/renson-brands\/renson-design-roof-terminal-150-160-mm-universal-for-pitched-roof-terra#breadcrumb\",\"itemListElement\":[{\"@type\":\"ListItem\",\"position\":1,\"name\":\"Home\",\"item\":\"https:\/\/wtwstore.com\/\"},{\"@type\":\"ListItem\",\"position\":2,\"name\":\"Web-Shop\",\"item\":\"https:\/\/wtwstore.com\/pt\/ventilation-shop\"},{\"@type\":\"ListItem\",\"position\":3,\"name\":\"Renson Design Roof Terminal 150\/160\u202fmm Universal for Pitched Roof Terra\"}]},{\"@type\":\"WebSite\",\"@id\":\"https:\/\/wtwstore.com\/#website\",\"url\":\"https:\/\/wtwstore.com\/\",\"name\":\"WTW Store\",\"description\":\"\",\"publisher\":{\"@id\":\"https:\/\/wtwstore.com\/#organization\"},\"potentialAction\":[{\"@type\":\"SearchAction\",\"target\":{\"@type\":\"EntryPoint\",\"urlTemplate\":\"https:\/\/wtwstore.com\/?s={search_term_string}\"},\"query-input\":{\"@type\":\"PropertyValueSpecification\",\"valueRequired\":true,\"valueName\":\"search_term_string\"}}],\"inLanguage\":\"da-DK\"},{\"@type\":\"Organization\",\"@id\":\"https:\/\/wtwstore.com\/#organization\",\"name\":\"WTW Store\",\"url\":\"https:\/\/wtwstore.com\/\",\"logo\":{\"@type\":\"ImageObject\",\"inLanguage\":\"da-DK\",\"@id\":\"https:\/\/wtwstore.com\/#\/schema\/logo\/image\/\",\"url\":\"http:\/\/wtwstore.com\/wp-content\/uploads\/2025\/04\/wtwstore-thumbnail-01.jpg\",\"contentUrl\":\"http:\/\/wtwstore.com\/wp-content\/uploads\/2025\/04\/wtwstore-thumbnail-01.jpg\",\"width\":1500,\"height\":1500,\"caption\":\"WTW Store\"},\"image\":{\"@id\":\"https:\/\/wtwstore.com\/#\/schema\/logo\/image\/\"}}]}<\/script>\n<!-- \/ Yoast SEO plugin. -->","yoast_head_json":{"title":"Renson Design Taggennemf\u00f8ring 150\/160 mm Universal til Skr\u00e5t Tag Terracotta | WTW Store","description":"Det designede tagudtag fra det belgiske kvalitetsm\u00e6rke Renson er designet til optimal afledning af ventilationsluft gennem taget. Det er kendt for...","robots":{"index":"index","follow":"follow","max-snippet":"max-snippet:-1","max-image-preview":"max-image-preview:large","max-video-preview":"max-video-preview:-1"},"canonical":"https:\/\/wtwstore.com\/danmark\/product\/brands\/renson-brands\/renson-design-roof-terminal-150-160-mm-universal-for-pitched-roof-terra\/","og_locale":"da_DK","og_type":"article","og_title":"Renson Design Roof Terminal 150\/160\u202fmm Universal for Pitched Roof Terra | WTW Store","og_description":"The design roof terminal from the Belgian quality brand Renson is designed for optimal discharge of ventilation air through the roof. It is known for...","og_url":"https:\/\/wtwstore.com\/danmark\/product\/brands\/renson-brands\/renson-design-roof-terminal-150-160-mm-universal-for-pitched-roof-terra\/","og_site_name":"WTW Store","article_modified_time":"2026-02-24T07:09:53+00:00","og_image":[{"width":1500,"height":1500,"url":"https:\/\/wtwstore.com\/wp-content\/uploads\/2025\/10\/Renson-Design-Roof-Terminal-150-160-mm-Universal-for-Pitched-Roof-Terra.jpg","type":"image\/jpeg"}],"twitter_card":"summary_large_image","twitter_misc":{"Estimeret l\u00e6setid":"1 minut"},"schema":{"@context":"https:\/\/schema.org","@graph":[{"@type":"WebPage","@id":"https:\/\/wtwstore.com\/suomi\/product\/brands\/renson-brands\/renson-design-roof-terminal-150-160-mm-universal-for-pitched-roof-terra","url":"https:\/\/wtwstore.com\/suomi\/product\/brands\/renson-brands\/renson-design-roof-terminal-150-160-mm-universal-for-pitched-roof-terra","name":"Renson Design Taggennemf\u00f8ring 150\/160 mm Universal til Skr\u00e5t Tag Terracotta | WTW Store","isPartOf":{"@id":"https:\/\/wtwstore.com\/#website"},"primaryImageOfPage":{"@id":"https:\/\/wtwstore.com\/suomi\/product\/brands\/renson-brands\/renson-design-roof-terminal-150-160-mm-universal-for-pitched-roof-terra#primaryimage"},"image":{"@id":"https:\/\/wtwstore.com\/suomi\/product\/brands\/renson-brands\/renson-design-roof-terminal-150-160-mm-universal-for-pitched-roof-terra#primaryimage"},"thumbnailUrl":"https:\/\/wtwstore.com\/wp-content\/uploads\/2025\/10\/Renson-Design-Roof-Terminal-150-160-mm-Universal-for-Pitched-Roof-Terra.jpg","datePublished":"2025-10-03T20:32:31+00:00","dateModified":"2026-02-24T07:09:53+00:00","description":"Det designede tagudtag fra det belgiske kvalitetsm\u00e6rke Renson er designet til optimal afledning af ventilationsluft gennem taget. Det er kendt for...","breadcrumb":{"@id":"https:\/\/wtwstore.com\/suomi\/product\/brands\/renson-brands\/renson-design-roof-terminal-150-160-mm-universal-for-pitched-roof-terra#breadcrumb"},"inLanguage":"da-DK","potentialAction":[{"@type":"ReadAction","target":["https:\/\/wtwstore.com\/suomi\/product\/brands\/renson-brands\/renson-design-roof-terminal-150-160-mm-universal-for-pitched-roof-terra"]}]},{"@type":"ImageObject","inLanguage":"da-DK","@id":"https:\/\/wtwstore.com\/suomi\/product\/brands\/renson-brands\/renson-design-roof-terminal-150-160-mm-universal-for-pitched-roof-terra#primaryimage","url":"https:\/\/wtwstore.com\/wp-content\/uploads\/2025\/10\/Renson-Design-Roof-Terminal-150-160-mm-Universal-for-Pitched-Roof-Terra.jpg","contentUrl":"https:\/\/wtwstore.com\/wp-content\/uploads\/2025\/10\/Renson-Design-Roof-Terminal-150-160-mm-Universal-for-Pitched-Roof-Terra.jpg","width":1500,"height":1500,"caption":"Renson Design Roof Terminal 150\/160\u202fmm Universal for Pitched Roof Terra"},{"@type":"BreadcrumbList","@id":"https:\/\/wtwstore.com\/suomi\/product\/brands\/renson-brands\/renson-design-roof-terminal-150-160-mm-universal-for-pitched-roof-terra#breadcrumb","itemListElement":[{"@type":"ListItem","position":1,"name":"Home","item":"https:\/\/wtwstore.com\/"},{"@type":"ListItem","position":2,"name":"Web-Shop","item":"https:\/\/wtwstore.com\/pt\/ventilation-shop"},{"@type":"ListItem","position":3,"name":"Renson Design Roof Terminal 150\/160\u202fmm Universal for Pitched Roof Terra"}]},{"@type":"WebSite","@id":"https:\/\/wtwstore.com\/#website","url":"https:\/\/wtwstore.com\/","name":"WTW Store","description":"","publisher":{"@id":"https:\/\/wtwstore.com\/#organization"},"potentialAction":[{"@type":"SearchAction","target":{"@type":"EntryPoint","urlTemplate":"https:\/\/wtwstore.com\/?s={search_term_string}"},"query-input":{"@type":"PropertyValueSpecification","valueRequired":true,"valueName":"search_term_string"}}],"inLanguage":"da-DK"},{"@type":"Organization","@id":"https:\/\/wtwstore.com\/#organization","name":"WTW Store","url":"https:\/\/wtwstore.com\/","logo":{"@type":"ImageObject","inLanguage":"da-DK","@id":"https:\/\/wtwstore.com\/#\/schema\/logo\/image\/","url":"http:\/\/wtwstore.com\/wp-content\/uploads\/2025\/04\/wtwstore-thumbnail-01.jpg","contentUrl":"http:\/\/wtwstore.com\/wp-content\/uploads\/2025\/04\/wtwstore-thumbnail-01.jpg","width":1500,"height":1500,"caption":"WTW Store"},"image":{"@id":"https:\/\/wtwstore.com\/#\/schema\/logo\/image\/"}}]}},"_links":{"self":[{"href":"https:\/\/wtwstore.com\/danmark\/wp-json\/wp\/v2\/product\/4924","targetHints":{"allow":["GET"]}}],"collection":[{"href":"https:\/\/wtwstore.com\/danmark\/wp-json\/wp\/v2\/product"}],"about":[{"href":"https:\/\/wtwstore.com\/danmark\/wp-json\/wp\/v2\/types\/product"}],"replies":[{"embeddable":true,"href":"https:\/\/wtwstore.com\/danmark\/wp-json\/wp\/v2\/comments?post=4924"}],"wp:featuredmedia":[{"embeddable":true,"href":"https:\/\/wtwstore.com\/danmark\/wp-json\/wp\/v2\/media\/5020"}],"wp:attachment":[{"href":"https:\/\/wtwstore.com\/danmark\/wp-json\/wp\/v2\/media?parent=4924"}],"wp:term":[{"taxonomy":"product_brand","embeddable":true,"href":"https:\/\/wtwstore.com\/danmark\/wp-json\/wp\/v2\/product_brand?post=4924"},{"taxonomy":"product_cat","embeddable":true,"href":"https:\/\/wtwstore.com\/danmark\/wp-json\/wp\/v2\/product_cat?post=4924"},{"taxonomy":"product_tag","embeddable":true,"href":"https:\/\/wtwstore.com\/danmark\/wp-json\/wp\/v2\/product_tag?post=4924"}],"curies":[{"name":"wp","href":"https:\/\/api.w.org\/{rel}","templated":true}]}}