{"id":4919,"date":"2025-10-03T21:56:22","date_gmt":"2025-10-03T19:56:22","guid":{"rendered":"http:\/\/wtwstore.com\/?post_type=product&#038;p=4919"},"modified":"2026-02-24T08:09:53","modified_gmt":"2026-02-24T07:09:53","slug":"renson-design-flex-roof-terminal-150-160-mm-lead-free-flexible-flashing-black","status":"publish","type":"product","link":"https:\/\/wtwstore.com\/danmark\/product\/brands\/renson-brands\/renson-design-flex-roof-terminal-150-160-mm-lead-free-flexible-flashing-black","title":{"rendered":"Renson Design Flex Taggennemf\u00f8ring 150\/160 mm Blyfri Fleksibel Indd\u00e6kning Sort"},"content":{"rendered":"<p>Det designede taggennemf\u00f8ringsr\u00f8r fra det belgiske kvalitetsm\u00e6rke Renson er designet til optimal afledning af ventilationsluft gennem taget. Det er kendetegnet ved teknisk ekspertise og et stilrent design. Den unikke form sikrer ekstremt lav luftmodstand, hvilket forbedrer ventilationssystemets ydeevne. Desuden har det et flot udseende og passer til moderne, traditionelle og skifertag. Der er bevidst valgt et blyfrit alternativt materiale til integreringen af taggennemf\u00f8ringen. De universelle og skifertagsten er fremstillet af h\u00f8jkvalitets polypropylen. Flex-versionen integreres ved hj\u00e6lp af en holdbar blyfri fleksibel indd\u00e6kning af silikone. Renson-tagudgangen er specifikt udviklet til at sikre korrekt funktion af Renson-ventilationssystemer.<\/p>","protected":false},"excerpt":{"rendered":"<p>The design roof terminal from the Belgian quality brand Renson is designed for optimal discharge of ventilation air through the roof. It is characterized by its technical excellence and sleek design. Its unique shape ensures extremely low air resistance, which benefits the performance of the ventilation system. Moreover, it has an attractive appearance and is [&hellip;]<\/p>","protected":false},"featured_media":5017,"comment_status":"closed","ping_status":"closed","template":"","meta":{"_acf_changed":false,"_monsterinsights_skip_tracking":false,"_monsterinsights_sitenote_active":false,"_monsterinsights_sitenote_note":"","_monsterinsights_sitenote_category":0},"product_brand":[],"product_cat":[313,304,215,217],"product_tag":[],"class_list":{"0":"post-4919","1":"product","2":"type-product","3":"status-publish","4":"has-post-thumbnail","6":"product_cat-renson-brands","7":"product_cat-renson-design-roof-penetrations","8":"product_cat-renson","9":"product_cat-renson-accessories","11":"first","12":"instock","13":"taxable","14":"shipping-taxable","15":"purchasable","16":"product-type-simple"},"acf":[],"yoast_head":"<!-- This site is optimized with the Yoast SEO plugin v27.0 - https:\/\/yoast.com\/product\/yoast-seo-wordpress\/ -->\n<title>Renson Design Flex Roof Terminal 150\/160 mm Lead-Free Flexible Flashing Black | WTW Store<\/title>\n<meta name=\"description\" content=\"The design roof terminal from the Belgian quality brand Renson is designed for optimal discharge of ventilation air through the roof. It is characterized...\" \/>\n<meta name=\"robots\" content=\"index, follow, max-snippet:-1, max-image-preview:large, max-video-preview:-1\" \/>\n<link rel=\"canonical\" href=\"https:\/\/wtwstore.com\/danmark\/product\/brands\/renson-brands\/renson-design-flex-roof-terminal-150-160-mm-lead-free-flexible-flashing-black\" \/>\n<meta property=\"og:locale\" content=\"da_DK\" \/>\n<meta property=\"og:type\" content=\"article\" \/>\n<meta property=\"og:title\" content=\"Renson Design Flex Roof Terminal 150\/160 mm Lead-Free Flexible Flashing Black | WTW Store\" \/>\n<meta property=\"og:description\" content=\"The design roof terminal from the Belgian quality brand Renson is designed for optimal discharge of ventilation air through the roof. It is characterized...\" \/>\n<meta property=\"og:url\" content=\"https:\/\/wtwstore.com\/danmark\/product\/brands\/renson-brands\/renson-design-flex-roof-terminal-150-160-mm-lead-free-flexible-flashing-black\" \/>\n<meta property=\"og:site_name\" content=\"WTW Store\" \/>\n<meta property=\"article:modified_time\" content=\"2026-02-24T07:09:53+00:00\" \/>\n<meta property=\"og:image\" content=\"https:\/\/wtwstore.com\/wp-content\/uploads\/2025\/10\/Renson-Design-Flex-Roof-Terminal-150-160-mm-Lead-Free-Flexible-Flashing-Black.jpg\" \/>\n\t<meta property=\"og:image:width\" content=\"1500\" \/>\n\t<meta property=\"og:image:height\" content=\"1500\" \/>\n\t<meta property=\"og:image:type\" content=\"image\/jpeg\" \/>\n<meta name=\"twitter:card\" content=\"summary_large_image\" \/>\n<meta name=\"twitter:label1\" content=\"Estimeret l\u00e6setid\" \/>\n\t<meta name=\"twitter:data1\" content=\"1 minut\" \/>\n<script type=\"application\/ld+json\" class=\"yoast-schema-graph\">{\"@context\":\"https:\/\/schema.org\",\"@graph\":[{\"@type\":\"WebPage\",\"@id\":\"https:\/\/wtwstore.com\/product\/brands\/renson-brands\/renson-design-flex-roof-terminal-150-160-mm-lead-free-flexible-flashing-black\",\"url\":\"https:\/\/wtwstore.com\/product\/brands\/renson-brands\/renson-design-flex-roof-terminal-150-160-mm-lead-free-flexible-flashing-black\",\"name\":\"Renson Design Flex Roof Terminal 150\/160 mm Lead-Free Flexible Flashing Black | WTW Store\",\"isPartOf\":{\"@id\":\"https:\/\/wtwstore.com\/#website\"},\"primaryImageOfPage\":{\"@id\":\"https:\/\/wtwstore.com\/product\/brands\/renson-brands\/renson-design-flex-roof-terminal-150-160-mm-lead-free-flexible-flashing-black#primaryimage\"},\"image\":{\"@id\":\"https:\/\/wtwstore.com\/product\/brands\/renson-brands\/renson-design-flex-roof-terminal-150-160-mm-lead-free-flexible-flashing-black#primaryimage\"},\"thumbnailUrl\":\"https:\/\/wtwstore.com\/wp-content\/uploads\/2025\/10\/Renson-Design-Flex-Roof-Terminal-150-160-mm-Lead-Free-Flexible-Flashing-Black.jpg\",\"datePublished\":\"2025-10-03T19:56:22+00:00\",\"dateModified\":\"2026-02-24T07:09:53+00:00\",\"description\":\"The design roof terminal from the Belgian quality brand Renson is designed for optimal discharge of ventilation air through the roof. It is characterized...\",\"breadcrumb\":{\"@id\":\"https:\/\/wtwstore.com\/product\/brands\/renson-brands\/renson-design-flex-roof-terminal-150-160-mm-lead-free-flexible-flashing-black#breadcrumb\"},\"inLanguage\":\"da-DK\",\"potentialAction\":[{\"@type\":\"ReadAction\",\"target\":[\"https:\/\/wtwstore.com\/product\/brands\/renson-brands\/renson-design-flex-roof-terminal-150-160-mm-lead-free-flexible-flashing-black\"]}]},{\"@type\":\"ImageObject\",\"inLanguage\":\"da-DK\",\"@id\":\"https:\/\/wtwstore.com\/product\/brands\/renson-brands\/renson-design-flex-roof-terminal-150-160-mm-lead-free-flexible-flashing-black#primaryimage\",\"url\":\"https:\/\/wtwstore.com\/wp-content\/uploads\/2025\/10\/Renson-Design-Flex-Roof-Terminal-150-160-mm-Lead-Free-Flexible-Flashing-Black.jpg\",\"contentUrl\":\"https:\/\/wtwstore.com\/wp-content\/uploads\/2025\/10\/Renson-Design-Flex-Roof-Terminal-150-160-mm-Lead-Free-Flexible-Flashing-Black.jpg\",\"width\":1500,\"height\":1500,\"caption\":\"Renson Design Flex Roof Terminal 150\/160 mm Lead-Free Flexible Flashing Black\"},{\"@type\":\"BreadcrumbList\",\"@id\":\"https:\/\/wtwstore.com\/product\/brands\/renson-brands\/renson-design-flex-roof-terminal-150-160-mm-lead-free-flexible-flashing-black#breadcrumb\",\"itemListElement\":[{\"@type\":\"ListItem\",\"position\":1,\"name\":\"Home\",\"item\":\"https:\/\/wtwstore.com\/\"},{\"@type\":\"ListItem\",\"position\":2,\"name\":\"Web-Shop\",\"item\":\"https:\/\/wtwstore.com\/pt\/ventilation-shop\"},{\"@type\":\"ListItem\",\"position\":3,\"name\":\"Renson Design Flex Roof Terminal 150\/160 mm Lead-Free Flexible Flashing Black\"}]},{\"@type\":\"WebSite\",\"@id\":\"https:\/\/wtwstore.com\/#website\",\"url\":\"https:\/\/wtwstore.com\/\",\"name\":\"WTW Store\",\"description\":\"\",\"publisher\":{\"@id\":\"https:\/\/wtwstore.com\/#organization\"},\"potentialAction\":[{\"@type\":\"SearchAction\",\"target\":{\"@type\":\"EntryPoint\",\"urlTemplate\":\"https:\/\/wtwstore.com\/?s={search_term_string}\"},\"query-input\":{\"@type\":\"PropertyValueSpecification\",\"valueRequired\":true,\"valueName\":\"search_term_string\"}}],\"inLanguage\":\"da-DK\"},{\"@type\":\"Organization\",\"@id\":\"https:\/\/wtwstore.com\/#organization\",\"name\":\"WTW Store\",\"url\":\"https:\/\/wtwstore.com\/\",\"logo\":{\"@type\":\"ImageObject\",\"inLanguage\":\"da-DK\",\"@id\":\"https:\/\/wtwstore.com\/#\/schema\/logo\/image\/\",\"url\":\"http:\/\/wtwstore.com\/wp-content\/uploads\/2025\/04\/wtwstore-thumbnail-01.jpg\",\"contentUrl\":\"http:\/\/wtwstore.com\/wp-content\/uploads\/2025\/04\/wtwstore-thumbnail-01.jpg\",\"width\":1500,\"height\":1500,\"caption\":\"WTW Store\"},\"image\":{\"@id\":\"https:\/\/wtwstore.com\/#\/schema\/logo\/image\/\"}}]}<\/script>\n<!-- \/ Yoast SEO plugin. -->","yoast_head_json":{"title":"Renson Design Flex Taggennemf\u00f8ring 150\/160 mm Blyfri Fleksibel Indd\u00e6kning Sort | WTW Store","description":"Det designede tagudtag fra det belgiske kvalitetsm\u00e6rke Renson er designet til optimal afledning af ventilationsluft gennem taget. Det er kendetegnet ved...","robots":{"index":"index","follow":"follow","max-snippet":"max-snippet:-1","max-image-preview":"max-image-preview:large","max-video-preview":"max-video-preview:-1"},"canonical":"https:\/\/wtwstore.com\/danmark\/product\/brands\/renson-brands\/renson-design-flex-roof-terminal-150-160-mm-lead-free-flexible-flashing-black","og_locale":"da_DK","og_type":"article","og_title":"Renson Design Flex Roof Terminal 150\/160 mm Lead-Free Flexible Flashing Black | WTW Store","og_description":"The design roof terminal from the Belgian quality brand Renson is designed for optimal discharge of ventilation air through the roof. It is characterized...","og_url":"https:\/\/wtwstore.com\/danmark\/product\/brands\/renson-brands\/renson-design-flex-roof-terminal-150-160-mm-lead-free-flexible-flashing-black","og_site_name":"WTW Store","article_modified_time":"2026-02-24T07:09:53+00:00","og_image":[{"width":1500,"height":1500,"url":"https:\/\/wtwstore.com\/wp-content\/uploads\/2025\/10\/Renson-Design-Flex-Roof-Terminal-150-160-mm-Lead-Free-Flexible-Flashing-Black.jpg","type":"image\/jpeg"}],"twitter_card":"summary_large_image","twitter_misc":{"Estimeret l\u00e6setid":"1 minut"},"schema":{"@context":"https:\/\/schema.org","@graph":[{"@type":"WebPage","@id":"https:\/\/wtwstore.com\/product\/brands\/renson-brands\/renson-design-flex-roof-terminal-150-160-mm-lead-free-flexible-flashing-black","url":"https:\/\/wtwstore.com\/product\/brands\/renson-brands\/renson-design-flex-roof-terminal-150-160-mm-lead-free-flexible-flashing-black","name":"Renson Design Flex Taggennemf\u00f8ring 150\/160 mm Blyfri Fleksibel Indd\u00e6kning Sort | WTW Store","isPartOf":{"@id":"https:\/\/wtwstore.com\/#website"},"primaryImageOfPage":{"@id":"https:\/\/wtwstore.com\/product\/brands\/renson-brands\/renson-design-flex-roof-terminal-150-160-mm-lead-free-flexible-flashing-black#primaryimage"},"image":{"@id":"https:\/\/wtwstore.com\/product\/brands\/renson-brands\/renson-design-flex-roof-terminal-150-160-mm-lead-free-flexible-flashing-black#primaryimage"},"thumbnailUrl":"https:\/\/wtwstore.com\/wp-content\/uploads\/2025\/10\/Renson-Design-Flex-Roof-Terminal-150-160-mm-Lead-Free-Flexible-Flashing-Black.jpg","datePublished":"2025-10-03T19:56:22+00:00","dateModified":"2026-02-24T07:09:53+00:00","description":"Det designede tagudtag fra det belgiske kvalitetsm\u00e6rke Renson er designet til optimal afledning af ventilationsluft gennem taget. Det er kendetegnet ved...","breadcrumb":{"@id":"https:\/\/wtwstore.com\/product\/brands\/renson-brands\/renson-design-flex-roof-terminal-150-160-mm-lead-free-flexible-flashing-black#breadcrumb"},"inLanguage":"da-DK","potentialAction":[{"@type":"ReadAction","target":["https:\/\/wtwstore.com\/product\/brands\/renson-brands\/renson-design-flex-roof-terminal-150-160-mm-lead-free-flexible-flashing-black"]}]},{"@type":"ImageObject","inLanguage":"da-DK","@id":"https:\/\/wtwstore.com\/product\/brands\/renson-brands\/renson-design-flex-roof-terminal-150-160-mm-lead-free-flexible-flashing-black#primaryimage","url":"https:\/\/wtwstore.com\/wp-content\/uploads\/2025\/10\/Renson-Design-Flex-Roof-Terminal-150-160-mm-Lead-Free-Flexible-Flashing-Black.jpg","contentUrl":"https:\/\/wtwstore.com\/wp-content\/uploads\/2025\/10\/Renson-Design-Flex-Roof-Terminal-150-160-mm-Lead-Free-Flexible-Flashing-Black.jpg","width":1500,"height":1500,"caption":"Renson Design Flex Roof Terminal 150\/160 mm Lead-Free Flexible Flashing Black"},{"@type":"BreadcrumbList","@id":"https:\/\/wtwstore.com\/product\/brands\/renson-brands\/renson-design-flex-roof-terminal-150-160-mm-lead-free-flexible-flashing-black#breadcrumb","itemListElement":[{"@type":"ListItem","position":1,"name":"Home","item":"https:\/\/wtwstore.com\/"},{"@type":"ListItem","position":2,"name":"Web-Shop","item":"https:\/\/wtwstore.com\/pt\/ventilation-shop"},{"@type":"ListItem","position":3,"name":"Renson Design Flex Roof Terminal 150\/160 mm Lead-Free Flexible Flashing Black"}]},{"@type":"WebSite","@id":"https:\/\/wtwstore.com\/#website","url":"https:\/\/wtwstore.com\/","name":"WTW Store","description":"","publisher":{"@id":"https:\/\/wtwstore.com\/#organization"},"potentialAction":[{"@type":"SearchAction","target":{"@type":"EntryPoint","urlTemplate":"https:\/\/wtwstore.com\/?s={search_term_string}"},"query-input":{"@type":"PropertyValueSpecification","valueRequired":true,"valueName":"search_term_string"}}],"inLanguage":"da-DK"},{"@type":"Organization","@id":"https:\/\/wtwstore.com\/#organization","name":"WTW Store","url":"https:\/\/wtwstore.com\/","logo":{"@type":"ImageObject","inLanguage":"da-DK","@id":"https:\/\/wtwstore.com\/#\/schema\/logo\/image\/","url":"http:\/\/wtwstore.com\/wp-content\/uploads\/2025\/04\/wtwstore-thumbnail-01.jpg","contentUrl":"http:\/\/wtwstore.com\/wp-content\/uploads\/2025\/04\/wtwstore-thumbnail-01.jpg","width":1500,"height":1500,"caption":"WTW Store"},"image":{"@id":"https:\/\/wtwstore.com\/#\/schema\/logo\/image\/"}}]}},"_links":{"self":[{"href":"https:\/\/wtwstore.com\/danmark\/wp-json\/wp\/v2\/product\/4919","targetHints":{"allow":["GET"]}}],"collection":[{"href":"https:\/\/wtwstore.com\/danmark\/wp-json\/wp\/v2\/product"}],"about":[{"href":"https:\/\/wtwstore.com\/danmark\/wp-json\/wp\/v2\/types\/product"}],"replies":[{"embeddable":true,"href":"https:\/\/wtwstore.com\/danmark\/wp-json\/wp\/v2\/comments?post=4919"}],"wp:featuredmedia":[{"embeddable":true,"href":"https:\/\/wtwstore.com\/danmark\/wp-json\/wp\/v2\/media\/5017"}],"wp:attachment":[{"href":"https:\/\/wtwstore.com\/danmark\/wp-json\/wp\/v2\/media?parent=4919"}],"wp:term":[{"taxonomy":"product_brand","embeddable":true,"href":"https:\/\/wtwstore.com\/danmark\/wp-json\/wp\/v2\/product_brand?post=4919"},{"taxonomy":"product_cat","embeddable":true,"href":"https:\/\/wtwstore.com\/danmark\/wp-json\/wp\/v2\/product_cat?post=4919"},{"taxonomy":"product_tag","embeddable":true,"href":"https:\/\/wtwstore.com\/danmark\/wp-json\/wp\/v2\/product_tag?post=4919"}],"curies":[{"name":"wp","href":"https:\/\/api.w.org\/{rel}","templated":true}]}}