{"id":1223,"date":"2024-06-22T23:59:19","date_gmt":"2024-06-22T21:59:19","guid":{"rendered":"http:\/\/wtwstore.com\/?page_id=1223"},"modified":"2026-02-06T12:53:27","modified_gmt":"2026-02-06T11:53:27","slug":"register-as-a-business-customer","status":"publish","type":"page","link":"https:\/\/wtwstore.com\/danmark\/register-as-a-business-customer","title":{"rendered":"Registrer Dig Som Erhvervskunde"},"content":{"rendered":"<div data-elementor-type=\"wp-page\" data-elementor-id=\"1223\" class=\"elementor elementor-1223\" data-elementor-post-type=\"page\">\n\t\t\t\t<section class=\"elementor-element elementor-element-ed6b8e2 e-flex e-con-boxed e-con e-parent\" data-id=\"ed6b8e2\" data-element_type=\"container\">\n\t\t\t\t\t<div class=\"e-con-inner\">\n\t\t\t\t<div class=\"elementor-element elementor-element-a4c586b elementor-widget elementor-widget-heading\" data-id=\"a4c586b\" data-element_type=\"widget\" data-widget_type=\"heading.default\">\n\t\t\t\t<div class=\"elementor-widget-container\">\n\t\t\t\t\t<h1 class=\"elementor-heading-title elementor-size-default\">Registrer Dig Som Erhvervskunde\n<\/h1>\t\t\t\t<\/div>\n\t\t\t\t<\/div>\n\t\t\t\t<div class=\"elementor-element elementor-element-1dc38ef elementor-widget elementor-widget-text-editor\" data-id=\"1dc38ef\" data-element_type=\"widget\" data-widget_type=\"text-editor.default\">\n\t\t\t\t<div class=\"elementor-widget-container\">\n\t\t\t\t\t\t\t\t\t<p>Ved At Oprette En Erhvervskonto F\u00e5r Du Flere Fordele, Herunder Personlige Rabatbetingelser Og Muligheden For At K\u00f8be P\u00e5 Konto. Udfyld Venligst Alle Obligatoriske Felter Herunder For At Oprette Din Profil. Du Vil Modtage Dine Personlige Loginoplysninger Inden For 2 Arbejdsdage.<\/p>\t\t\t\t\t\t\t\t<\/div>\n\t\t\t\t<\/div>\n\t\t\t\t<div class=\"elementor-element elementor-element-5676f9c elementor-button-align-stretch elementor-widget elementor-widget-form\" data-id=\"5676f9c\" data-element_type=\"widget\" data-settings=\"{&quot;step_next_label&quot;:&quot;Next&quot;,&quot;step_previous_label&quot;:&quot;Previous&quot;,&quot;button_width&quot;:&quot;100&quot;,&quot;step_type&quot;:&quot;number_text&quot;,&quot;step_icon_shape&quot;:&quot;circle&quot;}\" data-widget_type=\"form.default\">\n\t\t\t\t<div class=\"elementor-widget-container\">\n\t\t\t\t\t\t\t<form class=\"elementor-form\" method=\"post\" name=\"Business Customer\" aria-label=\"Erhvervskunde\" action=\"\">\n\t\t\t<input type=\"hidden\" name=\"post_id\" value=\"1223\"\/>\n\t\t\t<input type=\"hidden\" name=\"form_id\" value=\"5676f9c\"\/>\n\t\t\t<input type=\"hidden\" name=\"referer_title\" value=\"WTW Store\" \/>\n\n\t\t\t\n\t\t\t<div class=\"elementor-form-fields-wrapper elementor-labels-above\">\n\t\t\t\t\t\t\t\t<div class=\"elementor-field-type-html elementor-field-group elementor-column elementor-field-group-field_46929fc elementor-col-100\">\n\t\t\t\t\t<h2><strong style=\"color: black;\">Kontaktoplysninger<\/strong><\/h2>\t\t\t\t<\/div>\n\t\t\t\t\t\t\t\t<div class=\"elementor-field-type-select elementor-field-group elementor-column elementor-field-group-salutation elementor-col-25\">\n\t\t\t\t\t\t\t\t\t\t\t\t<label for=\"form-field-salutation\" class=\"elementor-field-label\">\n\t\t\t\t\t\t\t\tTiltaleform\t\t\t\t\t\t\t<\/label>\n\t\t\t\t\t\t\t\t<div class=\"elementor-field elementor-select-wrapper remove-before\">\n\t\t\t<div class=\"select-caret-down-wrapper\">\n\t\t\t\t<svg aria-hidden=\"true\" class=\"e-font-icon-svg e-eicon-caret-down\" viewbox=\"0 0 571.4 571.4\" xmlns=\"http:\/\/www.w3.org\/2000\/svg\"><path d=\"M571 393Q571 407 561 418L311 668Q300 679 286 679T261 668L11 418Q0 407 0 393T11 368 36 357H536Q550 357 561 368T571 393Z\"><\/path><\/svg>\t\t\t<\/div>\n\t\t\t<select name=\"form_fields[salutation]\" id=\"form-field-salutation\" class=\"elementor-field-textual elementor-size-sm\">\n\t\t\t\t\t\t\t\t\t<option value=\"Mr.\">Hr.<\/option>\n\t\t\t\t\t\t\t\t\t<option value=\"Ms.\">Fr.<\/option>\n\t\t\t\t\t\t\t\t\t<option value=\"Other\">Andet<\/option>\n\t\t\t\t\t\t\t<\/select>\n\t\t<\/div>\n\t\t\t\t\t\t<\/div>\n\t\t\t\t\t\t\t\t<div class=\"elementor-field-type-text elementor-field-group elementor-column elementor-field-group-firstname elementor-col-25 elementor-field-required elementor-mark-required\">\n\t\t\t\t\t\t\t\t\t\t\t\t<label for=\"form-field-firstname\" class=\"elementor-field-label\">\n\t\t\t\t\t\t\t\tFornavn\t\t\t\t\t\t\t<\/label>\n\t\t\t\t\t\t\t\t\t\t\t\t\t\t<input size=\"1\" type=\"text\" name=\"form_fields[firstname]\" id=\"form-field-firstname\" class=\"elementor-field elementor-size-sm  elementor-field-textual\" placeholder=\"Fornavn\" required=\"required\">\n\t\t\t\t\t\t\t\t\t\t\t<\/div>\n\t\t\t\t\t\t\t\t<div class=\"elementor-field-type-text elementor-field-group elementor-column elementor-field-group-middlename elementor-col-25\">\n\t\t\t\t\t\t\t\t\t\t\t\t<label for=\"form-field-middlename\" class=\"elementor-field-label\">\n\t\t\t\t\t\t\t\tMellemnavn(e)\t\t\t\t\t\t\t<\/label>\n\t\t\t\t\t\t\t\t\t\t\t\t\t\t<input size=\"1\" type=\"text\" name=\"form_fields[middlename]\" id=\"form-field-middlename\" class=\"elementor-field elementor-size-sm  elementor-field-textual\" placeholder=\"Mellemnavn(e)\">\n\t\t\t\t\t\t\t\t\t\t\t<\/div>\n\t\t\t\t\t\t\t\t<div class=\"elementor-field-type-text elementor-field-group elementor-column elementor-field-group-lastname elementor-col-25 elementor-field-required elementor-mark-required\">\n\t\t\t\t\t\t\t\t\t\t\t\t<label for=\"form-field-lastname\" class=\"elementor-field-label\">\n\t\t\t\t\t\t\t\tEfternavn\t\t\t\t\t\t\t<\/label>\n\t\t\t\t\t\t\t\t\t\t\t\t\t\t<input size=\"1\" type=\"text\" name=\"form_fields[lastname]\" id=\"form-field-lastname\" class=\"elementor-field elementor-size-sm  elementor-field-textual\" placeholder=\"Efternavn\" required=\"required\">\n\t\t\t\t\t\t\t\t\t\t\t<\/div>\n\t\t\t\t\t\t\t\t<div class=\"elementor-field-type-email elementor-field-group elementor-column elementor-field-group-email elementor-col-50 elementor-field-required elementor-mark-required\">\n\t\t\t\t\t\t\t\t\t\t\t\t<label for=\"form-field-email\" class=\"elementor-field-label\">\n\t\t\t\t\t\t\t\tE-mail\t\t\t\t\t\t\t<\/label>\n\t\t\t\t\t\t\t\t\t\t\t\t\t\t<input size=\"1\" type=\"email\" name=\"form_fields[email]\" id=\"form-field-email\" class=\"elementor-field elementor-size-sm  elementor-field-textual\" placeholder=\"E-mail\" required=\"required\">\n\t\t\t\t\t\t\t\t\t\t\t<\/div>\n\t\t\t\t\t\t\t\t<div class=\"elementor-field-type-tel elementor-field-group elementor-column elementor-field-group-phone elementor-col-50 elementor-field-required elementor-mark-required\">\n\t\t\t\t\t\t\t\t\t\t\t\t<label for=\"form-field-phone\" class=\"elementor-field-label\">\n\t\t\t\t\t\t\t\tTelefonnummer\t\t\t\t\t\t\t<\/label>\n\t\t\t\t\t\t\t\t<input size=\"1\" type=\"tel\" name=\"form_fields[phone]\" id=\"form-field-phone\" class=\"elementor-field elementor-size-sm  elementor-field-textual\" placeholder=\"Telefonnummer\" required=\"required\" pattern=\"[0-9()#&amp;+*-=.]+\" title=\"Only numbers and phone characters (#, -, *, etc) are accepted.\">\n\n\t\t\t\t\t\t<\/div>\n\t\t\t\t\t\t\t\t<div class=\"elementor-field-type-text elementor-field-group elementor-column elementor-field-group-company elementor-col-40 elementor-field-required elementor-mark-required\">\n\t\t\t\t\t\t\t\t\t\t\t\t<label for=\"form-field-company\" class=\"elementor-field-label\">\n\t\t\t\t\t\t\t\tFirmanavn\t\t\t\t\t\t\t<\/label>\n\t\t\t\t\t\t\t\t\t\t\t\t\t\t<input size=\"1\" type=\"text\" name=\"form_fields[company]\" id=\"form-field-company\" class=\"elementor-field elementor-size-sm  elementor-field-textual\" placeholder=\"Firmanavn\" required=\"required\">\n\t\t\t\t\t\t\t\t\t\t\t<\/div>\n\t\t\t\t\t\t\t\t<div class=\"elementor-field-type-text elementor-field-group elementor-column elementor-field-group-vat elementor-col-20 elementor-field-required elementor-mark-required\">\n\t\t\t\t\t\t\t\t\t\t\t\t<label for=\"form-field-vat\" class=\"elementor-field-label\">\n\t\t\t\t\t\t\t\tMomsnummer\t\t\t\t\t\t\t<\/label>\n\t\t\t\t\t\t\t\t\t\t\t\t\t\t<input size=\"1\" type=\"text\" name=\"form_fields[vat]\" id=\"form-field-vat\" class=\"elementor-field elementor-size-sm  elementor-field-textual\" placeholder=\"Momsnummer\" required=\"required\">\n\t\t\t\t\t\t\t\t\t\t\t<\/div>\n\t\t\t\t\t\t\t\t<div class=\"elementor-field-type-text elementor-field-group elementor-column elementor-field-group-industry elementor-col-40\">\n\t\t\t\t\t\t\t\t\t\t\t\t<label for=\"form-field-industry\" class=\"elementor-field-label\">\n\t\t\t\t\t\t\t\tBranche\t\t\t\t\t\t\t<\/label>\n\t\t\t\t\t\t\t\t\t\t\t\t\t\t<input size=\"1\" type=\"text\" name=\"form_fields[industry]\" id=\"form-field-industry\" class=\"elementor-field elementor-size-sm  elementor-field-textual\" placeholder=\"Branche\">\n\t\t\t\t\t\t\t\t\t\t\t<\/div>\n\t\t\t\t\t\t\t\t<div class=\"elementor-field-type-html elementor-field-group elementor-column elementor-field-group-field_0beaa30 elementor-col-100\">\n\t\t\t\t\t<h2><strong style=\"color: black;\">Faktureringsoplysninger<\/strong><\/h2>\t\t\t\t<\/div>\n\t\t\t\t\t\t\t\t<div class=\"elementor-field-type-text elementor-field-group elementor-column elementor-field-group-postalcode elementor-col-33 elementor-field-required elementor-mark-required\">\n\t\t\t\t\t\t\t\t\t\t\t\t<label for=\"form-field-postalcode\" class=\"elementor-field-label\">\n\t\t\t\t\t\t\t\tPostnummer\t\t\t\t\t\t\t<\/label>\n\t\t\t\t\t\t\t\t\t\t\t\t\t\t<input size=\"1\" type=\"text\" name=\"form_fields[postalcode]\" id=\"form-field-postalcode\" class=\"elementor-field elementor-size-sm  elementor-field-textual\" placeholder=\"Postnummer\" required=\"required\">\n\t\t\t\t\t\t\t\t\t\t\t<\/div>\n\t\t\t\t\t\t\t\t<div class=\"elementor-field-type-text elementor-field-group elementor-column elementor-field-group-housenumber elementor-col-33 elementor-field-required elementor-mark-required\">\n\t\t\t\t\t\t\t\t\t\t\t\t<label for=\"form-field-housenumber\" class=\"elementor-field-label\">\n\t\t\t\t\t\t\t\tHusnummer\t\t\t\t\t\t\t<\/label>\n\t\t\t\t\t\t\t\t\t\t\t\t\t\t<input size=\"1\" type=\"text\" name=\"form_fields[housenumber]\" id=\"form-field-housenumber\" class=\"elementor-field elementor-size-sm  elementor-field-textual\" placeholder=\"Husnummer\" required=\"required\">\n\t\t\t\t\t\t\t\t\t\t\t<\/div>\n\t\t\t\t\t\t\t\t<div class=\"elementor-field-type-text elementor-field-group elementor-column elementor-field-group-additionhousedetails elementor-col-33\">\n\t\t\t\t\t\t\t\t\t\t\t\t<label for=\"form-field-additionhousedetails\" class=\"elementor-field-label\">\n\t\t\t\t\t\t\t\tTill\u00e6gsoplysninger\t\t\t\t\t\t\t<\/label>\n\t\t\t\t\t\t\t\t\t\t\t\t\t\t<input size=\"1\" type=\"text\" name=\"form_fields[additionhousedetails]\" id=\"form-field-additionhousedetails\" class=\"elementor-field elementor-size-sm  elementor-field-textual\" placeholder=\"Addition\">\n\t\t\t\t\t\t\t\t\t\t\t<\/div>\n\t\t\t\t\t\t\t\t<div class=\"elementor-field-type-text elementor-field-group elementor-column elementor-field-group-street elementor-col-50 elementor-field-required elementor-mark-required\">\n\t\t\t\t\t\t\t\t\t\t\t\t<label for=\"form-field-street\" class=\"elementor-field-label\">\n\t\t\t\t\t\t\t\tGade\t\t\t\t\t\t\t<\/label>\n\t\t\t\t\t\t\t\t\t\t\t\t\t\t<input size=\"1\" type=\"text\" name=\"form_fields[street]\" id=\"form-field-street\" class=\"elementor-field elementor-size-sm  elementor-field-textual\" placeholder=\"Gade\" required=\"required\">\n\t\t\t\t\t\t\t\t\t\t\t<\/div>\n\t\t\t\t\t\t\t\t<div class=\"elementor-field-type-text elementor-field-group elementor-column elementor-field-group-city elementor-col-50 elementor-field-required elementor-mark-required\">\n\t\t\t\t\t\t\t\t\t\t\t\t<label for=\"form-field-city\" class=\"elementor-field-label\">\n\t\t\t\t\t\t\t\tBy\t\t\t\t\t\t\t<\/label>\n\t\t\t\t\t\t\t\t\t\t\t\t\t\t<input size=\"1\" type=\"text\" name=\"form_fields[city]\" id=\"form-field-city\" class=\"elementor-field elementor-size-sm  elementor-field-textual\" placeholder=\"By\" required=\"required\">\n\t\t\t\t\t\t\t\t\t\t\t<\/div>\n\t\t\t\t\t\t\t\t<div class=\"elementor-field-type-recaptcha_v3 elementor-field-group elementor-column elementor-field-group-field_86e7a8f elementor-col-100 recaptcha_v3-bottomleft\">\n\t\t\t\t\t<div class=\"elementor-field\" id=\"form-field-field_86e7a8f\"><div class=\"elementor-g-recaptcha\" data-sitekey=\"6Ldw4BgsAAAAAEcWmMue-6mV1w7yZ651fdDWu6Gq\" data-type=\"v3\" data-action=\"Form\" data-badge=\"bottomleft\" data-size=\"invisible\"><\/div><\/div>\t\t\t\t<\/div>\n\t\t\t\t\t\t\t\t<div class=\"elementor-field-type-text\">\n\t\t\t\t\t<input size=\"1\" type=\"text\" name=\"form_fields[field_2c478cf]\" id=\"form-field-field_2c478cf\" class=\"elementor-field elementor-size-sm\" style=\"display:none !important;\">\t\t\t\t<\/div>\n\t\t\t\t\t\t\t\t<div class=\"elementor-field-type-html elementor-field-group elementor-column elementor-field-group-field_07d683e elementor-col-100\">\n\t\t\t\t\tVed At Indsende Denne Formular Accepterer Jeg Behandlingen Af Mine Personoplysninger I Overensstemmelse Med <a href=\"http:\/\/wtwstore.com\/danmark\/privacy-policy\/\" target=\"_blank\">privatlivspolitikken<\/a>.\t\t\t\t<\/div>\n\t\t\t\t\t\t\t\t<div class=\"elementor-field-group elementor-column elementor-field-type-submit elementor-col-100 e-form__buttons\">\n\t\t\t\t\t<button class=\"elementor-button elementor-size-sm\" type=\"submit\">\n\t\t\t\t\t\t<span class=\"elementor-button-content-wrapper\">\n\t\t\t\t\t\t\t\t\t\t\t\t\t\t\t\t\t\t\t\t\t\t<span class=\"elementor-button-text\">Indsend<\/span>\n\t\t\t\t\t\t\t\t\t\t\t\t\t<\/span>\n\t\t\t\t\t<\/button>\n\t\t\t\t<\/div>\n\t\t\t<\/div>\n\t\t<input type=\"hidden\" name=\"trp-form-language\" value=\"danmark\"\/><\/form>\n\t\t\t\t\t\t<\/div>\n\t\t\t\t<\/div>\n\t\t\t\t\t<\/div>\n\t\t\t\t<\/section>\n\t\t\t\t<\/div>","protected":false},"excerpt":{"rendered":"<p>Register as a Business Customer By creating a business account, you\u2019ll enjoy several benefits, including personalized discount conditions and the option to purchase on account. Please complete all mandatory fields below to create your profile. You will receive your personal login details within 2 working days.<\/p>","protected":false},"author":7,"featured_media":5651,"parent":0,"menu_order":0,"comment_status":"closed","ping_status":"closed","template":"elementor_header_footer","meta":{"_acf_changed":false,"_monsterinsights_skip_tracking":false,"_monsterinsights_sitenote_active":false,"_monsterinsights_sitenote_note":"","_monsterinsights_sitenote_category":0,"footnotes":""},"class_list":["post-1223","page","type-page","status-publish","has-post-thumbnail","hentry"],"acf":[],"yoast_head":"<!-- This site is optimized with the Yoast SEO plugin v27.0 - https:\/\/yoast.com\/product\/yoast-seo-wordpress\/ -->\n<title>Register as a Business Customer | WTW Store<\/title>\n<meta name=\"description\" content=\"Register as a business customer at wtwstore.com to access exclusive B2B pricing, bulk offers, and heat recovery ventilation solutions for your company.\" \/>\n<meta name=\"robots\" content=\"index, follow, max-snippet:-1, max-image-preview:large, max-video-preview:-1\" \/>\n<link rel=\"canonical\" href=\"https:\/\/wtwstore.com\/danmark\/register-as-a-business-customer\" \/>\n<meta property=\"og:locale\" content=\"da_DK\" \/>\n<meta property=\"og:type\" content=\"article\" \/>\n<meta property=\"og:title\" content=\"Register as a Business Customer | WTW Store\" \/>\n<meta property=\"og:description\" content=\"Register as a business customer at wtwstore.com to access exclusive B2B pricing, bulk offers, and heat recovery ventilation solutions for your company.\" \/>\n<meta property=\"og:url\" content=\"https:\/\/wtwstore.com\/danmark\/register-as-a-business-customer\" \/>\n<meta property=\"og:site_name\" content=\"WTW Store\" \/>\n<meta property=\"article:modified_time\" content=\"2026-02-06T11:53:27+00:00\" \/>\n<meta property=\"og:image\" content=\"https:\/\/wtwstore.com\/wp-content\/uploads\/2026\/02\/wtwstore-thumbnail-new-26_02_06-01.jpg\" \/>\n\t<meta property=\"og:image:width\" content=\"1500\" \/>\n\t<meta property=\"og:image:height\" content=\"1500\" \/>\n\t<meta property=\"og:image:type\" content=\"image\/jpeg\" \/>\n<meta name=\"twitter:card\" content=\"summary_large_image\" \/>\n<meta name=\"twitter:label1\" content=\"Estimeret l\u00e6setid\" \/>\n\t<meta name=\"twitter:data1\" content=\"1 minut\" \/>\n<script type=\"application\/ld+json\" class=\"yoast-schema-graph\">{\"@context\":\"https:\/\/schema.org\",\"@graph\":[{\"@type\":\"WebPage\",\"@id\":\"https:\/\/wtwstore.com\/register-as-a-business-customer\",\"url\":\"https:\/\/wtwstore.com\/register-as-a-business-customer\",\"name\":\"Register as a Business Customer | WTW Store\",\"isPartOf\":{\"@id\":\"https:\/\/wtwstore.com\/#website\"},\"primaryImageOfPage\":{\"@id\":\"https:\/\/wtwstore.com\/register-as-a-business-customer#primaryimage\"},\"image\":{\"@id\":\"https:\/\/wtwstore.com\/register-as-a-business-customer#primaryimage\"},\"thumbnailUrl\":\"https:\/\/wtwstore.com\/wp-content\/uploads\/2026\/02\/wtwstore-thumbnail-new-26_02_06-01.jpg\",\"datePublished\":\"2024-06-22T21:59:19+00:00\",\"dateModified\":\"2026-02-06T11:53:27+00:00\",\"description\":\"Register as a business customer at wtwstore.com to access exclusive B2B pricing, bulk offers, and heat recovery ventilation solutions for your company.\",\"breadcrumb\":{\"@id\":\"https:\/\/wtwstore.com\/register-as-a-business-customer#breadcrumb\"},\"inLanguage\":\"da-DK\",\"potentialAction\":[{\"@type\":\"ReadAction\",\"target\":[\"https:\/\/wtwstore.com\/register-as-a-business-customer\"]}]},{\"@type\":\"ImageObject\",\"inLanguage\":\"da-DK\",\"@id\":\"https:\/\/wtwstore.com\/register-as-a-business-customer#primaryimage\",\"url\":\"https:\/\/wtwstore.com\/wp-content\/uploads\/2026\/02\/wtwstore-thumbnail-new-26_02_06-01.jpg\",\"contentUrl\":\"https:\/\/wtwstore.com\/wp-content\/uploads\/2026\/02\/wtwstore-thumbnail-new-26_02_06-01.jpg\",\"width\":1500,\"height\":1500},{\"@type\":\"BreadcrumbList\",\"@id\":\"https:\/\/wtwstore.com\/register-as-a-business-customer#breadcrumb\",\"itemListElement\":[{\"@type\":\"ListItem\",\"position\":1,\"name\":\"Home\",\"item\":\"https:\/\/wtwstore.com\/\"},{\"@type\":\"ListItem\",\"position\":2,\"name\":\"Register as a Business Customer\"}]},{\"@type\":\"WebSite\",\"@id\":\"https:\/\/wtwstore.com\/#website\",\"url\":\"https:\/\/wtwstore.com\/\",\"name\":\"WTW Store\",\"description\":\"\",\"publisher\":{\"@id\":\"https:\/\/wtwstore.com\/#organization\"},\"potentialAction\":[{\"@type\":\"SearchAction\",\"target\":{\"@type\":\"EntryPoint\",\"urlTemplate\":\"https:\/\/wtwstore.com\/?s={search_term_string}\"},\"query-input\":{\"@type\":\"PropertyValueSpecification\",\"valueRequired\":true,\"valueName\":\"search_term_string\"}}],\"inLanguage\":\"da-DK\"},{\"@type\":\"Organization\",\"@id\":\"https:\/\/wtwstore.com\/#organization\",\"name\":\"WTW Store\",\"url\":\"https:\/\/wtwstore.com\/\",\"logo\":{\"@type\":\"ImageObject\",\"inLanguage\":\"da-DK\",\"@id\":\"https:\/\/wtwstore.com\/#\/schema\/logo\/image\/\",\"url\":\"http:\/\/wtwstore.com\/wp-content\/uploads\/2025\/04\/wtwstore-thumbnail-01.jpg\",\"contentUrl\":\"http:\/\/wtwstore.com\/wp-content\/uploads\/2025\/04\/wtwstore-thumbnail-01.jpg\",\"width\":1500,\"height\":1500,\"caption\":\"WTW Store\"},\"image\":{\"@id\":\"https:\/\/wtwstore.com\/#\/schema\/logo\/image\/\"}}]}<\/script>\n<!-- \/ Yoast SEO plugin. -->","yoast_head_json":{"title":"Register as a Business Customer | WTW Store","description":"Register as a business customer at wtwstore.com to access exclusive B2B pricing, bulk offers, and heat recovery ventilation solutions for your company.","robots":{"index":"index","follow":"follow","max-snippet":"max-snippet:-1","max-image-preview":"max-image-preview:large","max-video-preview":"max-video-preview:-1"},"canonical":"https:\/\/wtwstore.com\/danmark\/register-as-a-business-customer","og_locale":"da_DK","og_type":"article","og_title":"Register as a Business Customer | WTW Store","og_description":"Register as a business customer at wtwstore.com to access exclusive B2B pricing, bulk offers, and heat recovery ventilation solutions for your company.","og_url":"https:\/\/wtwstore.com\/danmark\/register-as-a-business-customer","og_site_name":"WTW Store","article_modified_time":"2026-02-06T11:53:27+00:00","og_image":[{"width":1500,"height":1500,"url":"https:\/\/wtwstore.com\/wp-content\/uploads\/2026\/02\/wtwstore-thumbnail-new-26_02_06-01.jpg","type":"image\/jpeg"}],"twitter_card":"summary_large_image","twitter_misc":{"Estimeret l\u00e6setid":"1 minut"},"schema":{"@context":"https:\/\/schema.org","@graph":[{"@type":"WebPage","@id":"https:\/\/wtwstore.com\/register-as-a-business-customer","url":"https:\/\/wtwstore.com\/register-as-a-business-customer","name":"Register as a Business Customer | WTW Store","isPartOf":{"@id":"https:\/\/wtwstore.com\/#website"},"primaryImageOfPage":{"@id":"https:\/\/wtwstore.com\/register-as-a-business-customer#primaryimage"},"image":{"@id":"https:\/\/wtwstore.com\/register-as-a-business-customer#primaryimage"},"thumbnailUrl":"https:\/\/wtwstore.com\/wp-content\/uploads\/2026\/02\/wtwstore-thumbnail-new-26_02_06-01.jpg","datePublished":"2024-06-22T21:59:19+00:00","dateModified":"2026-02-06T11:53:27+00:00","description":"Register as a business customer at wtwstore.com to access exclusive B2B pricing, bulk offers, and heat recovery ventilation solutions for your company.","breadcrumb":{"@id":"https:\/\/wtwstore.com\/register-as-a-business-customer#breadcrumb"},"inLanguage":"da-DK","potentialAction":[{"@type":"ReadAction","target":["https:\/\/wtwstore.com\/register-as-a-business-customer"]}]},{"@type":"ImageObject","inLanguage":"da-DK","@id":"https:\/\/wtwstore.com\/register-as-a-business-customer#primaryimage","url":"https:\/\/wtwstore.com\/wp-content\/uploads\/2026\/02\/wtwstore-thumbnail-new-26_02_06-01.jpg","contentUrl":"https:\/\/wtwstore.com\/wp-content\/uploads\/2026\/02\/wtwstore-thumbnail-new-26_02_06-01.jpg","width":1500,"height":1500},{"@type":"BreadcrumbList","@id":"https:\/\/wtwstore.com\/register-as-a-business-customer#breadcrumb","itemListElement":[{"@type":"ListItem","position":1,"name":"Home","item":"https:\/\/wtwstore.com\/"},{"@type":"ListItem","position":2,"name":"Register as a Business Customer"}]},{"@type":"WebSite","@id":"https:\/\/wtwstore.com\/#website","url":"https:\/\/wtwstore.com\/","name":"WTW Store","description":"","publisher":{"@id":"https:\/\/wtwstore.com\/#organization"},"potentialAction":[{"@type":"SearchAction","target":{"@type":"EntryPoint","urlTemplate":"https:\/\/wtwstore.com\/?s={search_term_string}"},"query-input":{"@type":"PropertyValueSpecification","valueRequired":true,"valueName":"search_term_string"}}],"inLanguage":"da-DK"},{"@type":"Organization","@id":"https:\/\/wtwstore.com\/#organization","name":"WTW Store","url":"https:\/\/wtwstore.com\/","logo":{"@type":"ImageObject","inLanguage":"da-DK","@id":"https:\/\/wtwstore.com\/#\/schema\/logo\/image\/","url":"http:\/\/wtwstore.com\/wp-content\/uploads\/2025\/04\/wtwstore-thumbnail-01.jpg","contentUrl":"http:\/\/wtwstore.com\/wp-content\/uploads\/2025\/04\/wtwstore-thumbnail-01.jpg","width":1500,"height":1500,"caption":"WTW Store"},"image":{"@id":"https:\/\/wtwstore.com\/#\/schema\/logo\/image\/"}}]}},"_links":{"self":[{"href":"https:\/\/wtwstore.com\/danmark\/wp-json\/wp\/v2\/pages\/1223","targetHints":{"allow":["GET"]}}],"collection":[{"href":"https:\/\/wtwstore.com\/danmark\/wp-json\/wp\/v2\/pages"}],"about":[{"href":"https:\/\/wtwstore.com\/danmark\/wp-json\/wp\/v2\/types\/page"}],"author":[{"embeddable":true,"href":"https:\/\/wtwstore.com\/danmark\/wp-json\/wp\/v2\/users\/7"}],"replies":[{"embeddable":true,"href":"https:\/\/wtwstore.com\/danmark\/wp-json\/wp\/v2\/comments?post=1223"}],"version-history":[{"count":0,"href":"https:\/\/wtwstore.com\/danmark\/wp-json\/wp\/v2\/pages\/1223\/revisions"}],"wp:featuredmedia":[{"embeddable":true,"href":"https:\/\/wtwstore.com\/danmark\/wp-json\/wp\/v2\/media\/5651"}],"wp:attachment":[{"href":"https:\/\/wtwstore.com\/danmark\/wp-json\/wp\/v2\/media?parent=1223"}],"curies":[{"name":"wp","href":"https:\/\/api.w.org\/{rel}","templated":true}]}}